{"id":12169,"date":"2022-05-11T16:47:32","date_gmt":"2022-05-11T14:47:32","guid":{"rendered":"https:\/\/www.villeneuve-les-beziers.fr\/?page_id=12169"},"modified":"2024-11-25T18:05:06","modified_gmt":"2024-11-25T17:05:06","slug":"sicherheit","status":"publish","type":"page","link":"https:\/\/www.villeneuve-les-beziers.fr\/de\/vie-pratique\/securite\/","title":{"rendered":"Sicherheit"},"content":{"rendered":"<h2 class=\"wp-block-heading has-text-align-center\">St\u00e4dtische Polizei<\/h2>\n\n\n\n<p class=\"has-text-align-center\">Die Beamten der Stadtpolizei arbeiten t\u00e4glich, um die Sicherheit und Ruhe der Einwohner von Villeneuve zu gew\u00e4hrleisten. <\/p>\n\n\n\n<h3 class=\"wp-block-heading has-text-align-center\">Kontakt<\/h3>\n\n\n\n<p class=\"has-text-align-center\">Stadtpolizei - Place Gabriel P\u00e9ri, 34420 Villeneuve-l\u00e8s-B\u00e9ziers<\/p>\n\n\n\n<p class=\"has-text-align-center\"><strong>\u00d6ffnungszeiten: Montag bis Freitag von 8.30 bis 12.00 Uhr.<\/strong><\/p>\n\n\n\n<p class=\"has-text-align-center\">Tel.: 04 67 39 90 01 - Besatzung: 06 20 50 49 49 - E-Mail: <strong><a style=\"color: #0082d3;\" href=\"mailto:pm@villeneuve-les-beziers.fr\">pm@villeneuve-les-beziers.fr<\/a><\/strong><\/p>\n\n\n\n<p class=\"has-text-align-center\">Bei Abwesenheit wenden Sie sich bitte an: 17<\/p>\n\n\n\n<div style=\"height:100px\" aria-hidden=\"true\" class=\"wp-block-spacer\"><\/div>\n\n\n\n<h2 class=\"wp-block-heading has-text-align-center\">Akten \u00fcber die Stadtpolizei<\/h2>\n\n\n\n<p>Nachstehend finden Sie die Akten \u00fcber die Stadtpolizei von Villeneuve-l\u00e8s-B\u00e9ziers. Die Beamten sind mit Ausr\u00fcstung und Mitteln ausgestattet, die ihnen ein effektives Eingreifen erm\u00f6glichen.<\/p>\n\n\n\n<div class=\"wp-block-query is-layout-flow wp-block-query-is-layout-flow\"><ul class=\"columns-2 wp-block-post-template is-layout-grid wp-container-core-post-template-is-layout-02493678 wp-block-post-template-is-layout-grid\"><li class=\"wp-block-post post-2648 page type-page status-publish has-post-thumbnail hentry\">\n\n<div class=\"wp-block-group is-style-default is-vertical is-content-justification-center is-layout-flex wp-container-core-group-is-layout-c276fe41 wp-block-group-is-layout-flex\" style=\"min-height:12em;padding-top:var(--wp--preset--spacing--20);padding-right:var(--wp--preset--spacing--20);padding-bottom:var(--wp--preset--spacing--20);padding-left:var(--wp--preset--spacing--20)\"><h2 class=\"has-text-align-center wp-block-post-title has-medium-font-size\"><a href=\"https:\/\/www.villeneuve-les-beziers.fr\/de\/vie-pratique\/securite\/arretes-de-reglementation-generale\/\" target=\"_self\" >Erlasse zu allgemeinen Regelungen<\/a><\/h2>\n\n<figure style=\"aspect-ratio:16\/9;\" class=\"wp-block-post-featured-image\"><a href=\"https:\/\/www.villeneuve-les-beziers.fr\/de\/vie-pratique\/securite\/arretes-de-reglementation-generale\/\" target=\"_self\"  ><img loading=\"lazy\" decoding=\"async\" width=\"691\" height=\"502\" src=\"https:\/\/www.villeneuve-les-beziers.fr\/wp-content\/uploads\/2019\/05\/signarretes.jpg\" class=\"attachment-post-thumbnail size-post-thumbnail wp-post-image\" alt=\"Erlasse zu allgemeinen Regelungen\" style=\"width:100%;height:100%;object-fit:cover;\" srcset=\"https:\/\/www.villeneuve-les-beziers.fr\/wp-content\/uploads\/2019\/05\/signarretes.jpg 691w, https:\/\/www.villeneuve-les-beziers.fr\/wp-content\/uploads\/2019\/05\/signarretes-150x109.jpg 150w, https:\/\/www.villeneuve-les-beziers.fr\/wp-content\/uploads\/2019\/05\/signarretes-300x218.jpg 300w\" sizes=\"auto, (max-width: 691px) 100vw, 691px\" \/><\/a><\/figure><\/div>\n\n<\/li><li class=\"wp-block-post post-12444 page type-page status-publish has-post-thumbnail hentry\">\n\n<div class=\"wp-block-group is-style-default is-vertical is-content-justification-center is-layout-flex wp-container-core-group-is-layout-c276fe41 wp-block-group-is-layout-flex\" style=\"min-height:12em;padding-top:var(--wp--preset--spacing--20);padding-right:var(--wp--preset--spacing--20);padding-bottom:var(--wp--preset--spacing--20);padding-left:var(--wp--preset--spacing--20)\"><h2 class=\"has-text-align-center wp-block-post-title has-medium-font-size\"><a href=\"https:\/\/www.villeneuve-les-beziers.fr\/de\/vie-pratique\/securite\/brigade-environnementale\/\" target=\"_self\" >Umweltbrigade<\/a><\/h2>\n\n<figure style=\"aspect-ratio:16\/9;\" class=\"wp-block-post-featured-image\"><a href=\"https:\/\/www.villeneuve-les-beziers.fr\/de\/vie-pratique\/securite\/brigade-environnementale\/\" target=\"_self\"  ><img loading=\"lazy\" decoding=\"async\" width=\"600\" height=\"400\" src=\"https:\/\/www.villeneuve-les-beziers.fr\/wp-content\/uploads\/2022\/05\/Brigade-environnement.jpg\" class=\"attachment-post-thumbnail size-post-thumbnail wp-post-image\" alt=\"Umweltbrigade\" style=\"width:100%;height:100%;object-fit:cover;\" srcset=\"https:\/\/www.villeneuve-les-beziers.fr\/wp-content\/uploads\/2022\/05\/Brigade-environnement.jpg 600w, https:\/\/www.villeneuve-les-beziers.fr\/wp-content\/uploads\/2022\/05\/Brigade-environnement-150x100.jpg 150w, https:\/\/www.villeneuve-les-beziers.fr\/wp-content\/uploads\/2022\/05\/Brigade-environnement-300x200.jpg 300w, https:\/\/www.villeneuve-les-beziers.fr\/wp-content\/uploads\/2022\/05\/Brigade-environnement-391x260.jpg 391w, https:\/\/www.villeneuve-les-beziers.fr\/wp-content\/uploads\/2022\/05\/Brigade-environnement-24x16.jpg 24w, https:\/\/www.villeneuve-les-beziers.fr\/wp-content\/uploads\/2022\/05\/Brigade-environnement-36x24.jpg 36w, https:\/\/www.villeneuve-les-beziers.fr\/wp-content\/uploads\/2022\/05\/Brigade-environnement-48x32.jpg 48w\" sizes=\"auto, (max-width: 600px) 100vw, 600px\" \/><\/a><\/figure><\/div>\n\n<\/li><li class=\"wp-block-post post-2045 page type-page status-publish has-post-thumbnail hentry\">\n\n<div class=\"wp-block-group is-style-default is-vertical is-content-justification-center is-layout-flex wp-container-core-group-is-layout-c276fe41 wp-block-group-is-layout-flex\" style=\"min-height:12em;padding-top:var(--wp--preset--spacing--20);padding-right:var(--wp--preset--spacing--20);padding-bottom:var(--wp--preset--spacing--20);padding-left:var(--wp--preset--spacing--20)\"><h2 class=\"has-text-align-center wp-block-post-title has-medium-font-size\"><a href=\"https:\/\/www.villeneuve-les-beziers.fr\/de\/vie-pratique\/securite\/cameras-pietons\/\" target=\"_self\" >Fu\u00dfg\u00e4ngerkameras<\/a><\/h2>\n\n<figure style=\"aspect-ratio:16\/9;\" class=\"wp-block-post-featured-image\"><a href=\"https:\/\/www.villeneuve-les-beziers.fr\/de\/vie-pratique\/securite\/cameras-pietons\/\" target=\"_self\"  ><img loading=\"lazy\" decoding=\"async\" width=\"1778\" height=\"1334\" src=\"https:\/\/www.villeneuve-les-beziers.fr\/wp-content\/uploads\/2019\/04\/camerapietons.jpg\" class=\"attachment-post-thumbnail size-post-thumbnail wp-post-image\" alt=\"Fu\u00dfg\u00e4ngerkameras\" style=\"width:100%;height:100%;object-fit:cover;\" srcset=\"https:\/\/www.villeneuve-les-beziers.fr\/wp-content\/uploads\/2019\/04\/camerapietons.jpg 1778w, https:\/\/www.villeneuve-les-beziers.fr\/wp-content\/uploads\/2019\/04\/camerapietons-150x113.jpg 150w, https:\/\/www.villeneuve-les-beziers.fr\/wp-content\/uploads\/2019\/04\/camerapietons-1536x1152.jpg 1536w, https:\/\/www.villeneuve-les-beziers.fr\/wp-content\/uploads\/2019\/04\/camerapietons-300x225.jpg 300w, https:\/\/www.villeneuve-les-beziers.fr\/wp-content\/uploads\/2019\/04\/camerapietons-768x576.jpg 768w, https:\/\/www.villeneuve-les-beziers.fr\/wp-content\/uploads\/2019\/04\/camerapietons-1024x768.jpg 1024w\" sizes=\"auto, (max-width: 1778px) 100vw, 1778px\" \/><\/a><\/figure><\/div>\n\n<\/li><li class=\"wp-block-post post-2079 page type-page status-publish has-post-thumbnail hentry\">\n\n<div class=\"wp-block-group is-style-default is-vertical is-content-justification-center is-layout-flex wp-container-core-group-is-layout-c276fe41 wp-block-group-is-layout-flex\" style=\"min-height:12em;padding-top:var(--wp--preset--spacing--20);padding-right:var(--wp--preset--spacing--20);padding-bottom:var(--wp--preset--spacing--20);padding-left:var(--wp--preset--spacing--20)\"><h2 class=\"has-text-align-center wp-block-post-title has-medium-font-size\"><a href=\"https:\/\/www.villeneuve-les-beziers.fr\/de\/vie-pratique\/securite\/demarchage-a-domicile\/\" target=\"_self\" >Haust\u00fcrgesch\u00e4fte<\/a><\/h2>\n\n<figure style=\"aspect-ratio:16\/9;\" class=\"wp-block-post-featured-image\"><a href=\"https:\/\/www.villeneuve-les-beziers.fr\/de\/vie-pratique\/securite\/demarchage-a-domicile\/\" target=\"_self\"  ><img loading=\"lazy\" decoding=\"async\" width=\"1240\" height=\"827\" src=\"https:\/\/www.villeneuve-les-beziers.fr\/wp-content\/uploads\/2019\/04\/demarchage.jpg\" class=\"attachment-post-thumbnail size-post-thumbnail wp-post-image\" alt=\"Haust\u00fcrgesch\u00e4fte\" style=\"width:100%;height:100%;object-fit:cover;\" srcset=\"https:\/\/www.villeneuve-les-beziers.fr\/wp-content\/uploads\/2019\/04\/demarchage.jpg 1240w, https:\/\/www.villeneuve-les-beziers.fr\/wp-content\/uploads\/2019\/04\/demarchage-150x100.jpg 150w, https:\/\/www.villeneuve-les-beziers.fr\/wp-content\/uploads\/2019\/04\/demarchage-300x200.jpg 300w, https:\/\/www.villeneuve-les-beziers.fr\/wp-content\/uploads\/2019\/04\/demarchage-768x512.jpg 768w, https:\/\/www.villeneuve-les-beziers.fr\/wp-content\/uploads\/2019\/04\/demarchage-1024x683.jpg 1024w\" sizes=\"auto, (max-width: 1240px) 100vw, 1240px\" \/><\/a><\/figure><\/div>\n\n<\/li><li class=\"wp-block-post post-12214 page type-page status-publish has-post-thumbnail hentry\">\n\n<div class=\"wp-block-group is-style-default is-vertical is-content-justification-center is-layout-flex wp-container-core-group-is-layout-c276fe41 wp-block-group-is-layout-flex\" style=\"min-height:12em;padding-top:var(--wp--preset--spacing--20);padding-right:var(--wp--preset--spacing--20);padding-bottom:var(--wp--preset--spacing--20);padding-left:var(--wp--preset--spacing--20)\"><h2 class=\"has-text-align-center wp-block-post-title has-medium-font-size\"><a href=\"https:\/\/www.villeneuve-les-beziers.fr\/de\/vie-pratique\/securite\/equipement\/\" target=\"_self\" >Ausstattung<\/a><\/h2>\n\n<figure style=\"aspect-ratio:16\/9;\" class=\"wp-block-post-featured-image\"><a href=\"https:\/\/www.villeneuve-les-beziers.fr\/de\/vie-pratique\/securite\/equipement\/\" target=\"_self\"  ><img loading=\"lazy\" decoding=\"async\" width=\"2048\" height=\"1365\" src=\"https:\/\/www.villeneuve-les-beziers.fr\/wp-content\/uploads\/2022\/05\/DSC_0566.jpg\" class=\"attachment-post-thumbnail size-post-thumbnail wp-post-image\" alt=\"Ausstattung\" style=\"width:100%;height:100%;object-fit:cover;\" srcset=\"https:\/\/www.villeneuve-les-beziers.fr\/wp-content\/uploads\/2022\/05\/DSC_0566.jpg 2048w, https:\/\/www.villeneuve-les-beziers.fr\/wp-content\/uploads\/2022\/05\/DSC_0566-150x100.jpg 150w, https:\/\/www.villeneuve-les-beziers.fr\/wp-content\/uploads\/2022\/05\/DSC_0566-300x200.jpg 300w, https:\/\/www.villeneuve-les-beziers.fr\/wp-content\/uploads\/2022\/05\/DSC_0566-768x512.jpg 768w, https:\/\/www.villeneuve-les-beziers.fr\/wp-content\/uploads\/2022\/05\/DSC_0566-1024x683.jpg 1024w, https:\/\/www.villeneuve-les-beziers.fr\/wp-content\/uploads\/2022\/05\/DSC_0566-1536x1024.jpg 1536w, https:\/\/www.villeneuve-les-beziers.fr\/wp-content\/uploads\/2022\/05\/DSC_0566-391x260.jpg 391w, https:\/\/www.villeneuve-les-beziers.fr\/wp-content\/uploads\/2022\/05\/DSC_0566-24x16.jpg 24w, https:\/\/www.villeneuve-les-beziers.fr\/wp-content\/uploads\/2022\/05\/DSC_0566-36x24.jpg 36w, https:\/\/www.villeneuve-les-beziers.fr\/wp-content\/uploads\/2022\/05\/DSC_0566-48x32.jpg 48w\" sizes=\"auto, (max-width: 2048px) 100vw, 2048px\" \/><\/a><\/figure><\/div>\n\n<\/li><li class=\"wp-block-post post-12641 page type-page status-publish has-post-thumbnail hentry\">\n\n<div class=\"wp-block-group is-style-default is-vertical is-content-justification-center is-layout-flex wp-container-core-group-is-layout-c276fe41 wp-block-group-is-layout-flex\" style=\"min-height:12em;padding-top:var(--wp--preset--spacing--20);padding-right:var(--wp--preset--spacing--20);padding-bottom:var(--wp--preset--spacing--20);padding-left:var(--wp--preset--spacing--20)\"><h2 class=\"has-text-align-center wp-block-post-title has-medium-font-size\"><a href=\"https:\/\/www.villeneuve-les-beziers.fr\/de\/vie-pratique\/securite\/objets-trouves\/\" target=\"_self\" >Gefundene Gegenst\u00e4nde<\/a><\/h2>\n\n<figure style=\"aspect-ratio:16\/9;\" class=\"wp-block-post-featured-image\"><a href=\"https:\/\/www.villeneuve-les-beziers.fr\/de\/vie-pratique\/securite\/objets-trouves\/\" target=\"_self\"  ><img loading=\"lazy\" decoding=\"async\" width=\"600\" height=\"400\" src=\"https:\/\/www.villeneuve-les-beziers.fr\/wp-content\/uploads\/2022\/05\/objets-perdu.webp\" class=\"attachment-post-thumbnail size-post-thumbnail wp-post-image\" alt=\"Gefundene Gegenst\u00e4nde\" style=\"width:100%;height:100%;object-fit:cover;\" srcset=\"https:\/\/www.villeneuve-les-beziers.fr\/wp-content\/uploads\/2022\/05\/objets-perdu.webp 600w, https:\/\/www.villeneuve-les-beziers.fr\/wp-content\/uploads\/2022\/05\/objets-perdu-150x100.webp 150w, https:\/\/www.villeneuve-les-beziers.fr\/wp-content\/uploads\/2022\/05\/objets-perdu-300x200.webp 300w, https:\/\/www.villeneuve-les-beziers.fr\/wp-content\/uploads\/2022\/05\/objets-perdu-391x260.webp 391w, https:\/\/www.villeneuve-les-beziers.fr\/wp-content\/uploads\/2022\/05\/objets-perdu-24x16.webp 24w, https:\/\/www.villeneuve-les-beziers.fr\/wp-content\/uploads\/2022\/05\/objets-perdu-36x24.webp 36w, https:\/\/www.villeneuve-les-beziers.fr\/wp-content\/uploads\/2022\/05\/objets-perdu-48x32.webp 48w\" sizes=\"auto, (max-width: 600px) 100vw, 600px\" \/><\/a><\/figure><\/div>\n\n<\/li><li class=\"wp-block-post post-873 page type-page status-publish has-post-thumbnail hentry\">\n\n<div class=\"wp-block-group is-style-default is-vertical is-content-justification-center is-layout-flex wp-container-core-group-is-layout-c276fe41 wp-block-group-is-layout-flex\" style=\"min-height:12em;padding-top:var(--wp--preset--spacing--20);padding-right:var(--wp--preset--spacing--20);padding-bottom:var(--wp--preset--spacing--20);padding-left:var(--wp--preset--spacing--20)\"><h2 class=\"has-text-align-center wp-block-post-title has-medium-font-size\"><a href=\"https:\/\/www.villeneuve-les-beziers.fr\/de\/vie-pratique\/securite\/operation-tranquillite-vacances\/\" target=\"_self\" >Operation Ruhige Ferien<\/a><\/h2>\n\n<figure style=\"aspect-ratio:16\/9;\" class=\"wp-block-post-featured-image\"><a href=\"https:\/\/www.villeneuve-les-beziers.fr\/de\/vie-pratique\/securite\/operation-tranquillite-vacances\/\" target=\"_self\"  ><img loading=\"lazy\" decoding=\"async\" width=\"691\" height=\"502\" src=\"https:\/\/www.villeneuve-les-beziers.fr\/wp-content\/uploads\/2019\/05\/otv1.jpg\" class=\"attachment-post-thumbnail size-post-thumbnail wp-post-image\" alt=\"Operation Ruhige Ferien\" style=\"width:100%;height:100%;object-fit:cover;\" srcset=\"https:\/\/www.villeneuve-les-beziers.fr\/wp-content\/uploads\/2019\/05\/otv1.jpg 691w, https:\/\/www.villeneuve-les-beziers.fr\/wp-content\/uploads\/2019\/05\/otv1-150x109.jpg 150w, https:\/\/www.villeneuve-les-beziers.fr\/wp-content\/uploads\/2019\/05\/otv1-300x218.jpg 300w\" sizes=\"auto, (max-width: 691px) 100vw, 691px\" \/><\/a><\/figure><\/div>\n\n<\/li><li class=\"wp-block-post post-12276 page type-page status-publish has-post-thumbnail hentry\">\n\n<div class=\"wp-block-group is-style-default is-vertical is-content-justification-center is-layout-flex wp-container-core-group-is-layout-c276fe41 wp-block-group-is-layout-flex\" style=\"min-height:12em;padding-top:var(--wp--preset--spacing--20);padding-right:var(--wp--preset--spacing--20);padding-bottom:var(--wp--preset--spacing--20);padding-left:var(--wp--preset--spacing--20)\"><h2 class=\"has-text-align-center wp-block-post-title has-medium-font-size\"><a href=\"https:\/\/www.villeneuve-les-beziers.fr\/de\/vie-pratique\/securite\/securite-routiere\/\" target=\"_self\" >Sicherheit im Stra\u00dfenverkehr<\/a><\/h2>\n\n<figure style=\"aspect-ratio:16\/9;\" class=\"wp-block-post-featured-image\"><a href=\"https:\/\/www.villeneuve-les-beziers.fr\/de\/vie-pratique\/securite\/securite-routiere\/\" target=\"_self\"  ><img loading=\"lazy\" decoding=\"async\" width=\"2048\" height=\"1365\" src=\"https:\/\/www.villeneuve-les-beziers.fr\/wp-content\/uploads\/2022\/05\/DSC_0220.jpg\" class=\"attachment-post-thumbnail size-post-thumbnail wp-post-image\" alt=\"Sicherheit im Stra\u00dfenverkehr\" style=\"width:100%;height:100%;object-fit:cover;\" srcset=\"https:\/\/www.villeneuve-les-beziers.fr\/wp-content\/uploads\/2022\/05\/DSC_0220.jpg 2048w, https:\/\/www.villeneuve-les-beziers.fr\/wp-content\/uploads\/2022\/05\/DSC_0220-150x100.jpg 150w, https:\/\/www.villeneuve-les-beziers.fr\/wp-content\/uploads\/2022\/05\/DSC_0220-300x200.jpg 300w, https:\/\/www.villeneuve-les-beziers.fr\/wp-content\/uploads\/2022\/05\/DSC_0220-768x512.jpg 768w, https:\/\/www.villeneuve-les-beziers.fr\/wp-content\/uploads\/2022\/05\/DSC_0220-1024x683.jpg 1024w, https:\/\/www.villeneuve-les-beziers.fr\/wp-content\/uploads\/2022\/05\/DSC_0220-1536x1024.jpg 1536w, https:\/\/www.villeneuve-les-beziers.fr\/wp-content\/uploads\/2022\/05\/DSC_0220-391x260.jpg 391w, https:\/\/www.villeneuve-les-beziers.fr\/wp-content\/uploads\/2022\/05\/DSC_0220-24x16.jpg 24w, https:\/\/www.villeneuve-les-beziers.fr\/wp-content\/uploads\/2022\/05\/DSC_0220-36x24.jpg 36w, https:\/\/www.villeneuve-les-beziers.fr\/wp-content\/uploads\/2022\/05\/DSC_0220-48x32.jpg 48w\" sizes=\"auto, (max-width: 2048px) 100vw, 2048px\" \/><\/a><\/figure><\/div>\n\n<\/li><\/ul><\/div>","protected":false},"excerpt":{"rendered":"<p>Police municipale Les agents de la police municipale \u0153uvrent au quotidien pour assurer la s\u00e9curit\u00e9 et la tranquillit\u00e9 des villeneuvois. Contact Police municipale \u2013 Place Gabriel P\u00e9ri, 34420 Villeneuve-l\u00e8s-B\u00e9ziers Horaires : Du lundi au vendredi de 8h30 \u00e0 12h. T\u00e9l. : 04 67 39 90 01 &#8211; \u00c9quipage : 06 20 50 49 49 \u2013 [&hellip;]<\/p>\n","protected":false},"author":1,"featured_media":861,"parent":199,"menu_order":0,"comment_status":"closed","ping_status":"closed","template":"","meta":{"footnotes":""},"class_list":["post-12169","page","type-page","status-publish","has-post-thumbnail","hentry"],"_links":{"self":[{"href":"https:\/\/www.villeneuve-les-beziers.fr\/de\/wp-json\/wp\/v2\/pages\/12169","targetHints":{"allow":["GET"]}}],"collection":[{"href":"https:\/\/www.villeneuve-les-beziers.fr\/de\/wp-json\/wp\/v2\/pages"}],"about":[{"href":"https:\/\/www.villeneuve-les-beziers.fr\/de\/wp-json\/wp\/v2\/types\/page"}],"author":[{"embeddable":true,"href":"https:\/\/www.villeneuve-les-beziers.fr\/de\/wp-json\/wp\/v2\/users\/1"}],"replies":[{"embeddable":true,"href":"https:\/\/www.villeneuve-les-beziers.fr\/de\/wp-json\/wp\/v2\/comments?post=12169"}],"version-history":[{"count":2,"href":"https:\/\/www.villeneuve-les-beziers.fr\/de\/wp-json\/wp\/v2\/pages\/12169\/revisions"}],"predecessor-version":[{"id":19469,"href":"https:\/\/www.villeneuve-les-beziers.fr\/de\/wp-json\/wp\/v2\/pages\/12169\/revisions\/19469"}],"up":[{"embeddable":true,"href":"https:\/\/www.villeneuve-les-beziers.fr\/de\/wp-json\/wp\/v2\/pages\/199"}],"wp:featuredmedia":[{"embeddable":true,"href":"https:\/\/www.villeneuve-les-beziers.fr\/de\/wp-json\/wp\/v2\/media\/861"}],"wp:attachment":[{"href":"https:\/\/www.villeneuve-les-beziers.fr\/de\/wp-json\/wp\/v2\/media?parent=12169"}],"curies":[{"name":"wp","href":"https:\/\/api.w.org\/{rel}","templated":true}]}}