{"id":12276,"date":"2022-05-13T10:34:53","date_gmt":"2022-05-13T08:34:53","guid":{"rendered":"https:\/\/www.villeneuve-les-beziers.fr\/?page_id=12276"},"modified":"2024-11-22T12:31:04","modified_gmt":"2024-11-22T11:31:04","slug":"verkehrssicherheit","status":"publish","type":"page","link":"https:\/\/www.villeneuve-les-beziers.fr\/de\/vie-pratique\/securite\/securite-routiere\/","title":{"rendered":"Sicherheit im Stra\u00dfenverkehr"},"content":{"rendered":"<h2 class=\"wp-block-heading\">Sicherheit und Pr\u00e4vention im Stra\u00dfenverkehr<\/h2>\n\n\n\n<p class=\"has-text-align-center\">Die Stadtpolizei von Villeneuve-les-B\u00e9ziers setzt sich f\u00fcr die Einhaltung der Verkehrssicherheit ein, indem sie an Aktivit\u00e4ten zur Verkehrspr\u00e4vention teilnimmt.<\/p>\n\n\n\n<div class=\"wp-block-columns are-vertically-aligned-center is-layout-flex wp-container-core-columns-is-layout-0884d4d2 wp-block-columns-is-layout-flex\" style=\"margin-top:var(--wp--preset--spacing--50);margin-bottom:var(--wp--preset--spacing--50)\">\n<div class=\"wp-block-column is-vertically-aligned-center is-layout-flow wp-block-column-is-layout-flow\">\n<h2 class=\"wp-block-heading\">Pr\u00e4vention<\/h2>\n\n\n\n<p>Seit Freitag, dem 18. M\u00e4rz 2022, nehmen die Zweit- und Drittkl\u00e4ssler der Georges-Brassens-Schulgruppe mehrere Wochen lang an der ersten Phase des Fu\u00dfg\u00e4ngerf\u00fchrerscheins teil, um sie auf die APER (Attestation de Premi\u00e8re Education Routi\u00e8re) vorzubereiten.<\/p>\n\n\n\n<p>&nbsp;Die Beamten der Stadtpolizei stellten das System in Form einer Diashow und spielerischer Frageb\u00f6gen vor, die es den Kindern erm\u00f6glichten, die Grundregeln f\u00fcr die Verkehrssicherheit leicht zu erlernen.<br>Die Lehrkr\u00e4fte und die Stadtpolizei m\u00fcssen f\u00fcr eine Verbesserung sorgen, bevor die Bewertung, die praktische Anwendung und die \u00dcbergabe der Diplome an die Gewinner erfolgen kann.&nbsp;<\/p>\n<\/div>\n\n\n\n<div class=\"wp-block-column is-vertically-aligned-center is-layout-flow wp-block-column-is-layout-flow\">\n<figure data-wp-context=\"{&quot;imageId&quot;:&quot;69fc6b7f92746&quot;}\" data-wp-interactive=\"core\/image\" data-wp-key=\"69fc6b7f92746\" class=\"wp-block-image size-large wp-lightbox-container\"><img loading=\"lazy\" decoding=\"async\" width=\"1024\" height=\"683\" data-wp-class--hide=\"state.isContentHidden\" data-wp-class--show=\"state.isContentVisible\" data-wp-init=\"callbacks.setButtonStyles\" data-wp-on--click=\"actions.showLightbox\" data-wp-on--load=\"callbacks.setButtonStyles\" data-wp-on-window--resize=\"callbacks.setButtonStyles\" src=\"https:\/\/www.villeneuve-les-beziers.fr\/wp-content\/uploads\/2022\/05\/DSC_0328-1024x683.jpg\" alt=\"\" class=\"wp-image-12429\" srcset=\"https:\/\/www.villeneuve-les-beziers.fr\/wp-content\/uploads\/2022\/05\/DSC_0328-1024x683.jpg 1024w, https:\/\/www.villeneuve-les-beziers.fr\/wp-content\/uploads\/2022\/05\/DSC_0328-300x200.jpg 300w, https:\/\/www.villeneuve-les-beziers.fr\/wp-content\/uploads\/2022\/05\/DSC_0328-768x512.jpg 768w, https:\/\/www.villeneuve-les-beziers.fr\/wp-content\/uploads\/2022\/05\/DSC_0328-391x260.jpg 391w, https:\/\/www.villeneuve-les-beziers.fr\/wp-content\/uploads\/2022\/05\/DSC_0328-1536x1024.jpg 1536w, https:\/\/www.villeneuve-les-beziers.fr\/wp-content\/uploads\/2022\/05\/DSC_0328-24x16.jpg 24w, https:\/\/www.villeneuve-les-beziers.fr\/wp-content\/uploads\/2022\/05\/DSC_0328-36x24.jpg 36w, https:\/\/www.villeneuve-les-beziers.fr\/wp-content\/uploads\/2022\/05\/DSC_0328-48x32.jpg 48w, https:\/\/www.villeneuve-les-beziers.fr\/wp-content\/uploads\/2022\/05\/DSC_0328.jpg 2048w\" sizes=\"auto, (max-width: 1024px) 100vw, 1024px\" \/><button\n\t\t\tclass=\"lightbox-trigger\"\n\t\t\ttype=\"button\"\n\t\t\taria-haspopup=\"dialog\"\n\t\t\taria-label=\"Vergr\u00f6\u00dfern\"\n\t\t\tdata-wp-init=\"callbacks.initTriggerButton\"\n\t\t\tdata-wp-on--click=\"actions.showLightbox\"\n\t\t\tdata-wp-style--right=\"state.imageButtonRight\"\n\t\t\tdata-wp-style--top=\"state.imageButtonTop\"\n\t\t>\n\t\t\t<svg xmlns=\"http:\/\/www.w3.org\/2000\/svg\" width=\"12\" height=\"12\" fill=\"none\" viewbox=\"0 0 12 12\">\n\t\t\t\t<path fill=\"#fff\" d=\"M2 0a2 2 0 0 0-2 2v2h1.5V2a.5.5 0 0 1 .5-.5h2V0H2Zm2 10.5H2a.5.5 0 0 1-.5-.5V8H0v2a2 2 0 0 0 2 2h2v-1.5ZM8 12v-1.5h2a.5.5 0 0 0 .5-.5V8H12v2a2 2 0 0 1-2 2H8Zm2-12a2 2 0 0 1 2 2v2h-1.5V2a.5.5 0 0 0-.5-.5H8V0h2Z\" \/>\n\t\t\t<\/svg>\n\t\t<\/button><\/figure>\n<\/div>\n<\/div>\n\n\n\n<div class=\"wp-block-columns are-vertically-aligned-center is-layout-flex wp-container-core-columns-is-layout-0884d4d2 wp-block-columns-is-layout-flex\" style=\"margin-top:var(--wp--preset--spacing--50);margin-bottom:var(--wp--preset--spacing--50)\">\n<div class=\"wp-block-column is-vertically-aligned-center is-layout-flow wp-block-column-is-layout-flow\">\n<h2 class=\"wp-block-heading\">P\u00e4dagogisches Radar<\/h2>\n\n\n\n<p>Das p\u00e4dagogische Radar dient der Sensibilisierung der Fahrer.<\/p>\n\n\n\n<ul class=\"wp-block-list\">\n<li>Dieser Radartyp erfasst jedes Fahrzeug mehrmals, wenn es an den Detektoren vorbeif\u00e4hrt.<\/li>\n\n\n\n<li>Die aufgezeichneten Daten sind: Datum und Uhrzeit, festgestellte Geschwindigkeit.<\/li>\n\n\n\n<li>Er zeigt die gemessenen Geschwindigkeiten an, wenn das Fahrzeug vor dem Radar steht, aber er erfasst die Geschwindigkeiten in beiden Richtungen.\u00a0<\/li>\n<\/ul>\n\n\n\n<p>Diese Daten sind f\u00fcr die Gemeinde sehr wichtig, da sie Aufschluss \u00fcber die unterschiedlichen Praktiken der Fahrer geben.<\/p>\n<\/div>\n\n\n\n<div class=\"wp-block-column is-vertically-aligned-center is-layout-flow wp-block-column-is-layout-flow\">\n<figure data-wp-context=\"{&quot;imageId&quot;:&quot;69fc6b7f92ac5&quot;}\" data-wp-interactive=\"core\/image\" data-wp-key=\"69fc6b7f92ac5\" class=\"wp-block-image aligncenter size-large wp-lightbox-container\"><img loading=\"lazy\" decoding=\"async\" width=\"797\" height=\"1024\" data-wp-class--hide=\"state.isContentHidden\" data-wp-class--show=\"state.isContentVisible\" data-wp-init=\"callbacks.setButtonStyles\" data-wp-on--click=\"actions.showLightbox\" data-wp-on--load=\"callbacks.setButtonStyles\" data-wp-on-window--resize=\"callbacks.setButtonStyles\" src=\"https:\/\/www.villeneuve-les-beziers.fr\/wp-content\/uploads\/2022\/05\/Radar-797x1024.jpg\" alt=\"\" class=\"wp-image-12437\" srcset=\"https:\/\/www.villeneuve-les-beziers.fr\/wp-content\/uploads\/2022\/05\/Radar-797x1024.jpg 797w, https:\/\/www.villeneuve-les-beziers.fr\/wp-content\/uploads\/2022\/05\/Radar-234x300.jpg 234w, https:\/\/www.villeneuve-les-beziers.fr\/wp-content\/uploads\/2022\/05\/Radar-768x986.jpg 768w, https:\/\/www.villeneuve-les-beziers.fr\/wp-content\/uploads\/2022\/05\/Radar-1196x1536.jpg 1196w, https:\/\/www.villeneuve-les-beziers.fr\/wp-content\/uploads\/2022\/05\/Radar-19x24.jpg 19w, https:\/\/www.villeneuve-les-beziers.fr\/wp-content\/uploads\/2022\/05\/Radar-28x36.jpg 28w, https:\/\/www.villeneuve-les-beziers.fr\/wp-content\/uploads\/2022\/05\/Radar-37x48.jpg 37w, https:\/\/www.villeneuve-les-beziers.fr\/wp-content\/uploads\/2022\/05\/Radar.jpg 1547w\" sizes=\"auto, (max-width: 797px) 100vw, 797px\" \/><button\n\t\t\tclass=\"lightbox-trigger\"\n\t\t\ttype=\"button\"\n\t\t\taria-haspopup=\"dialog\"\n\t\t\taria-label=\"Vergr\u00f6\u00dfern\"\n\t\t\tdata-wp-init=\"callbacks.initTriggerButton\"\n\t\t\tdata-wp-on--click=\"actions.showLightbox\"\n\t\t\tdata-wp-style--right=\"state.imageButtonRight\"\n\t\t\tdata-wp-style--top=\"state.imageButtonTop\"\n\t\t>\n\t\t\t<svg xmlns=\"http:\/\/www.w3.org\/2000\/svg\" width=\"12\" height=\"12\" fill=\"none\" viewbox=\"0 0 12 12\">\n\t\t\t\t<path fill=\"#fff\" d=\"M2 0a2 2 0 0 0-2 2v2h1.5V2a.5.5 0 0 1 .5-.5h2V0H2Zm2 10.5H2a.5.5 0 0 1-.5-.5V8H0v2a2 2 0 0 0 2 2h2v-1.5ZM8 12v-1.5h2a.5.5 0 0 0 .5-.5V8H12v2a2 2 0 0 1-2 2H8Zm2-12a2 2 0 0 1 2 2v2h-1.5V2a.5.5 0 0 0-.5-.5H8V0h2Z\" \/>\n\t\t\t<\/svg>\n\t\t<\/button><\/figure>\n<\/div>\n<\/div>\n\n\n\n<div class=\"wp-block-columns are-vertically-aligned-center is-layout-flex wp-container-core-columns-is-layout-0884d4d2 wp-block-columns-is-layout-flex\" style=\"margin-top:var(--wp--preset--spacing--50);margin-bottom:var(--wp--preset--spacing--50)\">\n<div class=\"wp-block-column is-vertically-aligned-center is-layout-flow wp-block-column-is-layout-flow\" style=\"flex-basis:50%\">\n<h2 class=\"wp-block-heading\">Die Kontrollzonen<\/h2>\n\n\n\n<p>Die Gemeinde wird das ganze Jahr \u00fcber an verschiedenen zuf\u00e4lligen Punkten einer Geschwindigkeitsmessung mit Radar unterzogen.<\/p>\n<\/div>\n\n\n\n<div class=\"wp-block-column is-vertically-aligned-center is-layout-flow wp-block-column-is-layout-flow\" style=\"flex-basis:50%\">\n<figure data-wp-context=\"{&quot;imageId&quot;:&quot;69fc6b7f92da8&quot;}\" data-wp-interactive=\"core\/image\" data-wp-key=\"69fc6b7f92da8\" class=\"wp-block-image aligncenter size-large wp-lightbox-container\"><img loading=\"lazy\" decoding=\"async\" width=\"1024\" height=\"683\" data-wp-class--hide=\"state.isContentHidden\" data-wp-class--show=\"state.isContentVisible\" data-wp-init=\"callbacks.setButtonStyles\" data-wp-on--click=\"actions.showLightbox\" data-wp-on--load=\"callbacks.setButtonStyles\" data-wp-on-window--resize=\"callbacks.setButtonStyles\" src=\"https:\/\/www.villeneuve-les-beziers.fr\/wp-content\/uploads\/2022\/05\/DSC_0831-1024x683.jpg\" alt=\"\" class=\"wp-image-13193\" srcset=\"https:\/\/www.villeneuve-les-beziers.fr\/wp-content\/uploads\/2022\/05\/DSC_0831-1024x683.jpg 1024w, https:\/\/www.villeneuve-les-beziers.fr\/wp-content\/uploads\/2022\/05\/DSC_0831-300x200.jpg 300w, https:\/\/www.villeneuve-les-beziers.fr\/wp-content\/uploads\/2022\/05\/DSC_0831-768x512.jpg 768w, https:\/\/www.villeneuve-les-beziers.fr\/wp-content\/uploads\/2022\/05\/DSC_0831-391x260.jpg 391w, https:\/\/www.villeneuve-les-beziers.fr\/wp-content\/uploads\/2022\/05\/DSC_0831-1536x1024.jpg 1536w, https:\/\/www.villeneuve-les-beziers.fr\/wp-content\/uploads\/2022\/05\/DSC_0831-24x16.jpg 24w, https:\/\/www.villeneuve-les-beziers.fr\/wp-content\/uploads\/2022\/05\/DSC_0831-36x24.jpg 36w, https:\/\/www.villeneuve-les-beziers.fr\/wp-content\/uploads\/2022\/05\/DSC_0831-48x32.jpg 48w, https:\/\/www.villeneuve-les-beziers.fr\/wp-content\/uploads\/2022\/05\/DSC_0831.jpg 2048w\" sizes=\"auto, (max-width: 1024px) 100vw, 1024px\" \/><button\n\t\t\tclass=\"lightbox-trigger\"\n\t\t\ttype=\"button\"\n\t\t\taria-haspopup=\"dialog\"\n\t\t\taria-label=\"Vergr\u00f6\u00dfern\"\n\t\t\tdata-wp-init=\"callbacks.initTriggerButton\"\n\t\t\tdata-wp-on--click=\"actions.showLightbox\"\n\t\t\tdata-wp-style--right=\"state.imageButtonRight\"\n\t\t\tdata-wp-style--top=\"state.imageButtonTop\"\n\t\t>\n\t\t\t<svg xmlns=\"http:\/\/www.w3.org\/2000\/svg\" width=\"12\" height=\"12\" fill=\"none\" viewbox=\"0 0 12 12\">\n\t\t\t\t<path fill=\"#fff\" d=\"M2 0a2 2 0 0 0-2 2v2h1.5V2a.5.5 0 0 1 .5-.5h2V0H2Zm2 10.5H2a.5.5 0 0 1-.5-.5V8H0v2a2 2 0 0 0 2 2h2v-1.5ZM8 12v-1.5h2a.5.5 0 0 0 .5-.5V8H12v2a2 2 0 0 1-2 2H8Zm2-12a2 2 0 0 1 2 2v2h-1.5V2a.5.5 0 0 0-.5-.5H8V0h2Z\" \/>\n\t\t\t<\/svg>\n\t\t<\/button><\/figure>\n<\/div>\n<\/div>","protected":false},"excerpt":{"rendered":"<p>S\u00e9curit\u00e9 et pr\u00e9vention routi\u00e8re La police municipale de Villeneuve-les-B\u00e9ziers, s&rsquo;engage \u00e0 faire respecter la s\u00e9curit\u00e9 routi\u00e8re en participant \u00e0 des activit\u00e9s de pr\u00e9vention routi\u00e8re. Pr\u00e9vention Depuis le vendredi 18 mars 2022, et pendant plusieurs semaines, les \u00e9l\u00e8ves de CE1 et CE2 du groupe scolaire Georges-Brassens participent \u00e0 la 1\u00e8re phase du permis pi\u00e9ton afin de [&hellip;]<\/p>\n","protected":false},"author":1,"featured_media":12206,"parent":12169,"menu_order":0,"comment_status":"closed","ping_status":"closed","template":"","meta":{"footnotes":""},"class_list":["post-12276","page","type-page","status-publish","has-post-thumbnail","hentry"],"_links":{"self":[{"href":"https:\/\/www.villeneuve-les-beziers.fr\/de\/wp-json\/wp\/v2\/pages\/12276","targetHints":{"allow":["GET"]}}],"collection":[{"href":"https:\/\/www.villeneuve-les-beziers.fr\/de\/wp-json\/wp\/v2\/pages"}],"about":[{"href":"https:\/\/www.villeneuve-les-beziers.fr\/de\/wp-json\/wp\/v2\/types\/page"}],"author":[{"embeddable":true,"href":"https:\/\/www.villeneuve-les-beziers.fr\/de\/wp-json\/wp\/v2\/users\/1"}],"replies":[{"embeddable":true,"href":"https:\/\/www.villeneuve-les-beziers.fr\/de\/wp-json\/wp\/v2\/comments?post=12276"}],"version-history":[{"count":0,"href":"https:\/\/www.villeneuve-les-beziers.fr\/de\/wp-json\/wp\/v2\/pages\/12276\/revisions"}],"up":[{"embeddable":true,"href":"https:\/\/www.villeneuve-les-beziers.fr\/de\/wp-json\/wp\/v2\/pages\/12169"}],"wp:featuredmedia":[{"embeddable":true,"href":"https:\/\/www.villeneuve-les-beziers.fr\/de\/wp-json\/wp\/v2\/media\/12206"}],"wp:attachment":[{"href":"https:\/\/www.villeneuve-les-beziers.fr\/de\/wp-json\/wp\/v2\/media?parent=12276"}],"curies":[{"name":"wp","href":"https:\/\/api.w.org\/{rel}","templated":true}]}}