{"id":1230,"date":"2019-04-17T11:02:03","date_gmt":"2019-04-17T09:02:03","guid":{"rendered":"http:\/\/localhost\/?page_id=1230"},"modified":"2026-01-23T14:46:33","modified_gmt":"2026-01-23T13:46:33","slug":"kindergarten-pampelmuse","status":"publish","type":"page","link":"https:\/\/www.villeneuve-les-beziers.fr\/de\/mon-quotidien\/enfance-jeunesse\/creche-pamplemousse\/","title":{"rendered":"Kindertagesst\u00e4tte Pampelmuse"},"content":{"rendered":"<p>Die Kindertagesst\u00e4tte Pamplemousse ist eine Kindertagesst\u00e4tte, die Folgendes anbietet:<\/p>\n\n\n\n<ul class=\"wp-block-list\">\n<li>regelm\u00e4\u00dfige Empf\u00e4nge (wiederkehrend, auch wenn sie nur teilweise und im Voraus planbar sind)<\/li>\n\n\n\n<li>Gelegentliche Betreuung (nach Vereinbarung, \u00e0 la carte und je nach Verf\u00fcgbarkeit: vormittags, nachmittags, halbtags oder ganztags).<\/li>\n<\/ul>\n\n\n\n<p>Sie nimmt Kinder im Alter von 10 Wochen bis zum vollendeten vierten Lebensjahr auf, die auf zwei Einheiten mit einer Gesamtkapazit\u00e4t von 20 Kindern verteilt sind (8 \u00abTr\u00e4umer\u00bb und 12 \u00abAbenteurer\u00bb).<\/p>\n\n\n\n<p>Die Kindertagesst\u00e4tte ist von Montag bis Freitag von 7:30 bis 18:30 Uhr ge\u00f6ffnet und an Feiertagen sowie an f\u00fcnf Wochen im Jahr geschlossen (in der Regel: eine Woche zu Ostern, die ersten drei Augustwochen und eine Woche zu Weihnachten, h\u00e4ufig in der 52. Kalenderwoche).<\/p>\n\n\n\n<h2 class=\"wp-block-heading\">Einschreibungsmodalit\u00e4ten<\/h2>\n\n\n\n<p>Um Ihr Kind (geboren oder noch ungeboren) anzumelden, kontaktieren Sie bitte das CCAS per E-Mail: <a href=\"mailto:ccas@villeneuve-les-beziers.fr\">ccas@villeneuve-les-beziers.fr<\/a>, um ein Dossier zu erhalten. Die Abholung der Dossiers f\u00fcr den Schulbeginn im September erfolgt vom 1. M\u00e4rz bis zum 30. April. Vorrang haben Kinder aus Villeneuve, dann Kinder, deren Eltern in der Gemeinde arbeiten, und schlie\u00dflich Familien von au\u00dferhalb.<\/p>\n\n\n\n<p>Anmeldungen f\u00fcr die gelegentliche Betreuung sind das ganze Jahr \u00fcber m\u00f6glich, vorbehaltlich der Verf\u00fcgbarkeit. Die endg\u00fcltigen Anmeldungen erfolgen nach Terminvereinbarung mit der Direktorin, nachdem ein Platz zugewiesen wurde, unter Vorlage der erforderlichen Unterlagen (CAF\/MSA, Familienbuch, Impfungen usw.) und nach Organisation der Eingew\u00f6hnungsphase.<\/p>\n\n\n\n<p>Jede Anmeldung erfordert die Unterzeichnung eines Betreuungsvertrags, in dem der Zeitraum, die Zeiten und die H\u00f6he des Betreuungsbeitrags festgelegt sind.<\/p>\n\n\n\n<h2 class=\"wp-block-heading\">Die Preise<\/h2>\n\n\n\n<p>Der Betrag der finanziellen Beteiligung jeder Familie wird anhand eines Stundensatzes berechnet, der sich nach der Anzahl der unterhaltsberechtigten Kinder richtet und auf das Familieneinkommen (Jahr N-2) angewendet wird, wobei ein Mindestbetrag gilt.<\/p>\n\n\n\n<p>F\u00fcr Eltern, die nicht in Villeneuve-l\u00e8s-B\u00e9ziers wohnen, gilt ein Aufschlag von 20 %. Die Betr\u00e4ge werden jedes Jahr im Januar entsprechend dem neuen Referenzjahr angepasst.<\/p>\n\n\n\n<p>Diese Beteiligung ist vertraglich festgelegt und umfasst die Betreuung des Kindes w\u00e4hrend seiner Anwesenheitszeit, einschlie\u00dflich Mahlzeiten und Windeln.<\/p>\n\n\n\n<h2 class=\"wp-block-heading\">Die Mahlzeiten<\/h2>\n\n\n\n<p>Die Mahlzeiten werden von einer zentralen K\u00fcche in Form von K\u00fchlkettenlieferungen bereitgestellt.<\/p>\n\n\n\n<h2 class=\"wp-block-heading\">Kontakte<\/h2>\n\n\n\n<p>\ud83d\udcde  <a href=\"callto:04 67 39 27 90\">04 67 39 27 90<\/a><\/p>\n\n\n\n<p>\ud83d\udce7  <a href=\"mailto:creche@villeneuve-les-beziers.fr\" target=\"_blank\" rel=\"noreferrer noopener\">creche@villeneuve-les-beziers.fr<\/a><\/p>\n\n\n\n<h2 class=\"wp-block-heading\">Adresse<\/h2>\n\n\n\n<p>Kindertagesst\u00e4tte Pamplemousse<br>1, Rue des Mimosas<br>34420 Villeneuve-l\u00e8s-B\u00e9ziers<\/p>\n\n\n\n<p><\/p>","protected":false},"excerpt":{"rendered":"<p>La cr\u00e8che Pamplemousse est un multi-accueil proposant \u00e0 la fois : Elle accueille les enfants \u00e2g\u00e9s de 10 semaines \u00e0 4 ans r\u00e9volus, r\u00e9partis en 2 unit\u00e9s pour une capacit\u00e9 totale de 20 enfants (8 \u00ab\u00a0r\u00eaveurs\u00a0\u00bb et 12 \u00ab\u00a0aventuriers\u00a0\u00bb). La cr\u00e8che est ouverte du lundi au vendredi, de 7h30 \u00e0 18h30 et est ferm\u00e9e les [&hellip;]<\/p>\n","protected":false},"author":1,"featured_media":3192,"parent":208,"menu_order":0,"comment_status":"closed","ping_status":"closed","template":"","meta":{"footnotes":""},"class_list":["post-1230","page","type-page","status-publish","has-post-thumbnail","hentry"],"_links":{"self":[{"href":"https:\/\/www.villeneuve-les-beziers.fr\/de\/wp-json\/wp\/v2\/pages\/1230","targetHints":{"allow":["GET"]}}],"collection":[{"href":"https:\/\/www.villeneuve-les-beziers.fr\/de\/wp-json\/wp\/v2\/pages"}],"about":[{"href":"https:\/\/www.villeneuve-les-beziers.fr\/de\/wp-json\/wp\/v2\/types\/page"}],"author":[{"embeddable":true,"href":"https:\/\/www.villeneuve-les-beziers.fr\/de\/wp-json\/wp\/v2\/users\/1"}],"replies":[{"embeddable":true,"href":"https:\/\/www.villeneuve-les-beziers.fr\/de\/wp-json\/wp\/v2\/comments?post=1230"}],"version-history":[{"count":5,"href":"https:\/\/www.villeneuve-les-beziers.fr\/de\/wp-json\/wp\/v2\/pages\/1230\/revisions"}],"predecessor-version":[{"id":20547,"href":"https:\/\/www.villeneuve-les-beziers.fr\/de\/wp-json\/wp\/v2\/pages\/1230\/revisions\/20547"}],"up":[{"embeddable":true,"href":"https:\/\/www.villeneuve-les-beziers.fr\/de\/wp-json\/wp\/v2\/pages\/208"}],"wp:featuredmedia":[{"embeddable":true,"href":"https:\/\/www.villeneuve-les-beziers.fr\/de\/wp-json\/wp\/v2\/media\/3192"}],"wp:attachment":[{"href":"https:\/\/www.villeneuve-les-beziers.fr\/de\/wp-json\/wp\/v2\/media?parent=1230"}],"curies":[{"name":"wp","href":"https:\/\/api.w.org\/{rel}","templated":true}]}}