{"id":1461,"date":"2019-04-19T14:05:48","date_gmt":"2019-04-19T12:05:48","guid":{"rendered":"http:\/\/localhost\/?page_id=1461"},"modified":"2026-02-12T18:58:51","modified_gmt":"2026-02-12T17:58:51","slug":"gesetzliche-hinweise","status":"publish","type":"page","link":"https:\/\/www.villeneuve-les-beziers.fr\/de\/mentions-legales\/","title":{"rendered":"Rechtliche Hinweise"},"content":{"rendered":"<h1 class=\"wp-block-heading\">Rechtliche Hinweise<\/h1>\n\n\n\n<h2 class=\"wp-block-heading\">Herausgeber der Website<\/h2>\n\n\n\n<p>Diese Website ist die offizielle Website der Stadt Villeneuve-l\u00e8s-B\u00e9ziers.<\/p>\n\n\n\n<p>Stadt Villeneuve-l\u00e8s-B\u00e9ziers<br>Rathaus<br>1 rue de la Marianne<br>34420 Villeneuve-l\u00e8s-B\u00e9ziers<br>Tel: 04 67 39 47 80<br>E-Mail: <a href=\"mailto:mairie@villeneuve-les-beziers.fr\">mairie@villeneuve-les-beziers.fr<\/a><br>Standort : <a href=\"http:\/\/www.villeneuve-les-beziers.fr\/de\/\" target=\"_blank\" rel=\"noopener noreferrer nofollow\">www.villeneuve-les-beziers.fr<\/a><\/p>\n\n\n\n<hr class=\"wp-block-separator has-alpha-channel-opacity\"\/>\n\n\n\n<h2 class=\"wp-block-heading\">Direktor der Ver\u00f6ffentlichung<\/h2>\n\n\n\n<p>Fabrice SOLANS<br>B\u00fcrgermeister von Villeneuve-l\u00e8s-B\u00e9ziers<\/p>\n\n\n\n<hr class=\"wp-block-separator has-alpha-channel-opacity\"\/>\n\n\n\n<h2 class=\"wp-block-heading\">Entwurf und Ausf\u00fchrung<\/h2>\n\n\n\n<p><a href=\"https:\/\/www.lrob.fr\/\" target=\"_blank\" rel=\"noopener noreferrer nofollow\">Robin LABADIE - LRob.de<br><\/a>Unter Mitwirkung der Dienststellen der Stadt Villeneuve-l\u00e8s-B\u00e9ziers und von Herrn Delpy, MMI-Praktikant der IUT B\u00e9ziers.<\/p>\n\n\n\n<hr class=\"wp-block-separator has-alpha-channel-opacity\"\/>\n\n\n\n<h2 class=\"wp-block-heading\">Unterkunft<\/h2>\n\n\n\n<p>LRob - Auf WordPress spezialisierter Webhosting-Anbieter<br>Einzelunternehmer - RCS 528 479 736<br>1 rue Pierre Chevaldonn\u00e9<br>45000 Orleans<br>Tel: 02 21 82 78 27<br>Kontakt : <a href=\"mailto:abuse@lrob.net\">abuse@lrob.net<\/a><br>Standort : <a href=\"https:\/\/www.lrob.fr\/contact\/\" target=\"_blank\" rel=\"noopener noreferrer nofollow\">https:\/\/www.lrob.fr\/contact\/<\/a><\/p>\n\n\n\n<hr class=\"wp-block-separator has-alpha-channel-opacity\"\/>\n\n\n\n<h2 class=\"wp-block-heading\">Pers\u00f6nliche Daten<\/h2>\n\n\n\n<p>Die Stadt Villeneuve-l\u00e8s-B\u00e9ziers verpflichtet sich, daf\u00fcr zu sorgen, dass die Sammlung und Verarbeitung Ihrer Daten, die von dieser Website aus erfolgt, der Allgemeinen Datenschutzverordnung (RGPD) und dem Gesetz \u00fcber Informatik und Freiheiten (Loi Informatique et Libert\u00e9s) entspricht.<\/p>\n\n\n\n<p>F\u00fcr Informationen \u00fcber die Verwaltung Ihrer pers\u00f6nlichen Daten k\u00f6nnen Sie die entsprechende Seite besuchen:<\/p>\n\n\n\n<p>Datenschutzrichtlinie der Website.<\/p>\n\n\n\n<hr class=\"wp-block-separator has-alpha-channel-opacity\"\/>\n\n\n\n<h2 class=\"wp-block-heading\">Cookies<\/h2>\n\n\n\n<p>Die Website kann Cookies verwenden, um das reibungslose Funktionieren der angebotenen Dienste, die Anzeige externer Inhalte und die Erstellung anonymer Besucherstatistiken zu erm\u00f6glichen.<\/p>\n\n\n\n<p>Um mehr zu erfahren oder Ihre Pr\u00e4ferenzen zu verwalten, besuchen Sie bitte die Seite :<\/p>\n\n\n\n<p>Cookie-Richtlinie.<\/p>\n\n\n\n<hr class=\"wp-block-separator has-alpha-channel-opacity\"\/>\n\n\n\n<h2 class=\"wp-block-heading\">Geistiges Eigentum<\/h2>\n\n\n\n<p>Alle Inhalte auf der Website <a href=\"http:\/\/www.villeneuve-les-beziers.fr\/de\/\" target=\"_blank\" rel=\"noopener noreferrer nofollow\">www.villeneuve-les-beziers.fr<\/a> (Texte, Fotografien, Videos, grafische Kreationen, Logos, Illustrationen usw.) ist durch das Urheberrecht und das geistige Eigentum gesch\u00fctzt.<\/p>\n\n\n\n<p>Sofern nicht anders angegeben, sind diese Inhalte Eigentum der Stadt Villeneuve-l\u00e8s-B\u00e9ziers.<\/p>\n\n\n\n<p>Jede vollst\u00e4ndige oder teilweise Vervielf\u00e4ltigung, Darstellung, \u00c4nderung, Ver\u00f6ffentlichung oder Anpassung dieser Elemente, unabh\u00e4ngig von den verwendeten Mitteln oder Verfahren, ist ohne vorherige Genehmigung untersagt.<\/p>\n\n\n\n<p>Antr\u00e4ge auf Nutzung m\u00fcssen an das Rathaus gerichtet werden.<\/p>\n\n\n\n<hr class=\"wp-block-separator has-alpha-channel-opacity\"\/>\n\n\n\n<h2 class=\"wp-block-heading\">Kredite<\/h2>\n\n\n\n<p>Quellen: Stadt Villeneuve-l\u00e8s-B\u00e9ziers<br>Fotonachweis: Kommunikationsabteilung der Stadt<\/p>\n\n\n\n<hr class=\"wp-block-separator has-alpha-channel-opacity\"\/>\n\n\n\n<h2 class=\"wp-block-heading\">Verantwortung<\/h2>\n\n\n\n<p>Die Stadt Villeneuve-l\u00e8s-B\u00e9ziers unternimmt alle Anstrengungen, um die Richtigkeit und Aktualit\u00e4t der auf dieser Website ver\u00f6ffentlichten Informationen zu gew\u00e4hrleisten.<\/p>\n\n\n\n<p>Es k\u00f6nnen jedoch Fehler oder Auslassungen auftreten. Der Nutzer wird gebeten, die Richtigkeit der Informationen bei der Stadtverwaltung zu \u00fcberpr\u00fcfen.<\/p>\n\n\n\n<p>Die Gemeinde haftet nicht f\u00fcr die Nutzung der Informationen auf dieser Website.<\/p>\n\n\n\n<hr class=\"wp-block-separator has-alpha-channel-opacity\"\/>\n\n\n\n<h2 class=\"wp-block-heading\">Hypertext-Links<\/h2>\n\n\n\n<p>Die Website kann Links zu anderen \u00f6ffentlichen oder privaten Websites enthalten.<\/p>\n\n\n\n<p>Die Stadt Villeneuve-l\u00e8s-B\u00e9ziers ist nicht verantwortlich f\u00fcr den Inhalt dieser Websites Dritter oder deren Nutzung.<\/p>\n\n\n\n<p>Die Einrichtung von Links zur Website <a href=\"http:\/\/www.villeneuve-les-beziers.fr\/de\/\" target=\"_blank\" rel=\"noopener noreferrer nofollow\">www.villeneuve-les-beziers.fr<\/a> ist ohne vorherige Anfrage erlaubt, vorausgesetzt, dass das Image des Gemeinwesens nicht gesch\u00e4digt wird.<\/p>\n\n\n\n<hr class=\"wp-block-separator has-alpha-channel-opacity\"\/>\n\n\n\n<h2 class=\"wp-block-heading\">Zug\u00e4nglichkeit<\/h2>\n\n\n\n<p>Die Stadt Villeneuve-l\u00e8s-B\u00e9ziers verpflichtet sich, ihre Website gem\u00e4\u00df dem Allgemeinen Referenzrahmen f\u00fcr die Verbesserung der Zug\u00e4nglichkeit (RGAA) zug\u00e4nglich zu machen.<\/p>\n\n\n\n<p>Die Erkl\u00e4rung zur Zug\u00e4nglichkeit und der mehrj\u00e4hrige Plan zur Zug\u00e4nglichkeit k\u00f6nnen auf der Website eingesehen werden.<\/p>\n\n\n\n<hr class=\"wp-block-separator has-alpha-channel-opacity\"\/>\n\n\n\n<h2 class=\"wp-block-heading\">Anwendbares Recht<\/h2>\n\n\n\n<p>Diese Website unterliegt der franz\u00f6sischen und internationalen Gesetzgebung \u00fcber das Urheberrecht und das geistige Eigentum.<\/p>\n\n\n\n<p>Alle Streitigkeiten im Zusammenhang mit der Nutzung der Website unterliegen dem franz\u00f6sischen Recht.<\/p>","protected":false},"excerpt":{"rendered":"<p>Mentions l\u00e9gales \u00c9diteur du site Le pr\u00e9sent site est le site officiel de la Ville de Villeneuve-l\u00e8s-B\u00e9ziers. Ville de Villeneuve-l\u00e8s-B\u00e9ziersH\u00f4tel de Ville1 rue de la Marianne34420 Villeneuve-l\u00e8s-B\u00e9ziersT\u00e9l : 04 67 39 47 80Email : mairie@villeneuve-les-beziers.frSite : www.villeneuve-les-beziers.fr Directeur de publication Fabrice SOLANSMaire de Villeneuve-l\u00e8s-B\u00e9ziers Conception et r\u00e9alisation Robin LABADIE \u2013 LRob.frAvec la participation des services [&hellip;]<\/p>\n","protected":false},"author":1,"featured_media":19689,"parent":0,"menu_order":0,"comment_status":"closed","ping_status":"closed","template":"","meta":{"footnotes":""},"class_list":["post-1461","page","type-page","status-publish","has-post-thumbnail","hentry"],"_links":{"self":[{"href":"https:\/\/www.villeneuve-les-beziers.fr\/de\/wp-json\/wp\/v2\/pages\/1461","targetHints":{"allow":["GET"]}}],"collection":[{"href":"https:\/\/www.villeneuve-les-beziers.fr\/de\/wp-json\/wp\/v2\/pages"}],"about":[{"href":"https:\/\/www.villeneuve-les-beziers.fr\/de\/wp-json\/wp\/v2\/types\/page"}],"author":[{"embeddable":true,"href":"https:\/\/www.villeneuve-les-beziers.fr\/de\/wp-json\/wp\/v2\/users\/1"}],"replies":[{"embeddable":true,"href":"https:\/\/www.villeneuve-les-beziers.fr\/de\/wp-json\/wp\/v2\/comments?post=1461"}],"version-history":[{"count":8,"href":"https:\/\/www.villeneuve-les-beziers.fr\/de\/wp-json\/wp\/v2\/pages\/1461\/revisions"}],"predecessor-version":[{"id":20610,"href":"https:\/\/www.villeneuve-les-beziers.fr\/de\/wp-json\/wp\/v2\/pages\/1461\/revisions\/20610"}],"wp:featuredmedia":[{"embeddable":true,"href":"https:\/\/www.villeneuve-les-beziers.fr\/de\/wp-json\/wp\/v2\/media\/19689"}],"wp:attachment":[{"href":"https:\/\/www.villeneuve-les-beziers.fr\/de\/wp-json\/wp\/v2\/media?parent=1461"}],"curies":[{"name":"wp","href":"https:\/\/api.w.org\/{rel}","templated":true}]}}