{"id":2045,"date":"2019-04-30T10:45:27","date_gmt":"2019-04-30T08:45:27","guid":{"rendered":"http:\/\/localhost\/?page_id=2045"},"modified":"2024-11-22T22:02:11","modified_gmt":"2024-11-22T21:02:11","slug":"fusgangerkameras","status":"publish","type":"page","link":"https:\/\/www.villeneuve-les-beziers.fr\/de\/vie-pratique\/securite\/cameras-pietons\/","title":{"rendered":"Fu\u00dfg\u00e4ngerkameras"},"content":{"rendered":"<p>Die Beamten der Stadtpolizei sind berechtigt, individuelle Kameras zu tragen, um audiovisuelle Aufzeichnungen ihrer Eins\u00e4tze zu machen. Ihre Verwendung wird durch das Dekret 2019-140 vom 27. Februar 2019 geregelt, <strong><a href=\"http:\/\/www.villeneuve-les-beziers.fr\/wp-content\/uploads\/2019\/04\/Arrete_Prefectoral_camera_pietons_vlb_15_04_19.pdf\" target=\"_blank\" rel=\"noopener\">die Verordnung der Pr\u00e4fektur Nr. 2019-01-359 vom 15. April 2019.<\/a><\/strong>und <strong><a href=\"http:\/\/www.villeneuve-les-beziers.fr\/wp-content\/uploads\/2019\/05\/2019-098-PM_Port_camera_individuelle.pdf\" target=\"_blank\" rel=\"noopener\" data-darkreader-inline-color=\"\">den Gemeinderatsbeschluss Nr. 2019-098-PM vom 23. April 2019.<\/a><\/strong><\/p>\n\n\n\n<h2 class=\"wp-block-heading\">Das Gesetz schafft einen strengen Rahmen f\u00fcr den Einsatz von \"Fu\u00dfg\u00e4ngerkameras\" und sieht die folgenden Garantien f\u00fcr B\u00fcrger und Nutzer vor.<\/h2>\n\n\n\n<ul class=\"wp-block-list\">\n<li>Der Anschluss der Kamera ist sichtbar <\/li>\n\n\n\n<li>M\u00fcndliche Information der betroffenen Personen wird empfohlen, sofern keine besonderen Umst\u00e4nde vorliegen.<\/li>\n\n\n\n<li>Ein \"spezifisches visuelles Signal\" ist sichtbar, wenn die Aufnahme aktiviert wird;<\/li>\n\n\n\n<li>Das Personal, dem die einzelnen Kameras zur Verf\u00fcgung gestellt werden, darf keinen direkten Zugang zu den Aufnahmen haben, die sie machen.<\/li>\n\n\n\n<li>Die aufgenommenen Bilder und T\u00f6ne werden in gesicherten R\u00e4umen gespeichert.<\/li>\n\n\n\n<li>Der Zugang zu den Aufzeichnungen ist streng geregelt und begrenzt.<\/li>\n\n\n\n<li>Die aufgezeichneten Bilder und T\u00f6ne werden 6 Monate lang aufbewahrt und danach vernichtet.<\/li>\n\n\n\n<li>Das Recht auf Zugang zu den Dateien wird indirekt ausge\u00fcbt, indem die CNIL gebeten wird, die Konformit\u00e4t der gespeicherten Bilder und T\u00f6ne zu pr\u00fcfen (Artikel 41 des Gesetzes Nr. 78-17 vom 6. Januar 1978 \u00fcber Informatik, Dateien und Freiheiten und Artikel 41 des Gesetzes Nr. 78-17 vom 6. Januar 1978 \u00fcber die Informatik, Dateien und Freiheiten). <a href=\"https:\/\/www.legifrance.gouv.fr\/affichTexte.do?cidTexte=JORFTEXT000038175494&amp;categorieLien=id\" target=\"_blank\" rel=\"noopener\"><strong>Artikel 241-15-III des Dekrets 2019-140 vom 27. Februar 2019<\/strong><\/a> \u00fcber die Durchf\u00fchrung der Verarbeitung personenbezogener Daten, die von den Kameras der Beamten der Stadtpolizei stammen.<\/li>\n<\/ul>","protected":false},"excerpt":{"rendered":"<p>Les agents de police municipale sont autoris\u00e9s \u00e0 porter les cam\u00e9ras individuelles en vue de proc\u00e9der aux enregistrements audiovisuels de leurs interventions. Leur usage est encadr\u00e9 par le d\u00e9cret 2019-140 du 27 f\u00e9vrier 2019, l\u2019arr\u00eat\u00e9 pr\u00e9fectoral n\u00b02019-01-359 du 15 avril 2019\u200b, et l\u2019arr\u00eat\u00e9 municipal n\u00b02019-098-PM du 23 avril 2019 La loi encadre strictement l\u2019utilisation de [&hellip;]<\/p>\n","protected":false},"author":1,"featured_media":2030,"parent":12169,"menu_order":0,"comment_status":"closed","ping_status":"closed","template":"","meta":{"footnotes":""},"class_list":["post-2045","page","type-page","status-publish","has-post-thumbnail","hentry"],"_links":{"self":[{"href":"https:\/\/www.villeneuve-les-beziers.fr\/de\/wp-json\/wp\/v2\/pages\/2045","targetHints":{"allow":["GET"]}}],"collection":[{"href":"https:\/\/www.villeneuve-les-beziers.fr\/de\/wp-json\/wp\/v2\/pages"}],"about":[{"href":"https:\/\/www.villeneuve-les-beziers.fr\/de\/wp-json\/wp\/v2\/types\/page"}],"author":[{"embeddable":true,"href":"https:\/\/www.villeneuve-les-beziers.fr\/de\/wp-json\/wp\/v2\/users\/1"}],"replies":[{"embeddable":true,"href":"https:\/\/www.villeneuve-les-beziers.fr\/de\/wp-json\/wp\/v2\/comments?post=2045"}],"version-history":[{"count":0,"href":"https:\/\/www.villeneuve-les-beziers.fr\/de\/wp-json\/wp\/v2\/pages\/2045\/revisions"}],"up":[{"embeddable":true,"href":"https:\/\/www.villeneuve-les-beziers.fr\/de\/wp-json\/wp\/v2\/pages\/12169"}],"wp:featuredmedia":[{"embeddable":true,"href":"https:\/\/www.villeneuve-les-beziers.fr\/de\/wp-json\/wp\/v2\/media\/2030"}],"wp:attachment":[{"href":"https:\/\/www.villeneuve-les-beziers.fr\/de\/wp-json\/wp\/v2\/media?parent=2045"}],"curies":[{"name":"wp","href":"https:\/\/api.w.org\/{rel}","templated":true}]}}