{"id":20572,"date":"2026-02-12T17:29:12","date_gmt":"2026-02-12T16:29:12","guid":{"rendered":"https:\/\/www.villeneuve-les-beziers.fr\/?page_id=20572"},"modified":"2026-02-12T18:29:52","modified_gmt":"2026-02-12T17:29:52","slug":"deklaration-der-zuganglichkeit","status":"publish","type":"page","link":"https:\/\/www.villeneuve-les-beziers.fr\/de\/declaration-daccessibilite\/","title":{"rendered":"Erkl\u00e4rung zur Zug\u00e4nglichkeit"},"content":{"rendered":"<h2 class=\"wp-block-heading\">Testergebnisse und Methodik<\/h2>\n\n\n\n<p>Die vorliegende Erkl\u00e4rung zur Zug\u00e4nglichkeit beruht auf einem Audit, das im Rahmen einer Selbstbewertung nach der Methode des Allgemeinen Referenzrahmens f\u00fcr die Verbesserung der Zug\u00e4nglichkeit (RGAA Version 4.1) durchgef\u00fchrt wurde.<\/p>\n\n\n\n<p>Diese Pr\u00fcfung wurde von <strong>LRob<\/strong>, Die Stadt Villeneuve-l\u00e8s-B\u00e9ziers hat einen Dienstleister beauftragt, der f\u00fcr das Hosting, die Wartung und die technische \u00dcberwachung der Website der Stadt Villeneuve-l\u00e8s-B\u00e9ziers zust\u00e4ndig ist.<\/p>\n\n\n\n<p>Die letzte vollst\u00e4ndige Bewertung erfolgte am <strong>12. Februar 2026<\/strong>.<\/p>\n\n\n\n<hr class=\"wp-block-separator has-alpha-channel-opacity\"\/>\n\n\n\n<h2 class=\"wp-block-heading\">Umfang der Pr\u00fcfung<\/h2>\n\n\n\n<p>Die Bewertung wurde anhand einer repr\u00e4sentativen Auswahl von Seiten durchgef\u00fchrt, die die wichtigsten funktionalen Templates der Website abdecken:<\/p>\n\n\n\n<ul class=\"wp-block-list\">\n<li>Startseite<\/li>\n\n\n\n<li>Institutionelle Seiten<\/li>\n\n\n\n<li>Redaktionelle Seiten<\/li>\n\n\n\n<li>Seiten mit Verwaltungsangelegenheiten<\/li>\n\n\n\n<li>Nachrichtenseiten (Liste und Details)<\/li>\n\n\n\n<li>Seiten mit Medien und Kartenmaterial<\/li>\n\n\n\n<li>Seiten mit Formularen<\/li>\n<\/ul>\n\n\n\n<hr class=\"wp-block-separator has-alpha-channel-opacity\"\/>\n\n\n\n<h2 class=\"wp-block-heading\">Testmethodik und -werkzeuge<\/h2>\n\n\n\n<p>Die \u00dcberpr\u00fcfungen wurden mit Hilfe von :<\/p>\n\n\n\n<ul class=\"wp-block-list\">\n<li>Automatisierte Werkzeuge <strong>WAVE<\/strong>, <strong>Lighthouse<\/strong> und <strong>DevTools-Achse<\/strong><\/li>\n\n\n\n<li>Manuelle Tests der Tastaturnavigation<\/li>\n\n\n\n<li>Kontrollen der Titelstruktur<\/li>\n\n\n\n<li>Analyse von Farbkontrasten<\/li>\n\n\n\n<li>\u00dcberpr\u00fcfungen von Textalternativen<\/li>\n\n\n\n<li>Tests der Lesbarkeit im Zoom und auf mobilen Ger\u00e4ten<\/li>\n<\/ul>\n\n\n\n<p>Getestete Technologien :<\/p>\n\n\n\n<ul class=\"wp-block-list\">\n<li>CMS: WordPress<\/li>\n\n\n\n<li>Thema: Twenty Twenty-Five<\/li>\n\n\n\n<li>Sprachen: HTML5, CSS3, JavaScript<\/li>\n<\/ul>\n\n\n\n<hr class=\"wp-block-separator has-alpha-channel-opacity\"\/>\n\n\n\n<h2 class=\"wp-block-heading\">Gepr\u00fcfte Seiten und erzielte Punktzahlen<\/h2>\n\n\n\n<ul class=\"wp-block-list\">\n<li>Homepage: 9,5 \/ 10<\/li>\n\n\n\n<li>Mein Rathaus: 9,7 \/ 10<\/li>\n\n\n\n<li>Die Gew\u00e4hlten: 2,4 \/ 10<\/li>\n\n\n\n<li>Stadtplan: 9,8 \/ 10<\/li>\n\n\n\n<li>Fremdenverkehrsamt: 9,8 \/ 10<\/li>\n\n\n\n<li>Verm\u00f6gen: 9,1 \/ 10<\/li>\n\n\n\n<li>Vereinigungen: 9,1 \/ 10<\/li>\n\n\n\n<li>Nach Villeneuve-l\u00e8s-B\u00e9ziers kommen : 9,7 \/ 10<\/li>\n\n\n\n<li>Aktueller Artikel: 9,7 \/ 10<\/li>\n\n\n\n<li>Liste der Nachrichten: 9,5 \/ 10<\/li>\n\n\n\n<li>Der Markt: 9,8 \/ 10<\/li>\n\n\n\n<li>Empfangsbescheinigungen: 9,8 \/ 10<\/li>\n\n\n\n<li>Meldung von Hunden: 9,8 \/ 10<\/li>\n\n\n\n<li>Formulare f\u00fcr Leuchttafeln: 9,7 \/ 10<\/li>\n<\/ul>\n\n\n\n<p><strong>Durchschnittliche ermittelte Punktzahl: 9,1 \/ 10<\/strong><\/p>\n\n\n\n<hr class=\"wp-block-separator has-alpha-channel-opacity\"\/>\n\n\n\n<h2 class=\"wp-block-heading\">Bereits implementierte Korrekturen<\/h2>\n\n\n\n<p>Als Ergebnis dieses Audits wurden bereits mehrere Verbesserungen vorgenommen, um die Zug\u00e4nglichkeit der Website zu verbessern:<\/p>\n\n\n\n<ul class=\"wp-block-list\">\n<li>Korrektur der Textkontraste :\n<ul class=\"wp-block-list\">\n<li>Ehemalige Hauptfarbe : <code>#168D48<\/code><\/li>\n\n\n\n<li>Neue konforme Farbe : <code>#0C6F38<\/code><\/li>\n\n\n\n<li>Anpassung auch an den Hervorhebungs- und Mouseover-Status.<\/li>\n<\/ul>\n<\/li>\n\n\n\n<li>Hinzuf\u00fcgen von fehlenden Textalternativen zu etwa 20 Bildern<\/li>\n\n\n\n<li>Redundante \u00abWeiterlesen\u00bb-Links in Inhaltsschleifen entfernt<\/li>\n\n\n\n<li>\u00dcberpr\u00fcfung und Korrektur der Titelhierarchie (H1 bis H6)<\/li>\n\n\n\n<li>Vereinfachung der Navigation :\n<ul class=\"wp-block-list\">\n<li>Entfernen von doppelten Links<\/li>\n\n\n\n<li>Entfernen eines Footer-Men\u00fcs, das mit dem Hauptmen\u00fc identisch ist<\/li>\n<\/ul>\n<\/li>\n<\/ul>\n\n\n\n<p>Diese Anpassungen zielen insbesondere auf die Verbesserung der :<\/p>\n\n\n\n<ul class=\"wp-block-list\">\n<li>Lesbarkeit<\/li>\n\n\n\n<li>Navigation mit der Tastatur<\/li>\n\n\n\n<li>Vorlesen durch Sprachsynthese<\/li>\n\n\n\n<li>Das Verst\u00e4ndnis der Seitenstruktur<\/li>\n<\/ul>\n\n\n\n<hr class=\"wp-block-separator has-alpha-channel-opacity\"\/>\n\n\n\n<h2 class=\"wp-block-heading\">Verbleibende Nichtkonformit\u00e4ten<\/h2>\n\n\n\n<p>Die meisten Nichtkonformit\u00e4ten bestehen bei einigen Kontaktformularen, einschlie\u00dflich :<\/p>\n\n\n\n<ul class=\"wp-block-list\">\n<li>Fehlende oder unvollst\u00e4ndige Zuordnung von Bezeichnungen zu bestimmten Feldern<\/li>\n<\/ul>\n\n\n\n<p>Diese Elemente k\u00f6nnen die Nutzung durch assistierende Technologien erschweren und werden im Rahmen des mehrj\u00e4hrigen Zug\u00e4nglichkeitsplans korrigiert werden.<\/p>\n\n\n\n<hr class=\"wp-block-separator has-alpha-channel-opacity\"\/>\n\n\n\n<h2 class=\"wp-block-heading\">Grad der \u00dcbereinstimmung<\/h2>\n\n\n\n<p>In Anbetracht der erzielten Ergebnisse und der bereits eingeleiteten Korrekturen wird der Standort f\u00fcr :<\/p>\n\n\n\n<p><strong>Teilweise konform mit RGAA (Version 4.1).<\/strong><\/p>\n\n\n\n<p>Die Gemeinde verpflichtet sich, die Verbesserungen in einem kontinuierlichen Prozess der digitalen Zug\u00e4nglichkeit fortzusetzen.<\/p>\n\n\n\n<h2 class=\"wp-block-heading\">Kontakt und Feedback<\/h2>\n\n\n\n<p>Wenn Sie Schwierigkeiten beim Zugriff auf einen Inhalt oder eine Dienstleistung der Website haben, k\u00f6nnen Sie uns dar\u00fcber informieren, damit Ihnen eine alternative L\u00f6sung angeboten oder der Inhalt zug\u00e4nglich gemacht werden kann.<\/p>\n\n\n\n<p>Sie k\u00f6nnen sich an :<\/p>\n\n\n\n<p><strong>IT-Abteilung - Stadt Villeneuve-l\u00e8s-B\u00e9ziers<\/strong><br>E-Mail: <a href=\"mailto:service.informatique@villeneuve-les-beziers.fr\">service.informatique@villeneuve-les-beziers.fr<\/a><\/p>\n\n\n\n<p>Oder der Dienstleister, der f\u00fcr die Wartung und technische \u00dcberwachung der Website verantwortlich ist:<\/p>\n\n\n\n<p><strong>LRob<\/strong><br>Kontaktformular : <a href=\"https:\/\/www.lrob.fr\/contact\" target=\"_blank\" rel=\"noopener noreferrer nofollow\">https:\/\/www.lrob.fr\/contact<\/a><\/p>\n\n\n\n<p>Wir werden alle Vorschl\u00e4ge und Ideen zur Verbesserung der Zug\u00e4nglichkeit der Website pr\u00fcfen und umsetzen.<\/p>\n\n\n\n<h2 class=\"wp-block-heading\">Rechtsmittel<\/h2>\n\n\n\n<p>Wenn Sie einen Mangel an Zug\u00e4nglichkeit feststellen, der Sie daran hindert, auf einen Inhalt oder eine Funktion der Website zuzugreifen, und Sie uns dies mitteilen und Sie keine zufriedenstellende Antwort erhalten, haben Sie das Recht, Ihre Beschwerden oder einen Antrag auf Anrufung des Rechtsverteidigers zu stellen.<\/p>\n\n\n\n<p>Es gibt mehrere M\u00f6glichkeiten:<\/p>\n\n\n\n<ul class=\"wp-block-list\">\n<li>Schreiben Sie eine Nachricht an den Rechtsverteidiger : <a href=\"https:\/\/formulaire.defenseurdesdroits.fr\/\" target=\"_blank\" rel=\"noopener noreferrer nofollow\">https:\/\/formulaire.defenseurdesdroits.fr<\/a><\/li>\n\n\n\n<li>Kontaktieren Sie den Delegierten des Rechtsverteidigers in Ihrer Region : <a href=\"https:\/\/www.defenseurdesdroits.fr\/saisir\/delegues\" target=\"_blank\" rel=\"noopener noreferrer nofollow\">https:\/\/www.defenseurdesdroits.fr\/saisir\/delegues<\/a><\/li>\n\n\n\n<li>Senden Sie einen Brief per Post :<br>Rechtsanwalt<br>Freie Antwort 71120<br>75342 Paris CEDEX 07<\/li>\n<\/ul>\n\n\n\n<p>Sie k\u00f6nnen auch einen Mangel an digitaler Zug\u00e4nglichkeit bei der Regulierungsbeh\u00f6rde f\u00fcr audiovisuelle und digitale Kommunikation (ARCOM) melden.<\/p>","protected":false},"excerpt":{"rendered":"<p>R\u00e9sultats des tests et m\u00e9thodologie La pr\u00e9sente d\u00e9claration d\u2019accessibilit\u00e9 repose sur un audit r\u00e9alis\u00e9 en auto-\u00e9valuation selon la m\u00e9thode pr\u00e9conis\u00e9e par le R\u00e9f\u00e9rentiel G\u00e9n\u00e9ral d\u2019Am\u00e9lioration de l\u2019Accessibilit\u00e9 (RGAA version 4.1). Cet audit a \u00e9t\u00e9 conduit par LRob, prestataire en charge de l\u2019h\u00e9bergement, de la maintenance et du suivi technique du site de la Ville de [&hellip;]<\/p>\n","protected":false},"author":1,"featured_media":19674,"parent":0,"menu_order":0,"comment_status":"closed","ping_status":"closed","template":"","meta":{"footnotes":""},"class_list":["post-20572","page","type-page","status-publish","has-post-thumbnail","hentry"],"_links":{"self":[{"href":"https:\/\/www.villeneuve-les-beziers.fr\/de\/wp-json\/wp\/v2\/pages\/20572","targetHints":{"allow":["GET"]}}],"collection":[{"href":"https:\/\/www.villeneuve-les-beziers.fr\/de\/wp-json\/wp\/v2\/pages"}],"about":[{"href":"https:\/\/www.villeneuve-les-beziers.fr\/de\/wp-json\/wp\/v2\/types\/page"}],"author":[{"embeddable":true,"href":"https:\/\/www.villeneuve-les-beziers.fr\/de\/wp-json\/wp\/v2\/users\/1"}],"replies":[{"embeddable":true,"href":"https:\/\/www.villeneuve-les-beziers.fr\/de\/wp-json\/wp\/v2\/comments?post=20572"}],"version-history":[{"count":2,"href":"https:\/\/www.villeneuve-les-beziers.fr\/de\/wp-json\/wp\/v2\/pages\/20572\/revisions"}],"predecessor-version":[{"id":20603,"href":"https:\/\/www.villeneuve-les-beziers.fr\/de\/wp-json\/wp\/v2\/pages\/20572\/revisions\/20603"}],"wp:featuredmedia":[{"embeddable":true,"href":"https:\/\/www.villeneuve-les-beziers.fr\/de\/wp-json\/wp\/v2\/media\/19674"}],"wp:attachment":[{"href":"https:\/\/www.villeneuve-les-beziers.fr\/de\/wp-json\/wp\/v2\/media?parent=20572"}],"curies":[{"name":"wp","href":"https:\/\/api.w.org\/{rel}","templated":true}]}}