{"id":20576,"date":"2026-02-12T17:29:33","date_gmt":"2026-02-12T16:29:33","guid":{"rendered":"https:\/\/www.villeneuve-les-beziers.fr\/?page_id=20576"},"modified":"2026-02-12T18:33:01","modified_gmt":"2026-02-12T17:33:01","slug":"mehrjahriger-plan-fur-zuganglichkeit","status":"publish","type":"page","link":"https:\/\/www.villeneuve-les-beziers.fr\/de\/schema-pluriannuel-daccessibilite\/","title":{"rendered":"Mehrj\u00e4hriger Plan f\u00fcr die Zug\u00e4nglichkeit"},"content":{"rendered":"<h1 class=\"wp-block-heading\">Mehrj\u00e4hriges Schema f\u00fcr die digitale Zug\u00e4nglichkeit<\/h1>\n\n\n\n<p>Stadt Villeneuve-l\u00e8s-B\u00e9ziers<br>Zeitraum 2026 - 2028<\/p>\n\n\n\n<hr class=\"wp-block-separator has-alpha-channel-opacity\"\/>\n\n\n\n<h2 class=\"wp-block-heading\">1. Rahmen des Ansatzes<\/h2>\n\n\n\n<p>Im Rahmen der Umsetzung der EU-Richtlinie 2016\/2102 und des Dekrets Nr. 2019-768 \u00fcber die Zug\u00e4nglichkeit von Online-Diensten f\u00fcr die \u00f6ffentliche Kommunikation verpflichtet sich die Stadt Villeneuve-l\u00e8s-B\u00e9ziers zu einer kontinuierlichen Verbesserung der Zug\u00e4nglichkeit ihrer digitalen Dienstleistungen.<\/p>\n\n\n\n<p>Dieses mehrj\u00e4hrige Schema legt die Strategie und die Ma\u00dfnahmen fest, die \u00fcber einen Zeitraum von drei Jahren umgesetzt werden, um sicherzustellen, dass die Website der Gemeinde schrittweise mit dem Allgemeinen Referenzrahmen zur Verbesserung der Zug\u00e4nglichkeit (RGAA Version 4.1) \u00fcbereinstimmt.<\/p>\n\n\n\n<hr class=\"wp-block-separator has-alpha-channel-opacity\"\/>\n\n\n\n<h2 class=\"wp-block-heading\">2. Umfang<\/h2>\n\n\n\n<p>Das Schema umfasst :<\/p>\n\n\n\n<ul class=\"wp-block-list\">\n<li>Die institutionelle Webseite der Gemeinde<\/li>\n\n\n\n<li>Redaktionelle Inhalte, die von den Abteilungen ver\u00f6ffentlicht werden<\/li>\n\n\n\n<li>Online-Beh\u00f6rdeng\u00e4nge<\/li>\n\n\n\n<li>Kontaktformulare<\/li>\n<\/ul>\n\n\n\n<hr class=\"wp-block-separator has-alpha-channel-opacity\"\/>\n\n\n\n<h2 class=\"wp-block-heading\">3. Organisation und Steuerung<\/h2>\n\n\n\n<p>Die Umsetzung der digitalen Barrierefreiheit wird gemeinsam geleitet von :<\/p>\n\n\n\n<ul class=\"wp-block-list\">\n<li>Die IT-Abteilung der Stadt Villeneuve-l\u00e8s-B\u00e9ziers<\/li>\n\n\n\n<li><a href=\"https:\/\/www.lrob.fr\/\" target=\"_blank\" rel=\"noopener noreferrer nofollow\">Der Anbieter, der f\u00fcr das Hosting und die Pflege der Website verantwortlich ist, LRob<\/a><\/li>\n<\/ul>\n\n\n\n<p>Der Datenschutzbeauftragte ist an Themen im Zusammenhang mit pers\u00f6nlichen Daten und der Zug\u00e4nglichkeit von Telediensten beteiligt.<\/p>\n\n\n\n<hr class=\"wp-block-separator has-alpha-channel-opacity\"\/>\n\n\n\n<h2 class=\"wp-block-heading\">4. Urspr\u00fcngliche Bestandsaufnahme<\/h2>\n\n\n\n<p>Eine Pr\u00fcfung der Zug\u00e4nglichkeit wurde am 12. Februar 2026 durchgef\u00fchrt.<\/p>\n\n\n\n<p>Er hebt hervor :<\/p>\n\n\n\n<ul class=\"wp-block-list\">\n<li>Ein zufriedenstellendes Gesamtniveau der Zug\u00e4nglichkeit<\/li>\n\n\n\n<li>Kontraste nach Korrekturen weitgehend konform<\/li>\n\n\n\n<li>Strukturierung der Inhalte nach bew\u00e4hrten Verfahren<\/li>\n\n\n\n<li>Einige Formulare m\u00fcssen noch verbessert werden<\/li>\n<\/ul>\n\n\n\n<p>Die Website wird als teilweise konform mit dem RGAA erkl\u00e4rt.<\/p>\n\n\n\n<hr class=\"wp-block-separator has-alpha-channel-opacity\"\/>\n\n\n\n<h2 class=\"wp-block-heading\">5. Strategische Leitlinien<\/h2>\n\n\n\n<p>Die Gemeinde setzt die folgenden Priorit\u00e4ten:<\/p>\n\n\n\n<ul class=\"wp-block-list\">\n<li>Sicherstellung der Zug\u00e4nglichkeit von neu ver\u00f6ffentlichten Inhalten<\/li>\n\n\n\n<li>die identifizierten Nichtkonformit\u00e4ten schrittweise zu korrigieren<\/li>\n\n\n\n<li>Verbesserung der Zug\u00e4nglichkeit von Formularen<\/li>\n\n\n\n<li>Sensibilisierung der Beitragszahler f\u00fcr gute Praktiken<\/li>\n\n\n\n<li>Aufrechterhaltung der technischen Konformit\u00e4t bei der Entwicklung der Website<\/li>\n<\/ul>\n\n\n\n<hr class=\"wp-block-separator has-alpha-channel-opacity\"\/>\n\n\n\n<h2 class=\"wp-block-heading\">6. Mehrj\u00e4hriger Aktionsplan<\/h2>\n\n\n\n<h3 class=\"wp-block-heading\">Jahr 2026<\/h3>\n\n\n\n<ul class=\"wp-block-list\">\n<li>Durchf\u00fchrung des Zug\u00e4nglichkeitsaudits<\/li>\n\n\n\n<li>Anpassung der Kontraste<\/li>\n\n\n\n<li>Hinzuf\u00fcgen von fehlenden Textalternativen<\/li>\n\n\n\n<li>Korrektur der Titelhierarchie<\/li>\n\n\n\n<li>Entfernen von redundanten Links<\/li>\n\n\n\n<li>Ver\u00f6ffentlichung der Erkl\u00e4rung \u00fcber die Zug\u00e4nglichkeit<\/li>\n\n\n\n<li>Einf\u00fchrung des vorliegenden Mehrjahresplans<\/li>\n<\/ul>\n\n\n\n<hr class=\"wp-block-separator has-alpha-channel-opacity\"\/>\n\n\n\n<h3 class=\"wp-block-heading\">Jahr 2027<\/h3>\n\n\n\n<ul class=\"wp-block-list\">\n<li>Korrektur von nicht konformen Formularen<\/li>\n\n\n\n<li>Verbesserung des Zugangs zu herunterladbaren Dokumenten<\/li>\n\n\n\n<li>\u00dcberpr\u00fcfung der Tastaturnavigation<\/li>\n\n\n\n<li>Sensibilisierung der beitragenden Abteilungen<\/li>\n<\/ul>\n\n\n\n<hr class=\"wp-block-separator has-alpha-channel-opacity\"\/>\n\n\n\n<h3 class=\"wp-block-heading\">Jahr 2028<\/h3>\n\n\n\n<ul class=\"wp-block-list\">\n<li>Kontrollaudit<\/li>\n\n\n\n<li>Zus\u00e4tzliche technische Anpassungen<\/li>\n\n\n\n<li>Optimierung der mobilen Zug\u00e4nglichkeit<\/li>\n\n\n\n<li>Aktualisierung des Mehrjahresschemas<\/li>\n<\/ul>\n\n\n\n<hr class=\"wp-block-separator has-alpha-channel-opacity\"\/>\n\n\n\n<h2 class=\"wp-block-heading\">7. \u00dcberwachung und Bewertung<\/h2>\n\n\n\n<p>Die \u00dcberwachung der Ma\u00dfnahmen erfolgt durch die IT-Abteilung in Verbindung mit dem technischen Dienstleister.<\/p>\n\n\n\n<p>Eine j\u00e4hrliche \u00dcberpr\u00fcfung der durchgef\u00fchrten Ma\u00dfnahmen wird durchgef\u00fchrt, um die Priorit\u00e4ten zu aktualisieren und den Fortschritt zu messen.<\/p>\n\n\n\n<hr class=\"wp-block-separator has-alpha-channel-opacity\"\/>\n\n\n\n<h2 class=\"wp-block-heading\">8. Aktualisierung des Schemas<\/h2>\n\n\n\n<p>Dieses Schema gilt f\u00fcr den Zeitraum 2026-2028.<\/p>\n\n\n\n<p>Der Vertrag wird nach seinem Ablauf \u00fcberpr\u00fcft, um eine neue mehrj\u00e4hrige Programmierung festzulegen.<\/p>","protected":false},"excerpt":{"rendered":"<p>Sch\u00e9ma pluriannuel d\u2019accessibilit\u00e9 num\u00e9rique Ville de Villeneuve-l\u00e8s-B\u00e9ziersP\u00e9riode 2026 \u2013 2028 1. Cadre de la d\u00e9marche Dans le cadre de l\u2019application de la directive europ\u00e9enne 2016\/2102 et du d\u00e9cret n\u00b02019-768 relatif \u00e0 l\u2019accessibilit\u00e9 des services de communication au public en ligne, la Ville de Villeneuve-l\u00e8s-B\u00e9ziers s\u2019engage dans une d\u00e9marche d\u2019am\u00e9lioration continue de l\u2019accessibilit\u00e9 de ses services [&hellip;]<\/p>\n","protected":false},"author":1,"featured_media":19689,"parent":0,"menu_order":0,"comment_status":"closed","ping_status":"closed","template":"","meta":{"footnotes":""},"class_list":["post-20576","page","type-page","status-publish","has-post-thumbnail","hentry"],"_links":{"self":[{"href":"https:\/\/www.villeneuve-les-beziers.fr\/de\/wp-json\/wp\/v2\/pages\/20576","targetHints":{"allow":["GET"]}}],"collection":[{"href":"https:\/\/www.villeneuve-les-beziers.fr\/de\/wp-json\/wp\/v2\/pages"}],"about":[{"href":"https:\/\/www.villeneuve-les-beziers.fr\/de\/wp-json\/wp\/v2\/types\/page"}],"author":[{"embeddable":true,"href":"https:\/\/www.villeneuve-les-beziers.fr\/de\/wp-json\/wp\/v2\/users\/1"}],"replies":[{"embeddable":true,"href":"https:\/\/www.villeneuve-les-beziers.fr\/de\/wp-json\/wp\/v2\/comments?post=20576"}],"version-history":[{"count":2,"href":"https:\/\/www.villeneuve-les-beziers.fr\/de\/wp-json\/wp\/v2\/pages\/20576\/revisions"}],"predecessor-version":[{"id":20606,"href":"https:\/\/www.villeneuve-les-beziers.fr\/de\/wp-json\/wp\/v2\/pages\/20576\/revisions\/20606"}],"wp:featuredmedia":[{"embeddable":true,"href":"https:\/\/www.villeneuve-les-beziers.fr\/de\/wp-json\/wp\/v2\/media\/19689"}],"wp:attachment":[{"href":"https:\/\/www.villeneuve-les-beziers.fr\/de\/wp-json\/wp\/v2\/media?parent=20576"}],"curies":[{"name":"wp","href":"https:\/\/api.w.org\/{rel}","templated":true}]}}