{"id":209,"date":"2019-04-10T11:50:19","date_gmt":"2019-04-10T09:50:19","guid":{"rendered":"http:\/\/localhost\/?page_id=209"},"modified":"2024-11-25T17:22:29","modified_gmt":"2024-11-25T16:22:29","slug":"pflegeheim","status":"publish","type":"page","link":"https:\/\/www.villeneuve-les-beziers.fr\/de\/mon-quotidien\/ehpad\/","title":{"rendered":"EHPAD - Die G\u00e4rten von Canalet"},"content":{"rendered":"<h2 class=\"wp-block-heading\">Vorstellung des EHPAD<\/h2>\n\n\n\n<p>Das Pflegeheim \"Les Jardins du Canalet\" ist eine territoriale \u00f6ffentliche Einrichtung, die 46 abh\u00e4ngige Bewohner \u00fcber 60 Jahre aufnimmt und von einem Verwaltungsrat, dessen Vorsitzender der B\u00fcrgermeister ist, und einem Direktor geleitet wird. Die Einrichtung f\u00e4llt unter das Gesetz Nr. 2002-2 vom 2. Januar 2002, das die soziale und medizinisch-soziale Arbeit erneuert und unter Artikel L312-1 Abs. 6 des Sozial- und Familiengesetzbuches. Es wurde mit Erlass vom 04.01.2017 genehmigt und unterzeichnete seine erste dreiseitige Vereinbarung im Jahr 2010. Die Einrichtung ist berechtigt, Personen aufzunehmen, die Sozialhilfe erhalten.<\/p>\n\n\n\n<p>Die Einrichtung bem\u00fcht sich, die Kontinuit\u00e4t Ihrer Lebensweise so weit wie m\u00f6glich zu erhalten und ihre Grundwerte weiterzuentwickeln:<br>- <strong>Die W\u00fcrde der Person<\/strong> - Als Mensch zu existieren und als vollwertiges Individuum betrachtet zu werden;<br>- <strong>Respekt<\/strong> - Sich selbst erkennen und jeden respektieren, Bewohner, Familien und Pflegepersonal ;<br>- <strong>B\u00fcrgerschaft<\/strong> - Wahrung der Grundrechte der Menschen: Gerechtigkeit, Solidarit\u00e4t und Br\u00fcderlichkeit ;<br>- <strong>Verantwortung<\/strong> - Das Recht auf Wahl behalten, die Aufrechterhaltung der Vorrechte erm\u00f6glichen und gleichzeitig die Pflichten erf\u00fcllen.<\/p>\n\n\n\n<h2 class=\"wp-block-heading\">Unsere Aufgaben<\/h2>\n\n\n\n<p>- <strong>Pflege<\/strong>Es ist wichtig, das k\u00f6rperliche Wohlbefinden der Person zu gew\u00e4hrleisten, aufmerksam zu sein und ihren Schutz und ihre Sicherheit zu gew\u00e4hrleisten;<br>- <strong>Aufrechterhaltung der k\u00f6rperlichen und geistigen F\u00e4higkeiten<\/strong>Die Pflegebed\u00fcrftigkeit wird in der Regel durch die Pflegeversicherung abgedeckt, um die Selbst\u00e4ndigkeit so lange wie m\u00f6glich zu erhalten und die Pflegebed\u00fcrftigkeit zu ersetzen;<br>- <strong>Begleiten und informieren<\/strong>Sie k\u00f6nnen eine individuelle Begleitung an die Bed\u00fcrfnisse der Frau anpassen.<br>Person ;<br>- <strong>Begr\u00fc\u00dfen Sie<\/strong>Wir sind stolz darauf, jeden Gast mit Freundlichkeit und Respekt zu empfangen;<br>- <strong>Leben<\/strong>Es ist wichtig, einen angenehmen Lebensraum zu schaffen, in dem die Vorlieben, W\u00fcnsche und Begierden der Menschen respektiert werden.<\/p>\n\n\n\n<h2 class=\"wp-block-heading\">Die Leistungen<\/h2>\n\n\n\n<p>Die Leistungen unterscheiden sich erheblich von einer Einrichtung zur anderen. Die Pflegeheime m\u00fcssen ihren Bewohnern jedoch gesetzlich festgelegte Mindestleistungen bieten:<\/p>\n\n\n\n<ul class=\"wp-block-list\">\n<li>Verwaltungsleistungen<\/li>\n\n\n\n<li>Hoteldienstleistungen: Bereitstellung eines Zimmers mit Zugang zu Bad und Toilette; Instandhaltung und Reinigung der Zimmer w\u00e4hrend und nach dem Aufenthalt; Instandhaltung und Reinigung der \u00f6ffentlichen Bereiche und Gemeinschaftsr\u00e4ume; Instandhaltung der Geb\u00e4ude, der technischen Anlagen und der Gr\u00fcnfl\u00e4chen; Bereitstellung von Anschl\u00fcssen f\u00fcr den Zugang zu Fernsehen und Telefon; Internetzugang in der Einrichtung<\/li>\n\n\n\n<li>Verpflegungsleistungen: Zugang zu einem Verpflegungsdienst; Bereitstellung von drei Mahlzeiten, einem Snack und einem Mitternachtssnack.<\/li>\n\n\n\n<li>W\u00e4schereileistungen: Lieferung, Anbringung, Erneuerung und Pflege von Flachw\u00e4sche und Toilettenw\u00e4sche<\/li>\n\n\n\n<li>Leistungen zur F\u00f6rderung des sozialen Lebens: Zugang zu Gruppenanimationen und Aktivit\u00e4ten innerhalb des Heims Organisation von Aktivit\u00e4ten au\u00dferhalb des Heims<\/li>\n<\/ul>\n\n\n\n<p>Andere Leistungen k\u00f6nnen ebenfalls von der Einrichtung angeboten werden: Pflege der pers\u00f6nlichen W\u00e4sche des Bewohners, Friseurleistungen...<\/p>\n\n\n\n<h2 class=\"wp-block-heading\">Kontakte<\/h2>\n\n\n\n<div class=\"wp-block-group is-nowrap is-layout-flex wp-container-core-group-is-layout-6c531013 wp-block-group-is-layout-flex\">\n<p><a href=\"callto:04 67 11 19 00\">04 67 11 19 00<\/a><\/p>\n\n\n\n<p><a href=\"mailto:ehpad@villeneuve-les-beziers.fr\">ehpad@villeneuve-les-beziers.fr<\/a><\/p>\n<\/div>\n\n\n\n<h2 class=\"wp-block-heading\">Adresse<\/h2>\n\n\n\n<p>1 Rue Louis Dard\u00e9<br>34420 Villeneuve-l\u00e8s-B\u00e9ziers<\/p>\n\n\n\n<center><iframe src=\"https:\/\/www.google.com\/maps\/embed?pb=!1m14!1m8!1m3!1d7749.736234525511!2d3.273014693485566!3d43.31695727486491!3m2!1i1024!2i768!4f13.1!3m3!1m2!1s0x12b1104a002ddb21%3A0x390359c96f73f2b7!2sFoyer%20R%C3%A9sidence%20Les%20Jardins%20du%20Canalet!5e0!3m2!1sfr!2sus!4v1732363717995!5m2!1sfr!2sus\" width=\"100%\" height=\"450\" style=\"border:0;\" allowfullscreen=\"\" loading=\"lazy\" referrerpolicy=\"no-referrer-when-downgrade\"><\/iframe><\/center>","protected":false},"excerpt":{"rendered":"<p>Pr\u00e9sentation de L&rsquo;EHPAD L\u2019EHPAD \u00ab Les Jardins du Canalet \u00bb est un \u00e9tablissement public territorial, accueillant 46 r\u00e9sidents \u00e2g\u00e9s d\u00e9pendants de plus de 60ans, g\u00e9r\u00e9 par un conseil d\u2019administration, dont le maire est pr\u00e9sident, et un directeur. L\u2019\u00e9tablissement rel\u00e8ve de la loi n\u00b0 2002-2 du 2 janvier 2002 r\u00e9novant l\u2019action sociale et m\u00e9dico-sociale et de [&hellip;]<\/p>\n","protected":false},"author":1,"featured_media":2213,"parent":501,"menu_order":0,"comment_status":"closed","ping_status":"closed","template":"","meta":{"footnotes":""},"class_list":["post-209","page","type-page","status-publish","has-post-thumbnail","hentry"],"_links":{"self":[{"href":"https:\/\/www.villeneuve-les-beziers.fr\/de\/wp-json\/wp\/v2\/pages\/209","targetHints":{"allow":["GET"]}}],"collection":[{"href":"https:\/\/www.villeneuve-les-beziers.fr\/de\/wp-json\/wp\/v2\/pages"}],"about":[{"href":"https:\/\/www.villeneuve-les-beziers.fr\/de\/wp-json\/wp\/v2\/types\/page"}],"author":[{"embeddable":true,"href":"https:\/\/www.villeneuve-les-beziers.fr\/de\/wp-json\/wp\/v2\/users\/1"}],"replies":[{"embeddable":true,"href":"https:\/\/www.villeneuve-les-beziers.fr\/de\/wp-json\/wp\/v2\/comments?post=209"}],"version-history":[{"count":1,"href":"https:\/\/www.villeneuve-les-beziers.fr\/de\/wp-json\/wp\/v2\/pages\/209\/revisions"}],"predecessor-version":[{"id":19424,"href":"https:\/\/www.villeneuve-les-beziers.fr\/de\/wp-json\/wp\/v2\/pages\/209\/revisions\/19424"}],"up":[{"embeddable":true,"href":"https:\/\/www.villeneuve-les-beziers.fr\/de\/wp-json\/wp\/v2\/pages\/501"}],"wp:featuredmedia":[{"embeddable":true,"href":"https:\/\/www.villeneuve-les-beziers.fr\/de\/wp-json\/wp\/v2\/media\/2213"}],"wp:attachment":[{"href":"https:\/\/www.villeneuve-les-beziers.fr\/de\/wp-json\/wp\/v2\/media?parent=209"}],"curies":[{"name":"wp","href":"https:\/\/api.w.org\/{rel}","templated":true}]}}