{"id":228,"date":"2019-04-10T11:51:14","date_gmt":"2019-04-10T09:51:14","guid":{"rendered":"http:\/\/localhost\/?page_id=228"},"modified":"2025-06-24T10:13:52","modified_gmt":"2025-06-24T08:13:52","slug":"tourismusburo","status":"publish","type":"page","link":"https:\/\/www.villeneuve-les-beziers.fr\/de\/decouvrir\/office-de-tourisme\/","title":{"rendered":"Tourismusb\u00fcro"},"content":{"rendered":"<h1 class=\"wp-block-heading\">Die Gabarre, das schwimmende Tourismusb\u00fcro<\/h1>\n\n\n\n<figure data-wp-context=\"{&quot;imageId&quot;:&quot;69e1e816199e6&quot;}\" data-wp-interactive=\"core\/image\" data-wp-key=\"69e1e816199e6\" class=\"wp-block-image size-large has-custom-border wp-lightbox-container\"><img loading=\"lazy\" decoding=\"async\" width=\"1024\" height=\"683\" data-wp-class--hide=\"state.isContentHidden\" data-wp-class--show=\"state.isContentVisible\" data-wp-init=\"callbacks.setButtonStyles\" data-wp-on--click=\"actions.showLightbox\" data-wp-on--load=\"callbacks.setButtonStyles\" data-wp-on-window--resize=\"callbacks.setButtonStyles\" src=\"https:\/\/www.villeneuve-les-beziers.fr\/wp-content\/uploads\/2019\/05\/gabare-1024x683.jpg\" alt=\"\" class=\"wp-image-2330\" style=\"border-radius:32px\" srcset=\"https:\/\/www.villeneuve-les-beziers.fr\/wp-content\/uploads\/2019\/05\/gabare-1024x683.jpg 1024w, https:\/\/www.villeneuve-les-beziers.fr\/wp-content\/uploads\/2019\/05\/gabare-150x100.jpg 150w, https:\/\/www.villeneuve-les-beziers.fr\/wp-content\/uploads\/2019\/05\/gabare-300x200.jpg 300w, https:\/\/www.villeneuve-les-beziers.fr\/wp-content\/uploads\/2019\/05\/gabare-768x512.jpg 768w, https:\/\/www.villeneuve-les-beziers.fr\/wp-content\/uploads\/2019\/05\/gabare.jpg 1440w\" sizes=\"auto, (max-width: 1024px) 100vw, 1024px\" \/><button\n\t\t\tclass=\"lightbox-trigger\"\n\t\t\ttype=\"button\"\n\t\t\taria-haspopup=\"dialog\"\n\t\t\taria-label=\"Vergr\u00f6\u00dfern\"\n\t\t\tdata-wp-init=\"callbacks.initTriggerButton\"\n\t\t\tdata-wp-on--click=\"actions.showLightbox\"\n\t\t\tdata-wp-style--right=\"state.imageButtonRight\"\n\t\t\tdata-wp-style--top=\"state.imageButtonTop\"\n\t\t>\n\t\t\t<svg xmlns=\"http:\/\/www.w3.org\/2000\/svg\" width=\"12\" height=\"12\" fill=\"none\" viewbox=\"0 0 12 12\">\n\t\t\t\t<path fill=\"#fff\" d=\"M2 0a2 2 0 0 0-2 2v2h1.5V2a.5.5 0 0 1 .5-.5h2V0H2Zm2 10.5H2a.5.5 0 0 1-.5-.5V8H0v2a2 2 0 0 0 2 2h2v-1.5ZM8 12v-1.5h2a.5.5 0 0 0 .5-.5V8H12v2a2 2 0 0 1-2 2H8Zm2-12a2 2 0 0 1 2 2v2h-1.5V2a.5.5 0 0 0-.5-.5H8V0h2Z\" \/>\n\t\t\t<\/svg>\n\t\t<\/button><\/figure>\n\n\n\n<blockquote class=\"wp-block-quote is-layout-flow wp-block-quote-is-layout-flow\">\n<p>Diese Gabarre ist das einzige schwimmende Tourismusb\u00fcro auf dem Canal des deux mers, zwischen Bordeaux und S\u00e8te.<\/p>\n<\/blockquote>\n\n\n\n<p>Die Gabarre Pescaluna, auch bekannt als die Mondfischerin, liegt am Wassersporthafen von Villeneuve-l\u00e8s-B\u00e9ziers. Sie beherbergt die<strong><a href=\"https:\/\/www.beziers-in-mediterranee.com\/\" target=\"_blank\" rel=\"noopener noreferrer nofollow\">Fremdenverkehrsamt B\u00e9ziers M\u00e9diterran\u00e9e<\/a><\/strong> .<\/p>\n\n\n\n<p>Entdecken Sie diese authentische Gabarre aus Holz, die urspr\u00fcnglich f\u00fcr den Transport von Besuchern und Waren gebaut wurde.<\/p>\n\n\n\n<p>Pierre-Paul Riquet revolutionierte den Transport von Waren zwischen Ozean und Meer. <\/p>\n\n\n\n<p>250 Jahre lang wurden viele Schiffe wie dieses von Pferden gezogen. Zu dieser Zeit war der Transport von Waren auf der Stra\u00dfe unberechenbar und teuer. Auf der Stra\u00dfe zieht ein Pferd das Doppelte seines Gewichts, w\u00e4hrend es beim Ziehen eines Lastkahns das Hundertzwanzigfache seines Gewichts ziehen kann.<\/p>\n\n\n\n<p>Es ist ein edles, nat\u00fcrliches, warmes, freundliches Material, das sich weich anf\u00fchlt und angenehm zu atmen ist. Es verf\u00fchrt, schafft Privatsph\u00e4re und verleiht unserem Pescaluna eine sympathische und beruhigende Seite.<\/p>\n\n\n\n<p>Hier finden Sie eine Boutique mit B\u00fcchern, okzitanischen Produkten, Weinen und anderen Produkten aus der Region.<\/p>\n\n\n\n<p>F\u00fcr Fahrpl\u00e4ne und weitere Informationen \ud83d\udc47.<\/p>\n\n\n\n<figure class=\"wp-block-embed is-type-wp-embed is-provider-office-de-tourisme-de-b-ziers-m-diterran-e wp-block-embed-office-de-tourisme-de-b-ziers-m-diterran-e\"><div class=\"wp-block-embed__wrapper\">\n<blockquote class=\"wp-embedded-content\" data-secret=\"gK9i52gKb6\"><a href=\"https:\/\/www.beziers-mediterranee.com\/votre-sejour\/pratique\/office-de-tourisme\/les-bureaux-dinformation-touristique\/\" target=\"_blank\" rel=\"noopener noreferrer nofollow\">Touristische Informationsb\u00fcros<\/a><\/blockquote><iframe loading=\"lazy\" class=\"wp-embedded-content\" sandbox=\"allow-scripts\" security=\"restricted\" style=\"position: absolute; visibility: hidden;\" title=\"&quot;Die Touristeninformationsb\u00fcros&quot; - B\u00e9ziers M\u00e9diterran\u00e9e Fremdenverkehrsb\u00fcro\" src=\"https:\/\/www.beziers-mediterranee.com\/votre-sejour\/pratique\/office-de-tourisme\/les-bureaux-dinformation-touristique\/embed\/#?secret=G6c1flkxu5#?secret=gK9i52gKb6\" data-secret=\"gK9i52gKb6\" width=\"500\" height=\"282\" frameborder=\"0\" marginwidth=\"0\" marginheight=\"0\" scrolling=\"no\"><\/iframe>\n<\/div><\/figure>","protected":false},"excerpt":{"rendered":"<p>La gabarre, l&rsquo;office de tourisme flottant Cette Gabarre est le seul office de tourisme flottant sur le canal des deux mers, entre Bordeaux et S\u00e8te La Gabarre Pescaluna, alias la p\u00eacheuse de lune est amarr\u00e9e \u00e0 la halte nautique de Villeneuve-l\u00e8s-B\u00e9ziers. Elle accueille l&rsquo;Office de Tourisme B\u00e9ziers M\u00e9diterran\u00e9e . Venez d\u00e9couvrir cette authentique gabarre en [&hellip;]<\/p>\n","protected":false},"author":1,"featured_media":2330,"parent":8353,"menu_order":0,"comment_status":"closed","ping_status":"closed","template":"","meta":{"footnotes":""},"class_list":["post-228","page","type-page","status-publish","has-post-thumbnail","hentry"],"_links":{"self":[{"href":"https:\/\/www.villeneuve-les-beziers.fr\/de\/wp-json\/wp\/v2\/pages\/228","targetHints":{"allow":["GET"]}}],"collection":[{"href":"https:\/\/www.villeneuve-les-beziers.fr\/de\/wp-json\/wp\/v2\/pages"}],"about":[{"href":"https:\/\/www.villeneuve-les-beziers.fr\/de\/wp-json\/wp\/v2\/types\/page"}],"author":[{"embeddable":true,"href":"https:\/\/www.villeneuve-les-beziers.fr\/de\/wp-json\/wp\/v2\/users\/1"}],"replies":[{"embeddable":true,"href":"https:\/\/www.villeneuve-les-beziers.fr\/de\/wp-json\/wp\/v2\/comments?post=228"}],"version-history":[{"count":4,"href":"https:\/\/www.villeneuve-les-beziers.fr\/de\/wp-json\/wp\/v2\/pages\/228\/revisions"}],"predecessor-version":[{"id":20062,"href":"https:\/\/www.villeneuve-les-beziers.fr\/de\/wp-json\/wp\/v2\/pages\/228\/revisions\/20062"}],"up":[{"embeddable":true,"href":"https:\/\/www.villeneuve-les-beziers.fr\/de\/wp-json\/wp\/v2\/pages\/8353"}],"wp:featuredmedia":[{"embeddable":true,"href":"https:\/\/www.villeneuve-les-beziers.fr\/de\/wp-json\/wp\/v2\/media\/2330"}],"wp:attachment":[{"href":"https:\/\/www.villeneuve-les-beziers.fr\/de\/wp-json\/wp\/v2\/media?parent=228"}],"curies":[{"name":"wp","href":"https:\/\/api.w.org\/{rel}","templated":true}]}}