{"id":2910,"date":"2019-05-20T15:33:16","date_gmt":"2019-05-20T13:33:16","guid":{"rendered":"http:\/\/localhost\/?page_id=2910"},"modified":"2026-02-06T16:10:59","modified_gmt":"2026-02-06T15:10:59","slug":"freizeitbetreuung-ohne-unterkunft","status":"publish","type":"page","link":"https:\/\/www.villeneuve-les-beziers.fr\/de\/mon-quotidien\/enfance-jeunesse\/accueil-de-loisirs-sans-hebergement\/","title":{"rendered":"Freizeitaktivit\u00e4ten ohne Unterbringung (ALSH)"},"content":{"rendered":"<p>Das ALSH ist vom Service D\u00e9partemental \u00e0 la Jeunesse \u00e0 l'Engagement et au Sport und von der Caisse d'Allocations Familiales de l'H\u00e9rault anerkannt. Es empf\u00e4ngt Schulkinder von 3 bis 11 Jahren am Mittwoch und w\u00e4hrend der Schulferien.<\/p>\n\n\n\n<h2 class=\"wp-block-heading\">Die ALSH-Aufnahmebedingungen<\/h2>\n\n\n\n<p>1\/ Einrichtung Ihres Familienkontos \u00fcber den folgenden Link : <a href=\"https:\/\/espacefamille.aiga.fr\/index.html?dossier=1642105#connexion&amp;095242\" target=\"_blank\" rel=\"noopener noreferrer nofollow\">iNoe Familienbereich<\/a> <\/p>\n\n\n\n<p>2\/ Stellen Sie die angeforderten Dokumente in papierloser Form zur Verf\u00fcgung. <\/p>\n\n\n\n<p><\/p>\n\n\n\n<p><br><\/p>\n\n\n\n<p><\/p>","protected":false},"excerpt":{"rendered":"<p>L&rsquo;ALSH est agr\u00e9\u00e9 par la Service D\u00e9partemental \u00e0 la Jeunesse \u00e0 l&rsquo;Engagement et au Sport, et par la Caisse d\u2019Allocations Familiales de l\u2019H\u00e9rault. Il accueille les enfants scolaris\u00e9s de 3 \u00e0 11 ans le mercredi et durant les vacances scolaires. Les modalit\u00e9s d\u2019admission ALSH 1\/ Cr\u00e9ation de votre compte famille via le lien suivant : [&hellip;]<\/p>\n","protected":false},"author":1,"featured_media":3010,"parent":208,"menu_order":0,"comment_status":"closed","ping_status":"closed","template":"","meta":{"footnotes":""},"class_list":["post-2910","page","type-page","status-publish","has-post-thumbnail","hentry"],"_links":{"self":[{"href":"https:\/\/www.villeneuve-les-beziers.fr\/de\/wp-json\/wp\/v2\/pages\/2910","targetHints":{"allow":["GET"]}}],"collection":[{"href":"https:\/\/www.villeneuve-les-beziers.fr\/de\/wp-json\/wp\/v2\/pages"}],"about":[{"href":"https:\/\/www.villeneuve-les-beziers.fr\/de\/wp-json\/wp\/v2\/types\/page"}],"author":[{"embeddable":true,"href":"https:\/\/www.villeneuve-les-beziers.fr\/de\/wp-json\/wp\/v2\/users\/1"}],"replies":[{"embeddable":true,"href":"https:\/\/www.villeneuve-les-beziers.fr\/de\/wp-json\/wp\/v2\/comments?post=2910"}],"version-history":[{"count":6,"href":"https:\/\/www.villeneuve-les-beziers.fr\/de\/wp-json\/wp\/v2\/pages\/2910\/revisions"}],"predecessor-version":[{"id":20566,"href":"https:\/\/www.villeneuve-les-beziers.fr\/de\/wp-json\/wp\/v2\/pages\/2910\/revisions\/20566"}],"up":[{"embeddable":true,"href":"https:\/\/www.villeneuve-les-beziers.fr\/de\/wp-json\/wp\/v2\/pages\/208"}],"wp:featuredmedia":[{"embeddable":true,"href":"https:\/\/www.villeneuve-les-beziers.fr\/de\/wp-json\/wp\/v2\/media\/3010"}],"wp:attachment":[{"href":"https:\/\/www.villeneuve-les-beziers.fr\/de\/wp-json\/wp\/v2\/media?parent=2910"}],"curies":[{"name":"wp","href":"https:\/\/api.w.org\/{rel}","templated":true}]}}