{"id":5777,"date":"2021-07-20T15:10:51","date_gmt":"2021-07-20T13:10:51","guid":{"rendered":"http:\/\/www.villeneuve-les-beziers.fr\/?page_id=5777"},"modified":"2025-05-27T09:37:03","modified_gmt":"2025-05-27T07:37:03","slug":"bekanntmachung-uber-die-beteiligung-der-offentlichkeit-auf-elektronischem-wege","status":"publish","type":"page","link":"https:\/\/www.villeneuve-les-beziers.fr\/de\/vie-pratique\/urbanisme\/avis-de-participation-du-public-par-voie-electronique\/","title":{"rendered":"Bekanntmachung \u00fcber die elektronische Beteiligung der \u00d6ffentlichkeit"},"content":{"rendered":"<p><strong>Bekanntmachung \u00fcber die elektronische Beteiligung der \u00d6ffentlichkeit<br><\/strong><strong>\u00c4nderungsbaugenehmigung Nr. PC03433616Z0008 M3<br><\/strong><strong>SA DECATHLON<br><\/strong><strong>ZAC M\u00e9ridienne<br><\/strong><strong>34420 Villeneuve-l\u00e8s-B\u00e9ziers<\/strong><\/p>\n\n\n\n<p>Gem\u00e4\u00df dem Umweltgesetzbuch wird die \u00d6ffentlichkeit dar\u00fcber informiert, dass der Antrag auf Baugenehmigung PC03433616Z0008 M3, eingereicht von SA DECATHLON am 26. M\u00e4rz 2021, erg\u00e4nzt am 19. Mai 2021, vom 9. August bis zum 10. September 2021 Gegenstand eines elektronischen Verfahrens zur Beteiligung der \u00d6ffentlichkeit ist.<\/p>\n\n\n\n<p>Der oben erw\u00e4hnte Antrag auf Baugenehmigung wurde einer Umweltvertr\u00e4glichkeitspr\u00fcfung unterzogen.<\/p>\n\n\n\n<p>Die Unterlagen f\u00fcr die Konsultation umfassen :<br>- die Akte des Antrags auf eine modifizierte Baugenehmigung,<br>- die Stellungnahmen, die zu diesem Antrag abgegeben wurden,<br>- die Folgenabsch\u00e4tzung,<br>- die Stellungnahme der Umweltbeh\u00f6rde,<br>- die Antwort des Petenten auf diese Stellungnahme,<br>- den Erlass des B\u00fcrgermeisters mit den Informationen und Bedingungen f\u00fcr die Bereitstellung.<\/p>\n\n\n\n<p>W\u00e4hrend der gesamten Dauer des Verfahrens kann die Akte des Bauantrags eingesehen werden:<br>- auf der Website des Rathauses von Villeneuve-l\u00e8s-B\u00e9ziers : <a href=\"https:\/\/www.villeneuve-les-beziers.fr\/de\/\">www.villeneuve-les-beziers.fr<\/a> ,<br>- in Papierform beim Stadtplanungsamt des Rathauses von Villeneuve-l\u00e8s-B\u00e9ziers vom 9. August bis zum 10. September 2021 (nach Terminvereinbarung).<\/p>\n\n\n\n<p>Interessierte k\u00f6nnen ihre Kommentare oder Vorschl\u00e4ge \u00fcber das <strong><a href=\"\/de\/schreiben-sie-uns\/\" data-type=\"page\" data-id=\"18\">Elektronisches Formular<\/a> <\/strong>bis zum 10. September 2021.<\/p>\n\n\n\n<p>Nach Abschluss dieses \u00f6ffentlichen Beteiligungsverfahrens und der Frist f\u00fcr die Pr\u00fcfung des Antrags auf Baugenehmigung wird der B\u00fcrgermeister von Villeneuve-l\u00e8s-B\u00e9ziers \u00fcber den Antrag entscheiden.<\/p>\n\n\n\n<p>Weitere Informationen k\u00f6nnen bei der Stadtverwaltung von Villeneuve-l\u00e8s-B\u00e9ziers unter der Telefonnummer 04.67.39.47.80 oder per E-Mail unter der Adresse :<a href=\"mailto:urbanisme@villeneuve-les-beziers.fr\" target=\"_blank\" rel=\"noreferrer noopener\"><strong> urbanisme@villeneuve-les-b\u00e9ziers.fr<\/strong><\/a><\/p>\n\n\n\n<p>Sp\u00e4testens am Tag der Ver\u00f6ffentlichung der Entscheidung des B\u00fcrgermeisters von Villeneuve-l\u00e8s-B\u00e9ziers und f\u00fcr eine Dauer von mindestens drei Monaten wird die Zusammenfassung der Bemerkungen und Vorschl\u00e4ge der \u00d6ffentlichkeit auf der Website : <a href=\"https:\/\/www.villeneuve-les-beziers.fr\/de\/\">www.villeneuve-les-beziers.fr<\/a><\/p>\n\n\n\n<p><a href=\"https:\/\/www.villeneuve-les-beziers.fr\/wp-content\/uploads\/2021\/07\/Avis-de-participation-du-public-par-voie-electronique-pc03433616z0008-m3-SA-DECATHLON1.pdf\">&gt; Lesen Sie die Bekanntmachung zur Information der \u00d6ffentlichkeit<\/a><br><a href=\"\/wp-content\/uploads\/2021\/07\/2021-072-Participation-du-public-par-voie-electropnique-PC03433616Z0008M3-SA-DECATHLON.pdf\">&gt; Lesen Sie den Gemeinderatsbeschluss, der das Beteiligungsverfahren vorschreibt.&nbsp;<\/a><\/p>\n\n\n\n<p>&gt;<strong>&nbsp;Vollst\u00e4ndiges Dossier <a href=\"https:\/\/www.villeneuve-les-beziers.fr\/wp-content\/uploads\/2021\/08\/Participation-public-voie-electronique-PC3433616Z0008-M3-DECATHLON.zip\">\u00d6ffentliche Beteiligung auf elektronischem Wege PC3433616<\/a><a href=\"\/wp-content\/uploads\/2021\/08\/Participation-public-voie-electronique-PC3433616Z0008-M3-DECATHLON.zip\">Z<\/a><a href=\"https:\/\/www.villeneuve-les-beziers.fr\/wp-content\/uploads\/2021\/08\/Participation-public-voie-electronique-PC3433616Z0008-M3-DECATHLON.zip\">0008 M3 DECATHLON<\/a><\/strong><\/p>\n\n\n\n<p>Am 05\/11\/2024<\/p>\n\n\n\n<p><strong>BEKANNTMACHUNG DER \u00d6FFENTLICHKEITSBETEILIGUNG \u00dcBER ELEKTRONISCHE KANALE VOR DER GENEHMIGUNG DES DOSSIERES F\u00dcR DIE EINRICHTUNG DER ZAC \"LA CLAUDERY\".<\/strong><\/p>\n\n\n\n<p>In Anwendung der Bestimmungen von Artikel L123-19 des Umweltgesetzbuches wird eine \u00f6ffentliche Beteiligung auf elektronischem Wege zum Entwurf der Gr\u00fcndungsunterlagen der Zone d'Am\u00e9nagement Concert\u00e9e (ZAC) \"La Claudery\" organisiert. Dieser Entwurf, der einer Umweltpr\u00fcfung unterzogen wird, betrifft die Erweiterung des Gewerbegebiets \"La Claudery\" in der Gemeinde Villeneuve-l\u00e8s-B\u00e9ziers.<\/p>\n\n\n\n<p>Die elektronische Beteiligung der \u00d6ffentlichkeit wird \u00fcber einen Zeitraum von 31 aufeinanderfolgenden Tagen stattfinden: von Montag, dem 25. November um 8.00 Uhr bis Donnerstag, dem 26. Dezember 2024 einschlie\u00dflich.<\/p>\n\n\n\n<p>A<a href=\"https:\/\/www.villeneuve-les-beziers.fr\/wp-content\/uploads\/2024\/11\/Avis-PPVE-ZAC-Claudery-2.pdf\">Schraube: Link<\/a><\/p>\n\n\n\n<p>Dedizierte Plattform :&nbsp;<\/p>\n\n\n\n<p>h<a href=\"https:\/\/www.democratie-active.fr\/zac-claudery-ppve\/\" target=\"_blank\" rel=\"noreferrer noopener\">ttps:\/\/www.democratie-active.fr\/zac-claudery-ppve\/<\/a>&nbsp;wo alle Dokumente, die die Teilnahmeunterlagen bilden, heruntergeladen werden k\u00f6nnen.<\/p>\n\n\n\n<p>Elektronisches Register :<\/p>\n\n\n\n<figure class=\"wp-block-embed\"><div class=\"wp-block-embed__wrapper\">\nhttps:\/\/www.democratie-active.fr\/zac-claudery-ppve\n<\/div><\/figure>\n\n\n\n<p>E-Mail:&nbsp;<a href=\"mailto:zac-claudery@democratie-active.fr\" target=\"_blank\" rel=\"noreferrer noopener\">zac-claudery@democratie-active.fr<\/a><\/p>\n\n\n\n<figure class=\"wp-block-image\"><img loading=\"lazy\" decoding=\"async\" width=\"724\" height=\"1024\" src=\"https:\/\/www.villeneuve-les-beziers.fr\/wp-content\/uploads\/2024\/11\/claudery-scaled-e1730801159667-724x1024.jpg\" alt=\"\" class=\"wp-image-18615\" srcset=\"https:\/\/www.villeneuve-les-beziers.fr\/wp-content\/uploads\/2024\/11\/claudery-scaled-e1730801159667-724x1024.jpg 724w, https:\/\/www.villeneuve-les-beziers.fr\/wp-content\/uploads\/2024\/11\/claudery-scaled-e1730801159667-212x300.jpg 212w, https:\/\/www.villeneuve-les-beziers.fr\/wp-content\/uploads\/2024\/11\/claudery-scaled-e1730801159667-768x1086.jpg 768w, https:\/\/www.villeneuve-les-beziers.fr\/wp-content\/uploads\/2024\/11\/claudery-scaled-e1730801159667-1086x1536.jpg 1086w, https:\/\/www.villeneuve-les-beziers.fr\/wp-content\/uploads\/2024\/11\/claudery-scaled-e1730801159667-1448x2048.jpg 1448w, https:\/\/www.villeneuve-les-beziers.fr\/wp-content\/uploads\/2024\/11\/claudery-scaled-e1730801159667.jpg 1810w\" sizes=\"auto, (max-width: 724px) 100vw, 724px\" \/><\/figure>\n\n\n\n<p>Nach Abschluss der elektronischen Beteiligung der \u00d6ffentlichkeit wird die Beh\u00f6rde, die f\u00fcr die Entscheidung \u00fcber die Genehmigung der Unterlagen zur Einrichtung der ZAC \"La Claudery\" zust\u00e4ndig ist, d.h. die Gemeinde Villeneuve-l\u00e8s-B\u00e9ziers, die Zusammenfassung der Anmerkungen und Vorschl\u00e4ge der \u00d6ffentlichkeit sowie die Antworten des Projekttr\u00e4gers auf diese Anmerkungen und Vorschl\u00e4ge ver\u00f6ffentlichen. Diese Dokumente werden f\u00fcr einen Zeitraum von mindestens drei Monaten auf der Internetseite der Stadtverwaltung und auf der Internetseite f\u00fcr das Beteiligungsverfahren unter folgender Adresse einsehbar sein:&nbsp;<a href=\"https:\/\/www.democratie-active.fr\/zac-claudery-ppve\/\" target=\"_blank\" rel=\"noreferrer noopener\">https:\/\/www.democratie-active.fr\/zac-claudery-ppve\/<\/a><\/p>\n\n\n\n<p>Nach Abschluss der \u00f6ffentlichen Beteiligung auf elektronischem Wege wird die Akte zur Einrichtung der ZAC \"La Claudery\", die gegebenenfalls ge\u00e4ndert wurde, um den Bemerkungen, Stellungnahmen und Vorschl\u00e4gen Rechnung zu tragen, dem Stadtrat von Villeneuve-l\u00e8s-B\u00e9ziers zur Genehmigung vorgelegt.<\/p>\n\n\n\n<p>Am 05\/11\/2024<\/p>\n\n\n\n<p><strong>BEKANNTMACHUNG DER \u00d6FFENTLICHKEITSBETEILIGUNG \u00dcBER ELEKTRONISCHE KANALE VOR DER GENEHMIGUNG DES DOSSIERES F\u00dcR DIE EINRICHTUNG DER ZAC \"PECH AURIOL - LE CROS\".<\/strong><\/p>\n\n\n\n<p>Gem\u00e4\u00df den Bestimmungen von Artikel L.123-19 des Umweltgesetzbuches wird vom 25. November bis 26. Dezember 2024 einschlie\u00dflich eine elektronische Beteiligung der \u00d6ffentlichkeit am Entwurf der Akte zur Einrichtung der ZAC \"Pech Auriol - Le Cros\" er\u00f6ffnet und organisiert.<\/p>\n\n\n\n<p>Die elektronische Beteiligung der \u00d6ffentlichkeit wird \u00fcber einen Zeitraum von 31 aufeinanderfolgenden Tagen stattfinden: von Montag, dem 25. November um 8.00 Uhr bis Donnerstag, dem 26. Dezember 2024 einschlie\u00dflich.<\/p>\n\n\n\n<p>A<a href=\"https:\/\/www.villeneuve-les-beziers.fr\/wp-content\/uploads\/2024\/11\/Avis-PPVE-ZAC-Pech-Auriol-Le-Cros.pdf\">Schraube: Link<\/a><\/p>\n\n\n\n<p>Dedizierte Plattform :\u00a0<\/p>\n\n\n\n<p><a href=\"https:\/\/www.democratie-active.fr\/zac-pech-auriol-le-cros-ppve\" target=\"_blank\" rel=\"noopener noreferrer nofollow\">https:\/\/www.democratie-active.fr\/zac-pech-auriol-le-cros-ppve<\/a><\/p>\n\n\n\n<p>Elektronisches Register :<\/p>\n\n\n\n<figure class=\"wp-block-embed\"><div class=\"wp-block-embed__wrapper\">\nhttps:\/\/www.democratie-active.fr\/zac-pech-auriol-le-cros-ppve\n<\/div><\/figure>\n\n\n\n<p>E-Mail:&nbsp;<a href=\"mailto:zac-pech-auriol-le-cros@democratie-active.fr\" target=\"_blank\" rel=\"noreferrer noopener\">zac-pech-auriol-le-cros@democratie-active.<\/a><\/p>\n\n\n\n<figure class=\"wp-block-image\"><img loading=\"lazy\" decoding=\"async\" width=\"724\" height=\"1024\" src=\"https:\/\/www.villeneuve-les-beziers.fr\/wp-content\/uploads\/2024\/11\/pech-auriol-scaled-e1730801602829-724x1024.jpg\" alt=\"\" class=\"wp-image-18619\" srcset=\"https:\/\/www.villeneuve-les-beziers.fr\/wp-content\/uploads\/2024\/11\/pech-auriol-scaled-e1730801602829-724x1024.jpg 724w, https:\/\/www.villeneuve-les-beziers.fr\/wp-content\/uploads\/2024\/11\/pech-auriol-scaled-e1730801602829-212x300.jpg 212w, https:\/\/www.villeneuve-les-beziers.fr\/wp-content\/uploads\/2024\/11\/pech-auriol-scaled-e1730801602829-768x1086.jpg 768w, https:\/\/www.villeneuve-les-beziers.fr\/wp-content\/uploads\/2024\/11\/pech-auriol-scaled-e1730801602829-1086x1536.jpg 1086w, https:\/\/www.villeneuve-les-beziers.fr\/wp-content\/uploads\/2024\/11\/pech-auriol-scaled-e1730801602829-1448x2048.jpg 1448w, https:\/\/www.villeneuve-les-beziers.fr\/wp-content\/uploads\/2024\/11\/pech-auriol-scaled-e1730801602829.jpg 1810w\" sizes=\"auto, (max-width: 724px) 100vw, 724px\" \/><\/figure>\n\n\n\n<p>Nach Abschluss der elektronischen Beteiligung der \u00d6ffentlichkeit wird die Beh\u00f6rde, die f\u00fcr die Entscheidung \u00fcber die Genehmigung der Unterlagen zur Einrichtung der ZAC \"Pech Auriol - Le Cros\" zust\u00e4ndig ist, d.h. die Gemeinde Villeneuve-l\u00e8s-B\u00e9ziers, die Zusammenfassung der Anmerkungen und Vorschl\u00e4ge der \u00d6ffentlichkeit sowie die Antworten des Projekttr\u00e4gers auf diese Anmerkungen und Vorschl\u00e4ge ver\u00f6ffentlichen. Diese Dokumente werden f\u00fcr einen Zeitraum von mindestens drei Monaten auf der Website des Rathauses und auf der Internetseite des Beteiligungsverfahrens unter folgender Adresse einsehbar sein:&nbsp;<a href=\"https:\/\/www.democratie-active.fr\/zac-pech-auriol-le-cros-ppve\/\" target=\"_blank\" rel=\"noreferrer noopener\">https:\/\/www.democratie-active.fr\/zac-pech-auriol-le-cros-ppve\/<\/a><\/p>\n\n\n\n<p>Nach Abschluss der \u00f6ffentlichen Beteiligung auf elektronischem Wege wird die Akte zur Einrichtung der ZAC \"Pech Auriol - Le Cros\", die gegebenenfalls ge\u00e4ndert wurde, um den Bemerkungen, Stellungnahmen und Vorschl\u00e4gen Rechnung zu tragen, dem Stadtrat von Villeneuve-l\u00e8s-B\u00e9ziers zur Genehmigung vorgelegt.<\/p>\n\n\n\n<p><\/p>","protected":false},"excerpt":{"rendered":"<p>Avis de participation du public par voie \u00e9lectroniquePermis de construire modificatif n\u00b0PC03433616Z0008 M3SA DECATHLONZAC M\u00e9ridienne34420 Villeneuve-l\u00e8s-B\u00e9ziers Conform\u00e9ment au code de l\u2019environnement, le public est inform\u00e9 que la demande permis de construire PC03433616Z0008 M3, d\u00e9pos\u00e9e par SA DECATHLON, le 26 mars 2021, compl\u00e9t\u00e9e le 19 mai 2021, fait l\u2019objet d\u2019une proc\u00e9dure de participation du public par [&hellip;]<\/p>\n","protected":false},"author":1,"featured_media":3860,"parent":204,"menu_order":0,"comment_status":"closed","ping_status":"closed","template":"","meta":{"footnotes":""},"class_list":["post-5777","page","type-page","status-publish","has-post-thumbnail","hentry"],"_links":{"self":[{"href":"https:\/\/www.villeneuve-les-beziers.fr\/de\/wp-json\/wp\/v2\/pages\/5777","targetHints":{"allow":["GET"]}}],"collection":[{"href":"https:\/\/www.villeneuve-les-beziers.fr\/de\/wp-json\/wp\/v2\/pages"}],"about":[{"href":"https:\/\/www.villeneuve-les-beziers.fr\/de\/wp-json\/wp\/v2\/types\/page"}],"author":[{"embeddable":true,"href":"https:\/\/www.villeneuve-les-beziers.fr\/de\/wp-json\/wp\/v2\/users\/1"}],"replies":[{"embeddable":true,"href":"https:\/\/www.villeneuve-les-beziers.fr\/de\/wp-json\/wp\/v2\/comments?post=5777"}],"version-history":[{"count":5,"href":"https:\/\/www.villeneuve-les-beziers.fr\/de\/wp-json\/wp\/v2\/pages\/5777\/revisions"}],"predecessor-version":[{"id":20006,"href":"https:\/\/www.villeneuve-les-beziers.fr\/de\/wp-json\/wp\/v2\/pages\/5777\/revisions\/20006"}],"up":[{"embeddable":true,"href":"https:\/\/www.villeneuve-les-beziers.fr\/de\/wp-json\/wp\/v2\/pages\/204"}],"wp:featuredmedia":[{"embeddable":true,"href":"https:\/\/www.villeneuve-les-beziers.fr\/de\/wp-json\/wp\/v2\/media\/3860"}],"wp:attachment":[{"href":"https:\/\/www.villeneuve-les-beziers.fr\/de\/wp-json\/wp\/v2\/media?parent=5777"}],"curies":[{"name":"wp","href":"https:\/\/api.w.org\/{rel}","templated":true}]}}