{"id":5891,"date":"2021-08-04T16:30:58","date_gmt":"2021-08-04T14:30:58","guid":{"rendered":"http:\/\/www.villeneuve-les-beziers.fr\/?page_id=5891"},"modified":"2025-01-08T09:14:55","modified_gmt":"2025-01-08T08:14:55","slug":"nahrungsmittelhilfe","status":"publish","type":"page","link":"https:\/\/www.villeneuve-les-beziers.fr\/de\/mon-quotidien\/ccas\/aide-alimentaire\/","title":{"rendered":"Nahrungsmittelhilfe CCAS Villeneuve-l\u00e8s-B\u00e9ziers"},"content":{"rendered":"<p>In Zusammenarbeit mit der Banque Alimentaire de l'H\u00e9rault kann das CCAS von Villeneuve-l\u00e8s-B\u00e9ziers Sie unterst\u00fctzen.<\/p>\n\n\n\n<p><strong>Antragsunterlagen f\u00fcr Lebensmittelhilfe, 1<sup>ie Webseite<\/sup> Antrag oder Verl\u00e4ngerung, sind an der Rezeption des CCAS erh\u00e4ltlich oder k\u00f6nnen hier heruntergeladen und beim CCAS im Rathaus abgegeben werden.<\/strong><\/p>\n\n\n\n<p><strong><a href=\"https:\/\/www.villeneuve-les-beziers.fr\/wp-content\/uploads\/2021\/08\/reglementinterieur.pdf\">\u21d2Gesch\u00e4ftsordnung<\/a><\/strong><br><strong><a href=\"https:\/\/www.villeneuve-les-beziers.fr\/wp-content\/uploads\/2021\/08\/reglementinterieur.pdf\">\u21d2<\/a><a href=\"https:\/\/www.villeneuve-les-beziers.fr\/wp-content\/uploads\/2021\/08\/beneficiaire_charte.pdf\">Charta des Beg\u00fcnstigten<\/a><\/strong><br><strong><a href=\"https:\/\/www.villeneuve-les-beziers.fr\/wp-content\/uploads\/2021\/08\/reglementinterieur.pdf\">\u21d2<\/a><a href=\"https:\/\/www.villeneuve-les-beziers.fr\/wp-content\/uploads\/2021\/08\/dossier-demande.pdf\">Antragsunterlagen<\/a><\/strong><\/p>","protected":false},"excerpt":{"rendered":"<p>In Zusammenarbeit mit der Banque Alimentaire de l'H\u00e9rault kann das CCAS von Villeneuve-l\u00e8s-B\u00e9ziers Sie unterst\u00fctzen. Die Antragsunterlagen f\u00fcr die Nahrungsmittelhilfe, Erstantrag oder Verl\u00e4ngerung, sind an der Rezeption des CCAS erh\u00e4ltlich oder k\u00f6nnen hier heruntergeladen und beim CCAS im Rathaus abgegeben werden. \u21d2Gesch\u00e4ftsordnung\u21d2Charta des Beg\u00fcnstigten\u21d2Antragsunterlagen<\/p>","protected":false},"author":1,"featured_media":18255,"parent":14883,"menu_order":0,"comment_status":"closed","ping_status":"closed","template":"","meta":{"footnotes":""},"class_list":["post-5891","page","type-page","status-publish","has-post-thumbnail","hentry"],"_links":{"self":[{"href":"https:\/\/www.villeneuve-les-beziers.fr\/de\/wp-json\/wp\/v2\/pages\/5891","targetHints":{"allow":["GET"]}}],"collection":[{"href":"https:\/\/www.villeneuve-les-beziers.fr\/de\/wp-json\/wp\/v2\/pages"}],"about":[{"href":"https:\/\/www.villeneuve-les-beziers.fr\/de\/wp-json\/wp\/v2\/types\/page"}],"author":[{"embeddable":true,"href":"https:\/\/www.villeneuve-les-beziers.fr\/de\/wp-json\/wp\/v2\/users\/1"}],"replies":[{"embeddable":true,"href":"https:\/\/www.villeneuve-les-beziers.fr\/de\/wp-json\/wp\/v2\/comments?post=5891"}],"version-history":[{"count":2,"href":"https:\/\/www.villeneuve-les-beziers.fr\/de\/wp-json\/wp\/v2\/pages\/5891\/revisions"}],"predecessor-version":[{"id":19663,"href":"https:\/\/www.villeneuve-les-beziers.fr\/de\/wp-json\/wp\/v2\/pages\/5891\/revisions\/19663"}],"up":[{"embeddable":true,"href":"https:\/\/www.villeneuve-les-beziers.fr\/de\/wp-json\/wp\/v2\/pages\/14883"}],"wp:featuredmedia":[{"embeddable":true,"href":"https:\/\/www.villeneuve-les-beziers.fr\/de\/wp-json\/wp\/v2\/media\/18255"}],"wp:attachment":[{"href":"https:\/\/www.villeneuve-les-beziers.fr\/de\/wp-json\/wp\/v2\/media?parent=5891"}],"curies":[{"name":"wp","href":"https:\/\/api.w.org\/{rel}","templated":true}]}}