{"id":6501,"date":"2022-01-31T10:45:20","date_gmt":"2022-01-31T09:45:20","guid":{"rendered":"http:\/\/www.villeneuve-les-beziers.fr\/?page_id=6501"},"modified":"2025-09-02T10:10:01","modified_gmt":"2025-09-02T08:10:01","slug":"formular-fur-leuchttafeln","status":"publish","type":"page","link":"https:\/\/www.villeneuve-les-beziers.fr\/de\/demarches\/formulaire-pour-les-panneaux-lumineux\/","title":{"rendered":"Formular f\u00fcr Leuchttafeln"},"content":{"rendered":"<p>Die Gemeinde verf\u00fcgt \u00fcber 3 LED-Leuchttafeln, die es erm\u00f6glichen, Nachrichten von allgemeinem Interesse \u00fcber das Leben der Gemeinde zu verbreiten oder f\u00fcr Veranstaltungen zu werben, die von der Stadt oder den Vereinen der Gemeinde organisiert werden.<\/p>\n\n\n\n<p>Diese Schilder, die sich in <strong>rue du 4 septembre, avenue Pierre B\u00e9r\u00e9govoy (P\u00f4le M\u00e9diterran\u00e9e) und avenue Andr\u00e9 Palmade (rond-point du Taureau)<\/strong>Die Leuchttafeln sind Eigentum der Stadt, die die Nachrichten aufnimmt und die Anzeige verwaltet. Die Ver\u00f6ffentlichung von Informationen auf den Leuchttafeln ist kostenlos.<\/p>\n\n\n\n<p>Die st\u00e4dtischen Dienste und die Vereine von Villeneuve sind von diesen Schildern betroffen und k\u00f6nnen Vorschl\u00e4ge f\u00fcr Botschaften \u00fcber ein Papierformular einreichen, das am Empfang des Rathauses oder auf der Internetseite der Gemeinde erh\u00e4ltlich ist.<\/p>\n\n\n\n<p>Antr\u00e4ge auf Ausstrahlung m\u00fcssen mindestens zwei Wochen vor dem gew\u00fcnschten Ausstrahlungsdatum beim B\u00fcrgermeisteramt eingehen. Die Nachricht wird mindestens 8 Tage vor der Veranstaltung ver\u00f6ffentlicht. Sie wird danach automatisch gel\u00f6scht.<\/p>\n\n\n\n<p><strong>Nicht in den Rahmen der \u00dcbertragung fallen :<\/strong><\/p>\n\n\n\n<ul class=\"wp-block-list\">\n<li>Private Nachrichten,<\/li>\n\n\n\n<li>Nachrichten mit rein kommerziellem Charakter,<\/li>\n\n\n\n<li>Nachrichten, die nicht von ausgesprochenem kommunalem Interesse sind,<\/li>\n\n\n\n<li>Informationen mit politischem, religi\u00f6sem oder anderem Charakter<\/li>\n<\/ul>\n\n\n\n<div data-wp-interactive=\"core\/file\" class=\"wp-block-file\"><object data-wp-bind--hidden=\"!state.hasPdfPreview\" hidden class=\"wp-block-file__embed\" data=\"https:\/\/www.villeneuve-les-beziers.fr\/wp-content\/uploads\/2025\/01\/panneaux-lumineux-2023.pdf\" type=\"application\/pdf\" style=\"width:100%;height:600px\" aria-label=\"Einbettung von Leuchttafeln 2023.\"><\/object><a id=\"wp-block-file--media-b974ea94-730d-47c8-8712-f875f42f5cef\" href=\"https:\/\/www.villeneuve-les-beziers.fr\/wp-content\/uploads\/2025\/01\/panneaux-lumineux-2023.pdf\">Leuchttafeln 2023<\/a><a href=\"https:\/\/www.villeneuve-les-beziers.fr\/wp-content\/uploads\/2025\/01\/panneaux-lumineux-2023.pdf\" class=\"wp-block-file__button wp-element-button\" download aria-describedby=\"wp-block-file--media-b974ea94-730d-47c8-8712-f875f42f5cef\">Herunterladen von<\/a><\/div>","protected":false},"excerpt":{"rendered":"<p>La Commune est dot\u00e9e de 3 &nbsp;panneaux lumineux LED, permettant de diffuser des messages d\u2019informations d\u2019int\u00e9r\u00eat g\u00e9n\u00e9ral li\u00e9es \u00e0 la vie de la commune ou de la promotion de manifestations organis\u00e9es par la ville ou par les associations de la commune. Ces panneaux, situ\u00e9s rue du 4 septembre, avenue Pierre B\u00e9r\u00e9govoy (P\u00f4le M\u00e9diterran\u00e9e) et avenue [&hellip;]<\/p>\n","protected":false},"author":1,"featured_media":16901,"parent":853,"menu_order":0,"comment_status":"closed","ping_status":"closed","template":"","meta":{"footnotes":""},"class_list":["post-6501","page","type-page","status-publish","has-post-thumbnail","hentry"],"_links":{"self":[{"href":"https:\/\/www.villeneuve-les-beziers.fr\/de\/wp-json\/wp\/v2\/pages\/6501","targetHints":{"allow":["GET"]}}],"collection":[{"href":"https:\/\/www.villeneuve-les-beziers.fr\/de\/wp-json\/wp\/v2\/pages"}],"about":[{"href":"https:\/\/www.villeneuve-les-beziers.fr\/de\/wp-json\/wp\/v2\/types\/page"}],"author":[{"embeddable":true,"href":"https:\/\/www.villeneuve-les-beziers.fr\/de\/wp-json\/wp\/v2\/users\/1"}],"replies":[{"embeddable":true,"href":"https:\/\/www.villeneuve-les-beziers.fr\/de\/wp-json\/wp\/v2\/comments?post=6501"}],"version-history":[{"count":3,"href":"https:\/\/www.villeneuve-les-beziers.fr\/de\/wp-json\/wp\/v2\/pages\/6501\/revisions"}],"predecessor-version":[{"id":20337,"href":"https:\/\/www.villeneuve-les-beziers.fr\/de\/wp-json\/wp\/v2\/pages\/6501\/revisions\/20337"}],"up":[{"embeddable":true,"href":"https:\/\/www.villeneuve-les-beziers.fr\/de\/wp-json\/wp\/v2\/pages\/853"}],"wp:featuredmedia":[{"embeddable":true,"href":"https:\/\/www.villeneuve-les-beziers.fr\/de\/wp-json\/wp\/v2\/media\/16901"}],"wp:attachment":[{"href":"https:\/\/www.villeneuve-les-beziers.fr\/de\/wp-json\/wp\/v2\/media?parent=6501"}],"curies":[{"name":"wp","href":"https:\/\/api.w.org\/{rel}","templated":true}]}}