{"id":6737,"date":"2022-03-17T14:48:29","date_gmt":"2022-03-17T13:48:29","guid":{"rendered":"http:\/\/www.villeneuve-les-beziers.fr\/?p=6737"},"modified":"2024-11-22T23:20:05","modified_gmt":"2024-11-22T22:20:05","slug":"plan-zur-vermeidung-von-uberschwemmungsrisiken","status":"publish","type":"page","link":"https:\/\/www.villeneuve-les-beziers.fr\/de\/vie-pratique\/urbanisme\/plan-de-prevention-des-risques-dinondations\/","title":{"rendered":"Plan zur Vermeidung von \u00dcberschwemmungsrisiken"},"content":{"rendered":"<h2 class=\"wp-block-heading\">Sehen Sie sich die Pl\u00e4ne zur Vermeidung von \u00dcberschwemmungsrisiken (PPRI) und technologischen Risiken (PPRT) an.<\/h2>\n\n\n\n<figure class=\"wp-block-table\"><table class=\"has-fixed-layout\"><thead><tr><th class=\"has-text-align-center\" data-align=\"center\">PPR \u00dcberschwemmung<\/th><th class=\"has-text-align-center\" data-align=\"center\"><a name=\"eztoc148969_0_2\" id=\"eztoc148969_0_2\"><\/a>Technologisches PPR \"MINGUEZ\".<\/th><th class=\"has-text-align-center\" data-align=\"center\">Technologische PPR <a name=\"eztoc148969_0_5\" id=\"eztoc148969_0_5\"><\/a>\"GAZECHIM<\/th><\/tr><\/thead><tbody><tr><td class=\"has-text-align-center\" data-align=\"center\">Datum der Genehmigung: 08\/11\/2007<\/td><td class=\"has-text-align-center\" data-align=\"center\">&nbsp;Datum der Genehmigung: 06\/03\/2013<\/td><td class=\"has-text-align-center\" data-align=\"center\">Datum der Genehmigung: 03\/08\/2015<\/td><\/tr><tr><td class=\"has-text-align-center\" data-align=\"center\"><a title=\"Besuchen Sie die Website http:\/\/piece-jointe-carto.developpement-durable.gouv.fr\/DEPT034A\/ZonagePPRI\/VILLENEUVE-LES-BEZIERS\/ArreteAppro_VILLENEUVE-LES-BEZIERS.pdf - neues Fenster\" href=\"http:\/\/piece-jointe-carto.developpement-durable.gouv.fr\/DEPT034A\/ZonagePPRI\/VILLENEUVE-LES-BEZIERS\/ArreteAppro_VILLENEUVE-LES-BEZIERS.pdf\" target=\"_blank\" rel=\"noopener\">Genehmigungsbeschluss<\/a><br><a title=\"Besuchen Sie die Website http:\/\/piece-jointe-carto.developpement-durable.gouv.fr\/DEPT034A\/ZonagePPRI\/VILLENEUVE-LES-BEZIERS\/RapportPres_VILLENEUVE-LES-BEZIERS.pdf - neues Fenster\" href=\"http:\/\/piece-jointe-carto.developpement-durable.gouv.fr\/DEPT034A\/ZonagePPRI\/VILLENEUVE-LES-BEZIERS\/RapportPres_VILLENEUVE-LES-BEZIERS.pdf\" target=\"_blank\" rel=\"noopener\">Pr\u00e4sentationsbericht<\/a><br><a title=\"Besuchen Sie die Website http:\/\/piece-jointe-carto.developpement-durable.gouv.fr\/DEPT034A\/ZonagePPRI\/VILLENEUVE-LES-BEZIERS\/Zonage_VILLENEUVE-LES-BEZIERS.zip - neues Fenster\" href=\"http:\/\/piece-jointe-carto.developpement-durable.gouv.fr\/DEPT034A\/ZonagePPRI\/VILLENEUVE-LES-BEZIERS\/Zonage_VILLENEUVE-LES-BEZIERS.zip\" target=\"_blank\" rel=\"noopener\">Zoning-Karte<\/a><br><a title=\"Besuchen Sie die Website http:\/\/piece-jointe-carto.developpement-durable.gouv.fr\/DEPT034A\/ZonagePPRI\/VILLENEUVE-LES-BEZIERS\/Reglement_VILLENEUVE-LES-BEZIERS.pdf - neues Fenster\" href=\"http:\/\/piece-jointe-carto.developpement-durable.gouv.fr\/DEPT034A\/ZonagePPRI\/VILLENEUVE-LES-BEZIERS\/Reglement_VILLENEUVE-LES-BEZIERS.pdf\" target=\"_blank\" rel=\"noopener\">Verordnung<\/a><\/td><td class=\"has-text-align-center\" data-align=\"center\"><a title=\"Besuchen Sie die Website http:\/\/piece-jointe-carto.developpement-durable.gouv.fr\/DEPT034A\/ZonagePPRT\/MINGUEZ\/ArreteAppro_MINGUEZ.pdf - neues Fenster\" href=\"http:\/\/piece-jointe-carto.developpement-durable.gouv.fr\/DEPT034A\/ZonagePPRT\/MINGUEZ\/ArreteAppro_MINGUEZ.pdf\" target=\"_blank\" rel=\"noopener\">Genehmigungsbeschluss<\/a><br><a title=\"Besuchen Sie die Website http:\/\/piece-jointe-carto.developpement-durable.gouv.fr\/DEPT034A\/ZonagePPRT\/MINGUEZ\/RapportPres_MINGUEZ.pdf - neues Fenster\" href=\"http:\/\/piece-jointe-carto.developpement-durable.gouv.fr\/DEPT034A\/ZonagePPRT\/MINGUEZ\/RapportPres_MINGUEZ.pdf\" target=\"_blank\" rel=\"noopener\">Pr\u00e4sentationsbericht<\/a><br><a title=\"Besuchen Sie die Website http:\/\/piece-jointe-carto.developpement-durable.gouv.fr\/DEPT034A\/ZonagePPRT\/MINGUEZ\/Zonage_MINGUEZ.pdf - neues Fenster\" href=\"http:\/\/piece-jointe-carto.developpement-durable.gouv.fr\/DEPT034A\/ZonagePPRT\/MINGUEZ\/Zonage_MINGUEZ.pdf\" target=\"_blank\" rel=\"noopener\">Zoning-Karte<\/a><br><a title=\"Besuchen Sie die Website http:\/\/piece-jointe-carto.developpement-durable.gouv.fr\/DEPT034A\/ZonagePPRT\/MINGUEZ\/Reglement_MINGUEZ.pdf - neues Fenster\" href=\"http:\/\/piece-jointe-carto.developpement-durable.gouv.fr\/DEPT034A\/ZonagePPRT\/MINGUEZ\/Reglement_MINGUEZ.pdf\" target=\"_blank\" rel=\"noopener\">Verordnung<\/a><\/td><td class=\"has-text-align-center\" data-align=\"center\"><a title=\"Besuchen Sie die Website http:\/\/piece-jointe-carto.developpement-durable.gouv.fr\/DEPT034A\/ZonagePPRT\/GAZECHIM\/ArreteAppro_GAZECHIM.pdf - neues Fenster\" href=\"http:\/\/piece-jointe-carto.developpement-durable.gouv.fr\/DEPT034A\/ZonagePPRT\/GAZECHIM\/ArreteAppro_GAZECHIM.pdf\" target=\"_blank\" rel=\"noopener\">Genehmigungsbeschluss<\/a><br><a title=\"Besuchen Sie die Website http:\/\/piece-jointe-carto.developpement-durable.gouv.fr\/DEPT034A\/ZonagePPRT\/GAZECHIM\/RapportPres_GAZECHIM.pdf - neues Fenster\" href=\"http:\/\/piece-jointe-carto.developpement-durable.gouv.fr\/DEPT034A\/ZonagePPRT\/GAZECHIM\/RapportPres_GAZECHIM.pdf\" target=\"_blank\" rel=\"noopener\">Pr\u00e4sentationsbericht<\/a><br><a title=\"Besuchen Sie die Website http:\/\/piece-jointe-carto.developpement-durable.gouv.fr\/DEPT034A\/ZonagePPRT\/GAZECHIM\/Zonage_GAZECHIM.pdf - neues Fenster\" href=\"http:\/\/piece-jointe-carto.developpement-durable.gouv.fr\/DEPT034A\/ZonagePPRT\/GAZECHIM\/Zonage_GAZECHIM.pdf\" target=\"_blank\" rel=\"noopener\">Zoning-Karte<\/a><br><a title=\"Besuchen Sie die Website http:\/\/piece-jointe-carto.developpement-durable.gouv.fr\/DEPT034A\/ZonagePPRT\/GAZECHIM\/Reglement_GAZECHIM.pdf - neues Fenster\" href=\"http:\/\/piece-jointe-carto.developpement-durable.gouv.fr\/DEPT034A\/ZonagePPRT\/GAZECHIM\/Reglement_GAZECHIM.pdf\" target=\"_blank\" rel=\"noopener\">Verordnung<\/a><\/td><\/tr><tr><td class=\"has-text-align-center\" data-align=\"center\"><strong>Anh\u00e4nge<\/strong><br><a title=\"Besuchen Sie die Website http:\/\/piece-jointe-carto.developpement-durable.gouv.fr\/DEPT034A\/ZonagePPRI\/VILLENEUVE-LES-BEZIERS\/Alea_VILLENEUVE-LES-BEZIERS.zip - neues Fenster\" href=\"http:\/\/piece-jointe-carto.developpement-durable.gouv.fr\/DEPT034A\/ZonagePPRI\/VILLENEUVE-LES-BEZIERS\/Alea_VILLENEUVE-LES-BEZIERS.zip\" target=\"_blank\" rel=\"noopener\">Karte der Gef\u00e4hrdung<\/a><br><a title=\"Besuchen Sie die Website http:\/\/piece-jointe-carto.developpement-durable.gouv.fr\/DEPT034A\/ZonagePPRI\/VILLENEUVE-LES-BEZIERS\/Annexe_VILLENEUVE-LES-BEZIERS.pdf - neues Fenster\" href=\"http:\/\/piece-jointe-carto.developpement-durable.gouv.fr\/DEPT034A\/ZonagePPRI\/VILLENEUVE-LES-BEZIERS\/Annexe_VILLENEUVE-LES-BEZIERS.pdf\" target=\"_blank\" rel=\"noopener\">Sonstige Anh\u00e4nge<\/a><\/td><td class=\"has-text-align-center\" data-align=\"center\"><strong>Anh\u00e4nge<\/strong><br><a title=\"Besuchen Sie die Website http:\/\/piece-jointe-carto.developpement-durable.gouv.fr\/DEPT034A\/ZonagePPRT\/MINGUEZ\/Alea_MINGUEZ.pdf - neues Fenster\" href=\"http:\/\/piece-jointe-carto.developpement-durable.gouv.fr\/DEPT034A\/ZonagePPRT\/MINGUEZ\/Alea_MINGUEZ.pdf\" target=\"_blank\" rel=\"noopener\">Karte der Gef\u00e4hrdung<\/a><br><a title=\"Besuchen Sie die Website http:\/\/piece-jointe-carto.developpement-durable.gouv.fr\/DEPT034A\/ZonagePPRT\/MINGUEZ\/Annexe_MINGUEZ.zip - neues Fenster\" href=\"http:\/\/piece-jointe-carto.developpement-durable.gouv.fr\/DEPT034A\/ZonagePPRT\/MINGUEZ\/Annexe_MINGUEZ.zip\" target=\"_blank\" rel=\"noopener\">Sonstige Anh\u00e4nge<\/a><\/td><td class=\"has-text-align-center\" data-align=\"center\"><strong>Anh\u00e4nge<\/strong><br><a title=\"Besuchen Sie die Website http:\/\/piece-jointe-carto.developpement-durable.gouv.fr\/DEPT034A\/ZonagePPRT\/GAZECHIM\/Annexe_GAZECHIM.pdf - neues Fenster\" href=\"http:\/\/piece-jointe-carto.developpement-durable.gouv.fr\/DEPT034A\/ZonagePPRT\/GAZECHIM\/Annexe_GAZECHIM.pdf\" target=\"_blank\" rel=\"noopener\">Sonstige Anh\u00e4nge<\/a><\/td><\/tr><\/tbody><\/table><\/figure>\n\n\n\n<h2 class=\"wp-block-heading\">Porter \u00e0 Connaissance (PAC) nach den \u00dcberschwemmungen im Oktober 2019.<\/h2>\n\n\n\n<p class=\"is-style-text-subtitle has-large-font-size is-style-text-subtitle--1\">RISIKOSTUDIEN, DIE DEN GEMEINDEN ZUR KENNTNIS GEBRACHT WURDEN<\/p>\n\n\n\n<p>Wenn in einer Gemeinde ein Plan zur Vorbeugung von Naturgefahren genehmigt wurde, werden die Baum\u00f6glichkeiten durch diesen Plan genau begrenzt. Er ist jedoch nicht die einzige Informationsquelle, die ber\u00fccksichtigt werden muss, und alle verf\u00fcgbaren zus\u00e4tzlichen Kenntnisse \u00fcber Risiken m\u00fcssen genutzt werden, um das Risiko zu bewerten, insbesondere bei der Erstellung von Stadtplanungsdokumenten und der Pr\u00fcfung von Stadtplanungsgenehmigungen.<br>Der Pr\u00e4fekt muss den Gemeinden alle technischen Studien, die ihm zur Verf\u00fcgung stehen und die f\u00fcr die Aus\u00fcbung ihrer Zust\u00e4ndigkeit im Bereich der Stadtplanung notwendig sind, \u00fcbermitteln (Artikel L.132-2 des St\u00e4dtebaugesetzes). Zu diesem Zweck wurden die unten aufgef\u00fchrten Studien zur Kenntnis gebracht. Quelle: <strong><a href=\"https:\/\/www.herault.gouv.fr\/Politiques-publiques\/Environnement-risques-naturels-et-technologiques\/Risques-naturels-et-technologiques\/Transmission-des-informations-aux-maires-TIM\/Les-Porter-a-connaissance-PAC-de-l-Herault\" target=\"_blank\" rel=\"noopener noreferrer nofollow\">Pr\u00e4fektur des Departements H\u00e9rault<\/a><\/strong><\/p>\n\n\n\n<figure class=\"wp-block-table\"><table class=\"has-fixed-layout\"><thead><tr><th class=\"has-text-align-center\" data-align=\"center\">ALEA-TYP<\/th><th class=\"has-text-align-center\" data-align=\"center\">TECHNISCHE STUDIEN<\/th><th class=\"has-text-align-center\" data-align=\"center\">PAC-DATUM<\/th><th class=\"has-text-align-center\" data-align=\"center\">KARTOGRAPHIE<\/th><\/tr><\/thead><tbody><tr><td class=\"has-text-align-center\" data-align=\"center\"><strong>Multi-Risiken<\/strong><\/td><td class=\"has-text-align-center\" data-align=\"center\">Definitionsblatt(e) f\u00fcr nat\u00fcrliche oder technologische Risiken f\u00fcr Campingpl\u00e4tze und Freizeitparks des Departements H\u00e9rault<br>Diese Bl\u00e4tter fassen f\u00fcr jede Einrichtung auf der Grundlage aller Informationen, die von oder auf Anfrage des Staates erstellt wurden, die Abgrenzung der Gebiete zusammen, die einem vorhersehbaren nat\u00fcrlichen oder technologischen Risiko ausgesetzt sind, sowie das Ausma\u00df der Gef\u00e4hrdung. Eine Kartographie, die es erm\u00f6glicht, den Campingplatz in Bezug auf die ber\u00fccksichtigten Risiken zu lokalisieren, ist ebenfalls beigef\u00fcgt.<br><p style=\"text-align: justify;\">Juni 2017<\/p><\/td><td class=\"has-text-align-center\" data-align=\"center\">09\/06\/2017<\/td><td class=\"has-text-align-center\" data-align=\"center\"><a href=\"http:\/\/piece-jointe-carto.developpement-durable.gouv.fr\/DEPT034A\/Camping_Risques\/VILLENEUVE-LES-BEZIERS.zip\" target=\"_blank\" rel=\"noreferrer noopener\">ZIP-Archiv mit allen Datenbl\u00e4ttern der Campingpl\u00e4tze in der Gemeinde<\/a><\/td><\/tr><tr><td class=\"has-text-align-center\" data-align=\"center\"><strong>\u00dcberschwemmung<\/strong><\/td><td class=\"has-text-align-center\" data-align=\"center\">Gefahrenkarte f\u00fcr das Hochwasser am 23. Oktober 2019 und zugeh\u00f6rige Planungshinweise<\/td><td class=\"has-text-align-center\" data-align=\"center\">28\/09\/2020<\/td><td class=\"has-text-align-center\" data-align=\"center\"><br><a href=\"https:\/\/www.herault.gouv.fr\/content\/download\/35540\/237517\/file\/20200928_Courrier_Maire_Villeneuve_LBz_PAC.pdf\" target=\"_blank\" rel=\"noreferrer noopener\">20200928_Brief_B\u00fcrgermeister_VilleneuveLBzPAC<\/a><br><a href=\"https:\/\/www.herault.gouv.fr\/content\/download\/35541\/237521\/file\/PAC_Alea_Villeneuve_les_Beziers_2020_09_28.pdf\" target=\"_blank\" rel=\"noreferrer noopener\">Karte der Gef\u00e4hrdung<\/a><br><a href=\"https:\/\/www.herault.gouv.fr\/content\/download\/35542\/237525\/file\/PAC_PHE_Villeneuve_les_Beziers_2020_09_28.pdf\" target=\"_blank\" rel=\"noreferrer noopener\">PHE-Karte<\/a><\/td><\/tr><\/tbody><\/table><\/figure>","protected":false},"excerpt":{"rendered":"<p>Consultez les Plans de Pr\u00e9vention des Risques d&rsquo;Inondation (PPRI) et Technologique (PPRT) PPR Inondation PPR Technologique \u00ab\u00a0MINGUEZ\u00a0\u00bb PPR Technologique \u00ab\u00a0GAZECHIM\u00a0\u00bb Date d&rsquo;approbation : 08\/11\/2007 &nbsp;Date d&rsquo;approbation : 06\/03\/2013 Date d&rsquo;approbation : 03\/08\/2015 Arr\u00eat\u00e9 d&rsquo;approbationRapport de pr\u00e9sentationCarte de zonageR\u00e8glement Arr\u00eat\u00e9 d&rsquo;approbationRapport de pr\u00e9sentationCarte de zonageR\u00e8glement Arr\u00eat\u00e9 d&rsquo;approbationRapport de pr\u00e9sentationCarte de zonageR\u00e8glement AnnexesCarte d&rsquo;al\u00e9aAutres annexes AnnexesCarte d&rsquo;al\u00e9aAutres [&hellip;]<\/p>\n","protected":false},"author":1,"featured_media":3957,"parent":204,"menu_order":0,"comment_status":"closed","ping_status":"closed","template":"","meta":{"footnotes":""},"class_list":["post-6737","page","type-page","status-publish","has-post-thumbnail","hentry"],"_links":{"self":[{"href":"https:\/\/www.villeneuve-les-beziers.fr\/de\/wp-json\/wp\/v2\/pages\/6737","targetHints":{"allow":["GET"]}}],"collection":[{"href":"https:\/\/www.villeneuve-les-beziers.fr\/de\/wp-json\/wp\/v2\/pages"}],"about":[{"href":"https:\/\/www.villeneuve-les-beziers.fr\/de\/wp-json\/wp\/v2\/types\/page"}],"author":[{"embeddable":true,"href":"https:\/\/www.villeneuve-les-beziers.fr\/de\/wp-json\/wp\/v2\/users\/1"}],"replies":[{"embeddable":true,"href":"https:\/\/www.villeneuve-les-beziers.fr\/de\/wp-json\/wp\/v2\/comments?post=6737"}],"version-history":[{"count":0,"href":"https:\/\/www.villeneuve-les-beziers.fr\/de\/wp-json\/wp\/v2\/pages\/6737\/revisions"}],"up":[{"embeddable":true,"href":"https:\/\/www.villeneuve-les-beziers.fr\/de\/wp-json\/wp\/v2\/pages\/204"}],"wp:featuredmedia":[{"embeddable":true,"href":"https:\/\/www.villeneuve-les-beziers.fr\/de\/wp-json\/wp\/v2\/media\/3957"}],"wp:attachment":[{"href":"https:\/\/www.villeneuve-les-beziers.fr\/de\/wp-json\/wp\/v2\/media?parent=6737"}],"curies":[{"name":"wp","href":"https:\/\/api.w.org\/{rel}","templated":true}]}}