{"id":762,"date":"2019-04-12T14:43:11","date_gmt":"2019-04-12T12:43:11","guid":{"rendered":"http:\/\/localhost\/?page_id=762"},"modified":"2025-05-27T15:12:19","modified_gmt":"2025-05-27T13:12:19","slug":"gemeindehaushalt","status":"publish","type":"page","link":"https:\/\/www.villeneuve-les-beziers.fr\/de\/ma-mairie\/budget-communal\/","title":{"rendered":"Haushalte"},"content":{"rendered":"<p>Der Haushalt umfasst alle Ausgaben und Einnahmen, die den laufenden Betrieb einer K\u00f6rperschaft erm\u00f6glichen (Verwaltungsabteilung), aber auch die get\u00e4tigten Investitionen und deren Finanzierung (Investitionsabteilung).&nbsp;<\/p>\n\n\n\n<p><a href=\"https:\/\/www.villeneuve-les-beziers.fr\/wp-content\/uploads\/2025\/05\/BP-2025-VILLE.pdf\">Stadt 2025<\/a><\/p>\n\n\n\n<p><a href=\"https:\/\/www.villeneuve-les-beziers.fr\/wp-content\/uploads\/2025\/05\/BP-2025-CCAS.pdf\">CCAS 2025<\/a><\/p>\n\n\n\n<p><a href=\"https:\/\/www.villeneuve-les-beziers.fr\/wp-content\/uploads\/2025\/05\/BP-2025-SAD.pdf\">Haushaltsplan M22 SAD 2025<\/a><\/p>\n\n\n\n<p><a href=\"https:\/\/www.villeneuve-les-beziers.fr\/wp-content\/uploads\/2025\/05\/BP-2025-ALSH.pdf\">CCAS Nebenhaushalt M57 ALSH 2025<\/a><\/p>\n\n\n\n<h2 class=\"wp-block-heading\">Siehe auch<\/h2>\n\n\n\n<div class=\"wp-block-query is-layout-flow wp-block-query-is-layout-flow\"><ul class=\"wp-block-post-template is-layout-grid wp-container-core-post-template-is-layout-c37e0d04 wp-block-post-template-is-layout-grid\"><li class=\"wp-block-post post-19054 page type-page status-publish has-post-thumbnail hentry\">\n\n<div class=\"wp-block-group is-layout-flow wp-block-group-is-layout-flow\" style=\"padding-top:30px;padding-right:30px;padding-bottom:30px;padding-left:30px\"><h2 class=\"has-text-align-center wp-block-post-title has-large-font-size\"><a href=\"https:\/\/www.villeneuve-les-beziers.fr\/de\/ma-mairie\/budget-communal\/marches-publics\/\" target=\"_self\" >\u00d6ffentliche Auftr\u00e4ge<\/a><\/h2>\n\n<figure style=\"aspect-ratio:16\/9;\" class=\"wp-block-post-featured-image\"><a href=\"https:\/\/www.villeneuve-les-beziers.fr\/de\/ma-mairie\/budget-communal\/marches-publics\/\" target=\"_self\"  ><img loading=\"lazy\" decoding=\"async\" width=\"1440\" height=\"960\" src=\"https:\/\/www.villeneuve-les-beziers.fr\/wp-content\/uploads\/2019\/04\/mairie.jpg\" class=\"attachment-post-thumbnail size-post-thumbnail wp-post-image\" alt=\"\u00d6ffentliche Auftr\u00e4ge\" style=\"width:100%;height:100%;object-fit:contain;\" srcset=\"https:\/\/www.villeneuve-les-beziers.fr\/wp-content\/uploads\/2019\/04\/mairie.jpg 1440w, https:\/\/www.villeneuve-les-beziers.fr\/wp-content\/uploads\/2019\/04\/mairie-150x100.jpg 150w, https:\/\/www.villeneuve-les-beziers.fr\/wp-content\/uploads\/2019\/04\/mairie-300x200.jpg 300w, https:\/\/www.villeneuve-les-beziers.fr\/wp-content\/uploads\/2019\/04\/mairie-768x512.jpg 768w, https:\/\/www.villeneuve-les-beziers.fr\/wp-content\/uploads\/2019\/04\/mairie-1024x683.jpg 1024w\" sizes=\"auto, (max-width: 1440px) 100vw, 1440px\" \/><\/a><\/figure><\/div>\n\n<\/li><\/ul><\/div>","protected":false},"excerpt":{"rendered":"<p>Der Haushalt entspricht der Gesamtheit der Ausgaben und Einnahmen, die den laufenden Betrieb einer K\u00f6rperschaft erm\u00f6glichen (Verwaltungsabteilung), aber auch die get\u00e4tigten Investitionen und deren Finanzierung (Investitionsabteilung).  Stadt 2025 CCAS 2025 CCAS Nebenhaushalt M22 SAD 2025 CCAS Nebenhaushalt M57 ALSH 2025 Siehe auch<\/p>","protected":false},"author":1,"featured_media":783,"parent":14,"menu_order":0,"comment_status":"closed","ping_status":"closed","template":"","meta":{"footnotes":""},"class_list":["post-762","page","type-page","status-publish","has-post-thumbnail","hentry"],"_links":{"self":[{"href":"https:\/\/www.villeneuve-les-beziers.fr\/de\/wp-json\/wp\/v2\/pages\/762","targetHints":{"allow":["GET"]}}],"collection":[{"href":"https:\/\/www.villeneuve-les-beziers.fr\/de\/wp-json\/wp\/v2\/pages"}],"about":[{"href":"https:\/\/www.villeneuve-les-beziers.fr\/de\/wp-json\/wp\/v2\/types\/page"}],"author":[{"embeddable":true,"href":"https:\/\/www.villeneuve-les-beziers.fr\/de\/wp-json\/wp\/v2\/users\/1"}],"replies":[{"embeddable":true,"href":"https:\/\/www.villeneuve-les-beziers.fr\/de\/wp-json\/wp\/v2\/comments?post=762"}],"version-history":[{"count":2,"href":"https:\/\/www.villeneuve-les-beziers.fr\/de\/wp-json\/wp\/v2\/pages\/762\/revisions"}],"predecessor-version":[{"id":20036,"href":"https:\/\/www.villeneuve-les-beziers.fr\/de\/wp-json\/wp\/v2\/pages\/762\/revisions\/20036"}],"up":[{"embeddable":true,"href":"https:\/\/www.villeneuve-les-beziers.fr\/de\/wp-json\/wp\/v2\/pages\/14"}],"wp:featuredmedia":[{"embeddable":true,"href":"https:\/\/www.villeneuve-les-beziers.fr\/de\/wp-json\/wp\/v2\/media\/783"}],"wp:attachment":[{"href":"https:\/\/www.villeneuve-les-beziers.fr\/de\/wp-json\/wp\/v2\/media?parent=762"}],"curies":[{"name":"wp","href":"https:\/\/api.w.org\/{rel}","templated":true}]}}