{"id":949,"date":"2019-04-15T15:44:53","date_gmt":"2019-04-15T13:44:53","guid":{"rendered":"http:\/\/localhost\/?page_id=949"},"modified":"2025-09-02T10:06:47","modified_gmt":"2025-09-02T08:06:47","slug":"die-ehe","status":"publish","type":"page","link":"https:\/\/www.villeneuve-les-beziers.fr\/de\/demarches\/le-mariage\/","title":{"rendered":"Die Ehe"},"content":{"rendered":"<h2 class=\"wp-block-heading\">Wo kann die Ehe geschlossen werden?<\/h2>\n\n\n\n<p>Der Ort kann eine der folgenden Gemeinden sein:<\/p>\n\n\n\n<ul class=\"wp-block-list\">\n<li>der Wohnsitz oder Aufenthaltsort eines der zuk\u00fcnftigen Ehegatten,<\/li>\n\n\n\n<li>Der Wohnsitz oder Aufenthaltsort eines Verwandten der zuk\u00fcnftigen Eheleute.<\/li>\n<\/ul>\n\n\n\n<h2 class=\"wp-block-heading\">Wann k\u00f6nnen Ehen geschlossen werden?<\/h2>\n\n\n\n<p>Die Eheschlie\u00dfung kann nicht vor dem 10. Januar 2010 erfolgen.<sup>\u00e8me<\/sup> Tag nach der Ver\u00f6ffentlichung der Verlobung.<\/p>\n\n\n\n<p>Der Tag der Feier wird in Absprache mit dem Rathaus festgelegt.<\/p>\n\n\n\n<p>Zu liefernde Dokumente :<\/p>\n\n\n\n<ul class=\"wp-block-list\">\n<li>Vollst\u00e4ndige Kopie der Geburtsurkunde\n<ul class=\"wp-block-list\">\n<li>die zum Zeitpunkt der Eheschlie\u00dfung nicht \u00e4lter als 3 Monate ist, wenn sie in Frankreich ausgestellt wurde.<\/li>\n\n\n\n<li>die zum Zeitpunkt der Eheschlie\u00dfung nicht \u00e4lter als sechs Monate ist, wenn sie in einem Konsulat ausgestellt wurde.<\/li>\n<\/ul>\n<\/li>\n\n\n\n<li>Ein von einer Beh\u00f6rde ausgestellter Identit\u00e4tsnachweis<\/li>\n\n\n\n<li>Ein Nachweis des Wohnsitzes oder des Aufenthalts<\/li>\n\n\n\n<li>Eine Bescheinigung \u00fcber die Ehelosigkeit oder Nichtwiederverheiratung f\u00fcr Ausl\u00e4nder sowie eine Bescheinigung \u00fcber die Gewohnheiten.<\/li>\n\n\n\n<li>Kopie des Personalausweises der Zeugen (die Zeugen m\u00fcssen vollj\u00e4hrig sein, ihre Anzahl betr\u00e4gt mindestens 2 und h\u00f6chstens 4)<\/li>\n\n\n\n<li>Eine Bescheinigung des Notars im Falle eines Ehevertrags<\/li>\n\n\n\n<li>Die vom Standesbeamten ausgeh\u00e4ndigten Vordrucke, die von den zuk\u00fcnftigen Eheleuten ausgef\u00fcllt wurden.<\/li>\n<\/ul>\n\n\n\n<h2 class=\"wp-block-heading\">Wo k\u00f6nnen Sie die Heiratsakte abholen und einreichen?<\/h2>\n\n\n\n<p>Beim Standesamt des Rathauses, 1 rue de la Marianne.<\/p>\n\n\n\n<h2 class=\"wp-block-heading\">Wann kann die Heiratsakte abgeholt und eingereicht werden?<\/h2>\n\n\n\n<ul class=\"wp-block-list\">\n<li>Die Unterlagen k\u00f6nnen t\u00e4glich von Montag bis Freitag von 9.00 bis 12.00 Uhr und von 14.00 bis 17.00 Uhr abgeholt werden.<\/li>\n\n\n\n<li>Die Einreichung der vollst\u00e4ndigen Akte kann nur nach vorheriger Terminvereinbarung erfolgen.<\/li>\n<\/ul>\n\n\n\n<h2 class=\"wp-block-heading\">Fristen f\u00fcr die Einreichung des Antrags<\/h2>\n\n\n\n<p>Die Einreichung des vollst\u00e4ndigen Antrags muss erfolgen:<\/p>\n\n\n\n<ul class=\"wp-block-list\">\n<li>30 Tage vor dem Datum der Eheschlie\u00dfung, wenn beide Ehepartner franz\u00f6sische Staatsb\u00fcrger sind.<\/li>\n\n\n\n<li>45 Tage vor der Eheschlie\u00dfung, wenn die Ehegatten eine ausl\u00e4ndische Staatsangeh\u00f6rigkeit besitzen oder im Ausland wohnen.<\/li>\n<\/ul>","protected":false},"excerpt":{"rendered":"<p>O\u00f9 le mariage peut-il \u00eatre c\u00e9l\u00e9br\u00e9 ? Le lieu peut \u00eatre l&rsquo;une des communes suivantes : Quand les mariages peuvent-ils \u00eatre c\u00e9l\u00e9br\u00e9s ? Le mariage ne peut pas \u00eatre c\u00e9l\u00e9br\u00e9 avant le 10\u00e8me jour qui suit la publication des bans. Le jour de la c\u00e9l\u00e9bration est fix\u00e9 en accord avec la mairie. Documents \u00e0 fournir [&hellip;]<\/p>\n","protected":false},"author":1,"featured_media":19309,"parent":853,"menu_order":0,"comment_status":"closed","ping_status":"closed","template":"","meta":{"footnotes":""},"class_list":["post-949","page","type-page","status-publish","has-post-thumbnail","hentry"],"_links":{"self":[{"href":"https:\/\/www.villeneuve-les-beziers.fr\/de\/wp-json\/wp\/v2\/pages\/949","targetHints":{"allow":["GET"]}}],"collection":[{"href":"https:\/\/www.villeneuve-les-beziers.fr\/de\/wp-json\/wp\/v2\/pages"}],"about":[{"href":"https:\/\/www.villeneuve-les-beziers.fr\/de\/wp-json\/wp\/v2\/types\/page"}],"author":[{"embeddable":true,"href":"https:\/\/www.villeneuve-les-beziers.fr\/de\/wp-json\/wp\/v2\/users\/1"}],"replies":[{"embeddable":true,"href":"https:\/\/www.villeneuve-les-beziers.fr\/de\/wp-json\/wp\/v2\/comments?post=949"}],"version-history":[{"count":1,"href":"https:\/\/www.villeneuve-les-beziers.fr\/de\/wp-json\/wp\/v2\/pages\/949\/revisions"}],"predecessor-version":[{"id":20335,"href":"https:\/\/www.villeneuve-les-beziers.fr\/de\/wp-json\/wp\/v2\/pages\/949\/revisions\/20335"}],"up":[{"embeddable":true,"href":"https:\/\/www.villeneuve-les-beziers.fr\/de\/wp-json\/wp\/v2\/pages\/853"}],"wp:featuredmedia":[{"embeddable":true,"href":"https:\/\/www.villeneuve-les-beziers.fr\/de\/wp-json\/wp\/v2\/media\/19309"}],"wp:attachment":[{"href":"https:\/\/www.villeneuve-les-beziers.fr\/de\/wp-json\/wp\/v2\/media?parent=949"}],"curies":[{"name":"wp","href":"https:\/\/api.w.org\/{rel}","templated":true}]}}