{"id":958,"date":"2019-04-15T15:46:29","date_gmt":"2019-04-15T13:46:29","guid":{"rendered":"http:\/\/localhost\/?page_id=958"},"modified":"2024-11-25T17:37:46","modified_gmt":"2024-11-25T16:37:46","slug":"wahlerverzeichnisse","status":"publish","type":"page","link":"https:\/\/www.villeneuve-les-beziers.fr\/de\/demarches\/listes-electorales\/","title":{"rendered":"Eintragung in die W\u00e4hlerlisten"},"content":{"rendered":"<p>Anmeldungen werden das ganze Jahr \u00fcber im Rathaus H\u00f4tel de Ville, 1 rue de la Marianne, 34420 Villeneuve-L\u00e8s-B\u00e9ziers entgegengenommen.<\/p>\n\n\n\n<h2 class=\"wp-block-heading\">Voraussetzungen<\/h2>\n\n\n\n<ul class=\"wp-block-list\">\n<li>Franz\u00f6sische Staatsangeh\u00f6rigkeit oder Staatsangeh\u00f6rigkeit eines EU-Mitgliedstaates<\/li>\n\n\n\n<li>18 Jahre alt sein (oder vor dem 1. M\u00e4rz des folgenden Jahres 18 Jahre alt werden).<\/li>\n\n\n\n<li>Sie d\u00fcrfen nicht ihrer b\u00fcrgerlichen und politischen Rechte verlustig gegangen sein.<\/li>\n<\/ul>\n\n\n\n<h2 class=\"wp-block-heading\">Zu liefernde Dokumente<\/h2>\n\n\n\n<p>W\u00e4hler mit franz\u00f6sischer Staatsb\u00fcrgerschaft m\u00fcssen die folgenden Dokumente vorlegen:<\/p>\n\n\n\n<ul class=\"wp-block-list\">\n<li>G\u00fcltiger Personalausweis oder Reisepass, dessen G\u00fcltigkeit innerhalb eines Jahres vor der Einreichung des Antrags abgelaufen ist.<\/li>\n\n\n\n<li>Personalausweis oder Reisepass, der seit mehr als einem Jahr abgelaufen ist, zusammen mit einem Nachweis der Staatsangeh\u00f6rigkeit.<\/li>\n\n\n\n<li>Alle anderen Identit\u00e4tsnachweise mit Foto gem\u00e4\u00df Artikel 1 des Erlasses vom 19.12.2007 zusammen mit einem Staatsangeh\u00f6rigkeitsnachweis oder einem Einb\u00fcrgerungsdekret.<\/li>\n\n\n\n<li>Ein Nachweis des Wohnsitzes (Strom- oder Wasserrechnung), der nicht \u00e4lter als 3 Monate sein darf.<\/li>\n<\/ul>\n\n\n\n<h2 class=\"wp-block-heading\">Staatsangeh\u00f6rige der Europ\u00e4ischen Union<\/h2>\n\n\n\n<p>Staatsangeh\u00f6rige der Europ\u00e4ischen Union m\u00fcssen Folgendes vorlegen:<\/p>\n\n\n\n<ul class=\"wp-block-list\">\n<li>G\u00fcltiger Personalausweis oder Reisepass, der von der zust\u00e4ndigen Beh\u00f6rde des Staates, dessen Staatsangeh\u00f6rigkeit der Inhaber besitzt, ausgestellt wurde, oder dessen G\u00fcltigkeit innerhalb eines Jahres vor der Einreichung des Antrags abgelaufen ist.<\/li>\n\n\n\n<li>Ein g\u00fcltiger Aufenthaltstitel oder ein Aufenthaltstitel, der innerhalb eines Jahres vor der Einreichung des Antrags abgelaufen ist.<\/li>\n\n\n\n<li>Ein Nachweis des Wohnsitzes (EDF-, Wasserrechnung....), der nicht \u00e4lter als 3 Monate ist.<\/li>\n<\/ul>\n\n\n\n<h2 class=\"wp-block-heading\">Anmeldung per Post<\/h2>\n\n\n\n<p>Die erforderlichen Dokumente sind die folgenden:<\/p>\n\n\n\n<ul class=\"wp-block-list\">\n<li>Formular f\u00fcr die Eintragung in die W\u00e4hlerlisten (verf\u00fcgbar auf der Website \"service-public.fr\")<\/li>\n\n\n\n<li>Fotokopie der Vorder- und R\u00fcckseite eines g\u00fcltigen Personalausweises<\/li>\n\n\n\n<li>Nachweis \u00fcber den Wohnsitz oder Aufenthalt in der Gemeinde, der nicht \u00e4lter als 3 Monate ist, oder Nachweis \u00fcber die Eintragung in die lokale Steuerliste seit mehr als 5 Jahren.<\/li>\n<\/ul>\n\n\n\n<h2 class=\"wp-block-heading\">\u00c4nderung der Adresse in der Gemeinde<\/h2>\n\n\n\n<p>\u00c4nderungen der Adresse in der Gemeinde werden das ganze Jahr \u00fcber im Rathaus, 1 rue de la Marianne, 34420 Villeneuve-L\u00e8s-B\u00e9ziers, entgegengenommen.<\/p>\n\n\n\n<p>Zu liefernde Dokumente :<\/p>\n\n\n\n<ul class=\"wp-block-list\">\n<li>Ein Nachweis \u00fcber den neuen Wohnsitz in der Stadt, der nicht \u00e4lter als 3 Monate ist (Miet-, Wasser-, Gas- oder Stromquittung).<\/li>\n\n\n\n<li>Ein Identit\u00e4tsnachweis (Personalausweis oder Reisepass oder Aufenthaltsgenehmigung f\u00fcr EU-B\u00fcrger, die IN G\u00dcLTIGKEIT sind)<\/li>\n<\/ul>\n\n\n\n<h2 class=\"wp-block-heading\">Einsichtnahme in die W\u00e4hlerlisten<\/h2>\n\n\n\n<p>Die Listen k\u00f6nnen im Rathaus von jedem W\u00e4hler eingesehen werden, der :<\/p>\n\n\n\n<ul class=\"wp-block-list\">\n<li>seine W\u00e4hlerkarte in einer Gemeinde auf franz\u00f6sischem Staatsgebiet vorlegt<\/li>\n\n\n\n<li>verpflichtet sich, es nicht f\u00fcr kommerzielle Zwecke zu nutzen.<\/li>\n<\/ul>\n\n\n\n<p>Eine Kopie kann gegen Zahlung der geltenden Geb\u00fchr ausgestellt werden.<\/p>","protected":false},"excerpt":{"rendered":"<p>Les demandes d&rsquo;inscription sont re\u00e7ues toute l&rsquo;ann\u00e9e en Mairie H\u00f4tel de Ville, 1 rue de la Marianne, 34420 Villeneuve-L\u00e8s-B\u00e9ziers. Conditions requises Pi\u00e8ces \u00e0 fournir Pour les \u00e9lecteurs de nationalit\u00e9 fran\u00e7aise, les documents suivants seront \u00e0 pr\u00e9senter : Ressortissants de l&rsquo;Union europ\u00e9enne Les ressortissants de l&rsquo;Union europ\u00e9enne devront produire : Inscriptions par correspondance Les documents requis [&hellip;]<\/p>\n","protected":false},"author":1,"featured_media":1019,"parent":853,"menu_order":0,"comment_status":"closed","ping_status":"closed","template":"","meta":{"footnotes":""},"class_list":["post-958","page","type-page","status-publish","has-post-thumbnail","hentry"],"_links":{"self":[{"href":"https:\/\/www.villeneuve-les-beziers.fr\/de\/wp-json\/wp\/v2\/pages\/958","targetHints":{"allow":["GET"]}}],"collection":[{"href":"https:\/\/www.villeneuve-les-beziers.fr\/de\/wp-json\/wp\/v2\/pages"}],"about":[{"href":"https:\/\/www.villeneuve-les-beziers.fr\/de\/wp-json\/wp\/v2\/types\/page"}],"author":[{"embeddable":true,"href":"https:\/\/www.villeneuve-les-beziers.fr\/de\/wp-json\/wp\/v2\/users\/1"}],"replies":[{"embeddable":true,"href":"https:\/\/www.villeneuve-les-beziers.fr\/de\/wp-json\/wp\/v2\/comments?post=958"}],"version-history":[{"count":1,"href":"https:\/\/www.villeneuve-les-beziers.fr\/de\/wp-json\/wp\/v2\/pages\/958\/revisions"}],"predecessor-version":[{"id":19440,"href":"https:\/\/www.villeneuve-les-beziers.fr\/de\/wp-json\/wp\/v2\/pages\/958\/revisions\/19440"}],"up":[{"embeddable":true,"href":"https:\/\/www.villeneuve-les-beziers.fr\/de\/wp-json\/wp\/v2\/pages\/853"}],"wp:featuredmedia":[{"embeddable":true,"href":"https:\/\/www.villeneuve-les-beziers.fr\/de\/wp-json\/wp\/v2\/media\/1019"}],"wp:attachment":[{"href":"https:\/\/www.villeneuve-les-beziers.fr\/de\/wp-json\/wp\/v2\/media?parent=958"}],"curies":[{"name":"wp","href":"https:\/\/api.w.org\/{rel}","templated":true}]}}