{"id":12276,"date":"2022-05-13T10:34:53","date_gmt":"2022-05-13T08:34:53","guid":{"rendered":"https:\/\/www.villeneuve-les-beziers.fr\/?page_id=12276"},"modified":"2024-11-22T12:31:04","modified_gmt":"2024-11-22T11:31:04","slug":"road-safety","status":"publish","type":"page","link":"https:\/\/www.villeneuve-les-beziers.fr\/en\/vie-pratique\/securite\/securite-routiere\/","title":{"rendered":"Road safety"},"content":{"rendered":"<h2 class=\"wp-block-heading\">Road safety and prevention<\/h2>\n\n\n\n<p class=\"has-text-align-center\">The Villeneuve-les-B\u00e9ziers municipal police force is committed to ensuring road safety by taking part in road safety activities.<\/p>\n\n\n\n<div class=\"wp-block-columns are-vertically-aligned-center is-layout-flex wp-container-core-columns-is-layout-0884d4d2 wp-block-columns-is-layout-flex\" style=\"margin-top:var(--wp--preset--spacing--50);margin-bottom:var(--wp--preset--spacing--50)\">\n<div class=\"wp-block-column is-vertically-aligned-center is-layout-flow wp-block-column-is-layout-flow\">\n<h2 class=\"wp-block-heading\">Prevention<\/h2>\n\n\n\n<p>For several weeks from Friday 18 March 2022, CE1 and CE2 pupils from the Georges-Brassens school group have been taking part in the first phase of the pedestrian driving test to prepare them for the APER (Attestation de Premi\u00e8re Education Routi\u00e8re - Certificate of First Road Safety Education).<\/p>\n\n\n\n<p>&nbsp;Local police officers presented the scheme in the form of a slide show and fun quizzes to help children easily assimilate the basic rules of road safety.<br>Teachers and the Municipal Police will be responsible for ensuring that progress is made before the assessment, practical application and awarding of diplomas to the winners.&nbsp;<\/p>\n<\/div>\n\n\n\n<div class=\"wp-block-column is-vertically-aligned-center is-layout-flow wp-block-column-is-layout-flow\">\n<figure data-wp-context=\"{&quot;imageId&quot;:&quot;6a00b860740d6&quot;}\" data-wp-interactive=\"core\/image\" data-wp-key=\"6a00b860740d6\" class=\"wp-block-image size-large wp-lightbox-container\"><img loading=\"lazy\" decoding=\"async\" width=\"1024\" height=\"683\" data-wp-class--hide=\"state.isContentHidden\" data-wp-class--show=\"state.isContentVisible\" data-wp-init=\"callbacks.setButtonStyles\" data-wp-on--click=\"actions.showLightbox\" data-wp-on--load=\"callbacks.setButtonStyles\" data-wp-on-window--resize=\"callbacks.setButtonStyles\" src=\"https:\/\/www.villeneuve-les-beziers.fr\/wp-content\/uploads\/2022\/05\/DSC_0328-1024x683.jpg\" alt=\"\" class=\"wp-image-12429\" srcset=\"https:\/\/www.villeneuve-les-beziers.fr\/wp-content\/uploads\/2022\/05\/DSC_0328-1024x683.jpg 1024w, https:\/\/www.villeneuve-les-beziers.fr\/wp-content\/uploads\/2022\/05\/DSC_0328-300x200.jpg 300w, https:\/\/www.villeneuve-les-beziers.fr\/wp-content\/uploads\/2022\/05\/DSC_0328-768x512.jpg 768w, https:\/\/www.villeneuve-les-beziers.fr\/wp-content\/uploads\/2022\/05\/DSC_0328-391x260.jpg 391w, https:\/\/www.villeneuve-les-beziers.fr\/wp-content\/uploads\/2022\/05\/DSC_0328-1536x1024.jpg 1536w, https:\/\/www.villeneuve-les-beziers.fr\/wp-content\/uploads\/2022\/05\/DSC_0328-24x16.jpg 24w, https:\/\/www.villeneuve-les-beziers.fr\/wp-content\/uploads\/2022\/05\/DSC_0328-36x24.jpg 36w, https:\/\/www.villeneuve-les-beziers.fr\/wp-content\/uploads\/2022\/05\/DSC_0328-48x32.jpg 48w, https:\/\/www.villeneuve-les-beziers.fr\/wp-content\/uploads\/2022\/05\/DSC_0328.jpg 2048w\" sizes=\"auto, (max-width: 1024px) 100vw, 1024px\" \/><button\n\t\t\tclass=\"lightbox-trigger\"\n\t\t\ttype=\"button\"\n\t\t\taria-haspopup=\"dialog\"\n\t\t\taria-label=\"Enlarge\"\n\t\t\tdata-wp-init=\"callbacks.initTriggerButton\"\n\t\t\tdata-wp-on--click=\"actions.showLightbox\"\n\t\t\tdata-wp-style--right=\"state.imageButtonRight\"\n\t\t\tdata-wp-style--top=\"state.imageButtonTop\"\n\t\t>\n\t\t\t<svg xmlns=\"http:\/\/www.w3.org\/2000\/svg\" width=\"12\" height=\"12\" fill=\"none\" viewbox=\"0 0 12 12\">\n\t\t\t\t<path fill=\"#fff\" d=\"M2 0a2 2 0 0 0-2 2v2h1.5V2a.5.5 0 0 1 .5-.5h2V0H2Zm2 10.5H2a.5.5 0 0 1-.5-.5V8H0v2a2 2 0 0 0 2 2h2v-1.5ZM8 12v-1.5h2a.5.5 0 0 0 .5-.5V8H12v2a2 2 0 0 1-2 2H8Zm2-12a2 2 0 0 1 2 2v2h-1.5V2a.5.5 0 0 0-.5-.5H8V0h2Z\" \/>\n\t\t\t<\/svg>\n\t\t<\/button><\/figure>\n<\/div>\n<\/div>\n\n\n\n<div class=\"wp-block-columns are-vertically-aligned-center is-layout-flex wp-container-core-columns-is-layout-0884d4d2 wp-block-columns-is-layout-flex\" style=\"margin-top:var(--wp--preset--spacing--50);margin-bottom:var(--wp--preset--spacing--50)\">\n<div class=\"wp-block-column is-vertically-aligned-center is-layout-flow wp-block-column-is-layout-flow\">\n<h2 class=\"wp-block-heading\">Safety camera<\/h2>\n\n\n\n<p>The purpose of speed cameras is to raise driver awareness.<\/p>\n\n\n\n<ul class=\"wp-block-list\">\n<li>This type of radar records each vehicle several times as it passes in front of the detectors.<\/li>\n\n\n\n<li>The data recorded are: date and time, speed recorded, etc.<\/li>\n\n\n\n<li>it displays the speeds recorded when the vehicle is approaching the radar, but it records speeds in both directions\u00a0<\/li>\n<\/ul>\n\n\n\n<p>This data is very important for the municipality, as it provides information on the different practices of drivers.<\/p>\n<\/div>\n\n\n\n<div class=\"wp-block-column is-vertically-aligned-center is-layout-flow wp-block-column-is-layout-flow\">\n<figure data-wp-context=\"{&quot;imageId&quot;:&quot;6a00b860744ed&quot;}\" data-wp-interactive=\"core\/image\" data-wp-key=\"6a00b860744ed\" class=\"wp-block-image aligncenter size-large wp-lightbox-container\"><img loading=\"lazy\" decoding=\"async\" width=\"797\" height=\"1024\" data-wp-class--hide=\"state.isContentHidden\" data-wp-class--show=\"state.isContentVisible\" data-wp-init=\"callbacks.setButtonStyles\" data-wp-on--click=\"actions.showLightbox\" data-wp-on--load=\"callbacks.setButtonStyles\" data-wp-on-window--resize=\"callbacks.setButtonStyles\" src=\"https:\/\/www.villeneuve-les-beziers.fr\/wp-content\/uploads\/2022\/05\/Radar-797x1024.jpg\" alt=\"\" class=\"wp-image-12437\" srcset=\"https:\/\/www.villeneuve-les-beziers.fr\/wp-content\/uploads\/2022\/05\/Radar-797x1024.jpg 797w, https:\/\/www.villeneuve-les-beziers.fr\/wp-content\/uploads\/2022\/05\/Radar-234x300.jpg 234w, https:\/\/www.villeneuve-les-beziers.fr\/wp-content\/uploads\/2022\/05\/Radar-768x986.jpg 768w, https:\/\/www.villeneuve-les-beziers.fr\/wp-content\/uploads\/2022\/05\/Radar-1196x1536.jpg 1196w, https:\/\/www.villeneuve-les-beziers.fr\/wp-content\/uploads\/2022\/05\/Radar-19x24.jpg 19w, https:\/\/www.villeneuve-les-beziers.fr\/wp-content\/uploads\/2022\/05\/Radar-28x36.jpg 28w, https:\/\/www.villeneuve-les-beziers.fr\/wp-content\/uploads\/2022\/05\/Radar-37x48.jpg 37w, https:\/\/www.villeneuve-les-beziers.fr\/wp-content\/uploads\/2022\/05\/Radar.jpg 1547w\" sizes=\"auto, (max-width: 797px) 100vw, 797px\" \/><button\n\t\t\tclass=\"lightbox-trigger\"\n\t\t\ttype=\"button\"\n\t\t\taria-haspopup=\"dialog\"\n\t\t\taria-label=\"Enlarge\"\n\t\t\tdata-wp-init=\"callbacks.initTriggerButton\"\n\t\t\tdata-wp-on--click=\"actions.showLightbox\"\n\t\t\tdata-wp-style--right=\"state.imageButtonRight\"\n\t\t\tdata-wp-style--top=\"state.imageButtonTop\"\n\t\t>\n\t\t\t<svg xmlns=\"http:\/\/www.w3.org\/2000\/svg\" width=\"12\" height=\"12\" fill=\"none\" viewbox=\"0 0 12 12\">\n\t\t\t\t<path fill=\"#fff\" d=\"M2 0a2 2 0 0 0-2 2v2h1.5V2a.5.5 0 0 1 .5-.5h2V0H2Zm2 10.5H2a.5.5 0 0 1-.5-.5V8H0v2a2 2 0 0 0 2 2h2v-1.5ZM8 12v-1.5h2a.5.5 0 0 0 .5-.5V8H12v2a2 2 0 0 1-2 2H8Zm2-12a2 2 0 0 1 2 2v2h-1.5V2a.5.5 0 0 0-.5-.5H8V0h2Z\" \/>\n\t\t\t<\/svg>\n\t\t<\/button><\/figure>\n<\/div>\n<\/div>\n\n\n\n<div class=\"wp-block-columns are-vertically-aligned-center is-layout-flex wp-container-core-columns-is-layout-0884d4d2 wp-block-columns-is-layout-flex\" style=\"margin-top:var(--wp--preset--spacing--50);margin-bottom:var(--wp--preset--spacing--50)\">\n<div class=\"wp-block-column is-vertically-aligned-center is-layout-flow wp-block-column-is-layout-flow\" style=\"flex-basis:50%\">\n<h2 class=\"wp-block-heading\">Control zones<\/h2>\n\n\n\n<p>The municipality is subject to radar speed checks at random points throughout the year.<\/p>\n<\/div>\n\n\n\n<div class=\"wp-block-column is-vertically-aligned-center is-layout-flow wp-block-column-is-layout-flow\" style=\"flex-basis:50%\">\n<figure data-wp-context=\"{&quot;imageId&quot;:&quot;6a00b860747d9&quot;}\" data-wp-interactive=\"core\/image\" data-wp-key=\"6a00b860747d9\" class=\"wp-block-image aligncenter size-large wp-lightbox-container\"><img loading=\"lazy\" decoding=\"async\" width=\"1024\" height=\"683\" data-wp-class--hide=\"state.isContentHidden\" data-wp-class--show=\"state.isContentVisible\" data-wp-init=\"callbacks.setButtonStyles\" data-wp-on--click=\"actions.showLightbox\" data-wp-on--load=\"callbacks.setButtonStyles\" data-wp-on-window--resize=\"callbacks.setButtonStyles\" src=\"https:\/\/www.villeneuve-les-beziers.fr\/wp-content\/uploads\/2022\/05\/DSC_0831-1024x683.jpg\" alt=\"\" class=\"wp-image-13193\" srcset=\"https:\/\/www.villeneuve-les-beziers.fr\/wp-content\/uploads\/2022\/05\/DSC_0831-1024x683.jpg 1024w, https:\/\/www.villeneuve-les-beziers.fr\/wp-content\/uploads\/2022\/05\/DSC_0831-300x200.jpg 300w, https:\/\/www.villeneuve-les-beziers.fr\/wp-content\/uploads\/2022\/05\/DSC_0831-768x512.jpg 768w, https:\/\/www.villeneuve-les-beziers.fr\/wp-content\/uploads\/2022\/05\/DSC_0831-391x260.jpg 391w, https:\/\/www.villeneuve-les-beziers.fr\/wp-content\/uploads\/2022\/05\/DSC_0831-1536x1024.jpg 1536w, https:\/\/www.villeneuve-les-beziers.fr\/wp-content\/uploads\/2022\/05\/DSC_0831-24x16.jpg 24w, https:\/\/www.villeneuve-les-beziers.fr\/wp-content\/uploads\/2022\/05\/DSC_0831-36x24.jpg 36w, https:\/\/www.villeneuve-les-beziers.fr\/wp-content\/uploads\/2022\/05\/DSC_0831-48x32.jpg 48w, https:\/\/www.villeneuve-les-beziers.fr\/wp-content\/uploads\/2022\/05\/DSC_0831.jpg 2048w\" sizes=\"auto, (max-width: 1024px) 100vw, 1024px\" \/><button\n\t\t\tclass=\"lightbox-trigger\"\n\t\t\ttype=\"button\"\n\t\t\taria-haspopup=\"dialog\"\n\t\t\taria-label=\"Enlarge\"\n\t\t\tdata-wp-init=\"callbacks.initTriggerButton\"\n\t\t\tdata-wp-on--click=\"actions.showLightbox\"\n\t\t\tdata-wp-style--right=\"state.imageButtonRight\"\n\t\t\tdata-wp-style--top=\"state.imageButtonTop\"\n\t\t>\n\t\t\t<svg xmlns=\"http:\/\/www.w3.org\/2000\/svg\" width=\"12\" height=\"12\" fill=\"none\" viewbox=\"0 0 12 12\">\n\t\t\t\t<path fill=\"#fff\" d=\"M2 0a2 2 0 0 0-2 2v2h1.5V2a.5.5 0 0 1 .5-.5h2V0H2Zm2 10.5H2a.5.5 0 0 1-.5-.5V8H0v2a2 2 0 0 0 2 2h2v-1.5ZM8 12v-1.5h2a.5.5 0 0 0 .5-.5V8H12v2a2 2 0 0 1-2 2H8Zm2-12a2 2 0 0 1 2 2v2h-1.5V2a.5.5 0 0 0-.5-.5H8V0h2Z\" \/>\n\t\t\t<\/svg>\n\t\t<\/button><\/figure>\n<\/div>\n<\/div>","protected":false},"excerpt":{"rendered":"<p>S\u00e9curit\u00e9 et pr\u00e9vention routi\u00e8re La police municipale de Villeneuve-les-B\u00e9ziers, s&rsquo;engage \u00e0 faire respecter la s\u00e9curit\u00e9 routi\u00e8re en participant \u00e0 des activit\u00e9s de pr\u00e9vention routi\u00e8re. Pr\u00e9vention Depuis le vendredi 18 mars 2022, et pendant plusieurs semaines, les \u00e9l\u00e8ves de CE1 et CE2 du groupe scolaire Georges-Brassens participent \u00e0 la 1\u00e8re phase du permis pi\u00e9ton afin de [&hellip;]<\/p>\n","protected":false},"author":1,"featured_media":12206,"parent":12169,"menu_order":0,"comment_status":"closed","ping_status":"closed","template":"","meta":{"footnotes":""},"class_list":["post-12276","page","type-page","status-publish","has-post-thumbnail","hentry"],"_links":{"self":[{"href":"https:\/\/www.villeneuve-les-beziers.fr\/en\/wp-json\/wp\/v2\/pages\/12276","targetHints":{"allow":["GET"]}}],"collection":[{"href":"https:\/\/www.villeneuve-les-beziers.fr\/en\/wp-json\/wp\/v2\/pages"}],"about":[{"href":"https:\/\/www.villeneuve-les-beziers.fr\/en\/wp-json\/wp\/v2\/types\/page"}],"author":[{"embeddable":true,"href":"https:\/\/www.villeneuve-les-beziers.fr\/en\/wp-json\/wp\/v2\/users\/1"}],"replies":[{"embeddable":true,"href":"https:\/\/www.villeneuve-les-beziers.fr\/en\/wp-json\/wp\/v2\/comments?post=12276"}],"version-history":[{"count":0,"href":"https:\/\/www.villeneuve-les-beziers.fr\/en\/wp-json\/wp\/v2\/pages\/12276\/revisions"}],"up":[{"embeddable":true,"href":"https:\/\/www.villeneuve-les-beziers.fr\/en\/wp-json\/wp\/v2\/pages\/12169"}],"wp:featuredmedia":[{"embeddable":true,"href":"https:\/\/www.villeneuve-les-beziers.fr\/en\/wp-json\/wp\/v2\/media\/12206"}],"wp:attachment":[{"href":"https:\/\/www.villeneuve-les-beziers.fr\/en\/wp-json\/wp\/v2\/media?parent=12276"}],"curies":[{"name":"wp","href":"https:\/\/api.w.org\/{rel}","templated":true}]}}