{"id":1230,"date":"2019-04-17T11:02:03","date_gmt":"2019-04-17T09:02:03","guid":{"rendered":"http:\/\/localhost\/?page_id=1230"},"modified":"2026-01-23T14:46:33","modified_gmt":"2026-01-23T13:46:33","slug":"grapefruit-nursery","status":"publish","type":"page","link":"https:\/\/www.villeneuve-les-beziers.fr\/en\/mon-quotidien\/enfance-jeunesse\/creche-pamplemousse\/","title":{"rendered":"Pamplemousse cr\u00e8che"},"content":{"rendered":"<p>The Pamplemousse nursery is a multi-purpose childcare centre offering:<\/p>\n\n\n\n<ul class=\"wp-block-list\">\n<li>regular visits (recurring even if partial and planned in advance)<\/li>\n\n\n\n<li>occasional childcare (by appointment, \u00e0 la carte and subject to availability: mornings, afternoons, half days or full days).<\/li>\n<\/ul>\n\n\n\n<p>It welcomes children aged between 10 weeks and 4 years old, divided into two units with a total capacity of 20 children (8 \u00abdreamers\u00bb and 12 \u00abadventurers\u00bb).<\/p>\n\n\n\n<p>The nursery is open Monday to Friday, from 7:30 a.m. to 6:30 p.m., and is closed on public holidays and for five weeks per year (usually: one week at Easter, the first three weeks of August, and one week at Christmas, often week 52).<\/p>\n\n\n\n<h2 class=\"wp-block-heading\">How to register<\/h2>\n\n\n\n<p>To register your child (born or unborn), please contact the CCAS by email: <a href=\"mailto:ccas@villeneuve-les-beziers.fr\">ccas@villeneuve-les-beziers.fr<\/a>, to obtain an application form. Applications for the September term can be submitted between 1 March and 30 April. Priority is given to children who live in Villeneuve, then to those whose parents work in the municipality, and finally to families from outside the municipality.<\/p>\n\n\n\n<p>Registrations for occasional childcare can be made throughout the year, subject to availability. Final registrations are made by appointment with the director after a place has been allocated, with the submission of the necessary documents (CAF\/MSA, family record book, vaccinations, etc.) and the organisation of the settling-in period.<\/p>\n\n\n\n<p>Each enrolment requires the signing of a reception contract, specifying the period, timetable and amount of the contribution.<\/p>\n\n\n\n<h2 class=\"wp-block-heading\">Price list<\/h2>\n\n\n\n<p>The amount of each family's financial contribution is calculated according to an hourly rate, adjusted according to the number of dependent children and applied to the family's income (year N-2), subject to a minimum threshold.<\/p>\n\n\n\n<p>A 20% surcharge applies to parents who do not reside in Villeneuve-l\u00e8s-B\u00e9ziers. The amounts are revised each year in January, based on the new reference year.<\/p>\n\n\n\n<p>This contribution is contractual and covers the care of the child during their time at the nursery, including meals and nappies.<\/p>\n\n\n\n<h2 class=\"wp-block-heading\">Meals<\/h2>\n\n\n\n<p>Meals are provided by a central kitchen using a cold chain system.<\/p>\n\n\n\n<h2 class=\"wp-block-heading\">Contacts<\/h2>\n\n\n\n<p>\ud83d\udcde  <a href=\"callto:04 67 39 27 90\">04 67 39 27 90<\/a><\/p>\n\n\n\n<p>\ud83d\udce7  <a href=\"mailto:creche@villeneuve-les-beziers.fr\" target=\"_blank\" rel=\"noreferrer noopener\">creche@villeneuve-les-beziers.fr<\/a><\/p>\n\n\n\n<h2 class=\"wp-block-heading\">Address<\/h2>\n\n\n\n<p>Pamplemousse Multi-Care Centre<br>1, Mimosas Street<br>34420 Villeneuve-l\u00e8s-B\u00e9ziers<\/p>\n\n\n\n<p><\/p>","protected":false},"excerpt":{"rendered":"<p>La cr\u00e8che Pamplemousse est un multi-accueil proposant \u00e0 la fois : Elle accueille les enfants \u00e2g\u00e9s de 10 semaines \u00e0 4 ans r\u00e9volus, r\u00e9partis en 2 unit\u00e9s pour une capacit\u00e9 totale de 20 enfants (8 \u00ab\u00a0r\u00eaveurs\u00a0\u00bb et 12 \u00ab\u00a0aventuriers\u00a0\u00bb). La cr\u00e8che est ouverte du lundi au vendredi, de 7h30 \u00e0 18h30 et est ferm\u00e9e les [&hellip;]<\/p>\n","protected":false},"author":1,"featured_media":3192,"parent":208,"menu_order":0,"comment_status":"closed","ping_status":"closed","template":"","meta":{"footnotes":""},"class_list":["post-1230","page","type-page","status-publish","has-post-thumbnail","hentry"],"_links":{"self":[{"href":"https:\/\/www.villeneuve-les-beziers.fr\/en\/wp-json\/wp\/v2\/pages\/1230","targetHints":{"allow":["GET"]}}],"collection":[{"href":"https:\/\/www.villeneuve-les-beziers.fr\/en\/wp-json\/wp\/v2\/pages"}],"about":[{"href":"https:\/\/www.villeneuve-les-beziers.fr\/en\/wp-json\/wp\/v2\/types\/page"}],"author":[{"embeddable":true,"href":"https:\/\/www.villeneuve-les-beziers.fr\/en\/wp-json\/wp\/v2\/users\/1"}],"replies":[{"embeddable":true,"href":"https:\/\/www.villeneuve-les-beziers.fr\/en\/wp-json\/wp\/v2\/comments?post=1230"}],"version-history":[{"count":5,"href":"https:\/\/www.villeneuve-les-beziers.fr\/en\/wp-json\/wp\/v2\/pages\/1230\/revisions"}],"predecessor-version":[{"id":20547,"href":"https:\/\/www.villeneuve-les-beziers.fr\/en\/wp-json\/wp\/v2\/pages\/1230\/revisions\/20547"}],"up":[{"embeddable":true,"href":"https:\/\/www.villeneuve-les-beziers.fr\/en\/wp-json\/wp\/v2\/pages\/208"}],"wp:featuredmedia":[{"embeddable":true,"href":"https:\/\/www.villeneuve-les-beziers.fr\/en\/wp-json\/wp\/v2\/media\/3192"}],"wp:attachment":[{"href":"https:\/\/www.villeneuve-les-beziers.fr\/en\/wp-json\/wp\/v2\/media?parent=1230"}],"curies":[{"name":"wp","href":"https:\/\/api.w.org\/{rel}","templated":true}]}}