{"id":12874,"date":"2022-05-18T11:28:00","date_gmt":"2022-05-18T09:28:00","guid":{"rendered":"https:\/\/www.villeneuve-les-beziers.fr\/?page_id=12874"},"modified":"2025-01-15T14:57:44","modified_gmt":"2025-01-15T13:57:44","slug":"technical-services","status":"publish","type":"page","link":"https:\/\/www.villeneuve-les-beziers.fr\/en\/ma-mairie\/les-services\/services-techniques\/","title":{"rendered":"Technical Department"},"content":{"rendered":"<h2 class=\"wp-block-heading\">Environment<\/h2>\n\n\n\n<p class=\"has-text-align-center\">The municipality is committed to providing a favourable and pleasant living environment for all.<\/p>\n\n\n\n<div class=\"wp-block-cover alignwide\" style=\"padding-top:var(--wp--preset--spacing--50);padding-right:var(--wp--preset--spacing--50);padding-bottom:var(--wp--preset--spacing--50);padding-left:var(--wp--preset--spacing--50)\"><span aria-hidden=\"true\" class=\"wp-block-cover__background has-background-dim-70 has-background-dim\" style=\"background-color:#4c6912\"><\/span><img loading=\"lazy\" decoding=\"async\" width=\"600\" height=\"400\" class=\"wp-block-cover__image-background wp-image-9354\" alt=\"\" src=\"https:\/\/www.villeneuve-les-beziers.fr\/wp-content\/uploads\/2022\/04\/espaces-verts.webp\" data-object-fit=\"cover\" srcset=\"https:\/\/www.villeneuve-les-beziers.fr\/wp-content\/uploads\/2022\/04\/espaces-verts.webp 600w, https:\/\/www.villeneuve-les-beziers.fr\/wp-content\/uploads\/2022\/04\/espaces-verts-150x100.webp 150w, https:\/\/www.villeneuve-les-beziers.fr\/wp-content\/uploads\/2022\/04\/espaces-verts-300x200.webp 300w, https:\/\/www.villeneuve-les-beziers.fr\/wp-content\/uploads\/2022\/04\/espaces-verts-391x260.webp 391w, https:\/\/www.villeneuve-les-beziers.fr\/wp-content\/uploads\/2022\/04\/espaces-verts-24x16.webp 24w, https:\/\/www.villeneuve-les-beziers.fr\/wp-content\/uploads\/2022\/04\/espaces-verts-36x24.webp 36w, https:\/\/www.villeneuve-les-beziers.fr\/wp-content\/uploads\/2022\/04\/espaces-verts-48x32.webp 48w\" sizes=\"auto, (max-width: 600px) 100vw, 600px\" \/><div class=\"wp-block-cover__inner-container has-global-padding is-layout-constrained wp-container-core-cover-is-layout-f611be13 wp-block-cover-is-layout-constrained\">\n<div class=\"wp-block-columns is-style-default has-base-color has-text-color has-link-color wp-elements-deb786424818b255c61165c38f7175d5 is-layout-flex wp-container-core-columns-is-layout-28f84493 wp-block-columns-is-layout-flex\">\n<div class=\"wp-block-column is-layout-flow wp-block-column-is-layout-flow\">\n<h3 class=\"wp-block-heading has-text-align-center\">Cleanliness<\/h3>\n\n\n\n<p class=\"has-text-align-center\">Public cleanliness is important, which is why the commune is committed to making Villeneuve-l\u00e8s-B\u00e9ziers as clean as possible.<\/p>\n\n\n\n<figure data-wp-context=\"{&quot;imageId&quot;:&quot;69f46d946ca25&quot;}\" data-wp-interactive=\"core\/image\" data-wp-key=\"69f46d946ca25\" class=\"wp-block-image aligncenter size-medium wp-lightbox-container\"><img loading=\"lazy\" decoding=\"async\" width=\"300\" height=\"200\" data-wp-class--hide=\"state.isContentHidden\" data-wp-class--show=\"state.isContentVisible\" data-wp-init=\"callbacks.setButtonStyles\" data-wp-on--click=\"actions.showLightbox\" data-wp-on--load=\"callbacks.setButtonStyles\" data-wp-on-window--resize=\"callbacks.setButtonStyles\" src=\"https:\/\/www.villeneuve-les-beziers.fr\/wp-content\/uploads\/2022\/04\/propreteAv-300x200.jpg\" alt=\"\" class=\"wp-image-9407\" srcset=\"https:\/\/www.villeneuve-les-beziers.fr\/wp-content\/uploads\/2022\/04\/propreteAv-300x200.jpg 300w, https:\/\/www.villeneuve-les-beziers.fr\/wp-content\/uploads\/2022\/04\/propreteAv-391x260.jpg 391w, https:\/\/www.villeneuve-les-beziers.fr\/wp-content\/uploads\/2022\/04\/propreteAv-24x16.jpg 24w, https:\/\/www.villeneuve-les-beziers.fr\/wp-content\/uploads\/2022\/04\/propreteAv-36x24.jpg 36w, https:\/\/www.villeneuve-les-beziers.fr\/wp-content\/uploads\/2022\/04\/propreteAv-48x32.jpg 48w, https:\/\/www.villeneuve-les-beziers.fr\/wp-content\/uploads\/2022\/04\/propreteAv.jpg 600w\" sizes=\"auto, (max-width: 300px) 100vw, 300px\" \/><button\n\t\t\tclass=\"lightbox-trigger\"\n\t\t\ttype=\"button\"\n\t\t\taria-haspopup=\"dialog\"\n\t\t\taria-label=\"Enlarge\"\n\t\t\tdata-wp-init=\"callbacks.initTriggerButton\"\n\t\t\tdata-wp-on--click=\"actions.showLightbox\"\n\t\t\tdata-wp-style--right=\"state.imageButtonRight\"\n\t\t\tdata-wp-style--top=\"state.imageButtonTop\"\n\t\t>\n\t\t\t<svg xmlns=\"http:\/\/www.w3.org\/2000\/svg\" width=\"12\" height=\"12\" fill=\"none\" viewbox=\"0 0 12 12\">\n\t\t\t\t<path fill=\"#fff\" d=\"M2 0a2 2 0 0 0-2 2v2h1.5V2a.5.5 0 0 1 .5-.5h2V0H2Zm2 10.5H2a.5.5 0 0 1-.5-.5V8H0v2a2 2 0 0 0 2 2h2v-1.5ZM8 12v-1.5h2a.5.5 0 0 0 .5-.5V8H12v2a2 2 0 0 1-2 2H8Zm2-12a2 2 0 0 1 2 2v2h-1.5V2a.5.5 0 0 0-.5-.5H8V0h2Z\" \/>\n\t\t\t<\/svg>\n\t\t<\/button><\/figure>\n<\/div>\n\n\n\n<div class=\"wp-block-column is-layout-flow wp-block-column-is-layout-flow\">\n<h3 class=\"wp-block-heading has-text-align-center\">Environment<\/h3>\n\n\n\n<p class=\"has-text-align-center\">The local authority is committed to making the town greener and cleaner by creating new green spaces and caring for existing ones.<\/p>\n\n\n\n<figure data-wp-context=\"{&quot;imageId&quot;:&quot;69f46d946d714&quot;}\" data-wp-interactive=\"core\/image\" data-wp-key=\"69f46d946d714\" class=\"wp-block-image aligncenter size-medium wp-lightbox-container\"><img loading=\"lazy\" decoding=\"async\" width=\"300\" height=\"200\" data-wp-class--hide=\"state.isContentHidden\" data-wp-class--show=\"state.isContentVisible\" data-wp-init=\"callbacks.setButtonStyles\" data-wp-on--click=\"actions.showLightbox\" data-wp-on--load=\"callbacks.setButtonStyles\" data-wp-on-window--resize=\"callbacks.setButtonStyles\" src=\"https:\/\/www.villeneuve-les-beziers.fr\/wp-content\/uploads\/2022\/06\/DSC_0946-300x200.jpg\" alt=\"\" class=\"wp-image-15790\" srcset=\"https:\/\/www.villeneuve-les-beziers.fr\/wp-content\/uploads\/2022\/06\/DSC_0946-300x200.jpg 300w, https:\/\/www.villeneuve-les-beziers.fr\/wp-content\/uploads\/2022\/06\/DSC_0946-1024x683.jpg 1024w, https:\/\/www.villeneuve-les-beziers.fr\/wp-content\/uploads\/2022\/06\/DSC_0946-768x512.jpg 768w, https:\/\/www.villeneuve-les-beziers.fr\/wp-content\/uploads\/2022\/06\/DSC_0946-391x260.jpg 391w, https:\/\/www.villeneuve-les-beziers.fr\/wp-content\/uploads\/2022\/06\/DSC_0946-1536x1024.jpg 1536w, https:\/\/www.villeneuve-les-beziers.fr\/wp-content\/uploads\/2022\/06\/DSC_0946-2048x1365.jpg 2048w\" sizes=\"auto, (max-width: 300px) 100vw, 300px\" \/><button\n\t\t\tclass=\"lightbox-trigger\"\n\t\t\ttype=\"button\"\n\t\t\taria-haspopup=\"dialog\"\n\t\t\taria-label=\"Enlarge\"\n\t\t\tdata-wp-init=\"callbacks.initTriggerButton\"\n\t\t\tdata-wp-on--click=\"actions.showLightbox\"\n\t\t\tdata-wp-style--right=\"state.imageButtonRight\"\n\t\t\tdata-wp-style--top=\"state.imageButtonTop\"\n\t\t>\n\t\t\t<svg xmlns=\"http:\/\/www.w3.org\/2000\/svg\" width=\"12\" height=\"12\" fill=\"none\" viewbox=\"0 0 12 12\">\n\t\t\t\t<path fill=\"#fff\" d=\"M2 0a2 2 0 0 0-2 2v2h1.5V2a.5.5 0 0 1 .5-.5h2V0H2Zm2 10.5H2a.5.5 0 0 1-.5-.5V8H0v2a2 2 0 0 0 2 2h2v-1.5ZM8 12v-1.5h2a.5.5 0 0 0 .5-.5V8H12v2a2 2 0 0 1-2 2H8Zm2-12a2 2 0 0 1 2 2v2h-1.5V2a.5.5 0 0 0-.5-.5H8V0h2Z\" \/>\n\t\t\t<\/svg>\n\t\t<\/button><\/figure>\n<\/div>\n\n\n\n<div class=\"wp-block-column is-layout-flow wp-block-column-is-layout-flow\">\n<h3 class=\"wp-block-heading has-text-align-center\">Animal cause<\/h3>\n\n\n\n<p class=\"has-text-align-center\">Above all, animals are living beings that we respect in our community.<\/p>\n\n\n\n<div class=\"wp-block-buttons is-content-justification-center is-layout-flex wp-container-core-buttons-is-layout-a89b3969 wp-block-buttons-is-layout-flex\">\n<div class=\"wp-block-button\"><a class=\"wp-block-button__link wp-element-button\" href=\"https:\/\/www.chatipi.fr\/chatipi\/chatipi-de-villeneuve-les-beziers\/\" target=\"_blank\" rel=\"noopener noreferrer nofollow\">Chatipi<\/a><\/div>\n<\/div>\n\n\n\n<figure data-wp-context=\"{&quot;imageId&quot;:&quot;69f46d946d9db&quot;}\" data-wp-interactive=\"core\/image\" data-wp-key=\"69f46d946d9db\" class=\"wp-block-image aligncenter size-medium wp-lightbox-container\"><img loading=\"lazy\" decoding=\"async\" width=\"300\" height=\"200\" data-wp-class--hide=\"state.isContentHidden\" data-wp-class--show=\"state.isContentVisible\" data-wp-init=\"callbacks.setButtonStyles\" data-wp-on--click=\"actions.showLightbox\" data-wp-on--load=\"callbacks.setButtonStyles\" data-wp-on-window--resize=\"callbacks.setButtonStyles\" src=\"https:\/\/www.villeneuve-les-beziers.fr\/wp-content\/uploads\/2022\/10\/profil_chatipi-300x200.jpg\" alt=\"\" class=\"wp-image-16450\" srcset=\"https:\/\/www.villeneuve-les-beziers.fr\/wp-content\/uploads\/2022\/10\/profil_chatipi-300x200.jpg 300w, https:\/\/www.villeneuve-les-beziers.fr\/wp-content\/uploads\/2022\/10\/profil_chatipi-768x513.jpg 768w, https:\/\/www.villeneuve-les-beziers.fr\/wp-content\/uploads\/2022\/10\/profil_chatipi-391x260.jpg 391w, https:\/\/www.villeneuve-les-beziers.fr\/wp-content\/uploads\/2022\/10\/profil_chatipi.jpg 898w\" sizes=\"auto, (max-width: 300px) 100vw, 300px\" \/><button\n\t\t\tclass=\"lightbox-trigger\"\n\t\t\ttype=\"button\"\n\t\t\taria-haspopup=\"dialog\"\n\t\t\taria-label=\"Enlarge\"\n\t\t\tdata-wp-init=\"callbacks.initTriggerButton\"\n\t\t\tdata-wp-on--click=\"actions.showLightbox\"\n\t\t\tdata-wp-style--right=\"state.imageButtonRight\"\n\t\t\tdata-wp-style--top=\"state.imageButtonTop\"\n\t\t>\n\t\t\t<svg xmlns=\"http:\/\/www.w3.org\/2000\/svg\" width=\"12\" height=\"12\" fill=\"none\" viewbox=\"0 0 12 12\">\n\t\t\t\t<path fill=\"#fff\" d=\"M2 0a2 2 0 0 0-2 2v2h1.5V2a.5.5 0 0 1 .5-.5h2V0H2Zm2 10.5H2a.5.5 0 0 1-.5-.5V8H0v2a2 2 0 0 0 2 2h2v-1.5ZM8 12v-1.5h2a.5.5 0 0 0 .5-.5V8H12v2a2 2 0 0 1-2 2H8Zm2-12a2 2 0 0 1 2 2v2h-1.5V2a.5.5 0 0 0-.5-.5H8V0h2Z\" \/>\n\t\t\t<\/svg>\n\t\t<\/button><\/figure>\n<\/div>\n<\/div>\n<\/div><\/div>\n\n\n\n<p class=\"has-text-align-left\">See also :<\/p>\n\n\n\n<figure class=\"wp-block-embed is-type-wp-embed is-provider-villeneuve-l-s-b-ziers wp-block-embed-villeneuve-l-s-b-ziers\"><div class=\"wp-block-embed__wrapper\">\n<blockquote class=\"wp-embedded-content\" data-secret=\"rcouCYrpue\"><a href=\"https:\/\/www.villeneuve-les-beziers.fr\/en\/practical-life\/security\/environmental-brigade\/\">Environmental Brigade<\/a><\/blockquote><iframe loading=\"lazy\" class=\"wp-embedded-content\" sandbox=\"allow-scripts\" security=\"restricted\" style=\"position: absolute; visibility: hidden;\" title=\"&quot;Environmental Brigade - Villeneuve-l\u00e8s-B\u00e9ziers\" src=\"https:\/\/www.villeneuve-les-beziers.fr\/vie-pratique\/securite\/brigade-environnementale\/embed\/#?secret=oBeVdp2Xrb#?secret=rcouCYrpue\" data-secret=\"rcouCYrpue\" width=\"500\" height=\"282\" frameborder=\"0\" marginwidth=\"0\" marginheight=\"0\" scrolling=\"no\"><\/iframe>\n<\/div><\/figure>\n\n\n\n<h2 class=\"wp-block-heading\">Technical Services<\/h2>\n\n\n\n<p>This department is made up of agents who are spread throughout the community, working to maintain the communal heritage and carry out work on buildings and public spaces. Their tasks are divided into four main areas:&nbsp;<\/p>\n\n\n\n<ul class=\"wp-block-list\">\n<li>The road network<\/li>\n\n\n\n<li>Green spaces<\/li>\n\n\n\n<li>Communal establishments<\/li>\n\n\n\n<li>The animal cause<\/li>\n<\/ul>\n\n\n\n<div class=\"wp-block-columns is-layout-flex wp-container-core-columns-is-layout-0884d4d2 wp-block-columns-is-layout-flex\" style=\"margin-top:var(--wp--preset--spacing--50);margin-bottom:var(--wp--preset--spacing--50)\">\n<div class=\"wp-block-column is-layout-flow wp-block-column-is-layout-flow\">\n<h3 class=\"wp-block-heading\">Contacts<\/h3>\n\n\n\n<p><a href=\"callto:04 67 39 48 52\">04 67 39 48 52<\/a><\/p>\n\n\n\n<p>On-call duty <a href=\"callto:06 20 50 49 47\">06 20 50 49 47<\/a><\/p>\n\n\n\n<p><a href=\"mailto:sec.techniques@villeneuve-les-beziers.fr\" target=\"_blank\" rel=\"noreferrer noopener\">sec.techniques@villeneuve-les-beziers.fr<\/a><\/p>\n<\/div>\n\n\n\n<div class=\"wp-block-column is-layout-flow wp-block-column-is-layout-flow\">\n<h3 class=\"wp-block-heading\">Address<\/h3>\n\n\n\n<p class=\"has-text-align-left\">Rue de l'Abattoir<br>34420 Villeneuve-L\u00e8s-B\u00e9ziers: Open from 8am to 12pm and from 1.30pm to 5pm<br>Monday to Friday<\/p>\n<\/div>\n<\/div>\n\n\n\n<div class=\"wp-block-group is-nowrap is-layout-flex wp-container-core-group-is-layout-6c531013 wp-block-group-is-layout-flex\">\n<figure class=\"wp-block-image size-full\"><img loading=\"lazy\" decoding=\"async\" width=\"210\" height=\"297\" src=\"https:\/\/www.villeneuve-les-beziers.fr\/wp-content\/uploads\/2024\/11\/cerfavoirie.jpg\" alt=\"\" class=\"wp-image-18961\"\/><\/figure>\n\n\n\n<div class=\"wp-block-group is-vertical is-layout-flex wp-container-core-group-is-layout-fe9cc265 wp-block-group-is-layout-flex\">\n<p><a href=\"https:\/\/entreprendre.service-public.fr\/vosdroits\/R17000\" target=\"_blank\" rel=\"noopener noreferrer nofollow\"><strong>Road or parking permits<\/strong><\/a><\/p>\n\n\n\n<p>To obtain a road or parking permit to carry out work on the public highway or temporarily occupy the public road domain.<\/p>\n<\/div>\n<\/div>","protected":false},"excerpt":{"rendered":"<p>Environnement La commune s&rsquo;engage \u00e0 d\u00e9livrer une ambiance de vie propice et agr\u00e9able pour tous. Voir aussi : Services Technique P\u00f4le compos\u00e9 d&rsquo;agents qui sont r\u00e9parti sur toute la collectivit\u00e9 \u0153uvrant pour l\u2019entretien du patrimoine communal, la r\u00e9alisation de travaux sur les b\u00e2timents ou les espaces publics. Leurs missions sont r\u00e9parties en quatre grands points [&hellip;]<\/p>\n","protected":false},"author":1,"featured_media":9418,"parent":7284,"menu_order":0,"comment_status":"closed","ping_status":"closed","template":"","meta":{"footnotes":""},"class_list":["post-12874","page","type-page","status-publish","has-post-thumbnail","hentry"],"_links":{"self":[{"href":"https:\/\/www.villeneuve-les-beziers.fr\/en\/wp-json\/wp\/v2\/pages\/12874","targetHints":{"allow":["GET"]}}],"collection":[{"href":"https:\/\/www.villeneuve-les-beziers.fr\/en\/wp-json\/wp\/v2\/pages"}],"about":[{"href":"https:\/\/www.villeneuve-les-beziers.fr\/en\/wp-json\/wp\/v2\/types\/page"}],"author":[{"embeddable":true,"href":"https:\/\/www.villeneuve-les-beziers.fr\/en\/wp-json\/wp\/v2\/users\/1"}],"replies":[{"embeddable":true,"href":"https:\/\/www.villeneuve-les-beziers.fr\/en\/wp-json\/wp\/v2\/comments?post=12874"}],"version-history":[{"count":3,"href":"https:\/\/www.villeneuve-les-beziers.fr\/en\/wp-json\/wp\/v2\/pages\/12874\/revisions"}],"predecessor-version":[{"id":19808,"href":"https:\/\/www.villeneuve-les-beziers.fr\/en\/wp-json\/wp\/v2\/pages\/12874\/revisions\/19808"}],"up":[{"embeddable":true,"href":"https:\/\/www.villeneuve-les-beziers.fr\/en\/wp-json\/wp\/v2\/pages\/7284"}],"wp:featuredmedia":[{"embeddable":true,"href":"https:\/\/www.villeneuve-les-beziers.fr\/en\/wp-json\/wp\/v2\/media\/9418"}],"wp:attachment":[{"href":"https:\/\/www.villeneuve-les-beziers.fr\/en\/wp-json\/wp\/v2\/media?parent=12874"}],"curies":[{"name":"wp","href":"https:\/\/api.w.org\/{rel}","templated":true}]}}