{"id":13106,"date":"2022-05-19T11:25:40","date_gmt":"2022-05-19T09:25:40","guid":{"rendered":"https:\/\/www.villeneuve-les-beziers.fr\/?page_id=13106"},"modified":"2024-11-26T15:28:01","modified_gmt":"2024-11-26T14:28:01","slug":"children-and-youth-department","status":"publish","type":"page","link":"https:\/\/www.villeneuve-les-beziers.fr\/en\/ma-mairie\/les-services\/service-enfance-jeunesse\/","title":{"rendered":"Child and Youth Services"},"content":{"rendered":"<p class=\"has-text-align-left\">The Child and Youth Services Department welcomes all enquiries about registering your children for after-school and extra-curricular services.<\/p>\n\n\n\n<h2 class=\"wp-block-heading\">Contacts<\/h2>\n\n\n\n<div class=\"wp-block-group is-nowrap is-layout-flex wp-container-core-group-is-layout-6c531013 wp-block-group-is-layout-flex\">\n<p><a href=\"callto:04 67 39 39 59\">04 67 39 39 59<\/a><\/p>\n\n\n\n<p><a href=\"mailto:alsh@villeneuve-les-beziers.fr\" target=\"_blank\" rel=\"noreferrer noopener\">alsh@villeneuve-les-beziers.fr<\/a><\/p>\n<\/div>\n\n\n\n<h2 class=\"wp-block-heading\">Address<\/h2>\n\n\n\n<p class=\"has-text-align-left\">Rue des Lilas<br>34420 Villeneuve-L\u00e8s-B\u00e9ziers<\/p>\n\n\n\n<p>See also :<\/p>\n\n\n\n<figure class=\"wp-block-embed is-type-wp-embed is-provider-villeneuve-l-s-b-ziers wp-block-embed-villeneuve-l-s-b-ziers\"><div class=\"wp-block-embed__wrapper\">\n<blockquote class=\"wp-embedded-content\" data-secret=\"IUYHD5doat\"><a href=\"https:\/\/www.villeneuve-les-beziers.fr\/en\/my-daily-life\/childhood-youth\/leisure-centre-without-accommodation\/\">Non-accommodated leisure activities (ALSH)<\/a><\/blockquote><iframe loading=\"lazy\" class=\"wp-embedded-content\" sandbox=\"allow-scripts\" security=\"restricted\" style=\"position: absolute; visibility: hidden;\" title=\"\u00abAccueil de Loisirs Sans H\u00e9bergement (ALSH) - Villeneuve-l\u00e8s-B\u00e9ziers\" src=\"https:\/\/www.villeneuve-les-beziers.fr\/mon-quotidien\/enfance-jeunesse\/accueil-de-loisirs-sans-hebergement\/embed\/#?secret=HmYMb7b5OZ#?secret=IUYHD5doat\" data-secret=\"IUYHD5doat\" width=\"500\" height=\"282\" frameborder=\"0\" marginwidth=\"0\" marginheight=\"0\" scrolling=\"no\"><\/iframe>\n<\/div><\/figure>","protected":false},"excerpt":{"rendered":"<p>The Child and Youth Services Department will be happy to provide you with all the information you need to register your children for after-school and extra-curricular services. Contacts 04 67 39 39 59 alsh@villeneuve-les-beziers.fr Address Rue des Lilas34420 Villeneuve-L\u00e8s-B\u00e9ziers See also :<\/p>","protected":false},"author":1,"featured_media":15028,"parent":7284,"menu_order":0,"comment_status":"closed","ping_status":"closed","template":"","meta":{"footnotes":""},"class_list":["post-13106","page","type-page","status-publish","has-post-thumbnail","hentry"],"_links":{"self":[{"href":"https:\/\/www.villeneuve-les-beziers.fr\/en\/wp-json\/wp\/v2\/pages\/13106","targetHints":{"allow":["GET"]}}],"collection":[{"href":"https:\/\/www.villeneuve-les-beziers.fr\/en\/wp-json\/wp\/v2\/pages"}],"about":[{"href":"https:\/\/www.villeneuve-les-beziers.fr\/en\/wp-json\/wp\/v2\/types\/page"}],"author":[{"embeddable":true,"href":"https:\/\/www.villeneuve-les-beziers.fr\/en\/wp-json\/wp\/v2\/users\/1"}],"replies":[{"embeddable":true,"href":"https:\/\/www.villeneuve-les-beziers.fr\/en\/wp-json\/wp\/v2\/comments?post=13106"}],"version-history":[{"count":4,"href":"https:\/\/www.villeneuve-les-beziers.fr\/en\/wp-json\/wp\/v2\/pages\/13106\/revisions"}],"predecessor-version":[{"id":20550,"href":"https:\/\/www.villeneuve-les-beziers.fr\/en\/wp-json\/wp\/v2\/pages\/13106\/revisions\/20550"}],"up":[{"embeddable":true,"href":"https:\/\/www.villeneuve-les-beziers.fr\/en\/wp-json\/wp\/v2\/pages\/7284"}],"wp:featuredmedia":[{"embeddable":true,"href":"https:\/\/www.villeneuve-les-beziers.fr\/en\/wp-json\/wp\/v2\/media\/15028"}],"wp:attachment":[{"href":"https:\/\/www.villeneuve-les-beziers.fr\/en\/wp-json\/wp\/v2\/media?parent=13106"}],"curies":[{"name":"wp","href":"https:\/\/api.w.org\/{rel}","templated":true}]}}