{"id":1461,"date":"2019-04-19T14:05:48","date_gmt":"2019-04-19T12:05:48","guid":{"rendered":"http:\/\/localhost\/?page_id=1461"},"modified":"2026-02-12T18:58:51","modified_gmt":"2026-02-12T17:58:51","slug":"legal-information","status":"publish","type":"page","link":"https:\/\/www.villeneuve-les-beziers.fr\/en\/mentions-legales\/","title":{"rendered":"Legal information"},"content":{"rendered":"<h1 class=\"wp-block-heading\">Legal information<\/h1>\n\n\n\n<h2 class=\"wp-block-heading\">Site publisher<\/h2>\n\n\n\n<p>This is the official website of the town of Villeneuve-l\u00e8s-B\u00e9ziers.<\/p>\n\n\n\n<p>Town of Villeneuve-l\u00e8s-B\u00e9ziers<br>Town Hall<br>1 rue de la Marianne<br>34420 Villeneuve-l\u00e8s-B\u00e9ziers<br>Tel.: 04 67 39 47 80<br>Email : <a href=\"mailto:mairie@villeneuve-les-beziers.fr\">mairie@villeneuve-les-beziers.fr<\/a><br>Site : <a href=\"http:\/\/www.villeneuve-les-beziers.fr\/en\/\" target=\"_blank\" rel=\"noopener noreferrer nofollow\">www.villeneuve-les-beziers.fr<\/a><\/p>\n\n\n\n<hr class=\"wp-block-separator has-alpha-channel-opacity\"\/>\n\n\n\n<h2 class=\"wp-block-heading\">Director of publication<\/h2>\n\n\n\n<p>Fabrice SOLANS<br>Mayor of Villeneuve-l\u00e8s-B\u00e9ziers<\/p>\n\n\n\n<hr class=\"wp-block-separator has-alpha-channel-opacity\"\/>\n\n\n\n<h2 class=\"wp-block-heading\">Design and production<\/h2>\n\n\n\n<p><a href=\"https:\/\/www.lrob.fr\/\" target=\"_blank\" rel=\"noopener noreferrer nofollow\">Robin LABADIE - LRob.fr<br><\/a>With the participation of the departments of the town of Villeneuve-l\u00e8s-B\u00e9ziers and Mr Delpy, MMI trainee from the IUT in B\u00e9ziers.<\/p>\n\n\n\n<hr class=\"wp-block-separator has-alpha-channel-opacity\"\/>\n\n\n\n<h2 class=\"wp-block-heading\">Hosting<\/h2>\n\n\n\n<p>LRob - Web hosting specialist in WordPress<br>Sole trader - RCS 528 479 736<br>1 rue Pierre Chevaldonn\u00e9<br>45000 Orl\u00e9ans<br>Tel: 02 21 82 78 27<br>Contact: <a href=\"mailto:abuse@lrob.net\">abuse@lrob.net<\/a><br>Site : <a href=\"https:\/\/www.lrob.fr\/contact\/\" target=\"_blank\" rel=\"noopener noreferrer nofollow\">https:\/\/www.lrob.fr\/contact\/<\/a><\/p>\n\n\n\n<hr class=\"wp-block-separator has-alpha-channel-opacity\"\/>\n\n\n\n<h2 class=\"wp-block-heading\">Personal data<\/h2>\n\n\n\n<p>The City of Villeneuve-l\u00e8s-B\u00e9ziers undertakes to ensure that the collection and processing of your data, carried out from this site, complies with the General Data Protection Regulation (RGPD) and the French Data Protection Act.<\/p>\n\n\n\n<p>For all information on how we manage your personal data, please consult the dedicated page:<\/p>\n\n\n\n<p>Privacy policy.<\/p>\n\n\n\n<hr class=\"wp-block-separator has-alpha-channel-opacity\"\/>\n\n\n\n<h2 class=\"wp-block-heading\">Cookies<\/h2>\n\n\n\n<p>The site may use cookies to ensure the smooth operation of the services offered, the display of external content and the production of anonymous visitor statistics.<\/p>\n\n\n\n<p>To find out more or manage your preferences, go to :<\/p>\n\n\n\n<p>Cookie policy.<\/p>\n\n\n\n<hr class=\"wp-block-separator has-alpha-channel-opacity\"\/>\n\n\n\n<h2 class=\"wp-block-heading\">Intellectual property<\/h2>\n\n\n\n<p>All content on the site <a href=\"http:\/\/www.villeneuve-les-beziers.fr\/en\/\" target=\"_blank\" rel=\"noopener noreferrer nofollow\">www.villeneuve-les-beziers.fr<\/a> (text, photographs, videos, graphics, logos, illustrations, etc.) is protected by copyright and intellectual property law.<\/p>\n\n\n\n<p>Unless otherwise stated, this content is the property of the City of Villeneuve-l\u00e8s-B\u00e9ziers.<\/p>\n\n\n\n<p>Any reproduction, representation, modification, publication or adaptation, in whole or in part, of these elements, by whatever means or process, is prohibited without prior authorisation.<\/p>\n\n\n\n<p>Requests for use should be addressed to the Town Hall.<\/p>\n\n\n\n<hr class=\"wp-block-separator has-alpha-channel-opacity\"\/>\n\n\n\n<h2 class=\"wp-block-heading\">Credits<\/h2>\n\n\n\n<p>Sources: City of Villeneuve-l\u00e8s-B\u00e9ziers<br>Photographic credits: City Communications Department<\/p>\n\n\n\n<hr class=\"wp-block-separator has-alpha-channel-opacity\"\/>\n\n\n\n<h2 class=\"wp-block-heading\">Liability<\/h2>\n\n\n\n<p>The City of Villeneuve-l\u00e8s-B\u00e9ziers makes every effort to ensure that the information published on this site is accurate and up-to-date.<\/p>\n\n\n\n<p>However, errors or omissions may occur. The user is invited to check the accuracy of the information with the municipal services.<\/p>\n\n\n\n<p>The commune cannot be held responsible for the use made of the information published on this site.<\/p>\n\n\n\n<hr class=\"wp-block-separator has-alpha-channel-opacity\"\/>\n\n\n\n<h2 class=\"wp-block-heading\">Hypertext links<\/h2>\n\n\n\n<p>The site may provide links to other public or private sites.<\/p>\n\n\n\n<p>The City of Villeneuve-l\u00e8s-B\u00e9ziers cannot be held responsible for the content of these third-party sites or for any use that may be made of them.<\/p>\n\n\n\n<p>Setting up links to the site <a href=\"http:\/\/www.villeneuve-les-beziers.fr\/en\/\" target=\"_blank\" rel=\"noopener noreferrer nofollow\">www.villeneuve-les-beziers.fr<\/a> is authorised without prior request, provided that it does not damage the image of the community.<\/p>\n\n\n\n<hr class=\"wp-block-separator has-alpha-channel-opacity\"\/>\n\n\n\n<h2 class=\"wp-block-heading\">Accessibility<\/h2>\n\n\n\n<p>The City of Villeneuve-l\u00e8s-B\u00e9ziers undertakes to make its website accessible in accordance with the R\u00e9f\u00e9rentiel G\u00e9n\u00e9ral d'Am\u00e9lioration de l'Accessibilit\u00e9 (RGAA).<\/p>\n\n\n\n<p>The declaration of accessibility and the multi-annual accessibility plan can be consulted on the website.<\/p>\n\n\n\n<hr class=\"wp-block-separator has-alpha-channel-opacity\"\/>\n\n\n\n<h2 class=\"wp-block-heading\">Applicable law<\/h2>\n\n\n\n<p>This site is governed by French and international copyright and intellectual property law.<\/p>\n\n\n\n<p>Any dispute relating to the use of the site is subject to French law.<\/p>","protected":false},"excerpt":{"rendered":"<p>Mentions l\u00e9gales \u00c9diteur du site Le pr\u00e9sent site est le site officiel de la Ville de Villeneuve-l\u00e8s-B\u00e9ziers. Ville de Villeneuve-l\u00e8s-B\u00e9ziersH\u00f4tel de Ville1 rue de la Marianne34420 Villeneuve-l\u00e8s-B\u00e9ziersT\u00e9l : 04 67 39 47 80Email : mairie@villeneuve-les-beziers.frSite : www.villeneuve-les-beziers.fr Directeur de publication Fabrice SOLANSMaire de Villeneuve-l\u00e8s-B\u00e9ziers Conception et r\u00e9alisation Robin LABADIE \u2013 LRob.frAvec la participation des services [&hellip;]<\/p>\n","protected":false},"author":1,"featured_media":19689,"parent":0,"menu_order":0,"comment_status":"closed","ping_status":"closed","template":"","meta":{"footnotes":""},"class_list":["post-1461","page","type-page","status-publish","has-post-thumbnail","hentry"],"_links":{"self":[{"href":"https:\/\/www.villeneuve-les-beziers.fr\/en\/wp-json\/wp\/v2\/pages\/1461","targetHints":{"allow":["GET"]}}],"collection":[{"href":"https:\/\/www.villeneuve-les-beziers.fr\/en\/wp-json\/wp\/v2\/pages"}],"about":[{"href":"https:\/\/www.villeneuve-les-beziers.fr\/en\/wp-json\/wp\/v2\/types\/page"}],"author":[{"embeddable":true,"href":"https:\/\/www.villeneuve-les-beziers.fr\/en\/wp-json\/wp\/v2\/users\/1"}],"replies":[{"embeddable":true,"href":"https:\/\/www.villeneuve-les-beziers.fr\/en\/wp-json\/wp\/v2\/comments?post=1461"}],"version-history":[{"count":8,"href":"https:\/\/www.villeneuve-les-beziers.fr\/en\/wp-json\/wp\/v2\/pages\/1461\/revisions"}],"predecessor-version":[{"id":20610,"href":"https:\/\/www.villeneuve-les-beziers.fr\/en\/wp-json\/wp\/v2\/pages\/1461\/revisions\/20610"}],"wp:featuredmedia":[{"embeddable":true,"href":"https:\/\/www.villeneuve-les-beziers.fr\/en\/wp-json\/wp\/v2\/media\/19689"}],"wp:attachment":[{"href":"https:\/\/www.villeneuve-les-beziers.fr\/en\/wp-json\/wp\/v2\/media?parent=1461"}],"curies":[{"name":"wp","href":"https:\/\/api.w.org\/{rel}","templated":true}]}}