{"id":19566,"date":"2024-11-26T15:10:03","date_gmt":"2024-11-26T14:10:03","guid":{"rendered":"https:\/\/villeneuve.dev.lrob.net\/?page_id=19566"},"modified":"2024-12-14T04:02:09","modified_gmt":"2024-12-14T03:02:09","slug":"coming-to-villeneuve-les-beziers","status":"publish","type":"page","link":"https:\/\/www.villeneuve-les-beziers.fr\/en\/decouvrir\/venir-a-villeneuve-les-beziers\/","title":{"rendered":"Coming to Villeneuve-les-B\u00e9ziers"},"content":{"rendered":"<div class=\"wp-block-group alignwide is-style-default has-accent-1-background-color has-background has-global-padding is-layout-constrained wp-container-core-group-is-layout-c87f93b2 wp-block-group-is-layout-constrained\" style=\"border-radius:32px;margin-top:var(--wp--preset--spacing--50);margin-bottom:var(--wp--preset--spacing--50);padding-top:var(--wp--preset--spacing--50);padding-right:var(--wp--preset--spacing--50);padding-bottom:var(--wp--preset--spacing--50);padding-left:var(--wp--preset--spacing--50)\">\n<h2 class=\"wp-block-heading has-text-align-center\">By train<\/h2>\n\n\n\n<p class=\"has-text-align-center\">If you want to come to Villeneuve-les-B\u00e9ziers by train, you have to get off at B\u00e9ziers station.<\/p>\n\n\n\n<div class=\"wp-block-group is-content-justification-center is-nowrap is-layout-flex wp-container-core-group-is-layout-23441af8 wp-block-group-is-layout-flex\">\n<figure data-wp-context=\"{&quot;imageId&quot;:&quot;69fcc0c110678&quot;}\" data-wp-interactive=\"core\/image\" data-wp-key=\"69fcc0c110678\" class=\"wp-block-image size-medium wp-lightbox-container\"><img loading=\"lazy\" decoding=\"async\" width=\"300\" height=\"169\" data-wp-class--hide=\"state.isContentHidden\" data-wp-class--show=\"state.isContentVisible\" data-wp-init=\"callbacks.setButtonStyles\" data-wp-on--click=\"actions.showLightbox\" data-wp-on--load=\"callbacks.setButtonStyles\" data-wp-on-window--resize=\"callbacks.setButtonStyles\" src=\"https:\/\/www.villeneuve-les-beziers.fr\/wp-content\/uploads\/2022\/05\/Train-sncf-300x169.jpg\" alt=\"\" class=\"wp-image-13768\" srcset=\"https:\/\/www.villeneuve-les-beziers.fr\/wp-content\/uploads\/2022\/05\/Train-sncf-300x169.jpg 300w, https:\/\/www.villeneuve-les-beziers.fr\/wp-content\/uploads\/2022\/05\/Train-sncf-150x84.jpg 150w, https:\/\/www.villeneuve-les-beziers.fr\/wp-content\/uploads\/2022\/05\/Train-sncf-24x14.jpg 24w, https:\/\/www.villeneuve-les-beziers.fr\/wp-content\/uploads\/2022\/05\/Train-sncf-36x20.jpg 36w, https:\/\/www.villeneuve-les-beziers.fr\/wp-content\/uploads\/2022\/05\/Train-sncf-48x27.jpg 48w, https:\/\/www.villeneuve-les-beziers.fr\/wp-content\/uploads\/2022\/05\/Train-sncf.jpg 640w\" sizes=\"auto, (max-width: 300px) 100vw, 300px\" \/><button\n\t\t\tclass=\"lightbox-trigger\"\n\t\t\ttype=\"button\"\n\t\t\taria-haspopup=\"dialog\"\n\t\t\taria-label=\"Enlarge\"\n\t\t\tdata-wp-init=\"callbacks.initTriggerButton\"\n\t\t\tdata-wp-on--click=\"actions.showLightbox\"\n\t\t\tdata-wp-style--right=\"state.imageButtonRight\"\n\t\t\tdata-wp-style--top=\"state.imageButtonTop\"\n\t\t>\n\t\t\t<svg xmlns=\"http:\/\/www.w3.org\/2000\/svg\" width=\"12\" height=\"12\" fill=\"none\" viewbox=\"0 0 12 12\">\n\t\t\t\t<path fill=\"#fff\" d=\"M2 0a2 2 0 0 0-2 2v2h1.5V2a.5.5 0 0 1 .5-.5h2V0H2Zm2 10.5H2a.5.5 0 0 1-.5-.5V8H0v2a2 2 0 0 0 2 2h2v-1.5ZM8 12v-1.5h2a.5.5 0 0 0 .5-.5V8H12v2a2 2 0 0 1-2 2H8Zm2-12a2 2 0 0 1 2 2v2h-1.5V2a.5.5 0 0 0-.5-.5H8V0h2Z\" \/>\n\t\t\t<\/svg>\n\t\t<\/button><\/figure>\n\n\n\n<figure data-wp-context=\"{&quot;imageId&quot;:&quot;69fcc0c110858&quot;}\" data-wp-interactive=\"core\/image\" data-wp-key=\"69fcc0c110858\" class=\"wp-block-image size-medium wp-lightbox-container\"><img loading=\"lazy\" decoding=\"async\" width=\"300\" height=\"225\" data-wp-class--hide=\"state.isContentHidden\" data-wp-class--show=\"state.isContentVisible\" data-wp-init=\"callbacks.setButtonStyles\" data-wp-on--click=\"actions.showLightbox\" data-wp-on--load=\"callbacks.setButtonStyles\" data-wp-on-window--resize=\"callbacks.setButtonStyles\" src=\"https:\/\/www.villeneuve-les-beziers.fr\/wp-content\/uploads\/2022\/05\/entree_de_gare-300x225.jpg\" alt=\"\" class=\"wp-image-13776\" srcset=\"https:\/\/www.villeneuve-les-beziers.fr\/wp-content\/uploads\/2022\/05\/entree_de_gare-300x225.jpg 300w, https:\/\/www.villeneuve-les-beziers.fr\/wp-content\/uploads\/2022\/05\/entree_de_gare-1024x768.jpg 1024w, https:\/\/www.villeneuve-les-beziers.fr\/wp-content\/uploads\/2022\/05\/entree_de_gare-768x576.jpg 768w, https:\/\/www.villeneuve-les-beziers.fr\/wp-content\/uploads\/2022\/05\/entree_de_gare-24x18.jpg 24w, https:\/\/www.villeneuve-les-beziers.fr\/wp-content\/uploads\/2022\/05\/entree_de_gare-36x27.jpg 36w, https:\/\/www.villeneuve-les-beziers.fr\/wp-content\/uploads\/2022\/05\/entree_de_gare-48x36.jpg 48w, https:\/\/www.villeneuve-les-beziers.fr\/wp-content\/uploads\/2022\/05\/entree_de_gare.jpg 1280w\" sizes=\"auto, (max-width: 300px) 100vw, 300px\" \/><button\n\t\t\tclass=\"lightbox-trigger\"\n\t\t\ttype=\"button\"\n\t\t\taria-haspopup=\"dialog\"\n\t\t\taria-label=\"Enlarge\"\n\t\t\tdata-wp-init=\"callbacks.initTriggerButton\"\n\t\t\tdata-wp-on--click=\"actions.showLightbox\"\n\t\t\tdata-wp-style--right=\"state.imageButtonRight\"\n\t\t\tdata-wp-style--top=\"state.imageButtonTop\"\n\t\t>\n\t\t\t<svg xmlns=\"http:\/\/www.w3.org\/2000\/svg\" width=\"12\" height=\"12\" fill=\"none\" viewbox=\"0 0 12 12\">\n\t\t\t\t<path fill=\"#fff\" d=\"M2 0a2 2 0 0 0-2 2v2h1.5V2a.5.5 0 0 1 .5-.5h2V0H2Zm2 10.5H2a.5.5 0 0 1-.5-.5V8H0v2a2 2 0 0 0 2 2h2v-1.5ZM8 12v-1.5h2a.5.5 0 0 0 .5-.5V8H12v2a2 2 0 0 1-2 2H8Zm2-12a2 2 0 0 1 2 2v2h-1.5V2a.5.5 0 0 0-.5-.5H8V0h2Z\" \/>\n\t\t\t<\/svg>\n\t\t<\/button><\/figure>\n<\/div>\n\n\n\n<div class=\"wp-block-columns alignwide is-layout-flex wp-container-core-columns-is-layout-28f84493 wp-block-columns-is-layout-flex\">\n<div class=\"wp-block-column is-layout-flow wp-block-column-is-layout-flow\">\n<iframe src=\"https:\/\/www.google.com\/maps\/embed?pb=!1m14!1m8!1m3!1d2901.947960981487!2d3.218919!3d43.336278!3m2!1i1024!2i768!4f13.1!3m3!1m2!1s0x12b10e1ac3a298bb%3A0x3c604a7f1e78784d!2zQsOpemllcnM!5e0!3m2!1sfr!2sus!4v1732575329235!5m2!1sfr!2sus\" width=\"100%\" height=\"450\" style=\"border:0;\" allowfullscreen=\"\" loading=\"lazy\" referrerpolicy=\"no-referrer-when-downgrade\"><\/iframe>\n<\/div>\n\n\n\n<div class=\"wp-block-column is-layout-flow wp-block-column-is-layout-flow\">\n<iframe loading=\"lazy\" src=\"https:\/\/www.google.com\/maps\/d\/embed?mid=1mfqLi1OL1rjMty9Qx3DjSFK7U8Yp32A&#038;ehbc=2E312F\" width=\"100%\" height=\"450\"><\/iframe>\n<\/div>\n<\/div>\n<\/div>\n\n\n\n<div class=\"wp-block-group is-style-section-1 has-global-padding is-layout-constrained wp-container-core-group-is-layout-0fee7581 wp-block-group-is-layout-constrained is-style-section-1--1\" style=\"border-radius:32px;padding-top:var(--wp--preset--spacing--50);padding-right:var(--wp--preset--spacing--50);padding-bottom:var(--wp--preset--spacing--50);padding-left:var(--wp--preset--spacing--50)\">\n<h2 class=\"wp-block-heading has-text-align-center\">By road<\/h2>\n\n\n\n<figure data-wp-context=\"{&quot;imageId&quot;:&quot;69fcc0c111954&quot;}\" data-wp-interactive=\"core\/image\" data-wp-key=\"69fcc0c111954\" class=\"wp-block-image aligncenter size-medium wp-lightbox-container\"><img loading=\"lazy\" decoding=\"async\" width=\"300\" height=\"169\" data-wp-class--hide=\"state.isContentHidden\" data-wp-class--show=\"state.isContentVisible\" data-wp-init=\"callbacks.setButtonStyles\" data-wp-on--click=\"actions.showLightbox\" data-wp-on--load=\"callbacks.setButtonStyles\" data-wp-on-window--resize=\"callbacks.setButtonStyles\" src=\"https:\/\/www.villeneuve-les-beziers.fr\/wp-content\/uploads\/2022\/05\/par-la-route-300x169.png\" alt=\"\" class=\"wp-image-13748\" srcset=\"https:\/\/www.villeneuve-les-beziers.fr\/wp-content\/uploads\/2022\/05\/par-la-route-300x169.png 300w, https:\/\/www.villeneuve-les-beziers.fr\/wp-content\/uploads\/2022\/05\/par-la-route-768x432.png 768w, https:\/\/www.villeneuve-les-beziers.fr\/wp-content\/uploads\/2022\/05\/par-la-route-800x450.png 800w, https:\/\/www.villeneuve-les-beziers.fr\/wp-content\/uploads\/2022\/05\/par-la-route-24x13.png 24w, https:\/\/www.villeneuve-les-beziers.fr\/wp-content\/uploads\/2022\/05\/par-la-route-36x20.png 36w, https:\/\/www.villeneuve-les-beziers.fr\/wp-content\/uploads\/2022\/05\/par-la-route-48x27.png 48w, https:\/\/www.villeneuve-les-beziers.fr\/wp-content\/uploads\/2022\/05\/par-la-route.png 980w\" sizes=\"auto, (max-width: 300px) 100vw, 300px\" \/><button\n\t\t\tclass=\"lightbox-trigger\"\n\t\t\ttype=\"button\"\n\t\t\taria-haspopup=\"dialog\"\n\t\t\taria-label=\"Enlarge\"\n\t\t\tdata-wp-init=\"callbacks.initTriggerButton\"\n\t\t\tdata-wp-on--click=\"actions.showLightbox\"\n\t\t\tdata-wp-style--right=\"state.imageButtonRight\"\n\t\t\tdata-wp-style--top=\"state.imageButtonTop\"\n\t\t>\n\t\t\t<svg xmlns=\"http:\/\/www.w3.org\/2000\/svg\" width=\"12\" height=\"12\" fill=\"none\" viewbox=\"0 0 12 12\">\n\t\t\t\t<path fill=\"#fff\" d=\"M2 0a2 2 0 0 0-2 2v2h1.5V2a.5.5 0 0 1 .5-.5h2V0H2Zm2 10.5H2a.5.5 0 0 1-.5-.5V8H0v2a2 2 0 0 0 2 2h2v-1.5ZM8 12v-1.5h2a.5.5 0 0 0 .5-.5V8H12v2a2 2 0 0 1-2 2H8Zm2-12a2 2 0 0 1 2 2v2h-1.5V2a.5.5 0 0 0-.5-.5H8V0h2Z\" \/>\n\t\t\t<\/svg>\n\t\t<\/button><\/figure>\n\n\n\n<div class=\"wp-block-columns is-layout-flex wp-container-core-columns-is-layout-28f84493 wp-block-columns-is-layout-flex\">\n<div class=\"wp-block-column is-layout-flow wp-block-column-is-layout-flow\">\n<h3 class=\"wp-block-heading\">Motorways<\/h3>\n\n\n\n<h4 class=\"wp-block-heading\">A9 motorway<\/h4>\n\n\n\n<p>The A9 motorway links Orange to Perpignan, via N\u00eemes, Montpellier, B\u00e9ziers and Narbonne. It ends at the Spanish border, at Le Perthus. The A9 is the main route between France and Spain, and is 280 kilometres long.<\/p>\n\n\n\n<h4 class=\"wp-block-heading\">A75 motorway<\/h4>\n\n\n\n<p>The M\u00e9ridienne A75, or the fastest and cheapest motorway from the north to the south of France, offers you a unique journey to the heart of the Massif Central. Here you'll find information on rest and service areas, stopover villages and tourist attractions close to Route 75. Enjoy your journey on the M\u00e9ridienne!<\/p>\n<\/div>\n\n\n\n<div class=\"wp-block-column is-layout-flow wp-block-column-is-layout-flow\">\n<h3 class=\"wp-block-heading\">Departmental<\/h3>\n\n\n\n<p>The commune is served by a number of departmental roads.<\/p>\n\n\n\n<p>Here is the list:&nbsp;<\/p>\n\n\n\n<ul class=\"wp-block-list\">\n<li>D612<\/li>\n\n\n\n<li>D64<\/li>\n\n\n\n<li>D37<\/li>\n<\/ul>\n<\/div>\n\n\n\n<div class=\"wp-block-column is-layout-flow wp-block-column-is-layout-flow\">\n<h3 class=\"wp-block-heading\">Bus<\/h3>\n\n\n\n<p>The commune is served by two inter-city bus routes.&nbsp;<\/p>\n\n\n\n<p>Line 3 from B\u00e9ziers to Valras-Plage<\/p>\n\n\n\n<p>Line 6 from B\u00e9ziers to Cers<\/p>\n\n\n\n<p>Line 13 from B\u00e9ziers to Cers<\/p>\n\n\n\n<p>Route 651 from Portiragnes Plage to B\u00e9ziers<\/p>\n\n\n\n<div class=\"wp-block-buttons is-layout-flex wp-block-buttons-is-layout-flex\">\n<div class=\"wp-block-button\"><a class=\"wp-block-button__link wp-element-button\" href=\"https:\/\/www.villeneuve-les-beziers.fr\/wp-content\/uploads\/2021\/09\/L3web2.pdf\">Line 3<\/a><\/div>\n\n\n\n<div class=\"wp-block-button\"><a class=\"wp-block-button__link wp-element-button\" href=\"https:\/\/www.villeneuve-les-beziers.fr\/wp-content\/uploads\/2021\/09\/L6-Web-1.pdf\">Line 6<\/a><\/div>\n\n\n\n<div class=\"wp-block-button\"><a class=\"wp-block-button__link wp-element-button\" href=\"https:\/\/www.villeneuve-les-beziers.fr\/wp-content\/uploads\/2021\/09\/L13-Web.pdf\">Line 13<\/a><\/div>\n\n\n\n<div class=\"wp-block-button\"><a class=\"wp-block-button__link wp-element-button\" href=\"http:\/\/www.villeneuve-les-beziers.fr\/wp-content\/uploads\/2019\/09\/plan_horaires651.pdf\" target=\"_blank\" rel=\"noopener noreferrer nofollow\">Line 651<\/a><\/div>\n<\/div>\n<\/div>\n<\/div>\n<\/div>\n\n\n\n<div class=\"wp-block-group is-style-section-1 has-global-padding is-layout-constrained wp-container-core-group-is-layout-c87f93b2 wp-block-group-is-layout-constrained is-style-section-1--2\" style=\"border-radius:32px;margin-top:var(--wp--preset--spacing--50);margin-bottom:var(--wp--preset--spacing--50);padding-top:var(--wp--preset--spacing--50);padding-right:var(--wp--preset--spacing--50);padding-bottom:var(--wp--preset--spacing--50);padding-left:var(--wp--preset--spacing--50)\">\n<h2 class=\"wp-block-heading has-text-align-center\">By plane<\/h2>\n\n\n\n<p class=\"has-text-align-center\">Take B\u00e9ziers Cap d'Agde airport.<\/p>\n\n\n\n<iframe src=\"https:\/\/www.google.com\/maps\/embed?pb=!1m18!1m12!1m3!1d73762.24501220878!2d3.2691142901716774!3d43.2889921740607!2m3!1f0!2f0!3f0!3m2!1i1024!2i768!4f13.1!3m3!1m2!1s0x12b116d93ec89361%3A0x911602f20b5f5716!2sA%C3%A9roport%20B%C3%A9ziers%20Cap%20d&#39;Agde!5e0!3m2!1sfr!2sus!4v1732575840738!5m2!1sfr!2sus\" width=\"100%\" height=\"450\" style=\"border:0;\" allowfullscreen=\"\" loading=\"lazy\" referrerpolicy=\"no-referrer-when-downgrade\"><\/iframe>\n<\/div>\n\n\n\n<div class=\"wp-block-group is-style-default has-accent-2-background-color has-background has-global-padding is-layout-constrained wp-container-core-group-is-layout-c87f93b2 wp-block-group-is-layout-constrained\" style=\"border-radius:32px;margin-top:var(--wp--preset--spacing--50);margin-bottom:var(--wp--preset--spacing--50);padding-top:var(--wp--preset--spacing--50);padding-right:var(--wp--preset--spacing--50);padding-bottom:var(--wp--preset--spacing--50);padding-left:var(--wp--preset--spacing--50)\">\n<h2 class=\"wp-block-heading has-text-align-center has-accent-1-color has-text-color has-link-color wp-elements-68340a5e17f98dd134725c079f3ab1f6\">By barge<\/h2>\n\n\n\n<div class=\"wp-block-group is-content-justification-center is-nowrap is-layout-flex wp-container-core-group-is-layout-3c8805c5 wp-block-group-is-layout-flex\">\n<figure data-wp-context=\"{&quot;imageId&quot;:&quot;69fcc0c1122a0&quot;}\" data-wp-interactive=\"core\/image\" data-wp-key=\"69fcc0c1122a0\" class=\"wp-block-image size-medium wp-lightbox-container\"><img loading=\"lazy\" decoding=\"async\" width=\"300\" height=\"200\" data-wp-class--hide=\"state.isContentHidden\" data-wp-class--show=\"state.isContentVisible\" data-wp-init=\"callbacks.setButtonStyles\" data-wp-on--click=\"actions.showLightbox\" data-wp-on--load=\"callbacks.setButtonStyles\" data-wp-on-window--resize=\"callbacks.setButtonStyles\" src=\"https:\/\/www.villeneuve-les-beziers.fr\/wp-content\/uploads\/2022\/06\/En-peniche-300x200.jpg\" alt=\"\" class=\"wp-image-15782\" srcset=\"https:\/\/www.villeneuve-les-beziers.fr\/wp-content\/uploads\/2022\/06\/En-peniche-300x200.jpg 300w, https:\/\/www.villeneuve-les-beziers.fr\/wp-content\/uploads\/2022\/06\/En-peniche-1024x682.jpg 1024w, https:\/\/www.villeneuve-les-beziers.fr\/wp-content\/uploads\/2022\/06\/En-peniche-768x512.jpg 768w, https:\/\/www.villeneuve-les-beziers.fr\/wp-content\/uploads\/2022\/06\/En-peniche-391x260.jpg 391w, https:\/\/www.villeneuve-les-beziers.fr\/wp-content\/uploads\/2022\/06\/En-peniche-1536x1024.jpg 1536w, https:\/\/www.villeneuve-les-beziers.fr\/wp-content\/uploads\/2022\/06\/En-peniche.jpg 2000w\" sizes=\"auto, (max-width: 300px) 100vw, 300px\" \/><button\n\t\t\tclass=\"lightbox-trigger\"\n\t\t\ttype=\"button\"\n\t\t\taria-haspopup=\"dialog\"\n\t\t\taria-label=\"Enlarge\"\n\t\t\tdata-wp-init=\"callbacks.initTriggerButton\"\n\t\t\tdata-wp-on--click=\"actions.showLightbox\"\n\t\t\tdata-wp-style--right=\"state.imageButtonRight\"\n\t\t\tdata-wp-style--top=\"state.imageButtonTop\"\n\t\t>\n\t\t\t<svg xmlns=\"http:\/\/www.w3.org\/2000\/svg\" width=\"12\" height=\"12\" fill=\"none\" viewbox=\"0 0 12 12\">\n\t\t\t\t<path fill=\"#fff\" d=\"M2 0a2 2 0 0 0-2 2v2h1.5V2a.5.5 0 0 1 .5-.5h2V0H2Zm2 10.5H2a.5.5 0 0 1-.5-.5V8H0v2a2 2 0 0 0 2 2h2v-1.5ZM8 12v-1.5h2a.5.5 0 0 0 .5-.5V8H12v2a2 2 0 0 1-2 2H8Zm2-12a2 2 0 0 1 2 2v2h-1.5V2a.5.5 0 0 0-.5-.5H8V0h2Z\" \/>\n\t\t\t<\/svg>\n\t\t<\/button><\/figure>\n\n\n\n<div class=\"wp-block-buttons is-layout-flex wp-block-buttons-is-layout-flex\">\n<div class=\"wp-block-button\"><a class=\"wp-block-button__link wp-element-button\" href=\"https:\/\/lesbateauxdumidi.com\/\" target=\"_blank\" rel=\"noopener noreferrer nofollow\">See Les Bateaux Du Midi<\/a><\/div>\n<\/div>\n<\/div>\n<\/div>","protected":false},"excerpt":{"rendered":"<p>En train Si vous souhaitez venir \u00e0 Villeneuve-les-B\u00e9ziers par train, vous devrez descendre \u00e0 la gare de B\u00e9ziers. Par la route Autoroutes Autoroute A9 L\u2019autoroute A9 relie Orange \u00e0 Perpignan, en passant par N\u00eemes, Montpellier, B\u00e9ziers et Narbonne. Elle se termine \u00e0 la fronti\u00e8re espagnole, au Perthus. Principal axe de communication entre la France et [&hellip;]<\/p>\n","protected":false},"author":1,"featured_media":13768,"parent":8353,"menu_order":0,"comment_status":"closed","ping_status":"closed","template":"","meta":{"footnotes":""},"class_list":["post-19566","page","type-page","status-publish","has-post-thumbnail","hentry"],"_links":{"self":[{"href":"https:\/\/www.villeneuve-les-beziers.fr\/en\/wp-json\/wp\/v2\/pages\/19566","targetHints":{"allow":["GET"]}}],"collection":[{"href":"https:\/\/www.villeneuve-les-beziers.fr\/en\/wp-json\/wp\/v2\/pages"}],"about":[{"href":"https:\/\/www.villeneuve-les-beziers.fr\/en\/wp-json\/wp\/v2\/types\/page"}],"author":[{"embeddable":true,"href":"https:\/\/www.villeneuve-les-beziers.fr\/en\/wp-json\/wp\/v2\/users\/1"}],"replies":[{"embeddable":true,"href":"https:\/\/www.villeneuve-les-beziers.fr\/en\/wp-json\/wp\/v2\/comments?post=19566"}],"version-history":[{"count":8,"href":"https:\/\/www.villeneuve-les-beziers.fr\/en\/wp-json\/wp\/v2\/pages\/19566\/revisions"}],"predecessor-version":[{"id":19632,"href":"https:\/\/www.villeneuve-les-beziers.fr\/en\/wp-json\/wp\/v2\/pages\/19566\/revisions\/19632"}],"up":[{"embeddable":true,"href":"https:\/\/www.villeneuve-les-beziers.fr\/en\/wp-json\/wp\/v2\/pages\/8353"}],"wp:featuredmedia":[{"embeddable":true,"href":"https:\/\/www.villeneuve-les-beziers.fr\/en\/wp-json\/wp\/v2\/media\/13768"}],"wp:attachment":[{"href":"https:\/\/www.villeneuve-les-beziers.fr\/en\/wp-json\/wp\/v2\/media?parent=19566"}],"curies":[{"name":"wp","href":"https:\/\/api.w.org\/{rel}","templated":true}]}}