{"id":227,"date":"2019-04-10T11:51:14","date_gmt":"2019-04-10T09:51:14","guid":{"rendered":"http:\/\/localhost\/?page_id=227"},"modified":"2024-11-26T00:59:06","modified_gmt":"2024-11-25T23:59:06","slug":"heritage","status":"publish","type":"page","link":"https:\/\/www.villeneuve-les-beziers.fr\/en\/decouvrir\/patrimoine\/","title":{"rendered":"Heritage"},"content":{"rendered":"<h2 class=\"wp-block-heading\">The history of Villeneuve-l\u00e8s-B\u00e9ziers<\/h2>\n\n\n\n<p>Looking to the future, Villeneuve-L\u00e8s-B\u00e9ziers is evolving and modernising, but it also knows how to preserve its heritage and retain the charm of yesteryear... The development of the P\u00f4le M\u00e9diterran\u00e9e, M\u00e9ridienne and Pech Auriol business parks, the work on the town centre square and the town crossing, to name but a few of the changes taking place, show just how much our village is changing. These changes, which have no other aim than to provide Villeneuvois with a better quality of life, are accompanied by a constant concern on the part of the municipality to preserve the treasures of our past, as evidenced by the old photos. Villeneuve lives with the times and, while modernising, preserves its treasures.<\/p>\n\n\n\n<h2 class=\"wp-block-heading\">La Cr\u00e9made or the etymology of Villeneuve-L\u00e8s-B\u00e9ziers<\/h2>\n\n\n\n<p>Villeneuve comes from: \"new town\" (the Latin name \"Villa\", originally meaning \"country house\" or \"farm\" drifted into \"hamlet\" or \"village\"). Villeneuve was built in 778 on uncultivated land that was part of the property given by Emperor Charlemagne to a certain Valchaire. It was formerly called \"Villeneuve la Cr\u00e9made\" because it was burnt down by Simon de Montfort's troops, and kept this name until 1631. It was from this date onwards that the commune took the name Villeneuve-L\u00e8s-B\u00e9ziers in the civil registers. The word \"l\u00e8s\" is not an article but a preposition meaning \"next to, close to\", derived from the Latin root \"latus\".<\/p>\n\n\n\n<div class=\"wp-block-group is-style-section-1 has-global-padding is-layout-constrained wp-container-core-group-is-layout-7ececc86 wp-block-group-is-layout-constrained is-style-section-1--1\" style=\"margin-top:var(--wp--preset--spacing--50);margin-bottom:var(--wp--preset--spacing--50);padding-top:var(--wp--preset--spacing--30);padding-right:var(--wp--preset--spacing--30);padding-bottom:var(--wp--preset--spacing--30);padding-left:var(--wp--preset--spacing--30)\">\n<h2 class=\"wp-block-heading has-text-align-center\">Discover<\/h2>\n\n\n\n<div class=\"wp-block-query is-layout-flow wp-block-query-is-layout-flow\"><ul class=\"columns-3 wp-block-post-template is-layout-grid wp-container-core-post-template-is-layout-572542b5 wp-block-post-template-is-layout-grid\"><li class=\"wp-block-post post-2513 page type-page status-publish has-post-thumbnail hentry\">\n\n<div class=\"wp-block-group is-vertical is-content-justification-center is-layout-flex wp-container-core-group-is-layout-29607247 wp-block-group-is-layout-flex\" style=\"padding-top:var(--wp--preset--spacing--20);padding-right:var(--wp--preset--spacing--20);padding-bottom:var(--wp--preset--spacing--20);padding-left:var(--wp--preset--spacing--20)\"><figure style=\"aspect-ratio:16\/9;\" class=\"wp-block-post-featured-image\"><a href=\"https:\/\/www.villeneuve-les-beziers.fr\/en\/decouvrir\/patrimoine\/leglise-saint-etienne\/\" target=\"_self\"  ><img loading=\"lazy\" decoding=\"async\" width=\"1440\" height=\"960\" src=\"https:\/\/www.villeneuve-les-beziers.fr\/wp-content\/uploads\/2019\/05\/eglise2.jpg\" class=\"attachment-post-thumbnail size-post-thumbnail wp-post-image\" alt=\"The Church of Saint-Etienne\" style=\"width:100%;height:100%;object-fit:cover;\" srcset=\"https:\/\/www.villeneuve-les-beziers.fr\/wp-content\/uploads\/2019\/05\/eglise2.jpg 1440w, https:\/\/www.villeneuve-les-beziers.fr\/wp-content\/uploads\/2019\/05\/eglise2-150x100.jpg 150w, https:\/\/www.villeneuve-les-beziers.fr\/wp-content\/uploads\/2019\/05\/eglise2-300x200.jpg 300w, https:\/\/www.villeneuve-les-beziers.fr\/wp-content\/uploads\/2019\/05\/eglise2-768x512.jpg 768w, https:\/\/www.villeneuve-les-beziers.fr\/wp-content\/uploads\/2019\/05\/eglise2-1024x683.jpg 1024w\" sizes=\"auto, (max-width: 1440px) 100vw, 1440px\" \/><\/a><\/figure>\n\n<h3 class=\"has-text-align-center wp-block-post-title has-large-font-size\"><a href=\"https:\/\/www.villeneuve-les-beziers.fr\/en\/decouvrir\/patrimoine\/leglise-saint-etienne\/\" target=\"_self\" >The Church of Saint-Etienne<\/a><\/h3><\/div>\n\n<\/li><li class=\"wp-block-post post-2570 page type-page status-publish has-post-thumbnail hentry\">\n\n<div class=\"wp-block-group is-vertical is-content-justification-center is-layout-flex wp-container-core-group-is-layout-29607247 wp-block-group-is-layout-flex\" style=\"padding-top:var(--wp--preset--spacing--20);padding-right:var(--wp--preset--spacing--20);padding-bottom:var(--wp--preset--spacing--20);padding-left:var(--wp--preset--spacing--20)\"><figure style=\"aspect-ratio:16\/9;\" class=\"wp-block-post-featured-image\"><a href=\"https:\/\/www.villeneuve-les-beziers.fr\/en\/decouvrir\/patrimoine\/la-tour-du-chateau\/\" target=\"_self\"  ><img loading=\"lazy\" decoding=\"async\" width=\"791\" height=\"505\" src=\"https:\/\/www.villeneuve-les-beziers.fr\/wp-content\/uploads\/2019\/05\/chanteauancien.jpg\" class=\"attachment-post-thumbnail size-post-thumbnail wp-post-image\" alt=\"The Castle Tower\" style=\"width:100%;height:100%;object-fit:cover;\" srcset=\"https:\/\/www.villeneuve-les-beziers.fr\/wp-content\/uploads\/2019\/05\/chanteauancien.jpg 791w, https:\/\/www.villeneuve-les-beziers.fr\/wp-content\/uploads\/2019\/05\/chanteauancien-150x96.jpg 150w, https:\/\/www.villeneuve-les-beziers.fr\/wp-content\/uploads\/2019\/05\/chanteauancien-300x192.jpg 300w, https:\/\/www.villeneuve-les-beziers.fr\/wp-content\/uploads\/2019\/05\/chanteauancien-768x490.jpg 768w\" sizes=\"auto, (max-width: 791px) 100vw, 791px\" \/><\/a><\/figure>\n\n<h3 class=\"has-text-align-center wp-block-post-title has-large-font-size\"><a href=\"https:\/\/www.villeneuve-les-beziers.fr\/en\/decouvrir\/patrimoine\/la-tour-du-chateau\/\" target=\"_self\" >The Castle Tower<\/a><\/h3><\/div>\n\n<\/li><li class=\"wp-block-post post-2532 page type-page status-publish has-post-thumbnail hentry\">\n\n<div class=\"wp-block-group is-vertical is-content-justification-center is-layout-flex wp-container-core-group-is-layout-29607247 wp-block-group-is-layout-flex\" style=\"padding-top:var(--wp--preset--spacing--20);padding-right:var(--wp--preset--spacing--20);padding-bottom:var(--wp--preset--spacing--20);padding-left:var(--wp--preset--spacing--20)\"><figure style=\"aspect-ratio:16\/9;\" class=\"wp-block-post-featured-image\"><a href=\"https:\/\/www.villeneuve-les-beziers.fr\/en\/decouvrir\/patrimoine\/le-canal-du-midi\/\" target=\"_self\"  ><img loading=\"lazy\" decoding=\"async\" width=\"2560\" height=\"1440\" src=\"https:\/\/www.villeneuve-les-beziers.fr\/wp-content\/uploads\/2024\/11\/slider_003-crop.jpg\" class=\"attachment-post-thumbnail size-post-thumbnail wp-post-image\" alt=\"The Canal du Midi\" style=\"width:100%;height:100%;object-fit:cover;\" srcset=\"https:\/\/www.villeneuve-les-beziers.fr\/wp-content\/uploads\/2024\/11\/slider_003-crop.jpg 2560w, https:\/\/www.villeneuve-les-beziers.fr\/wp-content\/uploads\/2024\/11\/slider_003-crop-150x84.jpg 150w, https:\/\/www.villeneuve-les-beziers.fr\/wp-content\/uploads\/2024\/11\/slider_003-crop-300x169.jpg 300w, https:\/\/www.villeneuve-les-beziers.fr\/wp-content\/uploads\/2024\/11\/slider_003-crop-768x432.jpg 768w, https:\/\/www.villeneuve-les-beziers.fr\/wp-content\/uploads\/2024\/11\/slider_003-crop-1024x576.jpg 1024w, https:\/\/www.villeneuve-les-beziers.fr\/wp-content\/uploads\/2024\/11\/slider_003-crop-1536x864.jpg 1536w, https:\/\/www.villeneuve-les-beziers.fr\/wp-content\/uploads\/2024\/11\/slider_003-crop-2048x1152.jpg 2048w\" sizes=\"auto, (max-width: 2560px) 100vw, 2560px\" \/><\/a><\/figure>\n\n<h3 class=\"has-text-align-center wp-block-post-title has-large-font-size\"><a href=\"https:\/\/www.villeneuve-les-beziers.fr\/en\/decouvrir\/patrimoine\/le-canal-du-midi\/\" target=\"_self\" >The Canal du Midi<\/a><\/h3><\/div>\n\n<\/li><\/ul><\/div>\n<\/div>\n\n\n\n<h2 class=\"wp-block-heading has-text-align-center\">See also<\/h2>\n\n\n\n<div class=\"wp-block-group is-content-justification-center is-nowrap is-layout-flex wp-container-core-group-is-layout-923b238b wp-block-group-is-layout-flex\">\n<div class=\"wp-block-group is-vertical is-content-justification-center is-layout-flex wp-container-core-group-is-layout-ce155fab wp-block-group-is-layout-flex\">\n<h3 class=\"wp-block-heading\"><a href=\"https:\/\/www.grands-sites-occitanie.fr\/grand-site\/canal-du-midi\/\" target=\"_blank\" rel=\"noreferrer noopener\">Grands Sites Occitanie<\/a><\/h3>\n\n\n\n<figure class=\"wp-block-image\"><a href=\"https:\/\/www.grands-sites-occitanie.fr\/grand-site\/canal-du-midi\/\" target=\"_blank\" rel=\" noreferrer noopener\"><img decoding=\"async\" src=\"https:\/\/www.villeneuve-les-beziers.fr\/wp-content\/uploads\/elementor\/thumbs\/GSO-ppyqqw64o0xbmw2o1xawdl4ediit2jjyferu23tngk.jpg\" alt=\"GSO\" title=\"GSO\"\/><\/a><\/figure>\n<\/div>\n\n\n\n<div class=\"wp-block-group is-vertical is-content-justification-center is-layout-flex wp-container-core-group-is-layout-ce155fab wp-block-group-is-layout-flex\">\n<h3 class=\"wp-block-heading\"><a href=\"https:\/\/www.oc-cultura.eu\/\" target=\"_blank\" rel=\"noreferrer noopener\">CIRDOC<\/a><\/h3>\n\n\n\n<figure class=\"wp-block-image\"><a href=\"https:\/\/www.oc-cultura.eu\/\" target=\"_blank\" rel=\" noreferrer noopener\"><img decoding=\"async\" src=\"https:\/\/www.villeneuve-les-beziers.fr\/wp-content\/uploads\/2019\/05\/Logo_cirdoc-1-150x150.png\" alt=\"\"\/><\/a><\/figure>\n<\/div>\n<\/div>","protected":false},"excerpt":{"rendered":"<p>L&rsquo;histoire de Villeneuve-l\u00e8s-B\u00e9ziers Tourn\u00e9e vers l&rsquo;avenir, Villeneuve-L\u00e8s-B\u00e9ziers \u00e9volue, se modernise, mais sait aussi pr\u00e9server son patrimoine et garder le charme d&rsquo;autrefois&#8230; Le d\u00e9veloppement des Parcs d&rsquo;Activit\u00e9s du P\u00f4le M\u00e9diterran\u00e9e, de la M\u00e9ridienne, du Pech Auriol, les travaux d&rsquo;am\u00e9nagement de la place du centre-ville, de la travers\u00e9e de la commune, pour ne citer que quelques-uns des [&hellip;]<\/p>\n","protected":false},"author":1,"featured_media":9486,"parent":8353,"menu_order":0,"comment_status":"closed","ping_status":"closed","template":"","meta":{"footnotes":""},"class_list":["post-227","page","type-page","status-publish","has-post-thumbnail","hentry"],"_links":{"self":[{"href":"https:\/\/www.villeneuve-les-beziers.fr\/en\/wp-json\/wp\/v2\/pages\/227","targetHints":{"allow":["GET"]}}],"collection":[{"href":"https:\/\/www.villeneuve-les-beziers.fr\/en\/wp-json\/wp\/v2\/pages"}],"about":[{"href":"https:\/\/www.villeneuve-les-beziers.fr\/en\/wp-json\/wp\/v2\/types\/page"}],"author":[{"embeddable":true,"href":"https:\/\/www.villeneuve-les-beziers.fr\/en\/wp-json\/wp\/v2\/users\/1"}],"replies":[{"embeddable":true,"href":"https:\/\/www.villeneuve-les-beziers.fr\/en\/wp-json\/wp\/v2\/comments?post=227"}],"version-history":[{"count":5,"href":"https:\/\/www.villeneuve-les-beziers.fr\/en\/wp-json\/wp\/v2\/pages\/227\/revisions"}],"predecessor-version":[{"id":19516,"href":"https:\/\/www.villeneuve-les-beziers.fr\/en\/wp-json\/wp\/v2\/pages\/227\/revisions\/19516"}],"up":[{"embeddable":true,"href":"https:\/\/www.villeneuve-les-beziers.fr\/en\/wp-json\/wp\/v2\/pages\/8353"}],"wp:featuredmedia":[{"embeddable":true,"href":"https:\/\/www.villeneuve-les-beziers.fr\/en\/wp-json\/wp\/v2\/media\/9486"}],"wp:attachment":[{"href":"https:\/\/www.villeneuve-les-beziers.fr\/en\/wp-json\/wp\/v2\/media?parent=227"}],"curies":[{"name":"wp","href":"https:\/\/api.w.org\/{rel}","templated":true}]}}