{"id":228,"date":"2019-04-10T11:51:14","date_gmt":"2019-04-10T09:51:14","guid":{"rendered":"http:\/\/localhost\/?page_id=228"},"modified":"2025-06-24T10:13:52","modified_gmt":"2025-06-24T08:13:52","slug":"tourist-office","status":"publish","type":"page","link":"https:\/\/www.villeneuve-les-beziers.fr\/en\/decouvrir\/office-de-tourisme\/","title":{"rendered":"Tourist office"},"content":{"rendered":"<h1 class=\"wp-block-heading\">The gabarre, the floating tourist office<\/h1>\n\n\n\n<figure data-wp-context=\"{&quot;imageId&quot;:&quot;69feace5d4ba0&quot;}\" data-wp-interactive=\"core\/image\" data-wp-key=\"69feace5d4ba0\" class=\"wp-block-image size-large has-custom-border wp-lightbox-container\"><img loading=\"lazy\" decoding=\"async\" width=\"1024\" height=\"683\" data-wp-class--hide=\"state.isContentHidden\" data-wp-class--show=\"state.isContentVisible\" data-wp-init=\"callbacks.setButtonStyles\" data-wp-on--click=\"actions.showLightbox\" data-wp-on--load=\"callbacks.setButtonStyles\" data-wp-on-window--resize=\"callbacks.setButtonStyles\" src=\"https:\/\/www.villeneuve-les-beziers.fr\/wp-content\/uploads\/2019\/05\/gabare-1024x683.jpg\" alt=\"\" class=\"wp-image-2330\" style=\"border-radius:32px\" srcset=\"https:\/\/www.villeneuve-les-beziers.fr\/wp-content\/uploads\/2019\/05\/gabare-1024x683.jpg 1024w, https:\/\/www.villeneuve-les-beziers.fr\/wp-content\/uploads\/2019\/05\/gabare-150x100.jpg 150w, https:\/\/www.villeneuve-les-beziers.fr\/wp-content\/uploads\/2019\/05\/gabare-300x200.jpg 300w, https:\/\/www.villeneuve-les-beziers.fr\/wp-content\/uploads\/2019\/05\/gabare-768x512.jpg 768w, https:\/\/www.villeneuve-les-beziers.fr\/wp-content\/uploads\/2019\/05\/gabare.jpg 1440w\" sizes=\"auto, (max-width: 1024px) 100vw, 1024px\" \/><button\n\t\t\tclass=\"lightbox-trigger\"\n\t\t\ttype=\"button\"\n\t\t\taria-haspopup=\"dialog\"\n\t\t\taria-label=\"Enlarge\"\n\t\t\tdata-wp-init=\"callbacks.initTriggerButton\"\n\t\t\tdata-wp-on--click=\"actions.showLightbox\"\n\t\t\tdata-wp-style--right=\"state.imageButtonRight\"\n\t\t\tdata-wp-style--top=\"state.imageButtonTop\"\n\t\t>\n\t\t\t<svg xmlns=\"http:\/\/www.w3.org\/2000\/svg\" width=\"12\" height=\"12\" fill=\"none\" viewbox=\"0 0 12 12\">\n\t\t\t\t<path fill=\"#fff\" d=\"M2 0a2 2 0 0 0-2 2v2h1.5V2a.5.5 0 0 1 .5-.5h2V0H2Zm2 10.5H2a.5.5 0 0 1-.5-.5V8H0v2a2 2 0 0 0 2 2h2v-1.5ZM8 12v-1.5h2a.5.5 0 0 0 .5-.5V8H12v2a2 2 0 0 1-2 2H8Zm2-12a2 2 0 0 1 2 2v2h-1.5V2a.5.5 0 0 0-.5-.5H8V0h2Z\" \/>\n\t\t\t<\/svg>\n\t\t<\/button><\/figure>\n\n\n\n<blockquote class=\"wp-block-quote is-layout-flow wp-block-quote-is-layout-flow\">\n<p>This Gabarre is the only floating tourist office on the Canal des Deux Mers between Bordeaux and S\u00e8te.<\/p>\n<\/blockquote>\n\n\n\n<p>The Gabarre Pescaluna, also known as the moon fisher, is moored at the Villeneuve-l\u00e8s-B\u00e9ziers water sports centre. She welcomes the<strong><a href=\"https:\/\/www.beziers-in-mediterranee.com\/\" target=\"_blank\" rel=\"noopener noreferrer nofollow\">B\u00e9ziers M\u00e9diterran\u00e9e Tourist Office<\/a><\/strong> .<\/p>\n\n\n\n<p>Come and discover this authentic wooden gabarre, originally built to transport visitors and goods.<\/p>\n\n\n\n<p>Pierre-Paul Riquet revolutionised the way goods were transported between sea and land. <\/p>\n\n\n\n<p>For 250 years, horses pulled many boats like this one. At the time, transporting goods by road was uncertain and expensive. On the road, a horse could pull twice its own weight, whereas when towing a barge, it could pull one hundred and twenty times its own weight.<\/p>\n\n\n\n<p>You'll have the pleasure of discovering this interior made entirely of wood - a noble, natural, warm, friendly material that's soft to the touch and pleasant to breathe. It's seductive, creates intimacy and gives our Pescaluna a friendly, reassuring feel!<\/p>\n\n\n\n<p>There's a shop selling books, Occitan products, wines and local produce.<\/p>\n\n\n\n<p>For timetables and more information \ud83d\udc47<\/p>\n\n\n\n<figure class=\"wp-block-embed is-type-wp-embed is-provider-office-de-tourisme-de-b-ziers-m-diterran-e wp-block-embed-office-de-tourisme-de-b-ziers-m-diterran-e\"><div class=\"wp-block-embed__wrapper\">\n<blockquote class=\"wp-embedded-content\" data-secret=\"gK9i52gKb6\"><a href=\"https:\/\/www.beziers-mediterranee.com\/votre-sejour\/pratique\/office-de-tourisme\/les-bureaux-dinformation-touristique\/\" target=\"_blank\" rel=\"noopener noreferrer nofollow\">Tourist information offices<\/a><\/blockquote><iframe loading=\"lazy\" class=\"wp-embedded-content\" sandbox=\"allow-scripts\" security=\"restricted\" style=\"position: absolute; visibility: hidden;\" title=\"&quot;Tourist information offices - B\u00e9ziers M\u00e9diterran\u00e9e Tourist Office\" src=\"https:\/\/www.beziers-mediterranee.com\/votre-sejour\/pratique\/office-de-tourisme\/les-bureaux-dinformation-touristique\/embed\/#?secret=G6c1flkxu5#?secret=gK9i52gKb6\" data-secret=\"gK9i52gKb6\" width=\"500\" height=\"282\" frameborder=\"0\" marginwidth=\"0\" marginheight=\"0\" scrolling=\"no\"><\/iframe>\n<\/div><\/figure>","protected":false},"excerpt":{"rendered":"<p>La gabarre, l&rsquo;office de tourisme flottant Cette Gabarre est le seul office de tourisme flottant sur le canal des deux mers, entre Bordeaux et S\u00e8te La Gabarre Pescaluna, alias la p\u00eacheuse de lune est amarr\u00e9e \u00e0 la halte nautique de Villeneuve-l\u00e8s-B\u00e9ziers. Elle accueille l&rsquo;Office de Tourisme B\u00e9ziers M\u00e9diterran\u00e9e . Venez d\u00e9couvrir cette authentique gabarre en [&hellip;]<\/p>\n","protected":false},"author":1,"featured_media":2330,"parent":8353,"menu_order":0,"comment_status":"closed","ping_status":"closed","template":"","meta":{"footnotes":""},"class_list":["post-228","page","type-page","status-publish","has-post-thumbnail","hentry"],"_links":{"self":[{"href":"https:\/\/www.villeneuve-les-beziers.fr\/en\/wp-json\/wp\/v2\/pages\/228","targetHints":{"allow":["GET"]}}],"collection":[{"href":"https:\/\/www.villeneuve-les-beziers.fr\/en\/wp-json\/wp\/v2\/pages"}],"about":[{"href":"https:\/\/www.villeneuve-les-beziers.fr\/en\/wp-json\/wp\/v2\/types\/page"}],"author":[{"embeddable":true,"href":"https:\/\/www.villeneuve-les-beziers.fr\/en\/wp-json\/wp\/v2\/users\/1"}],"replies":[{"embeddable":true,"href":"https:\/\/www.villeneuve-les-beziers.fr\/en\/wp-json\/wp\/v2\/comments?post=228"}],"version-history":[{"count":4,"href":"https:\/\/www.villeneuve-les-beziers.fr\/en\/wp-json\/wp\/v2\/pages\/228\/revisions"}],"predecessor-version":[{"id":20062,"href":"https:\/\/www.villeneuve-les-beziers.fr\/en\/wp-json\/wp\/v2\/pages\/228\/revisions\/20062"}],"up":[{"embeddable":true,"href":"https:\/\/www.villeneuve-les-beziers.fr\/en\/wp-json\/wp\/v2\/pages\/8353"}],"wp:featuredmedia":[{"embeddable":true,"href":"https:\/\/www.villeneuve-les-beziers.fr\/en\/wp-json\/wp\/v2\/media\/2330"}],"wp:attachment":[{"href":"https:\/\/www.villeneuve-les-beziers.fr\/en\/wp-json\/wp\/v2\/media?parent=228"}],"curies":[{"name":"wp","href":"https:\/\/api.w.org\/{rel}","templated":true}]}}