{"id":2648,"date":"2019-05-13T14:54:54","date_gmt":"2019-05-13T12:54:54","guid":{"rendered":"http:\/\/localhost\/?page_id=2648"},"modified":"2024-11-22T12:01:08","modified_gmt":"2024-11-22T11:01:08","slug":"general-regulatory-decrees","status":"publish","type":"page","link":"https:\/\/www.villeneuve-les-beziers.fr\/en\/vie-pratique\/securite\/arretes-de-reglementation-generale\/","title":{"rendered":"General regulatory orders"},"content":{"rendered":"<p>A municipal by-law is a unilateral administrative decision taken by the mayor or, on his behalf, by a deputy mayor.<\/p>\n\n\n\n<p>It is enforceable by operation of law once it has been published, posted or notified to the persons concerned. In most cases, they are first sent to the sub-prefecture or prefecture to confirm their legality. The deliberations, decisions and orders of the Mayor may be consulted and made available to the public at the Town Hall.<\/p>\n\n\n\n<p>A municipal by-law can be issued in all areas of municipal jurisdiction, although we are more familiar with by-laws issued under municipal policing powers.<\/p>\n\n\n\n<details class=\"wp-block-details is-layout-flow wp-block-details-is-layout-flow\"><summary>Parking and traffic<\/summary>\n<ul class=\"wp-block-list\">\n<li><a href=\"https:\/\/www.villeneuve-les-beziers.fr\/wp-content\/uploads\/2023\/01\/2023-005-PM-Reglementation-rue-Rouvier.pdf\" target=\"_blank\" rel=\"noreferrer noopener\">2023-005 - Traffic regulations rue Rouvier<\/a><\/li>\n\n\n\n<li><a href=\"https:\/\/www.villeneuve-les-beziers.fr\/wp-content\/uploads\/2023\/01\/2023-004-PM-Reglementation-vigipirate-ecole.pdf\" target=\"_blank\" rel=\"noreferrer noopener\">2023-004 - Vigipirate school regulations<\/a><\/li>\n\n\n\n<li><a href=\"https:\/\/www.villeneuve-les-beziers.fr\/wp-content\/uploads\/2022\/10\/2022-044-PM-Chatipi-inauguration.pdf\">2022-044 - PM Chatipi inauguration<\/a><\/li>\n\n\n\n<li><a href=\"https:\/\/www.villeneuve-les-beziers.fr\/wp-content\/uploads\/2020\/10\/2020-210-PM-SUEZ-rue-Vernhes-et-rue-des-Lilas.pdf\">2020-210 - PM SUEZ rue Vernhes and rue des Lilas<\/a><\/li>\n\n\n\n<li><a href=\"https:\/\/www.villeneuve-les-beziers.fr\/wp-content\/uploads\/2019\/09\/2019-210-PM-R\u00eaglementation-boulevards-Pasteur-R\u00e9publique-Gambetta-Mistral.pdf\" target=\"_blank\" rel=\"noreferrer noopener\">2019-210 - Parking on boulevard Pasteur, R\u00e9publique, Gambetta and Mistral<\/a><\/li>\n\n\n\n<li><a href=\"https:\/\/www.villeneuve-les-beziers.fr\/wp-content\/uploads\/2019\/05\/2019-112-PM-Stationnement-Gens-du-Voyage.pdf\" target=\"_blank\" rel=\"noreferrer noopener\">2019-112 - Parking for Travellers<\/a><\/li>\n\n\n\n<li><a href=\"https:\/\/www.villeneuve-les-beziers.fr\/wp-content\/uploads\/2019\/05\/2018-023-PM-Modifications-ecole.pdf\" target=\"_blank\" rel=\"noreferrer noopener\">2018-023 - Parking regulations at schools<\/a><\/li>\n\n\n\n<li><a href=\"https:\/\/www.villeneuve-les-beziers.fr\/wp-content\/uploads\/2019\/05\/2016-053-PM-circulation-et-stationnement-sur-zone-de-la-meridienne.pdf\" target=\"_blank\" rel=\"noreferrer noopener\">2016-053 - Traffic and parking on the M\u00e9ridienne business park<\/a><\/li>\n\n\n\n<li><a href=\"https:\/\/www.villeneuve-les-beziers.fr\/wp-content\/uploads\/2019\/05\/2015.04.PM-zone-de-rencontre.pdf\" target=\"_blank\" rel=\"noreferrer noopener\">2015-004 - Creation of a meeting zone in the town centre<\/a><\/li>\n\n\n\n<li><a href=\"https:\/\/www.villeneuve-les-beziers.fr\/wp-content\/uploads\/2019\/05\/2011-102-PM-Mecanique-sur-la-voie-Publique-interdite.pdf\" target=\"_blank\" rel=\"noreferrer noopener\">2011-102 - Ban on mechanical work on public highways<\/a><\/li>\n<\/ul>\n\n\n\n<p><\/p>\n<\/details>\n\n\n\n<details class=\"wp-block-details is-layout-flow wp-block-details-is-layout-flow\"><summary>Municipal facilities<\/summary>\n<ul class=\"wp-block-list\">\n<li><a href=\"https:\/\/www.villeneuve-les-beziers.fr\/wp-content\/uploads\/2023\/02\/2023-010-PM-Reglementation-Parcs-et-Jardins.pdf\" target=\"_blank\" rel=\"noreferrer noopener\">2023-010 - Parks and Gardens regulations<\/a><\/li>\n\n\n\n<li><a href=\"https:\/\/www.villeneuve-les-beziers.fr\/wp-content\/uploads\/2019\/05\/2019-057-PM-City-Park.pdf\" target=\"_blank\" rel=\"noreferrer noopener\">2019-057 - Regulations governing the city park (route de S\u00e9rignan)<\/a><\/li>\n\n\n\n<li><a href=\"https:\/\/www.villeneuve-les-beziers.fr\/wp-content\/uploads\/2019\/05\/2015.096.PM-aire-multisport.pdf\" target=\"_blank\" rel=\"noreferrer noopener\">2015-096 - Regulations governing the multi-sports area<\/a><\/li>\n\n\n\n<li><a href=\"https:\/\/www.villeneuve-les-beziers.fr\/wp-content\/uploads\/2019\/05\/2015.099.pm-acces-et-utilisation-du-skate-park.pdf\" target=\"_blank\" rel=\"noreferrer noopener\">2015-099 - Skate park regulations<\/a><\/li>\n\n\n\n<li><a href=\"https:\/\/www.villeneuve-les-beziers.fr\/wp-content\/uploads\/2019\/05\/2017-073-PM-Reglementation-boulodrome.pdf\" target=\"_blank\" rel=\"noreferrer noopener\">2015-099 - Regulations governing the boulodrome (rue de l'abattoir)<\/a><\/li>\n<\/ul>\n<\/details>\n\n\n\n<details class=\"wp-block-details is-layout-flow wp-block-details-is-layout-flow\"><summary>Sanitation and public health<\/summary>\n<ul class=\"wp-block-list\">\n<li><a href=\"https:\/\/www.villeneuve-les-beziers.fr\/wp-content\/uploads\/2020\/09\/Arrete-ouverture-partielle-batiments-communaux.pdf\" target=\"_blank\" rel=\"noreferrer noopener\">2020-173 - COVID-19: partial reopening of municipal buildings<\/a><\/li>\n\n\n\n<li><a href=\"https:\/\/www.villeneuve-les-beziers.fr\/wp-content\/uploads\/2020\/09\/arrete-reouverture-stade.pdf\" target=\"_blank\" rel=\"noreferrer noopener\">2020-174 - COVID-19: reopening of stadiums<\/a><\/li>\n\n\n\n<li><a href=\"https:\/\/www.villeneuve-les-beziers.fr\/wp-content\/uploads\/2019\/05\/2019-106-PM-Bruits-genants-a-proximite-de-zones-dhabitation.pdf\" target=\"_blank\" rel=\"noreferrer noopener\">2019-106 - Regulations: noise near residential areas<\/a><\/li>\n\n\n\n<li><a href=\"https:\/\/www.villeneuve-les-beziers.fr\/wp-content\/uploads\/2019\/05\/2019-097-PM-Interdiction-alcool-et-barbecue-voie-publique.pdf\" target=\"_blank\" rel=\"noreferrer noopener\">2019-097 - Regulations: alcohol and barbecues on public highways<\/a><\/li>\n\n\n\n<li><a href=\"https:\/\/www.villeneuve-les-beziers.fr\/wp-content\/uploads\/2019\/05\/2019-096-PM-Interdiction-chicha-voie-publique.pdf\" target=\"_blank\" rel=\"noreferrer noopener\">2019-096 - Regulations: chicha on the public highway<\/a><\/li>\n\n\n\n<li><a href=\"https:\/\/www.villeneuve-les-beziers.fr\/wp-content\/uploads\/2019\/05\/2017-162-PM-Divagation-et-dejections-danimaux.pdf\" target=\"_blank\" rel=\"noreferrer noopener\">2017-162 - Regulations: animal straying and droppings<\/a><\/li>\n\n\n\n<li><a href=\"https:\/\/www.villeneuve-les-beziers.fr\/wp-content\/uploads\/2019\/05\/2017-139-PM-Interdiction-de-baignade.pdf\" target=\"_blank\" rel=\"noreferrer noopener\">2017-139 - Ban on swimming in the Canal du Midi<\/a><\/li>\n<\/ul>\n<\/details>\n\n\n\n<details class=\"wp-block-details is-layout-flow wp-block-details-is-layout-flow\"><summary>Public safety<\/summary>\n<ul class=\"wp-block-list\">\n<li><a href=\"https:\/\/www.villeneuve-les-beziers.fr\/wp-content\/uploads\/2019\/05\/2019-098-PM_Port_camera_individuelle.pdf\" target=\"_blank\" rel=\"noreferrer noopener\">2019-098 - Wearing of individual cameras for municipal police officers<\/a><\/li>\n\n\n\n<li><a href=\"https:\/\/www.villeneuve-les-beziers.fr\/wp-content\/uploads\/2019\/05\/2016-021-PM-Reglement-fetes-foraines.pdf\" target=\"_blank\" rel=\"noreferrer noopener\">2016-021 - Fairground regulations<\/a><\/li>\n\n\n\n<li><a href=\"https:\/\/www.villeneuve-les-beziers.fr\/wp-content\/uploads\/2019\/05\/2015-225-PM-demarchage-%C3%A0-domicile.pdf\" target=\"_blank\" rel=\"noreferrer noopener\">2015-225 - Door-to-door sales<\/a><\/li>\n<\/ul>\n<\/details>","protected":false},"excerpt":{"rendered":"<p>Un arr\u00eat\u00e9 municipal est une d\u00e9cision administrative unilat\u00e9rale prise par le maire, ou, en son nom, par un maire-adjoint. Il est ex\u00e9cutoire de plein droit apr\u00e8s avoir \u00e9t\u00e9 publi\u00e9, affich\u00e9 ou notifi\u00e9 aux personnes concern\u00e9es. Dans la majorit\u00e9 des cas, ils sont transmis au pr\u00e9alable en sous-pr\u00e9fecture ou pr\u00e9fecture pour confirmer leur l\u00e9galit\u00e9. Les d\u00e9lib\u00e9rations, [&hellip;]<\/p>\n","protected":false},"author":1,"featured_media":2670,"parent":12169,"menu_order":0,"comment_status":"closed","ping_status":"closed","template":"","meta":{"footnotes":""},"class_list":["post-2648","page","type-page","status-publish","has-post-thumbnail","hentry"],"_links":{"self":[{"href":"https:\/\/www.villeneuve-les-beziers.fr\/en\/wp-json\/wp\/v2\/pages\/2648","targetHints":{"allow":["GET"]}}],"collection":[{"href":"https:\/\/www.villeneuve-les-beziers.fr\/en\/wp-json\/wp\/v2\/pages"}],"about":[{"href":"https:\/\/www.villeneuve-les-beziers.fr\/en\/wp-json\/wp\/v2\/types\/page"}],"author":[{"embeddable":true,"href":"https:\/\/www.villeneuve-les-beziers.fr\/en\/wp-json\/wp\/v2\/users\/1"}],"replies":[{"embeddable":true,"href":"https:\/\/www.villeneuve-les-beziers.fr\/en\/wp-json\/wp\/v2\/comments?post=2648"}],"version-history":[{"count":1,"href":"https:\/\/www.villeneuve-les-beziers.fr\/en\/wp-json\/wp\/v2\/pages\/2648\/revisions"}],"predecessor-version":[{"id":20134,"href":"https:\/\/www.villeneuve-les-beziers.fr\/en\/wp-json\/wp\/v2\/pages\/2648\/revisions\/20134"}],"up":[{"embeddable":true,"href":"https:\/\/www.villeneuve-les-beziers.fr\/en\/wp-json\/wp\/v2\/pages\/12169"}],"wp:featuredmedia":[{"embeddable":true,"href":"https:\/\/www.villeneuve-les-beziers.fr\/en\/wp-json\/wp\/v2\/media\/2670"}],"wp:attachment":[{"href":"https:\/\/www.villeneuve-les-beziers.fr\/en\/wp-json\/wp\/v2\/media?parent=2648"}],"curies":[{"name":"wp","href":"https:\/\/api.w.org\/{rel}","templated":true}]}}