{"id":3057,"date":"2019-05-21T17:36:46","date_gmt":"2019-05-21T15:36:46","guid":{"rendered":"http:\/\/localhost\/?page_id=3057"},"modified":"2026-02-03T10:52:00","modified_gmt":"2026-02-03T09:52:00","slug":"after-school-care","status":"publish","type":"page","link":"https:\/\/www.villeneuve-les-beziers.fr\/en\/mon-quotidien\/enfance-jeunesse\/accueil-periscolaire\/","title":{"rendered":"After-school care, mornings and evenings"},"content":{"rendered":"<p>Morning reception times from 7.30am to 8.20am<\/p>\n\n\n\n<p>Evening reception times from 4.30 pm to 6.15 pm<\/p>\n\n\n\n<p>Bookings can be made via your family space.<\/p>\n\n\n\n<div class=\"wp-block-buttons is-layout-flex wp-block-buttons-is-layout-flex\">\n<div class=\"wp-block-button\"><a class=\"wp-block-button__link wp-element-button\" href=\"https:\/\/espacefamille.aiga.fr\/index.html?dossier=1642105\" target=\"_blank\" rel=\"noreferrer noopener\">Access the family portal<\/a><\/div>\n<\/div>\n\n\n\n<p>Contact: alsh@villeneuve-les-beziers.fr or 04 67 39 39 59<\/p>\n\n\n\n<p><\/p>","protected":false},"excerpt":{"rendered":"<p>Horaires d&rsquo;accueil du matin de 7h30 \u00e0 8h20 Horaires d&rsquo;accueil du soir de 16h30 \u00e0 18h15 Les r\u00e9servations sont \u00e0 faire via votre espace famille. Contact : alsh@villeneuve-les-beziers.fr ou 04 67 39 39 59<\/p>","protected":false},"author":1,"featured_media":3055,"parent":208,"menu_order":0,"comment_status":"closed","ping_status":"closed","template":"","meta":{"footnotes":""},"class_list":["post-3057","page","type-page","status-publish","has-post-thumbnail","hentry"],"_links":{"self":[{"href":"https:\/\/www.villeneuve-les-beziers.fr\/en\/wp-json\/wp\/v2\/pages\/3057","targetHints":{"allow":["GET"]}}],"collection":[{"href":"https:\/\/www.villeneuve-les-beziers.fr\/en\/wp-json\/wp\/v2\/pages"}],"about":[{"href":"https:\/\/www.villeneuve-les-beziers.fr\/en\/wp-json\/wp\/v2\/types\/page"}],"author":[{"embeddable":true,"href":"https:\/\/www.villeneuve-les-beziers.fr\/en\/wp-json\/wp\/v2\/users\/1"}],"replies":[{"embeddable":true,"href":"https:\/\/www.villeneuve-les-beziers.fr\/en\/wp-json\/wp\/v2\/comments?post=3057"}],"version-history":[{"count":3,"href":"https:\/\/www.villeneuve-les-beziers.fr\/en\/wp-json\/wp\/v2\/pages\/3057\/revisions"}],"predecessor-version":[{"id":20561,"href":"https:\/\/www.villeneuve-les-beziers.fr\/en\/wp-json\/wp\/v2\/pages\/3057\/revisions\/20561"}],"up":[{"embeddable":true,"href":"https:\/\/www.villeneuve-les-beziers.fr\/en\/wp-json\/wp\/v2\/pages\/208"}],"wp:featuredmedia":[{"embeddable":true,"href":"https:\/\/www.villeneuve-les-beziers.fr\/en\/wp-json\/wp\/v2\/media\/3055"}],"wp:attachment":[{"href":"https:\/\/www.villeneuve-les-beziers.fr\/en\/wp-json\/wp\/v2\/media?parent=3057"}],"curies":[{"name":"wp","href":"https:\/\/api.w.org\/{rel}","templated":true}]}}