{"id":5891,"date":"2021-08-04T16:30:58","date_gmt":"2021-08-04T14:30:58","guid":{"rendered":"http:\/\/www.villeneuve-les-beziers.fr\/?page_id=5891"},"modified":"2025-01-08T09:14:55","modified_gmt":"2025-01-08T08:14:55","slug":"food-aid","status":"publish","type":"page","link":"https:\/\/www.villeneuve-les-beziers.fr\/en\/mon-quotidien\/ccas\/aide-alimentaire\/","title":{"rendered":"Food aid CCAS de Villeneuve-l\u00e8s-B\u00e9ziers"},"content":{"rendered":"<p>In partnership with the Banque Alimentaire de l'H\u00e9rault, the Villeneuve-l\u00e8s-B\u00e9ziers CCAS can help you.<\/p>\n\n\n\n<p><strong>Applications for Food Aid, 1<sup>era<\/sup> applications or renewals, are available from the CCAS reception desk or can be downloaded here and handed in to the CCAS at the Town Hall.<\/strong><\/p>\n\n\n\n<p><strong><a href=\"https:\/\/www.villeneuve-les-beziers.fr\/wp-content\/uploads\/2021\/08\/reglementinterieur.pdf\">\u21d2Internal rules<\/a><\/strong><br><strong><a href=\"https:\/\/www.villeneuve-les-beziers.fr\/wp-content\/uploads\/2021\/08\/reglementinterieur.pdf\">\u21d2<\/a><a href=\"https:\/\/www.villeneuve-les-beziers.fr\/wp-content\/uploads\/2021\/08\/beneficiaire_charte.pdf\">Beneficiary's Charter<\/a><\/strong><br><strong><a href=\"https:\/\/www.villeneuve-les-beziers.fr\/wp-content\/uploads\/2021\/08\/reglementinterieur.pdf\">\u21d2<\/a><a href=\"https:\/\/www.villeneuve-les-beziers.fr\/wp-content\/uploads\/2021\/08\/dossier-demande.pdf\">Application file<\/a><\/strong><\/p>","protected":false},"excerpt":{"rendered":"<p>In partnership with the Banque Alimentaire de l'H\u00e9rault, the Villeneuve-l\u00e8s-B\u00e9ziers CCAS can help you. Application forms for Food Aid, 1st application or renewal, are available at the CCAS reception desk or can be downloaded here and handed in at the CCAS, in the Town Hall. \u21d2R\u00e8glement int\u00e9rieur\u21d2Charte du b\u00e9n\u00e9ficiaire\u21d2Dossier de demande<\/p>","protected":false},"author":1,"featured_media":18255,"parent":14883,"menu_order":0,"comment_status":"closed","ping_status":"closed","template":"","meta":{"footnotes":""},"class_list":["post-5891","page","type-page","status-publish","has-post-thumbnail","hentry"],"_links":{"self":[{"href":"https:\/\/www.villeneuve-les-beziers.fr\/en\/wp-json\/wp\/v2\/pages\/5891","targetHints":{"allow":["GET"]}}],"collection":[{"href":"https:\/\/www.villeneuve-les-beziers.fr\/en\/wp-json\/wp\/v2\/pages"}],"about":[{"href":"https:\/\/www.villeneuve-les-beziers.fr\/en\/wp-json\/wp\/v2\/types\/page"}],"author":[{"embeddable":true,"href":"https:\/\/www.villeneuve-les-beziers.fr\/en\/wp-json\/wp\/v2\/users\/1"}],"replies":[{"embeddable":true,"href":"https:\/\/www.villeneuve-les-beziers.fr\/en\/wp-json\/wp\/v2\/comments?post=5891"}],"version-history":[{"count":2,"href":"https:\/\/www.villeneuve-les-beziers.fr\/en\/wp-json\/wp\/v2\/pages\/5891\/revisions"}],"predecessor-version":[{"id":19663,"href":"https:\/\/www.villeneuve-les-beziers.fr\/en\/wp-json\/wp\/v2\/pages\/5891\/revisions\/19663"}],"up":[{"embeddable":true,"href":"https:\/\/www.villeneuve-les-beziers.fr\/en\/wp-json\/wp\/v2\/pages\/14883"}],"wp:featuredmedia":[{"embeddable":true,"href":"https:\/\/www.villeneuve-les-beziers.fr\/en\/wp-json\/wp\/v2\/media\/18255"}],"wp:attachment":[{"href":"https:\/\/www.villeneuve-les-beziers.fr\/en\/wp-json\/wp\/v2\/media?parent=5891"}],"curies":[{"name":"wp","href":"https:\/\/api.w.org\/{rel}","templated":true}]}}