{"id":6501,"date":"2022-01-31T10:45:20","date_gmt":"2022-01-31T09:45:20","guid":{"rendered":"http:\/\/www.villeneuve-les-beziers.fr\/?page_id=6501"},"modified":"2025-09-02T10:10:01","modified_gmt":"2025-09-02T08:10:01","slug":"form-for-illuminated-signs","status":"publish","type":"page","link":"https:\/\/www.villeneuve-les-beziers.fr\/en\/demarches\/formulaire-pour-les-panneaux-lumineux\/","title":{"rendered":"Form for illuminated signs"},"content":{"rendered":"<p>The Commune has 3 LED light panels, which can be used to broadcast information of general interest relating to the life of the Commune or to promote events organised by the town or by local associations.<\/p>\n\n\n\n<p>These panels, located <strong>rue du 4 septembre, avenue Pierre B\u00e9r\u00e9govoy (P\u00f4le M\u00e9diterran\u00e9e) and avenue Andr\u00e9 Palmade (Taureau roundabout)<\/strong>These are owned by the town, which records the messages and manages the display. There is no charge for posting information on the illuminated signs.<\/p>\n\n\n\n<p>The municipal services and associations of Villeneuve are concerned by these panels and will be able to submit proposals for messages by means of a paper form available at the Town Hall reception desk or on the municipal website.<\/p>\n\n\n\n<p>Requests for broadcasts must reach the Town Hall at least two weeks before the desired date. The message will be posted at least 8 days before the event. It will be deleted automatically afterwards.<\/p>\n\n\n\n<p><strong>The following are excluded from the distribution framework:<\/strong><\/p>\n\n\n\n<ul class=\"wp-block-list\">\n<li>private messages,<\/li>\n\n\n\n<li>messages of a purely commercial nature,<\/li>\n\n\n\n<li>messages that are not of clear communal interest,<\/li>\n\n\n\n<li>information of a political or religious nature, etc.<\/li>\n<\/ul>\n\n\n\n<div data-wp-interactive=\"core\/file\" class=\"wp-block-file\"><object data-wp-bind--hidden=\"!state.hasPdfPreview\" hidden class=\"wp-block-file__embed\" data=\"https:\/\/www.villeneuve-les-beziers.fr\/wp-content\/uploads\/2025\/01\/panneaux-lumineux-2023.pdf\" type=\"application\/pdf\" style=\"width:100%;height:600px\" aria-label=\"Embed of illuminated signs 2023.\"><\/object><a id=\"wp-block-file--media-b974ea94-730d-47c8-8712-f875f42f5cef\" href=\"https:\/\/www.villeneuve-les-beziers.fr\/wp-content\/uploads\/2025\/01\/panneaux-lumineux-2023.pdf\">illuminated signs 2023<\/a><a href=\"https:\/\/www.villeneuve-les-beziers.fr\/wp-content\/uploads\/2025\/01\/panneaux-lumineux-2023.pdf\" class=\"wp-block-file__button wp-element-button\" download aria-describedby=\"wp-block-file--media-b974ea94-730d-47c8-8712-f875f42f5cef\">Download<\/a><\/div>","protected":false},"excerpt":{"rendered":"<p>La Commune est dot\u00e9e de 3 &nbsp;panneaux lumineux LED, permettant de diffuser des messages d\u2019informations d\u2019int\u00e9r\u00eat g\u00e9n\u00e9ral li\u00e9es \u00e0 la vie de la commune ou de la promotion de manifestations organis\u00e9es par la ville ou par les associations de la commune. Ces panneaux, situ\u00e9s rue du 4 septembre, avenue Pierre B\u00e9r\u00e9govoy (P\u00f4le M\u00e9diterran\u00e9e) et avenue [&hellip;]<\/p>\n","protected":false},"author":1,"featured_media":16901,"parent":853,"menu_order":0,"comment_status":"closed","ping_status":"closed","template":"","meta":{"footnotes":""},"class_list":["post-6501","page","type-page","status-publish","has-post-thumbnail","hentry"],"_links":{"self":[{"href":"https:\/\/www.villeneuve-les-beziers.fr\/en\/wp-json\/wp\/v2\/pages\/6501","targetHints":{"allow":["GET"]}}],"collection":[{"href":"https:\/\/www.villeneuve-les-beziers.fr\/en\/wp-json\/wp\/v2\/pages"}],"about":[{"href":"https:\/\/www.villeneuve-les-beziers.fr\/en\/wp-json\/wp\/v2\/types\/page"}],"author":[{"embeddable":true,"href":"https:\/\/www.villeneuve-les-beziers.fr\/en\/wp-json\/wp\/v2\/users\/1"}],"replies":[{"embeddable":true,"href":"https:\/\/www.villeneuve-les-beziers.fr\/en\/wp-json\/wp\/v2\/comments?post=6501"}],"version-history":[{"count":3,"href":"https:\/\/www.villeneuve-les-beziers.fr\/en\/wp-json\/wp\/v2\/pages\/6501\/revisions"}],"predecessor-version":[{"id":20337,"href":"https:\/\/www.villeneuve-les-beziers.fr\/en\/wp-json\/wp\/v2\/pages\/6501\/revisions\/20337"}],"up":[{"embeddable":true,"href":"https:\/\/www.villeneuve-les-beziers.fr\/en\/wp-json\/wp\/v2\/pages\/853"}],"wp:featuredmedia":[{"embeddable":true,"href":"https:\/\/www.villeneuve-les-beziers.fr\/en\/wp-json\/wp\/v2\/media\/16901"}],"wp:attachment":[{"href":"https:\/\/www.villeneuve-les-beziers.fr\/en\/wp-json\/wp\/v2\/media?parent=6501"}],"curies":[{"name":"wp","href":"https:\/\/api.w.org\/{rel}","templated":true}]}}