{"id":6737,"date":"2022-03-17T14:48:29","date_gmt":"2022-03-17T13:48:29","guid":{"rendered":"http:\/\/www.villeneuve-les-beziers.fr\/?p=6737"},"modified":"2024-11-22T23:20:05","modified_gmt":"2024-11-22T22:20:05","slug":"flood-risk-prevention-plan","status":"publish","type":"page","link":"https:\/\/www.villeneuve-les-beziers.fr\/en\/vie-pratique\/urbanisme\/plan-de-prevention-des-risques-dinondations\/","title":{"rendered":"Flood Risk Prevention Plan"},"content":{"rendered":"<h2 class=\"wp-block-heading\">Consult the Flood Risk Prevention Plans (PPRI) and Technological Risk Prevention Plans (PPRT)<\/h2>\n\n\n\n<figure class=\"wp-block-table\"><table class=\"has-fixed-layout\"><thead><tr><th class=\"has-text-align-center\" data-align=\"center\">Flooding PPR<\/th><th class=\"has-text-align-center\" data-align=\"center\"><a name=\"eztoc148969_0_2\" id=\"eztoc148969_0_2\"><\/a>MINGUEZ\" technological risk prevention plan<\/th><th class=\"has-text-align-center\" data-align=\"center\">Technological PPR <a name=\"eztoc148969_0_5\" id=\"eztoc148969_0_5\"><\/a>\"GAZECHIM<\/th><\/tr><\/thead><tbody><tr><td class=\"has-text-align-center\" data-align=\"center\">Approval date: 08\/11\/2007<\/td><td class=\"has-text-align-center\" data-align=\"center\">&nbsp;Approval date: 06\/03\/2013<\/td><td class=\"has-text-align-center\" data-align=\"center\">Approval date: 03\/08\/2015<\/td><\/tr><tr><td class=\"has-text-align-center\" data-align=\"center\"><a title=\"Visit http:\/\/piece-jointe-carto.developpement-durable.gouv.fr\/DEPT034A\/ZonagePPRI\/VILLENEUVE-LES-BEZIERS\/ArreteAppro_VILLENEUVE-LES-BEZIERS.pdf - new window\" href=\"http:\/\/piece-jointe-carto.developpement-durable.gouv.fr\/DEPT034A\/ZonagePPRI\/VILLENEUVE-LES-BEZIERS\/ArreteAppro_VILLENEUVE-LES-BEZIERS.pdf\" target=\"_blank\" rel=\"noopener\">Approval order<\/a><br><a title=\"Visit http:\/\/piece-jointe-carto.developpement-durable.gouv.fr\/DEPT034A\/ZonagePPRI\/VILLENEUVE-LES-BEZIERS\/RapportPres_VILLENEUVE-LES-BEZIERS.pdf - new window\" href=\"http:\/\/piece-jointe-carto.developpement-durable.gouv.fr\/DEPT034A\/ZonagePPRI\/VILLENEUVE-LES-BEZIERS\/RapportPres_VILLENEUVE-LES-BEZIERS.pdf\" target=\"_blank\" rel=\"noopener\">Presentation report<\/a><br><a title=\"Visit http:\/\/piece-jointe-carto.developpement-durable.gouv.fr\/DEPT034A\/ZonagePPRI\/VILLENEUVE-LES-BEZIERS\/Zonage_VILLENEUVE-LES-BEZIERS.zip - new window\" href=\"http:\/\/piece-jointe-carto.developpement-durable.gouv.fr\/DEPT034A\/ZonagePPRI\/VILLENEUVE-LES-BEZIERS\/Zonage_VILLENEUVE-LES-BEZIERS.zip\" target=\"_blank\" rel=\"noopener\">Zoning map<\/a><br><a title=\"Visit http:\/\/piece-jointe-carto.developpement-durable.gouv.fr\/DEPT034A\/ZonagePPRI\/VILLENEUVE-LES-BEZIERS\/Reglement_VILLENEUVE-LES-BEZIERS.pdf - new window\" href=\"http:\/\/piece-jointe-carto.developpement-durable.gouv.fr\/DEPT034A\/ZonagePPRI\/VILLENEUVE-LES-BEZIERS\/Reglement_VILLENEUVE-LES-BEZIERS.pdf\" target=\"_blank\" rel=\"noopener\">Regulations<\/a><\/td><td class=\"has-text-align-center\" data-align=\"center\"><a title=\"Visit http:\/\/piece-jointe-carto.developpement-durable.gouv.fr\/DEPT034A\/ZonagePPRT\/MINGUEZ\/ArreteAppro_MINGUEZ.pdf - new window\" href=\"http:\/\/piece-jointe-carto.developpement-durable.gouv.fr\/DEPT034A\/ZonagePPRT\/MINGUEZ\/ArreteAppro_MINGUEZ.pdf\" target=\"_blank\" rel=\"noopener\">Approval order<\/a><br><a title=\"Visit http:\/\/piece-jointe-carto.developpement-durable.gouv.fr\/DEPT034A\/ZonagePPRT\/MINGUEZ\/RapportPres_MINGUEZ.pdf - new window\" href=\"http:\/\/piece-jointe-carto.developpement-durable.gouv.fr\/DEPT034A\/ZonagePPRT\/MINGUEZ\/RapportPres_MINGUEZ.pdf\" target=\"_blank\" rel=\"noopener\">Presentation report<\/a><br><a title=\"Visit http:\/\/piece-jointe-carto.developpement-durable.gouv.fr\/DEPT034A\/ZonagePPRT\/MINGUEZ\/Zonage_MINGUEZ.pdf - new window\" href=\"http:\/\/piece-jointe-carto.developpement-durable.gouv.fr\/DEPT034A\/ZonagePPRT\/MINGUEZ\/Zonage_MINGUEZ.pdf\" target=\"_blank\" rel=\"noopener\">Zoning map<\/a><br><a title=\"Visit http:\/\/piece-jointe-carto.developpement-durable.gouv.fr\/DEPT034A\/ZonagePPRT\/MINGUEZ\/Reglement_MINGUEZ.pdf - new window\" href=\"http:\/\/piece-jointe-carto.developpement-durable.gouv.fr\/DEPT034A\/ZonagePPRT\/MINGUEZ\/Reglement_MINGUEZ.pdf\" target=\"_blank\" rel=\"noopener\">Regulations<\/a><\/td><td class=\"has-text-align-center\" data-align=\"center\"><a title=\"Visit http:\/\/piece-jointe-carto.developpement-durable.gouv.fr\/DEPT034A\/ZonagePPRT\/GAZECHIM\/ArreteAppro_GAZECHIM.pdf - new window\" href=\"http:\/\/piece-jointe-carto.developpement-durable.gouv.fr\/DEPT034A\/ZonagePPRT\/GAZECHIM\/ArreteAppro_GAZECHIM.pdf\" target=\"_blank\" rel=\"noopener\">Approval order<\/a><br><a title=\"Visit http:\/\/piece-jointe-carto.developpement-durable.gouv.fr\/DEPT034A\/ZonagePPRT\/GAZECHIM\/RapportPres_GAZECHIM.pdf - new window\" href=\"http:\/\/piece-jointe-carto.developpement-durable.gouv.fr\/DEPT034A\/ZonagePPRT\/GAZECHIM\/RapportPres_GAZECHIM.pdf\" target=\"_blank\" rel=\"noopener\">Presentation report<\/a><br><a title=\"Visit http:\/\/piece-jointe-carto.developpement-durable.gouv.fr\/DEPT034A\/ZonagePPRT\/GAZECHIM\/Zonage_GAZECHIM.pdf - new window\" href=\"http:\/\/piece-jointe-carto.developpement-durable.gouv.fr\/DEPT034A\/ZonagePPRT\/GAZECHIM\/Zonage_GAZECHIM.pdf\" target=\"_blank\" rel=\"noopener\">Zoning map<\/a><br><a title=\"Visit http:\/\/piece-jointe-carto.developpement-durable.gouv.fr\/DEPT034A\/ZonagePPRT\/GAZECHIM\/Reglement_GAZECHIM.pdf - new window\" href=\"http:\/\/piece-jointe-carto.developpement-durable.gouv.fr\/DEPT034A\/ZonagePPRT\/GAZECHIM\/Reglement_GAZECHIM.pdf\" target=\"_blank\" rel=\"noopener\">Regulations<\/a><\/td><\/tr><tr><td class=\"has-text-align-center\" data-align=\"center\"><strong>Appendices<\/strong><br><a title=\"Visit http:\/\/piece-jointe-carto.developpement-durable.gouv.fr\/DEPT034A\/ZonagePPRI\/VILLENEUVE-LES-BEZIERS\/Alea_VILLENEUVE-LES-BEZIERS.zip - new window\" href=\"http:\/\/piece-jointe-carto.developpement-durable.gouv.fr\/DEPT034A\/ZonagePPRI\/VILLENEUVE-LES-BEZIERS\/Alea_VILLENEUVE-LES-BEZIERS.zip\" target=\"_blank\" rel=\"noopener\">Hazard map<\/a><br><a title=\"Visit http:\/\/piece-jointe-carto.developpement-durable.gouv.fr\/DEPT034A\/ZonagePPRI\/VILLENEUVE-LES-BEZIERS\/Annexe_VILLENEUVE-LES-BEZIERS.pdf - new window\" href=\"http:\/\/piece-jointe-carto.developpement-durable.gouv.fr\/DEPT034A\/ZonagePPRI\/VILLENEUVE-LES-BEZIERS\/Annexe_VILLENEUVE-LES-BEZIERS.pdf\" target=\"_blank\" rel=\"noopener\">Other appendices<\/a><\/td><td class=\"has-text-align-center\" data-align=\"center\"><strong>Appendices<\/strong><br><a title=\"Visit http:\/\/piece-jointe-carto.developpement-durable.gouv.fr\/DEPT034A\/ZonagePPRT\/MINGUEZ\/Alea_MINGUEZ.pdf - new window\" href=\"http:\/\/piece-jointe-carto.developpement-durable.gouv.fr\/DEPT034A\/ZonagePPRT\/MINGUEZ\/Alea_MINGUEZ.pdf\" target=\"_blank\" rel=\"noopener\">Hazard map<\/a><br><a title=\"Visit http:\/\/piece-jointe-carto.developpement-durable.gouv.fr\/DEPT034A\/ZonagePPRT\/MINGUEZ\/Annexe_MINGUEZ.zip - new window\" href=\"http:\/\/piece-jointe-carto.developpement-durable.gouv.fr\/DEPT034A\/ZonagePPRT\/MINGUEZ\/Annexe_MINGUEZ.zip\" target=\"_blank\" rel=\"noopener\">Other appendices<\/a><\/td><td class=\"has-text-align-center\" data-align=\"center\"><strong>Appendices<\/strong><br><a title=\"Visit http:\/\/piece-jointe-carto.developpement-durable.gouv.fr\/DEPT034A\/ZonagePPRT\/GAZECHIM\/Annexe_GAZECHIM.pdf - new window\" href=\"http:\/\/piece-jointe-carto.developpement-durable.gouv.fr\/DEPT034A\/ZonagePPRT\/GAZECHIM\/Annexe_GAZECHIM.pdf\" target=\"_blank\" rel=\"noopener\">Other appendices<\/a><\/td><\/tr><\/tbody><\/table><\/figure>\n\n\n\n<h2 class=\"wp-block-heading\">Porter \u00e0 Connaissance (PAC) following the floods in October 2019.<\/h2>\n\n\n\n<p class=\"is-style-text-subtitle has-large-font-size is-style-text-subtitle--1\">RISK STUDIES NOTIFIED TO LOCAL AUTHORITIES<\/p>\n\n\n\n<p>When a natural risk prevention plan is approved for a municipality, the plan provides a precise framework for building possibilities. However, it is not the only source of information to be taken into account, and all available additional knowledge of the risks must be used to assess the risk, particularly when drawing up town planning documents and planning permission applications.<br>The Prefect is required to forward to the municipalities all the technical studies in his possession that are necessary for them to exercise their town planning powers (Article L.132-2 of the Town Planning Code). To this end, the studies listed below have been brought to their attention. Source : <strong><a href=\"https:\/\/www.herault.gouv.fr\/Politiques-publiques\/Environnement-risques-naturels-et-technologiques\/Risques-naturels-et-technologiques\/Transmission-des-informations-aux-maires-TIM\/Les-Porter-a-connaissance-PAC-de-l-Herault\" target=\"_blank\" rel=\"noopener noreferrer nofollow\">Prefecture of H\u00e9rault<\/a><\/strong><\/p>\n\n\n\n<figure class=\"wp-block-table\"><table class=\"has-fixed-layout\"><thead><tr><th class=\"has-text-align-center\" data-align=\"center\">ALEA TYPE<\/th><th class=\"has-text-align-center\" data-align=\"center\">TECHNICAL STUDIES<\/th><th class=\"has-text-align-center\" data-align=\"center\">CAP DATE<\/th><th class=\"has-text-align-center\" data-align=\"center\">CARTOGRAPHY<\/th><\/tr><\/thead><tbody><tr><td class=\"has-text-align-center\" data-align=\"center\"><strong>Multi-risk<\/strong><\/td><td class=\"has-text-align-center\" data-align=\"center\">Natural or technological risk definition sheet(s) for campsites and residential leisure parks in the H\u00e9rault department<br>These sheets summarise, for each campsite, on the basis of all the information drawn up by or at the request of the State, the delimitation of areas subject to foreseeable natural or technological risk and the extent of exposure. A map showing the location of the campsite in relation to the risks taken into account is also appended.<br><p style=\"text-align: justify;\">June 2017<\/p><\/td><td class=\"has-text-align-center\" data-align=\"center\">09\/06\/2017<\/td><td class=\"has-text-align-center\" data-align=\"center\"><a href=\"http:\/\/piece-jointe-carto.developpement-durable.gouv.fr\/DEPT034A\/Camping_Risques\/VILLENEUVE-LES-BEZIERS.zip\" target=\"_blank\" rel=\"noreferrer noopener\">ZIP archive of all the campsites in the commune<\/a><\/td><\/tr><tr><td class=\"has-text-align-center\" data-align=\"center\"><strong>Flooding<\/strong><\/td><td class=\"has-text-align-center\" data-align=\"center\">Hazard map for the flood of 23 October 2019 and associated planning notice<\/td><td class=\"has-text-align-center\" data-align=\"center\">28\/09\/2020<\/td><td class=\"has-text-align-center\" data-align=\"center\"><br><a href=\"https:\/\/www.herault.gouv.fr\/content\/download\/35540\/237517\/file\/20200928_Courrier_Maire_Villeneuve_LBz_PAC.pdf\" target=\"_blank\" rel=\"noreferrer noopener\">20200928_Courrier_Maire_VilleneuveLBzPAC<\/a><br><a href=\"https:\/\/www.herault.gouv.fr\/content\/download\/35541\/237521\/file\/PAC_Alea_Villeneuve_les_Beziers_2020_09_28.pdf\" target=\"_blank\" rel=\"noreferrer noopener\">Hazard map<\/a><br><a href=\"https:\/\/www.herault.gouv.fr\/content\/download\/35542\/237525\/file\/PAC_PHE_Villeneuve_les_Beziers_2020_09_28.pdf\" target=\"_blank\" rel=\"noreferrer noopener\">PHE map<\/a><\/td><\/tr><\/tbody><\/table><\/figure>","protected":false},"excerpt":{"rendered":"<p>Consultez les Plans de Pr\u00e9vention des Risques d&rsquo;Inondation (PPRI) et Technologique (PPRT) PPR Inondation PPR Technologique \u00ab\u00a0MINGUEZ\u00a0\u00bb PPR Technologique \u00ab\u00a0GAZECHIM\u00a0\u00bb Date d&rsquo;approbation : 08\/11\/2007 &nbsp;Date d&rsquo;approbation : 06\/03\/2013 Date d&rsquo;approbation : 03\/08\/2015 Arr\u00eat\u00e9 d&rsquo;approbationRapport de pr\u00e9sentationCarte de zonageR\u00e8glement Arr\u00eat\u00e9 d&rsquo;approbationRapport de pr\u00e9sentationCarte de zonageR\u00e8glement Arr\u00eat\u00e9 d&rsquo;approbationRapport de pr\u00e9sentationCarte de zonageR\u00e8glement AnnexesCarte d&rsquo;al\u00e9aAutres annexes AnnexesCarte d&rsquo;al\u00e9aAutres [&hellip;]<\/p>\n","protected":false},"author":1,"featured_media":3957,"parent":204,"menu_order":0,"comment_status":"closed","ping_status":"closed","template":"","meta":{"footnotes":""},"class_list":["post-6737","page","type-page","status-publish","has-post-thumbnail","hentry"],"_links":{"self":[{"href":"https:\/\/www.villeneuve-les-beziers.fr\/en\/wp-json\/wp\/v2\/pages\/6737","targetHints":{"allow":["GET"]}}],"collection":[{"href":"https:\/\/www.villeneuve-les-beziers.fr\/en\/wp-json\/wp\/v2\/pages"}],"about":[{"href":"https:\/\/www.villeneuve-les-beziers.fr\/en\/wp-json\/wp\/v2\/types\/page"}],"author":[{"embeddable":true,"href":"https:\/\/www.villeneuve-les-beziers.fr\/en\/wp-json\/wp\/v2\/users\/1"}],"replies":[{"embeddable":true,"href":"https:\/\/www.villeneuve-les-beziers.fr\/en\/wp-json\/wp\/v2\/comments?post=6737"}],"version-history":[{"count":0,"href":"https:\/\/www.villeneuve-les-beziers.fr\/en\/wp-json\/wp\/v2\/pages\/6737\/revisions"}],"up":[{"embeddable":true,"href":"https:\/\/www.villeneuve-les-beziers.fr\/en\/wp-json\/wp\/v2\/pages\/204"}],"wp:featuredmedia":[{"embeddable":true,"href":"https:\/\/www.villeneuve-les-beziers.fr\/en\/wp-json\/wp\/v2\/media\/3957"}],"wp:attachment":[{"href":"https:\/\/www.villeneuve-les-beziers.fr\/en\/wp-json\/wp\/v2\/media?parent=6737"}],"curies":[{"name":"wp","href":"https:\/\/api.w.org\/{rel}","templated":true}]}}