{"id":6819,"date":"2022-04-05T15:32:51","date_gmt":"2022-04-05T13:32:51","guid":{"rendered":"https:\/\/www.villeneuve-les-beziers.fr\/?page_id=6819"},"modified":"2026-03-13T14:28:24","modified_gmt":"2026-03-13T13:28:24","slug":"revision-du-plu","status":"publish","type":"page","link":"https:\/\/www.villeneuve-les-beziers.fr\/en\/vie-pratique\/urbanisme\/revision-du-plu\/","title":{"rendered":"General review of the PLU"},"content":{"rendered":"<figure class=\"wp-block-post-featured-image\"><img loading=\"lazy\" decoding=\"async\" width=\"1348\" height=\"688\" src=\"https:\/\/www.villeneuve-les-beziers.fr\/wp-content\/uploads\/2022\/04\/Capture-decran-2022-04-05-a-15.16.02-1.png\" class=\"attachment-post-thumbnail size-post-thumbnail wp-post-image\" alt=\"\" style=\"object-fit:cover;\" srcset=\"https:\/\/www.villeneuve-les-beziers.fr\/wp-content\/uploads\/2022\/04\/Capture-decran-2022-04-05-a-15.16.02-1.png 1348w, https:\/\/www.villeneuve-les-beziers.fr\/wp-content\/uploads\/2022\/04\/Capture-decran-2022-04-05-a-15.16.02-1-150x77.png 150w, https:\/\/www.villeneuve-les-beziers.fr\/wp-content\/uploads\/2022\/04\/Capture-decran-2022-04-05-a-15.16.02-1-300x153.png 300w, https:\/\/www.villeneuve-les-beziers.fr\/wp-content\/uploads\/2022\/04\/Capture-decran-2022-04-05-a-15.16.02-1-768x392.png 768w, https:\/\/www.villeneuve-les-beziers.fr\/wp-content\/uploads\/2022\/04\/Capture-decran-2022-04-05-a-15.16.02-1-1024x523.png 1024w\" sizes=\"auto, (max-width: 1348px) 100vw, 1348px\" \/><\/figure>\n\n\n<p>The Municipal Council of VILLENEUVE-LES-BEZIERS has decided to cancel the current general revision of the PLU and to relaunch the revision of the Commune's Local Town Planning Scheme for the entire commune, in accordance with the provisions of articles L.153-1 et seq. and R.153-1 et seq. of the French Town Planning Code.<\/p>\n\n\n\n<p><a href=\"https:\/\/www.villeneuve-les-beziers.fr\/wp-content\/uploads\/2025\/05\/2025-07-annulation-procedure-revision-PLU-et-relance.pdf\">Deliberation no. 2025\/07 to launch the general revision of the PLU<\/a><\/p>\n\n\n\n<p><a href=\"https:\/\/www.villeneuve-les-beziers.fr\/wp-content\/uploads\/2025\/05\/2025-23-Debat-sur-les-orientations-du-PADD-relatif-a-la-revision-du-PLU.pdf\">Deliberation n\u00b02025\/23 Debate on the orientations of the PADD<\/a><\/p>\n\n\n\n<p><a href=\"https:\/\/www.villeneuve-les-beziers.fr\/wp-content\/uploads\/2025\/07\/2025-36-revision-PLU-bilan-de-la-concertation-approbation-projet-PLU-arrete-1.pdf\">Deliberation no. 2025\/36 Review of the consultation process and adoption of the PLU<\/a><\/p>\n\n\n\n<p><a href=\"https:\/\/www.villeneuve-les-beziers.fr\/wp-content\/uploads\/2025\/11\/2025-171-Ouverture-enquete-publique-rev-gen-PLU.pdf\">Order opening the Public Inquiry<\/a><\/p>\n\n\n\n<p><a href=\"https:\/\/www.villeneuve-les-beziers.fr\/wp-content\/uploads\/2025\/11\/Avis-A2-fond-jaune-EP-VLBZ-2025.pdf\">Notice of Public Inquiry<\/a><\/p>\n\n\n\n<p><a href=\"https:\/\/www.villeneuve-les-beziers.fr\/wp-content\/uploads\/2026\/02\/RAPPORT-ET-CONCLUSIONS-REVISION-VILLENEUVE-LES-BEZIERS.pdf\">Report and conclusions of the investigating commissioner<\/a> (available for 1 year)<\/p>\n\n\n\n<p><a href=\"https:\/\/www.villeneuve-les-beziers.fr\/wp-content\/uploads\/2026\/03\/2026-16-Approbation-de-la-revision-generale-du-PLU.pdf\">Deliberation no. 2026 \/ 16 Approval of the general revision of the PLU<\/a><\/p>","protected":false},"excerpt":{"rendered":"<p>Le Conseil Municipal de la Commune de VILLENEUVE-LES-BEZIERS a d\u00e9cid\u00e9 d\u2019annuler la proc\u00e9dure de r\u00e9vision g\u00e9n\u00e9rale du PLU en cours et de relancer la proc\u00e9dure de r\u00e9vision du Plan Local d\u2019Urbanisme de la Commune sur la totalit\u00e9 du territoire communal conform\u00e9ment aux dispositions des articles L.153-1 et suivants et R.153-1 et suivants du Code de [&hellip;]<\/p>\n","protected":false},"author":1,"featured_media":6820,"parent":204,"menu_order":0,"comment_status":"closed","ping_status":"closed","template":"","meta":{"footnotes":""},"class_list":["post-6819","page","type-page","status-publish","has-post-thumbnail","hentry"],"_links":{"self":[{"href":"https:\/\/www.villeneuve-les-beziers.fr\/en\/wp-json\/wp\/v2\/pages\/6819","targetHints":{"allow":["GET"]}}],"collection":[{"href":"https:\/\/www.villeneuve-les-beziers.fr\/en\/wp-json\/wp\/v2\/pages"}],"about":[{"href":"https:\/\/www.villeneuve-les-beziers.fr\/en\/wp-json\/wp\/v2\/types\/page"}],"author":[{"embeddable":true,"href":"https:\/\/www.villeneuve-les-beziers.fr\/en\/wp-json\/wp\/v2\/users\/1"}],"replies":[{"embeddable":true,"href":"https:\/\/www.villeneuve-les-beziers.fr\/en\/wp-json\/wp\/v2\/comments?post=6819"}],"version-history":[{"count":17,"href":"https:\/\/www.villeneuve-les-beziers.fr\/en\/wp-json\/wp\/v2\/pages\/6819\/revisions"}],"predecessor-version":[{"id":20664,"href":"https:\/\/www.villeneuve-les-beziers.fr\/en\/wp-json\/wp\/v2\/pages\/6819\/revisions\/20664"}],"up":[{"embeddable":true,"href":"https:\/\/www.villeneuve-les-beziers.fr\/en\/wp-json\/wp\/v2\/pages\/204"}],"wp:featuredmedia":[{"embeddable":true,"href":"https:\/\/www.villeneuve-les-beziers.fr\/en\/wp-json\/wp\/v2\/media\/6820"}],"wp:attachment":[{"href":"https:\/\/www.villeneuve-les-beziers.fr\/en\/wp-json\/wp\/v2\/media?parent=6819"}],"curies":[{"name":"wp","href":"https:\/\/api.w.org\/{rel}","templated":true}]}}