{"id":873,"date":"2019-04-15T11:50:51","date_gmt":"2019-04-15T09:50:51","guid":{"rendered":"http:\/\/localhost\/?page_id=873"},"modified":"2024-11-22T12:25:24","modified_gmt":"2024-11-22T11:25:24","slug":"holiday-tranquillity-operation","status":"publish","type":"page","link":"https:\/\/www.villeneuve-les-beziers.fr\/en\/vie-pratique\/securite\/operation-tranquillite-vacances\/","title":{"rendered":"Operation tranquillit\u00e9 vacances"},"content":{"rendered":"<div class=\"wp-block-columns are-vertically-aligned-center is-layout-flex wp-container-core-columns-is-layout-0884d4d2 wp-block-columns-is-layout-flex\" style=\"margin-top:var(--wp--preset--spacing--50);margin-bottom:var(--wp--preset--spacing--50)\">\n<div class=\"wp-block-column is-vertically-aligned-center is-layout-flow wp-block-column-is-layout-flow\" style=\"flex-basis:33.33%\">\n<figure class=\"wp-block-image size-medium\"><img loading=\"lazy\" decoding=\"async\" width=\"300\" height=\"300\" src=\"https:\/\/www.villeneuve-les-beziers.fr\/wp-content\/uploads\/2019\/04\/tranquillitevacances-300x300.jpg\" alt=\"\" class=\"wp-image-882\" srcset=\"https:\/\/www.villeneuve-les-beziers.fr\/wp-content\/uploads\/2019\/04\/tranquillitevacances-300x300.jpg 300w, https:\/\/www.villeneuve-les-beziers.fr\/wp-content\/uploads\/2019\/04\/tranquillitevacances-150x150.jpg 150w, https:\/\/www.villeneuve-les-beziers.fr\/wp-content\/uploads\/2019\/04\/tranquillitevacances-768x767.jpg 768w, https:\/\/www.villeneuve-les-beziers.fr\/wp-content\/uploads\/2019\/04\/tranquillitevacances-1024x1022.jpg 1024w, https:\/\/www.villeneuve-les-beziers.fr\/wp-content\/uploads\/2019\/04\/tranquillitevacances.jpg 1181w\" sizes=\"auto, (max-width: 300px) 100vw, 300px\" \/><\/figure>\n<\/div>\n\n\n\n<div class=\"wp-block-column is-vertically-aligned-center is-layout-flow wp-block-column-is-layout-flow\" style=\"flex-basis:66.66%\">\n<p>The \"Op\u00e9ration Tranquillit\u00e9 Vacances\" scheme is active in the commune. Once you have registered, the local police and the national police will visit your home regularly to carry out a visual inspection of the openings of your home while you are away. This inspection is carried out from the outside, and the police do not enter the property. Please note that this is a procedure for residents who are going on holiday for a short period. Second homes or houses that are uninhabited for several months do not benefit from this scheme. These, like all homes, benefit from general surveillance patrols.<\/p>\n<\/div>\n<\/div>\n\n\n\n<div class=\"wp-block-columns are-vertically-aligned-center is-layout-flex wp-container-core-columns-is-layout-0884d4d2 wp-block-columns-is-layout-flex\" style=\"margin-top:var(--wp--preset--spacing--50);margin-bottom:var(--wp--preset--spacing--50)\">\n<div class=\"wp-block-column is-vertically-aligned-center is-layout-flow wp-block-column-is-layout-flow\" style=\"flex-basis:50%\">\n<h2 class=\"wp-block-heading\">To register<\/h2>\n\n\n\n<ul class=\"wp-block-list\">\n<li>You can remove the <a style=\"color: #008000;\" href=\"http:\/\/www.villeneuve-les-beziers.fr\/wp-content\/uploads\/2021\/10\/otv_2021.pdf\" target=\"_blank\" rel=\"noopener\"><strong>registration form<\/strong><\/a> either at the police station, or here in pdf format.<\/li>\n\n\n\n<li>Police Municipale de Villeneuve-l\u00e8s-B\u00e9ziers on 04.67.39.90.01<\/li>\n\n\n\n<li>La Dev\u00e8ze police station in B\u00e9ziers on 04.67.76.16.05<\/li>\n\n\n\n<li><strong><a style=\"color: #008000;\" href=\"http:\/\/www.interieur.gouv.fr\/A-votre-service\/Ma-securite\/Conseils-pratiques\/Mon-domicile\/Contre-les-cambriolages-ayez-les-bons-reflexes\" target=\"_blank\" rel=\"noopener\">Find out more about all the safety tips for your home<\/a><\/strong> on the Ministry of the Interior website, and download the brochure.<strong>&nbsp;<\/strong><\/li>\n<\/ul>\n<\/div>\n\n\n\n<div class=\"wp-block-column is-vertically-aligned-center is-layout-flow wp-block-column-is-layout-flow\" style=\"flex-basis:50%\">\n<div data-wp-interactive=\"core\/file\" class=\"wp-block-file aligncenter\"><object data-wp-bind--hidden=\"!state.hasPdfPreview\" hidden class=\"wp-block-file__embed\" data=\"https:\/\/www.villeneuve-les-beziers.fr\/wp-content\/uploads\/2019\/04\/otv_2019.pdf\" type=\"application\/pdf\" style=\"width:100%;height:600px\" aria-label=\"Embed of otv_2019.\"><\/object><a id=\"wp-block-file--media-1e4aa0d6-b2c4-4a8e-afd4-4d8cfb004fbc\" href=\"https:\/\/www.villeneuve-les-beziers.fr\/wp-content\/uploads\/2019\/04\/otv_2019.pdf\">otv_2019<\/a><a href=\"https:\/\/www.villeneuve-les-beziers.fr\/wp-content\/uploads\/2019\/04\/otv_2019.pdf\" class=\"wp-block-file__button wp-element-button\" aria-describedby=\"wp-block-file--media-1e4aa0d6-b2c4-4a8e-afd4-4d8cfb004fbc\" download>Download<\/a><\/div>\n<\/div>\n<\/div>\n\n\n\n<div class=\"wp-block-group has-global-padding is-layout-constrained wp-container-core-group-is-layout-6ecc7d59 wp-block-group-is-layout-constrained\" style=\"margin-top:var(--wp--preset--spacing--40);margin-bottom:var(--wp--preset--spacing--40);padding-top:var(--wp--preset--spacing--30);padding-right:var(--wp--preset--spacing--30);padding-bottom:var(--wp--preset--spacing--30);padding-left:var(--wp--preset--spacing--30)\">\n<h2 class=\"wp-block-heading\">Contact Police Municipale<\/h2>\n\n\n\n<div class=\"wp-block-group is-content-justification-space-between is-layout-flex wp-container-core-group-is-layout-9366075c wp-block-group-is-layout-flex\">\n<p>Place Gabriel Peri<br>34420 Villeneuve-l\u00e8s-B\u00e9ziers<br>Tel.: 04 67 39 90 01<\/p>\n\n\n\n<figure class=\"wp-block-image is-resized\"><a href=\"mailto:pm@villeneuve-les-beziers.fr\"><img loading=\"lazy\" decoding=\"async\" width=\"300\" height=\"300\" src=\"https:\/\/www.villeneuve-les-beziers.fr\/wp-content\/uploads\/2019\/04\/close-envelope-300x300.png\" alt=\"\" class=\"wp-image-600\" style=\"object-fit:cover;width:32px;height:32px\"\/><\/a><\/figure>\n\n\n\n<iframe src=\"https:\/\/www.google.com\/maps\/embed?pb=!1m18!1m12!1m3!1d2902.9822562646777!2d3.2755785775133903!3d43.314630871120315!2m3!1f0!2f0!3f0!3m2!1i1024!2i768!4f13.1!3m3!1m2!1s0x12b110362f575e11%3A0x22cca18efef55caf!2sPolice%20Municipale!5e0!3m2!1sfr!2sfr!4v1732273911412!5m2!1sfr!2sfr\" width=\"50%\" height=\"300\" style=\"border:0;\" allowfullscreen=\"\" loading=\"lazy\" referrerpolicy=\"no-referrer-when-downgrade\"><\/iframe>\n<\/div>\n<\/div>","protected":false},"excerpt":{"rendered":"<p>Le dispositif Op\u00e9ration Tranquillit\u00e9 Vacances est actif sur la commune.&nbsp;Apr\u00e8s inscription, la police municipale ainsi que la police nationale passent r\u00e9guli\u00e8rement \u00e0 votre domicile afin de proc\u00e9der \u00e0 une inspection visuelle des ouvertures de votre habitation en votre absence. Cette inspection se fait de l\u2019ext\u00e9rieur, les policiers ne rentrent pas \u00e0 l&rsquo;int\u00e9rieur de la propri\u00e9t\u00e9. [&hellip;]<\/p>\n","protected":false},"author":1,"featured_media":2636,"parent":12169,"menu_order":0,"comment_status":"closed","ping_status":"closed","template":"","meta":{"footnotes":""},"class_list":["post-873","page","type-page","status-publish","has-post-thumbnail","hentry"],"_links":{"self":[{"href":"https:\/\/www.villeneuve-les-beziers.fr\/en\/wp-json\/wp\/v2\/pages\/873","targetHints":{"allow":["GET"]}}],"collection":[{"href":"https:\/\/www.villeneuve-les-beziers.fr\/en\/wp-json\/wp\/v2\/pages"}],"about":[{"href":"https:\/\/www.villeneuve-les-beziers.fr\/en\/wp-json\/wp\/v2\/types\/page"}],"author":[{"embeddable":true,"href":"https:\/\/www.villeneuve-les-beziers.fr\/en\/wp-json\/wp\/v2\/users\/1"}],"replies":[{"embeddable":true,"href":"https:\/\/www.villeneuve-les-beziers.fr\/en\/wp-json\/wp\/v2\/comments?post=873"}],"version-history":[{"count":0,"href":"https:\/\/www.villeneuve-les-beziers.fr\/en\/wp-json\/wp\/v2\/pages\/873\/revisions"}],"up":[{"embeddable":true,"href":"https:\/\/www.villeneuve-les-beziers.fr\/en\/wp-json\/wp\/v2\/pages\/12169"}],"wp:featuredmedia":[{"embeddable":true,"href":"https:\/\/www.villeneuve-les-beziers.fr\/en\/wp-json\/wp\/v2\/media\/2636"}],"wp:attachment":[{"href":"https:\/\/www.villeneuve-les-beziers.fr\/en\/wp-json\/wp\/v2\/media?parent=873"}],"curies":[{"name":"wp","href":"https:\/\/api.w.org\/{rel}","templated":true}]}}