{"id":12444,"date":"2022-05-13T16:41:20","date_gmt":"2022-05-13T14:41:20","guid":{"rendered":"https:\/\/www.villeneuve-les-beziers.fr\/?page_id=12444"},"modified":"2024-11-25T17:49:29","modified_gmt":"2024-11-25T16:49:29","slug":"brigada-medioambiental","status":"publish","type":"page","link":"https:\/\/www.villeneuve-les-beziers.fr\/es\/vie-pratique\/securite\/brigade-environnementale\/","title":{"rendered":"Brigada Medioambiental"},"content":{"rendered":"<h2 class=\"wp-block-heading\">Presentaci\u00f3n de la brigada medioambiental<\/h2>\n\n\n\n<p class=\"has-text-align-left\">El cometido general de la brigada medioambiental es prevenir y combatir el incivismo, que se manifiesta en da\u00f1os a la salud p\u00fablica y a la calidad de vida. La brigada patrulla varias veces al d\u00eda.\u00a0<\/p>\n\n\n\n<div style=\"height:4em\" aria-hidden=\"true\" class=\"wp-block-spacer\"><\/div>\n\n\n\n<h2 class=\"wp-block-heading\">Las misiones de la brigada<\/h2>\n\n\n\n<div class=\"wp-block-columns are-vertically-aligned-top is-layout-flex wp-container-core-columns-is-layout-28f84493 wp-block-columns-is-layout-flex\">\n<div class=\"wp-block-column is-vertically-aligned-top is-layout-flow wp-block-column-is-layout-flow\">\n<p>Las distintas misiones y \u00e1reas de actuaci\u00f3n de la brigada medioambiental son:<\/p>\n\n\n\n<ul class=\"wp-block-list\">\n<li>Contaminaci\u00f3n ac\u00fastica<\/li>\n\n\n\n<li>Vertidos ilegales<\/li>\n\n\n\n<li>Cabanizaci\u00f3n<\/li>\n\n\n\n<li>Heces de perro 135 euros<\/li>\n\n\n\n<li>Contaminaci\u00f3n<\/li>\n\n\n\n<li>Recorte de setos<\/li>\n<\/ul>\n\n\n\n<p>La polic\u00eda municipal y la brigada medioambiental le recuerdan que est\u00e1 prohibido quemar basura.<\/p>\n<\/div>\n\n\n\n<div class=\"wp-block-column is-vertically-aligned-top is-layout-flow wp-block-column-is-layout-flow\">\n<figure class=\"wp-block-image size-full\"><img loading=\"lazy\" decoding=\"async\" width=\"600\" height=\"400\" src=\"https:\/\/www.villeneuve-les-beziers.fr\/wp-content\/uploads\/2022\/05\/Brigade-environnement.jpg\" alt=\"\" class=\"wp-image-11892\" srcset=\"https:\/\/www.villeneuve-les-beziers.fr\/wp-content\/uploads\/2022\/05\/Brigade-environnement.jpg 600w, https:\/\/www.villeneuve-les-beziers.fr\/wp-content\/uploads\/2022\/05\/Brigade-environnement-150x100.jpg 150w, https:\/\/www.villeneuve-les-beziers.fr\/wp-content\/uploads\/2022\/05\/Brigade-environnement-300x200.jpg 300w, https:\/\/www.villeneuve-les-beziers.fr\/wp-content\/uploads\/2022\/05\/Brigade-environnement-391x260.jpg 391w, https:\/\/www.villeneuve-les-beziers.fr\/wp-content\/uploads\/2022\/05\/Brigade-environnement-24x16.jpg 24w, https:\/\/www.villeneuve-les-beziers.fr\/wp-content\/uploads\/2022\/05\/Brigade-environnement-36x24.jpg 36w, https:\/\/www.villeneuve-les-beziers.fr\/wp-content\/uploads\/2022\/05\/Brigade-environnement-48x32.jpg 48w\" sizes=\"auto, (max-width: 600px) 100vw, 600px\" \/><\/figure>\n<\/div>\n<\/div>\n\n\n\n<div style=\"height:4em\" aria-hidden=\"true\" class=\"wp-block-spacer\"><\/div>\n\n\n\n<h2 class=\"wp-block-heading\">Cabanizaci\u00f3n<\/h2>\n\n\n\n<div class=\"wp-block-columns are-vertically-aligned-center is-layout-flex wp-container-core-columns-is-layout-28f84493 wp-block-columns-is-layout-flex\">\n<div class=\"wp-block-column is-vertically-aligned-center is-layout-flow wp-block-column-is-layout-flow\">\n<p>La caba\u00f1izaci\u00f3n es la construcci\u00f3n, sin permiso de obras, de una vivienda permanente o temporal en zonas agr\u00edcolas o naturales no edificables, la mayor\u00eda de las veces en zonas de riesgo de inundaci\u00f3n.<\/p>\n\n\n\n<p>El departamento de H\u00e9rault se ve muy afectado por este fen\u00f3meno, que tiene muchas implicaciones:<\/p>\n\n\n\n<ul class=\"wp-block-list\">\n<li>cuestiones sociales, as\u00ed como sanitarias e higi\u00e9nicas, cuando las chabolas son el resultado de la falta de viviendas asequibles<\/li>\n\n\n\n<li>cuestiones de seguridad relacionadas con la exposici\u00f3n m\u00e1s frecuente de las zonas de chabolas a peligros naturales (inundaciones\/incendios forestales) y la lejan\u00eda de los servicios de emergencia<br>&nbsp;No se trata s\u00f3lo de una cuesti\u00f3n medioambiental, sino tambi\u00e9n econ\u00f3mica, con el vertido de aguas residuales no tratadas en el medio natural, los da\u00f1os al paisaje y el deterioro de la imagen del departamento.<\/li>\n<\/ul>\n<\/div>\n\n\n\n<div class=\"wp-block-column is-vertically-aligned-center is-layout-flow wp-block-column-is-layout-flow\">\n<figure data-wp-context=\"{&quot;imageId&quot;:&quot;6a056eb74c050&quot;}\" data-wp-interactive=\"core\/image\" data-wp-key=\"6a056eb74c050\" class=\"wp-block-image wp-lightbox-container\"><img decoding=\"async\" data-wp-class--hide=\"state.isContentHidden\" data-wp-class--show=\"state.isContentVisible\" data-wp-init=\"callbacks.setButtonStyles\" data-wp-on--click=\"actions.showLightbox\" data-wp-on--load=\"callbacks.setButtonStyles\" data-wp-on-window--resize=\"callbacks.setButtonStyles\" src=\"https:\/\/www.villeneuve-les-beziers.fr\/wp-content\/uploads\/2019\/06\/cabanisation.jpg\" alt=\"\"\/><button\n\t\t\tclass=\"lightbox-trigger\"\n\t\t\ttype=\"button\"\n\t\t\taria-haspopup=\"dialog\"\n\t\t\taria-label=\"Agrandar\"\n\t\t\tdata-wp-init=\"callbacks.initTriggerButton\"\n\t\t\tdata-wp-on--click=\"actions.showLightbox\"\n\t\t\tdata-wp-style--right=\"state.imageButtonRight\"\n\t\t\tdata-wp-style--top=\"state.imageButtonTop\"\n\t\t>\n\t\t\t<svg xmlns=\"http:\/\/www.w3.org\/2000\/svg\" width=\"12\" height=\"12\" fill=\"none\" viewbox=\"0 0 12 12\">\n\t\t\t\t<path fill=\"#fff\" d=\"M2 0a2 2 0 0 0-2 2v2h1.5V2a.5.5 0 0 1 .5-.5h2V0H2Zm2 10.5H2a.5.5 0 0 1-.5-.5V8H0v2a2 2 0 0 0 2 2h2v-1.5ZM8 12v-1.5h2a.5.5 0 0 0 .5-.5V8H12v2a2 2 0 0 1-2 2H8Zm2-12a2 2 0 0 1 2 2v2h-1.5V2a.5.5 0 0 0-.5-.5H8V0h2Z\" \/>\n\t\t\t<\/svg>\n\t\t<\/button><\/figure>\n<\/div>\n<\/div>\n\n\n\n<p>El comit\u00e9 anticabanizaci\u00f3n se re\u00fane todos los a\u00f1os. Est\u00e1 copresidido por el prefecto de H\u00e9rault y el fiscal general.<\/p>\n\n\n\n<p>El objetivo de esta reuni\u00f3n anual es hacer balance de las acciones emprendidas y de los progresos de la carta geogr\u00e1fica de las colectividades locales (entre ellas Villeneuve-l\u00e8s-B\u00e9ziers) que trabajan junto al Estado en la lucha contra el chabolismo.<\/p>\n\n\n\n<p>M\u00e1s informaci\u00f3n en la p\u00e1gina web de la Prefectura de H\u00e9rault -&gt;&nbsp;<a href=\"http:\/\/www.herault.gouv.fr\/Actualites\/L-Etat-acteur-dans-le-departement\/comite-de-lutte-contre-la-cabanisation\" target=\"_blank\" rel=\"noopener noreferrer\"><strong>herault.gouv.fr<\/strong><\/a><\/p>\n\n\n\n<div style=\"height:4em\" aria-hidden=\"true\" class=\"wp-block-spacer\"><\/div>\n\n\n\n<h2 class=\"wp-block-heading\">Vertidos no autorizados<\/h2>\n\n\n\n<div class=\"wp-block-columns are-vertically-aligned-top is-layout-flex wp-container-core-columns-is-layout-28f84493 wp-block-columns-is-layout-flex\">\n<div class=\"wp-block-column is-vertically-aligned-top is-layout-flow wp-block-column-is-layout-flow\">\n<p>Se trata de un vertedero puntual, normalmente resultado de vertidos ilegales de particulares, comerciantes y empresas, para deshacerse de los residuos a un coste menor.&nbsp;<\/p>\n<\/div>\n\n\n\n<div class=\"wp-block-column is-vertically-aligned-top is-layout-flow wp-block-column-is-layout-flow\">\n<figure class=\"wp-block-image size-medium\"><img loading=\"lazy\" decoding=\"async\" width=\"206\" height=\"300\" src=\"https:\/\/www.villeneuve-les-beziers.fr\/wp-content\/uploads\/2022\/06\/Capture-deecran-2022-06-15-aE-15.50.19-1-206x300.png\" alt=\"\" class=\"wp-image-15760\" srcset=\"https:\/\/www.villeneuve-les-beziers.fr\/wp-content\/uploads\/2022\/06\/Capture-deecran-2022-06-15-aE-15.50.19-1-206x300.png 206w, https:\/\/www.villeneuve-les-beziers.fr\/wp-content\/uploads\/2022\/06\/Capture-deecran-2022-06-15-aE-15.50.19-1-704x1024.png 704w, https:\/\/www.villeneuve-les-beziers.fr\/wp-content\/uploads\/2022\/06\/Capture-deecran-2022-06-15-aE-15.50.19-1-768x1118.png 768w, https:\/\/www.villeneuve-les-beziers.fr\/wp-content\/uploads\/2022\/06\/Capture-deecran-2022-06-15-aE-15.50.19-1.png 780w\" sizes=\"auto, (max-width: 206px) 100vw, 206px\" \/><\/figure>\n<\/div>\n<\/div>","protected":false},"excerpt":{"rendered":"<p>Pr\u00e9sentation de la brigade environnement La brigade environnement a pour mission g\u00e9n\u00e9rale la pr\u00e9vention et la lutte contre l\u2019incivisme se manifestant par des atteintes \u00e0 la salubrit\u00e9 publique et au cadre de vie. La brigade patrouille plusieurs fois par jour.\u00a0 Les missions de la brigade Les diff\u00e9rentes missions&nbsp; et domaine d\u2019action de la brigade environnement [&hellip;]<\/p>\n","protected":false},"author":1,"featured_media":11892,"parent":12169,"menu_order":0,"comment_status":"closed","ping_status":"closed","template":"","meta":{"footnotes":""},"class_list":["post-12444","page","type-page","status-publish","has-post-thumbnail","hentry"],"_links":{"self":[{"href":"https:\/\/www.villeneuve-les-beziers.fr\/es\/wp-json\/wp\/v2\/pages\/12444","targetHints":{"allow":["GET"]}}],"collection":[{"href":"https:\/\/www.villeneuve-les-beziers.fr\/es\/wp-json\/wp\/v2\/pages"}],"about":[{"href":"https:\/\/www.villeneuve-les-beziers.fr\/es\/wp-json\/wp\/v2\/types\/page"}],"author":[{"embeddable":true,"href":"https:\/\/www.villeneuve-les-beziers.fr\/es\/wp-json\/wp\/v2\/users\/1"}],"replies":[{"embeddable":true,"href":"https:\/\/www.villeneuve-les-beziers.fr\/es\/wp-json\/wp\/v2\/comments?post=12444"}],"version-history":[{"count":1,"href":"https:\/\/www.villeneuve-les-beziers.fr\/es\/wp-json\/wp\/v2\/pages\/12444\/revisions"}],"predecessor-version":[{"id":19450,"href":"https:\/\/www.villeneuve-les-beziers.fr\/es\/wp-json\/wp\/v2\/pages\/12444\/revisions\/19450"}],"up":[{"embeddable":true,"href":"https:\/\/www.villeneuve-les-beziers.fr\/es\/wp-json\/wp\/v2\/pages\/12169"}],"wp:featuredmedia":[{"embeddable":true,"href":"https:\/\/www.villeneuve-les-beziers.fr\/es\/wp-json\/wp\/v2\/media\/11892"}],"wp:attachment":[{"href":"https:\/\/www.villeneuve-les-beziers.fr\/es\/wp-json\/wp\/v2\/media?parent=12444"}],"curies":[{"name":"wp","href":"https:\/\/api.w.org\/{rel}","templated":true}]}}