{"id":12641,"date":"2022-05-17T11:32:51","date_gmt":"2022-05-17T09:32:51","guid":{"rendered":"https:\/\/www.villeneuve-les-beziers.fr\/?page_id=12641"},"modified":"2024-11-22T12:25:09","modified_gmt":"2024-11-22T11:25:09","slug":"objetos-encontrados","status":"publish","type":"page","link":"https:\/\/www.villeneuve-les-beziers.fr\/es\/vie-pratique\/securite\/objets-trouves\/","title":{"rendered":"Objetos perdidos"},"content":{"rendered":"<h2 class=\"wp-block-heading\">Reconocer un objeto perdido<\/h2>\n\n\n\n<p class=\"has-text-align-left\">Cualquier objeto encontrado en la v\u00eda p\u00fablica, en un lugar p\u00fablico o en un lugar abierto al p\u00fablico dentro del municipio debe ser comunicado a los servicios municipales. La duraci\u00f3n de la conservaci\u00f3n de los objetos encontrados por el Ayuntamiento depende de su naturaleza. Cualquier persona que encuentre un objeto debe informar de ello y entregarlo. Del mismo modo, cualquier persona que haya perdido un objeto debe comunicarlo a la Ciudad.<\/p>\n\n\n\n<h2 class=\"wp-block-heading\">Procedimientos<\/h2>\n\n\n\n<ul class=\"wp-block-list\">\n<li><strong>Para informar de un objeto encontrado :<\/strong>&nbsp;Basta con acudir a la comisar\u00eda de la polic\u00eda municipal donde se realiza la declaraci\u00f3n. Se hace un inventario detallado de los objetos y luego se registran. Los objetos de valor, el dinero en efectivo, los objetos voluminosos y los veh\u00edculos de dos ruedas se almacenan en una zona segura. Si la persona que ha encontrado el objeto desea conservarlo hasta que sea reclamado por su propietario, los servicios municipales tomar\u00e1n nota de ello y le expedir\u00e1n un recibo.<\/li>\n\n\n\n<li><strong>Para informar de un objeto perdido :<\/strong>&nbsp;p\u00f3ngase en contacto con la polic\u00eda municipal.<\/li>\n\n\n\n<li><strong>Para recuperar un objeto perdido:<\/strong>&nbsp;Cuando se conozca la identidad del propietario del objeto, el Ayuntamiento se lo notificar\u00e1 r\u00e1pidamente. A continuaci\u00f3n, el propietario deber\u00e1 acudir al Ayuntamiento para recoger el objeto; deber\u00e1 demostrar su identidad y la propiedad del mismo.<\/li>\n\n\n\n<li><strong>Animales :<\/strong>&nbsp;Si tiene un animal vagabundo en la v\u00eda p\u00fablica, primero debe ponerse en contacto con la polic\u00eda municipal.<\/li>\n<\/ul>\n\n\n\n<div class=\"wp-block-group has-global-padding is-layout-constrained wp-container-core-group-is-layout-6ecc7d59 wp-block-group-is-layout-constrained\" style=\"margin-top:var(--wp--preset--spacing--40);margin-bottom:var(--wp--preset--spacing--40);padding-top:var(--wp--preset--spacing--30);padding-right:var(--wp--preset--spacing--30);padding-bottom:var(--wp--preset--spacing--30);padding-left:var(--wp--preset--spacing--30)\">\n<h2 class=\"wp-block-heading\">Contacto Polic\u00eda Municipal<\/h2>\n\n\n\n<div class=\"wp-block-group is-content-justification-space-between is-layout-flex wp-container-core-group-is-layout-9366075c wp-block-group-is-layout-flex\">\n<p>Lugar Gabriel Peri<br>34420 Villeneuve-l\u00e8s-B\u00e9ziers<br>Tel.: 04 67 39 90 01<\/p>\n\n\n\n<figure class=\"wp-block-image is-resized\"><a href=\"mailto:pm@villeneuve-les-beziers.fr\"><img loading=\"lazy\" decoding=\"async\" width=\"300\" height=\"300\" src=\"https:\/\/www.villeneuve-les-beziers.fr\/wp-content\/uploads\/2019\/04\/close-envelope-300x300.png\" alt=\"\" class=\"wp-image-600\" style=\"object-fit:cover;width:32px;height:32px\"\/><\/a><\/figure>\n\n\n\n<iframe src=\"https:\/\/www.google.com\/maps\/embed?pb=!1m18!1m12!1m3!1d2902.9822562646777!2d3.2755785775133903!3d43.314630871120315!2m3!1f0!2f0!3f0!3m2!1i1024!2i768!4f13.1!3m3!1m2!1s0x12b110362f575e11%3A0x22cca18efef55caf!2sPolice%20Municipale!5e0!3m2!1sfr!2sfr!4v1732273911412!5m2!1sfr!2sfr\" width=\"50%\" height=\"300\" style=\"border:0;\" allowfullscreen=\"\" loading=\"lazy\" referrerpolicy=\"no-referrer-when-downgrade\"><\/iframe>\n<\/div>\n<\/div>","protected":false},"excerpt":{"rendered":"<p>Reconnaitre un objet perdu Tout objet trouv\u00e9 sur la voie publique, dans un lieu public ou dans un lieu ouvert au public sur le territoire de la commune doit \u00eatre d\u00e9pos\u00e9 et d\u00e9clar\u00e9 aux services municipaux. Le d\u00e9lai de conservation par la Ville des objets trouv\u00e9s d\u00e9pend de leur nature. Toute personne ayant trouv\u00e9 un [&hellip;]<\/p>\n","protected":false},"author":1,"featured_media":12210,"parent":12169,"menu_order":0,"comment_status":"closed","ping_status":"closed","template":"","meta":{"footnotes":""},"class_list":["post-12641","page","type-page","status-publish","has-post-thumbnail","hentry"],"_links":{"self":[{"href":"https:\/\/www.villeneuve-les-beziers.fr\/es\/wp-json\/wp\/v2\/pages\/12641","targetHints":{"allow":["GET"]}}],"collection":[{"href":"https:\/\/www.villeneuve-les-beziers.fr\/es\/wp-json\/wp\/v2\/pages"}],"about":[{"href":"https:\/\/www.villeneuve-les-beziers.fr\/es\/wp-json\/wp\/v2\/types\/page"}],"author":[{"embeddable":true,"href":"https:\/\/www.villeneuve-les-beziers.fr\/es\/wp-json\/wp\/v2\/users\/1"}],"replies":[{"embeddable":true,"href":"https:\/\/www.villeneuve-les-beziers.fr\/es\/wp-json\/wp\/v2\/comments?post=12641"}],"version-history":[{"count":0,"href":"https:\/\/www.villeneuve-les-beziers.fr\/es\/wp-json\/wp\/v2\/pages\/12641\/revisions"}],"up":[{"embeddable":true,"href":"https:\/\/www.villeneuve-les-beziers.fr\/es\/wp-json\/wp\/v2\/pages\/12169"}],"wp:featuredmedia":[{"embeddable":true,"href":"https:\/\/www.villeneuve-les-beziers.fr\/es\/wp-json\/wp\/v2\/media\/12210"}],"wp:attachment":[{"href":"https:\/\/www.villeneuve-les-beziers.fr\/es\/wp-json\/wp\/v2\/media?parent=12641"}],"curies":[{"name":"wp","href":"https:\/\/api.w.org\/{rel}","templated":true}]}}