{"id":12891,"date":"2022-05-18T12:00:31","date_gmt":"2022-05-18T10:00:31","guid":{"rendered":"https:\/\/www.villeneuve-les-beziers.fr\/?page_id=12891"},"modified":"2024-11-25T18:15:41","modified_gmt":"2024-11-25T17:15:41","slug":"urbanismo-popup","status":"publish","type":"page","link":"https:\/\/www.villeneuve-les-beziers.fr\/es\/ma-mairie\/les-services\/popup-urbanisme\/","title":{"rendered":"Departamento de Urbanismo"},"content":{"rendered":"<div class=\"wp-block-group has-global-padding is-layout-constrained wp-container-core-group-is-layout-e0082cf6 wp-block-group-is-layout-constrained\">\n<p class=\"has-text-align-center is-style-text-subtitle is-style-text-subtitle--1\">El departamento de urbanismo puede proporcionarle informaci\u00f3n y apoyo para sus proyectos inmobiliarios.<\/p>\n\n\n\n<p class=\"has-text-align-center\">Departamento de Urbanismo - H\u00f4tel de Ville, 1 rue de la Marianne, 34420 Villeneuve-l\u00e8s-B\u00e9ziers<\/p>\n\n\n\n<p class=\"has-text-align-center\">Tel: 04 67 39 47 80 - Correo electr\u00f3nico:&nbsp;<a style=\"font-size: 14px; color: #006fa3;\" href=\"mailto:urbanisme@villeneuve-les-beziers.fr\">urbanisme@villeneuve-les-beziers.fr<\/a><\/p>\n<\/div>\n\n\n\n<p>Para saber m\u00e1s sobre los procedimientos urban\u00edsticos :<\/p>\n\n\n\n<figure class=\"wp-block-embed is-type-wp-embed is-provider-villeneuve-l-s-b-ziers wp-block-embed-villeneuve-l-s-b-ziers\"><div class=\"wp-block-embed__wrapper\">\n<blockquote class=\"wp-embedded-content\" data-secret=\"oOUbwPldxt\"><a href=\"https:\/\/www.villeneuve-les-beziers.fr\/es\/vida-practica\/urbanismo\/\">Urbanismo<\/a><\/blockquote><iframe loading=\"lazy\" class=\"wp-embedded-content\" sandbox=\"allow-scripts\" security=\"restricted\" style=\"position: absolute; visibility: hidden;\" title=\"&quot; Urbanismo - Villeneuve-l\u00e8s-B\u00e9ziers\" src=\"https:\/\/www.villeneuve-les-beziers.fr\/vie-pratique\/urbanisme\/embed\/#?secret=4QIiTyYHX7#?secret=oOUbwPldxt\" data-secret=\"oOUbwPldxt\" width=\"500\" height=\"282\" frameborder=\"0\" marginwidth=\"0\" marginheight=\"0\" scrolling=\"no\"><\/iframe>\n<\/div><\/figure>","protected":false},"excerpt":{"rendered":"<p>El departamento de urbanismo puede proporcionarle informaci\u00f3n y apoyo para sus proyectos inmobiliarios. Departamento de Urbanismo - H\u00f4tel de Ville, 1 rue de la Marianne, 34420 Villeneuve-l\u00e8s-B\u00e9ziers Tel: 04 67 39 47 80 - Email: urbanisme@villeneuve-les-beziers.fr Para m\u00e1s informaci\u00f3n sobre los tr\u00e1mites urban\u00edsticos:<\/p>","protected":false},"author":1,"featured_media":2869,"parent":7284,"menu_order":0,"comment_status":"closed","ping_status":"closed","template":"","meta":{"footnotes":""},"class_list":["post-12891","page","type-page","status-publish","has-post-thumbnail","hentry"],"_links":{"self":[{"href":"https:\/\/www.villeneuve-les-beziers.fr\/es\/wp-json\/wp\/v2\/pages\/12891","targetHints":{"allow":["GET"]}}],"collection":[{"href":"https:\/\/www.villeneuve-les-beziers.fr\/es\/wp-json\/wp\/v2\/pages"}],"about":[{"href":"https:\/\/www.villeneuve-les-beziers.fr\/es\/wp-json\/wp\/v2\/types\/page"}],"author":[{"embeddable":true,"href":"https:\/\/www.villeneuve-les-beziers.fr\/es\/wp-json\/wp\/v2\/users\/1"}],"replies":[{"embeddable":true,"href":"https:\/\/www.villeneuve-les-beziers.fr\/es\/wp-json\/wp\/v2\/comments?post=12891"}],"version-history":[{"count":2,"href":"https:\/\/www.villeneuve-les-beziers.fr\/es\/wp-json\/wp\/v2\/pages\/12891\/revisions"}],"predecessor-version":[{"id":19478,"href":"https:\/\/www.villeneuve-les-beziers.fr\/es\/wp-json\/wp\/v2\/pages\/12891\/revisions\/19478"}],"up":[{"embeddable":true,"href":"https:\/\/www.villeneuve-les-beziers.fr\/es\/wp-json\/wp\/v2\/pages\/7284"}],"wp:featuredmedia":[{"embeddable":true,"href":"https:\/\/www.villeneuve-les-beziers.fr\/es\/wp-json\/wp\/v2\/media\/2869"}],"wp:attachment":[{"href":"https:\/\/www.villeneuve-les-beziers.fr\/es\/wp-json\/wp\/v2\/media?parent=12891"}],"curies":[{"name":"wp","href":"https:\/\/api.w.org\/{rel}","templated":true}]}}