{"id":12929,"date":"2022-05-18T14:41:30","date_gmt":"2022-05-18T12:41:30","guid":{"rendered":"https:\/\/www.villeneuve-les-beziers.fr\/?page_id=12929"},"modified":"2025-04-07T16:51:30","modified_gmt":"2025-04-07T14:51:30","slug":"estado-civil","status":"publish","type":"page","link":"https:\/\/www.villeneuve-les-beziers.fr\/es\/ma-mairie\/les-services\/etat-civil\/","title":{"rendered":"Estado Civil"},"content":{"rendered":"<h2 class=\"wp-block-heading\">Departamento de Estado Civil<\/h2>\n\n\n\n<p><strong>Tel:<\/strong> 04.67.39.47.80<\/p>\n\n\n\n<p>Correo :&nbsp;<a href=\"mailto:etatcivil@villeneuve-les-beziers.fr\" target=\"_blank\" rel=\"noopener\">etatcivil@villeneuve-les-beziers.fr<\/a><\/p>\n\n\n\n<p>1, Rue de la Marianne, 34420 VILLENEUVE-LES-BEZIERS<\/p>\n\n\n\n<h2 class=\"wp-block-heading\">Los distintos procedimientos<\/h2>\n\n\n\n<p>Procedimientos en l\u00ednea :<a style=\"color: #003366;\" href=\"https:\/\/www.service-public.fr\/\" target=\"_blank\" rel=\"noopener noreferrer nofollow\"> https:\/\/www.service-public.fr\/<\/a><\/p>\n\n\n\n<ul class=\"wp-block-list\">\n<li>Declaraci\u00f3n de nacimiento<\/li>\n\n\n\n<li>Apellidos<\/li>\n\n\n\n<li>Reconocimiento de un ni\u00f1o<\/li>\n\n\n\n<li>Bodas familiares<\/li>\n\n\n\n<li>Libro de familia<\/li>\n\n\n\n<li>Emisi\u00f3n de documentos<\/li>\n\n\n\n<li>Listas electorales<\/li>\n\n\n\n<li>Tarjetas nacionales<\/li>\n\n\n\n<li>Atestados y certificaciones<\/li>\n\n\n\n<li>Tr\u00e1mites varios<\/li>\n<\/ul>\n\n\n\n<p>Inf\u00f3rmese de todos los tr\u00e1mites de su ayuntamiento en \"Mis tr\u00e1mites\".<\/p>","protected":false},"excerpt":{"rendered":"<p>Service Etat Civil Tel: 04.67.39.47.80 Mail: etatcivil@villeneuve-les-beziers.fr 1, Rue de la Marianne, 34420 VILLENEUVE-LES-BEZIERS Los distintos tr\u00e1mites Tr\u00e1mites en l\u00ednea: https:\/\/www.service-public.fr\/ Encuentre todos los tr\u00e1mites de su Ayuntamiento en \"Mis tr\u00e1mites\".<\/p>","protected":false},"author":1,"featured_media":909,"parent":7284,"menu_order":0,"comment_status":"closed","ping_status":"closed","template":"","meta":{"footnotes":""},"class_list":["post-12929","page","type-page","status-publish","has-post-thumbnail","hentry"],"_links":{"self":[{"href":"https:\/\/www.villeneuve-les-beziers.fr\/es\/wp-json\/wp\/v2\/pages\/12929","targetHints":{"allow":["GET"]}}],"collection":[{"href":"https:\/\/www.villeneuve-les-beziers.fr\/es\/wp-json\/wp\/v2\/pages"}],"about":[{"href":"https:\/\/www.villeneuve-les-beziers.fr\/es\/wp-json\/wp\/v2\/types\/page"}],"author":[{"embeddable":true,"href":"https:\/\/www.villeneuve-les-beziers.fr\/es\/wp-json\/wp\/v2\/users\/1"}],"replies":[{"embeddable":true,"href":"https:\/\/www.villeneuve-les-beziers.fr\/es\/wp-json\/wp\/v2\/comments?post=12929"}],"version-history":[{"count":2,"href":"https:\/\/www.villeneuve-les-beziers.fr\/es\/wp-json\/wp\/v2\/pages\/12929\/revisions"}],"predecessor-version":[{"id":19908,"href":"https:\/\/www.villeneuve-les-beziers.fr\/es\/wp-json\/wp\/v2\/pages\/12929\/revisions\/19908"}],"up":[{"embeddable":true,"href":"https:\/\/www.villeneuve-les-beziers.fr\/es\/wp-json\/wp\/v2\/pages\/7284"}],"wp:featuredmedia":[{"embeddable":true,"href":"https:\/\/www.villeneuve-les-beziers.fr\/es\/wp-json\/wp\/v2\/media\/909"}],"wp:attachment":[{"href":"https:\/\/www.villeneuve-les-beziers.fr\/es\/wp-json\/wp\/v2\/media?parent=12929"}],"curies":[{"name":"wp","href":"https:\/\/api.w.org\/{rel}","templated":true}]}}