{"id":19054,"date":"2024-11-18T17:34:01","date_gmt":"2024-11-18T16:34:01","guid":{"rendered":"https:\/\/villeneuve.dev.lrob.net\/?page_id=19054"},"modified":"2025-01-08T09:08:45","modified_gmt":"2025-01-08T08:08:45","slug":"contratacion-publica","status":"publish","type":"page","link":"https:\/\/www.villeneuve-les-beziers.fr\/es\/ma-mairie\/budget-communal\/marches-publics\/","title":{"rendered":"Contrataci\u00f3n p\u00fablica"},"content":{"rendered":"<p>Visite la p\u00e1gina web de la aglomeraci\u00f3n:<\/p>\n\n\n\n<div class=\"wp-block-buttons is-layout-flex wp-block-buttons-is-layout-flex\">\n<div class=\"wp-block-button\"><a class=\"wp-block-button__link wp-element-button\" href=\"https:\/\/agglobeziers.marches-publics.info\" target=\"_blank\" rel=\"noreferrer noopener\">https:\/\/agglobeziers.marches-publics.info<\/a><\/div>\n<\/div>","protected":false},"excerpt":{"rendered":"<p>Visite la p\u00e1gina web de la aglomeraci\u00f3n:<\/p>","protected":false},"author":1,"featured_media":575,"parent":762,"menu_order":0,"comment_status":"closed","ping_status":"closed","template":"","meta":{"footnotes":""},"class_list":["post-19054","page","type-page","status-publish","has-post-thumbnail","hentry"],"_links":{"self":[{"href":"https:\/\/www.villeneuve-les-beziers.fr\/es\/wp-json\/wp\/v2\/pages\/19054","targetHints":{"allow":["GET"]}}],"collection":[{"href":"https:\/\/www.villeneuve-les-beziers.fr\/es\/wp-json\/wp\/v2\/pages"}],"about":[{"href":"https:\/\/www.villeneuve-les-beziers.fr\/es\/wp-json\/wp\/v2\/types\/page"}],"author":[{"embeddable":true,"href":"https:\/\/www.villeneuve-les-beziers.fr\/es\/wp-json\/wp\/v2\/users\/1"}],"replies":[{"embeddable":true,"href":"https:\/\/www.villeneuve-les-beziers.fr\/es\/wp-json\/wp\/v2\/comments?post=19054"}],"version-history":[{"count":1,"href":"https:\/\/www.villeneuve-les-beziers.fr\/es\/wp-json\/wp\/v2\/pages\/19054\/revisions"}],"predecessor-version":[{"id":19476,"href":"https:\/\/www.villeneuve-les-beziers.fr\/es\/wp-json\/wp\/v2\/pages\/19054\/revisions\/19476"}],"up":[{"embeddable":true,"href":"https:\/\/www.villeneuve-les-beziers.fr\/es\/wp-json\/wp\/v2\/pages\/762"}],"wp:featuredmedia":[{"embeddable":true,"href":"https:\/\/www.villeneuve-les-beziers.fr\/es\/wp-json\/wp\/v2\/media\/575"}],"wp:attachment":[{"href":"https:\/\/www.villeneuve-les-beziers.fr\/es\/wp-json\/wp\/v2\/media?parent=19054"}],"curies":[{"name":"wp","href":"https:\/\/api.w.org\/{rel}","templated":true}]}}