{"id":19556,"date":"2024-11-26T10:41:30","date_gmt":"2024-11-26T09:41:30","guid":{"rendered":"https:\/\/villeneuve.dev.lrob.net\/?page_id=19556"},"modified":"2024-12-14T03:42:41","modified_gmt":"2024-12-14T02:42:41","slug":"matriculaciones-escolares","status":"publish","type":"page","link":"https:\/\/www.villeneuve-les-beziers.fr\/es\/demarches\/inscriptions-scolaires\/","title":{"rendered":"Escolarizaci\u00f3n"},"content":{"rendered":"<p>Para las inscripciones escolares, dir\u00edjase a la recepci\u00f3n del Ayuntamiento.<\/p>\n\n\n\n<div class=\"wp-block-buttons is-layout-flex wp-block-buttons-is-layout-flex\">\n<div class=\"wp-block-button\"><a class=\"wp-block-button__link wp-element-button\" href=\"\/es\/escribanos\/\">P\u00f3ngase en contacto con<\/a><\/div>\n<\/div>","protected":false},"excerpt":{"rendered":"<p>Para las inscripciones escolares, dir\u00edjase a la recepci\u00f3n del Ayuntamiento.<\/p>","protected":false},"author":1,"featured_media":19558,"parent":853,"menu_order":0,"comment_status":"closed","ping_status":"closed","template":"","meta":{"footnotes":""},"class_list":["post-19556","page","type-page","status-publish","has-post-thumbnail","hentry"],"_links":{"self":[{"href":"https:\/\/www.villeneuve-les-beziers.fr\/es\/wp-json\/wp\/v2\/pages\/19556","targetHints":{"allow":["GET"]}}],"collection":[{"href":"https:\/\/www.villeneuve-les-beziers.fr\/es\/wp-json\/wp\/v2\/pages"}],"about":[{"href":"https:\/\/www.villeneuve-les-beziers.fr\/es\/wp-json\/wp\/v2\/types\/page"}],"author":[{"embeddable":true,"href":"https:\/\/www.villeneuve-les-beziers.fr\/es\/wp-json\/wp\/v2\/users\/1"}],"replies":[{"embeddable":true,"href":"https:\/\/www.villeneuve-les-beziers.fr\/es\/wp-json\/wp\/v2\/comments?post=19556"}],"version-history":[{"count":1,"href":"https:\/\/www.villeneuve-les-beziers.fr\/es\/wp-json\/wp\/v2\/pages\/19556\/revisions"}],"predecessor-version":[{"id":19559,"href":"https:\/\/www.villeneuve-les-beziers.fr\/es\/wp-json\/wp\/v2\/pages\/19556\/revisions\/19559"}],"up":[{"embeddable":true,"href":"https:\/\/www.villeneuve-les-beziers.fr\/es\/wp-json\/wp\/v2\/pages\/853"}],"wp:featuredmedia":[{"embeddable":true,"href":"https:\/\/www.villeneuve-les-beziers.fr\/es\/wp-json\/wp\/v2\/media\/19558"}],"wp:attachment":[{"href":"https:\/\/www.villeneuve-les-beziers.fr\/es\/wp-json\/wp\/v2\/media?parent=19556"}],"curies":[{"name":"wp","href":"https:\/\/api.w.org\/{rel}","templated":true}]}}