{"id":20572,"date":"2026-02-12T17:29:12","date_gmt":"2026-02-12T16:29:12","guid":{"rendered":"https:\/\/www.villeneuve-les-beziers.fr\/?page_id=20572"},"modified":"2026-02-12T18:29:52","modified_gmt":"2026-02-12T17:29:52","slug":"declaracion-de-accesibilidad","status":"publish","type":"page","link":"https:\/\/www.villeneuve-les-beziers.fr\/es\/declaration-daccessibilite\/","title":{"rendered":"Declaraci\u00f3n de accesibilidad"},"content":{"rendered":"<h2 class=\"wp-block-heading\">Resultados de las pruebas y metodolog\u00eda<\/h2>\n\n\n\n<p>Esta declaraci\u00f3n de accesibilidad se basa en una auditor\u00eda de autoevaluaci\u00f3n seg\u00fan el m\u00e9todo recomendado por el R\u00e9f\u00e9rentiel G\u00e9n\u00e9ral d'Am\u00e9lioration de l'Accessibilit\u00e9 (RGAA versi\u00f3n 4.1).<\/p>\n\n\n\n<p>Esta auditor\u00eda fue realizada por <strong>LRob<\/strong>, el proveedor de servicios responsable del alojamiento, mantenimiento y seguimiento t\u00e9cnico de la p\u00e1gina web de Villeneuve-l\u00e8s-B\u00e9ziers.<\/p>\n\n\n\n<p>La \u00faltima valoraci\u00f3n completa se realiz\u00f3 el <strong>12 de febrero de 2026<\/strong>.<\/p>\n\n\n\n<hr class=\"wp-block-separator has-alpha-channel-opacity\"\/>\n\n\n\n<h2 class=\"wp-block-heading\">Alcance de la auditor\u00eda<\/h2>\n\n\n\n<p>La evaluaci\u00f3n se llev\u00f3 a cabo en una muestra representativa de p\u00e1ginas que cubr\u00edan las principales plantillas funcionales del sitio:<\/p>\n\n\n\n<ul class=\"wp-block-list\">\n<li>P\u00e1gina de inicio<\/li>\n\n\n\n<li>P\u00e1ginas corporativas<\/li>\n\n\n\n<li>P\u00e1ginas editoriales<\/li>\n\n\n\n<li>P\u00e1ginas de procedimientos administrativos<\/li>\n\n\n\n<li>P\u00e1ginas de noticias (lista y detalles)<\/li>\n\n\n\n<li>P\u00e1ginas que integran medios y mapas<\/li>\n\n\n\n<li>P\u00e1ginas con formularios<\/li>\n<\/ul>\n\n\n\n<hr class=\"wp-block-separator has-alpha-channel-opacity\"\/>\n\n\n\n<h2 class=\"wp-block-heading\">Metodolog\u00eda y herramientas de prueba<\/h2>\n\n\n\n<p>Las comprobaciones se llevaron a cabo utilizando :<\/p>\n\n\n\n<ul class=\"wp-block-list\">\n<li>Herramientas automatizadas <strong>ONDA<\/strong>, <strong>Faro<\/strong> y <strong>Eje DevTools<\/strong><\/li>\n\n\n\n<li>Pruebas manuales de navegaci\u00f3n con teclado<\/li>\n\n\n\n<li>Controles de la estructura del t\u00edtulo<\/li>\n\n\n\n<li>An\u00e1lisis de los contrastes de color<\/li>\n\n\n\n<li>Comprobaci\u00f3n de alternativas de texto<\/li>\n\n\n\n<li>Pruebas de legibilidad en zoom y dispositivos m\u00f3viles<\/li>\n<\/ul>\n\n\n\n<p>Tecnolog\u00edas probadas :<\/p>\n\n\n\n<ul class=\"wp-block-list\">\n<li>CMS: WordPress<\/li>\n\n\n\n<li>Tema: Veinticinco<\/li>\n\n\n\n<li>Lenguajes: HTML5, CSS3, JavaScript<\/li>\n<\/ul>\n\n\n\n<hr class=\"wp-block-separator has-alpha-channel-opacity\"\/>\n\n\n\n<h2 class=\"wp-block-heading\">P\u00e1ginas auditadas y puntuaciones obtenidas<\/h2>\n\n\n\n<ul class=\"wp-block-list\">\n<li>P\u00e1gina de inicio : 9,5 \/ 10<\/li>\n\n\n\n<li>Mi ayuntamiento: 9,7 \/ 10<\/li>\n\n\n\n<li>Representantes electos: 2,4 \/ 10<\/li>\n\n\n\n<li>Plano de la ciudad: 9,8 \/ 10<\/li>\n\n\n\n<li>Oficina de turismo: 9,8 \/ 10<\/li>\n\n\n\n<li>Patrimonio: 9,1 \/ 10<\/li>\n\n\n\n<li>Asociaciones: 9,1 \/ 10<\/li>\n\n\n\n<li>Llegada a Villeneuve-l\u00e8s-B\u00e9ziers: 9,7 \/ 10<\/li>\n\n\n\n<li>Art\u00edculo de noticias: 9,7 \/ 10<\/li>\n\n\n\n<li>Lista de noticias: 9,5 \/ 10<\/li>\n\n\n\n<li>El mercado: 9,8 \/ 10<\/li>\n\n\n\n<li>Certificados de hospitalidad: 9,8 \/ 10<\/li>\n\n\n\n<li>Declaraci\u00f3n de los perros: 9,8 \/ 10<\/li>\n\n\n\n<li>Forma de la cartelera: 9,7 \/ 10<\/li>\n<\/ul>\n\n\n\n<p><strong>Puntuaci\u00f3n media: 9,1 \/ 10<\/strong><\/p>\n\n\n\n<hr class=\"wp-block-separator has-alpha-channel-opacity\"\/>\n\n\n\n<h2 class=\"wp-block-heading\">Medidas correctoras ya aplicadas<\/h2>\n\n\n\n<p>Tras esta auditor\u00eda, ya se han realizado una serie de mejoras para aumentar el nivel de accesibilidad del lugar:<\/p>\n\n\n\n<ul class=\"wp-block-list\">\n<li>Correcci\u00f3n de los contrastes de texto :\n<ul class=\"wp-block-list\">\n<li>Antiguo color principal : <code>#168D48<\/code><\/li>\n\n\n\n<li>Nuevo color a juego : <code>#0C6F38<\/code><\/li>\n\n\n\n<li>El ajuste tambi\u00e9n se aplica a los estados highlight y hover<\/li>\n<\/ul>\n<\/li>\n\n\n\n<li>Adici\u00f3n de las alternativas de texto que faltan a una veintena de im\u00e1genes<\/li>\n\n\n\n<li>Eliminaci\u00f3n de los enlaces \u00abLeer m\u00e1s\u00bb redundantes en los bucles de contenido<\/li>\n\n\n\n<li>Revisi\u00f3n y correcci\u00f3n de la jerarqu\u00eda de t\u00edtulos (H1 a H6)<\/li>\n\n\n\n<li>Navegaci\u00f3n simplificada :\n<ul class=\"wp-block-list\">\n<li>Eliminar enlaces duplicados<\/li>\n\n\n\n<li>Eliminaci\u00f3n de un men\u00fa a pie de p\u00e1gina id\u00e9ntico al men\u00fa principal<\/li>\n<\/ul>\n<\/li>\n<\/ul>\n\n\n\n<p>Estos ajustes tienen por objeto, en particular, mejorar :<\/p>\n\n\n\n<ul class=\"wp-block-list\">\n<li>Legibilidad<\/li>\n\n\n\n<li>Navegaci\u00f3n con el teclado<\/li>\n\n\n\n<li>Lectura de texto a voz<\/li>\n\n\n\n<li>Comprender la estructura de la p\u00e1gina<\/li>\n<\/ul>\n\n\n\n<hr class=\"wp-block-separator has-alpha-channel-opacity\"\/>\n\n\n\n<h2 class=\"wp-block-heading\">No conformidades residuales<\/h2>\n\n\n\n<p>Las disconformidades persisten sobre todo en algunos formularios de contacto, en particular :<\/p>\n\n\n\n<ul class=\"wp-block-list\">\n<li>Falta o est\u00e1 incompleta la asociaci\u00f3n de etiquetas con determinados campos<\/li>\n<\/ul>\n\n\n\n<p>Estos factores pueden dificultar el uso de tecnolog\u00edas de asistencia y se corregir\u00e1n como parte del plan plurianual de accesibilidad.<\/p>\n\n\n\n<hr class=\"wp-block-separator has-alpha-channel-opacity\"\/>\n\n\n\n<h2 class=\"wp-block-heading\">Nivel de cumplimiento<\/h2>\n\n\n\n<p>A la vista de los resultados obtenidos y de las medidas correctoras ya adoptadas, el lugar ha sido declarado :<\/p>\n\n\n\n<p><strong>Cumple parcialmente el RGAA (versi\u00f3n 4.1).<\/strong><\/p>\n\n\n\n<p>El municipio se compromete a seguir introduciendo mejoras como parte de un enfoque continuo de la accesibilidad digital.<\/p>\n\n\n\n<h2 class=\"wp-block-heading\">Contacto y comentarios<\/h2>\n\n\n\n<p>Si tiene dificultades para acceder a alg\u00fan contenido o servicio del sitio, puede informarnos para que podamos ofrecerle una soluci\u00f3n alternativa o hacer que el contenido sea accesible.<\/p>\n\n\n\n<p>Puede ponerse en contacto con :<\/p>\n\n\n\n<p><strong>Departamento de inform\u00e1tica - Ville de Villeneuve-l\u00e8s-B\u00e9ziers<\/strong><br>Correo electr\u00f3nico : <a href=\"mailto:service.informatique@villeneuve-les-beziers.fr\">service.informatique@villeneuve-les-beziers.fr<\/a><\/p>\n\n\n\n<p>O el proveedor de servicios responsable del mantenimiento y la supervisi\u00f3n t\u00e9cnica del sitio:<\/p>\n\n\n\n<p><strong>LRob<\/strong><br>Formulario de contacto : <a href=\"https:\/\/www.lrob.fr\/contact\" target=\"_blank\" rel=\"noopener noreferrer nofollow\">https:\/\/www.lrob.fr\/contact<\/a><\/p>\n\n\n\n<p>Estaremos atentos a todos los comentarios y estaremos encantados de estudiar y poner en pr\u00e1ctica cualquier sugerencia o idea de mejora encaminada a hacer el sitio m\u00e1s accesible.<\/p>\n\n\n\n<h2 class=\"wp-block-heading\">V\u00edas de recurso<\/h2>\n\n\n\n<p>Si observa una falta de accesibilidad que le impide acceder a un contenido o a una funci\u00f3n del sitio, y nos lo comunica y no consigue obtener una respuesta satisfactoria, tiene derecho a enviar sus quejas o una solicitud de remisi\u00f3n al Defensor de los Derechos.<\/p>\n\n\n\n<p>Hay varias formas de hacerlo:<\/p>\n\n\n\n<ul class=\"wp-block-list\">\n<li>Escriba un mensaje al Defensor de los Derechos Humanos : <a href=\"https:\/\/formulaire.defenseurdesdroits.fr\/\" target=\"_blank\" rel=\"noopener noreferrer nofollow\">https:\/\/formulaire.defenseurdesdroits.fr<\/a><\/li>\n\n\n\n<li>P\u00f3ngase en contacto con el delegado del Defensor de los Derechos en su regi\u00f3n : <a href=\"https:\/\/www.defenseurdesdroits.fr\/saisir\/delegues\" target=\"_blank\" rel=\"noopener noreferrer nofollow\">https:\/\/www.defenseurdesdroits.fr\/saisir\/delegues<\/a><\/li>\n\n\n\n<li>Env\u00ede una carta por correo:<br>Defensor de los derechos humanos<br>Respuesta libre 71120<br>75342 Par\u00eds CEDEX 07<\/li>\n<\/ul>\n\n\n\n<p>Tambi\u00e9n puede denunciar una falta de accesibilidad digital a la Autorit\u00e9 de r\u00e9gulation de la communication audiovisuelle et num\u00e9rique (ARCOM).<\/p>","protected":false},"excerpt":{"rendered":"<p>R\u00e9sultats des tests et m\u00e9thodologie La pr\u00e9sente d\u00e9claration d\u2019accessibilit\u00e9 repose sur un audit r\u00e9alis\u00e9 en auto-\u00e9valuation selon la m\u00e9thode pr\u00e9conis\u00e9e par le R\u00e9f\u00e9rentiel G\u00e9n\u00e9ral d\u2019Am\u00e9lioration de l\u2019Accessibilit\u00e9 (RGAA version 4.1). Cet audit a \u00e9t\u00e9 conduit par LRob, prestataire en charge de l\u2019h\u00e9bergement, de la maintenance et du suivi technique du site de la Ville de [&hellip;]<\/p>\n","protected":false},"author":1,"featured_media":19674,"parent":0,"menu_order":0,"comment_status":"closed","ping_status":"closed","template":"","meta":{"footnotes":""},"class_list":["post-20572","page","type-page","status-publish","has-post-thumbnail","hentry"],"_links":{"self":[{"href":"https:\/\/www.villeneuve-les-beziers.fr\/es\/wp-json\/wp\/v2\/pages\/20572","targetHints":{"allow":["GET"]}}],"collection":[{"href":"https:\/\/www.villeneuve-les-beziers.fr\/es\/wp-json\/wp\/v2\/pages"}],"about":[{"href":"https:\/\/www.villeneuve-les-beziers.fr\/es\/wp-json\/wp\/v2\/types\/page"}],"author":[{"embeddable":true,"href":"https:\/\/www.villeneuve-les-beziers.fr\/es\/wp-json\/wp\/v2\/users\/1"}],"replies":[{"embeddable":true,"href":"https:\/\/www.villeneuve-les-beziers.fr\/es\/wp-json\/wp\/v2\/comments?post=20572"}],"version-history":[{"count":2,"href":"https:\/\/www.villeneuve-les-beziers.fr\/es\/wp-json\/wp\/v2\/pages\/20572\/revisions"}],"predecessor-version":[{"id":20603,"href":"https:\/\/www.villeneuve-les-beziers.fr\/es\/wp-json\/wp\/v2\/pages\/20572\/revisions\/20603"}],"wp:featuredmedia":[{"embeddable":true,"href":"https:\/\/www.villeneuve-les-beziers.fr\/es\/wp-json\/wp\/v2\/media\/19674"}],"wp:attachment":[{"href":"https:\/\/www.villeneuve-les-beziers.fr\/es\/wp-json\/wp\/v2\/media?parent=20572"}],"curies":[{"name":"wp","href":"https:\/\/api.w.org\/{rel}","templated":true}]}}