{"id":2079,"date":"2019-04-30T14:43:42","date_gmt":"2019-04-30T12:43:42","guid":{"rendered":"http:\/\/localhost\/?page_id=2079"},"modified":"2025-01-15T12:57:22","modified_gmt":"2025-01-15T11:57:22","slug":"venta-a-domicilio","status":"publish","type":"page","link":"https:\/\/www.villeneuve-les-beziers.fr\/es\/vie-pratique\/securite\/demarchage-a-domicile\/","title":{"rendered":"Venta a domicilio"},"content":{"rendered":"<h1 class=\"wp-block-heading\">Agentes falsos, ventas puerta a puerta, encuestas: \u00a1no se deje enga\u00f1ar!<\/h1>\n\n\n\n<p>En Villeneuve-l\u00e8s-B\u00e9ziers, el sondeo puerta a puerta, regulado por ordenanza municipal, est\u00e1 sujeto a la autorizaci\u00f3n previa del alcalde, por un periodo determinado y tras la verificaci\u00f3n de los documentos administrativos reglamentarios exigidos a los sondeadores.<\/p>\n\n\n\n<p>Los residentes deben exigir ver este documento, firmado por el alcalde y el jefe de la polic\u00eda municipal.<\/p>\n\n\n\n<p>-> <a href=\"https:\/\/www.villeneuve-les-beziers.fr\/wp-content\/uploads\/2025\/01\/ARRETE-ADMIN2023-009-reglementation-demarchage-a-domicile.pdf\">ordenanza municipal n\u00b0ADMlN2023-OO9<\/a><\/p>\n\n\n\n<p>Comprobaci\u00f3n del contador de la luz, venta de calendarios y art\u00edculos varios... Cualquier medio es bueno para entrar en su casa. El sondeo abusivo est\u00e1 aumentando en la actualidad y se dirige principalmente a las personas mayores. El modus operandi es sencillo: los encuestadores se presentan de dos en dos, alegando estar mandatados por el ayuntamiento o un servicio p\u00fablico: EDF, GDF, Polic\u00eda, Seguro de Enfermedad, etc. Para respaldar su planteamiento, algunos estafadores no dudan en afirmar estar mandatados por el ayuntamiento o cualquier otro servicio p\u00fablico. <b><i>Tenga en cuenta que la ciudad nunca realiza sondeos, que las personas autorizadas a realizar encuestas en nombre de los servicios p\u00fablicos disponen de una tarjeta de acreditaci\u00f3n y que los vecinos son informados con antelaci\u00f3n.<\/i><\/b><\/p>\n\n\n\n<h2 class=\"wp-block-heading\"><strong>Para protegerse<\/strong><\/h2>\n\n\n\n<ul class=\"wp-block-list\">\n<li><p>Evite que la gente entre en su casa y, sobre todo, evite que la visiten por cualquier motivo. Utilice el visor de puerta (\"judas\"), el abrepuertas o la cadena de protecci\u00f3n.<\/p><\/li>\n\n\n\n<li><p>No acepte ninguna cita por tel\u00e9fono en su domicilio sin comprobar el motivo exacto del planteamiento de venta.<\/p><\/li>\n\n\n\n<li><p>Est\u00e9 atento cuando acudan a su domicilio operadores de gas, electricidad, correos, internet o tel\u00e9fono, polic\u00edas o gendarmes. Aunque la persona vaya de uniforme, p\u00eddale que le muestre una tarjeta de visita, una orden de misi\u00f3n o una prueba de servicio.<\/p><\/li>\n\n\n\n<li><p>Si deja entrar a alguien en su casa, intente pedirle a un vecino que est\u00e9 presente y acomp\u00e1\u00f1ele all\u00e1 donde vaya dentro de su casa. Nunca revele d\u00f3nde esconde sus joyas, dinero u otros objetos de valor.<\/p><\/li>\n\n\n\n<li><p>Nunca firme un contrato o un presupuesto el mismo d\u00eda: hable primero con sus conocidos. Existe un periodo de reflexi\u00f3n de 7 d\u00edas para todas las ventas a domicilio.<\/p><\/li>\n\n\n\n<li><p>No entregue nunca su tarjeta de cr\u00e9dito ni su c\u00f3digo PIN.&nbsp;<\/p><\/li>\n\n\n\n<li>Avise inmediatamente a la polic\u00eda municipal al 06 20 50 49 49 o a la polic\u00eda del 17.<\/li>\n<\/ul>\n\n\n\n<h2 class=\"wp-block-heading\">Contacto Polic\u00eda Municipal<\/h2>\n\n\n\n<div class=\"wp-block-group is-content-justification-space-between is-layout-flex wp-container-core-group-is-layout-9366075c wp-block-group-is-layout-flex\">\n<p>Lugar Gabriel Peri<br>34420 Villeneuve-l\u00e8s-B\u00e9ziers<br>Tel.: 04 67 39 90 01<\/p>\n\n\n\n<figure class=\"wp-block-image is-resized\"><a href=\"mailto:pm@villeneuve-les-beziers.fr\"><img loading=\"lazy\" decoding=\"async\" width=\"300\" height=\"300\" src=\"https:\/\/www.villeneuve-les-beziers.fr\/wp-content\/uploads\/2019\/04\/close-envelope-300x300.png\" alt=\"\" class=\"wp-image-600\" style=\"object-fit:cover;width:32px;height:32px\"\/><\/a><\/figure>\n\n\n\n<iframe src=\"https:\/\/www.google.com\/maps\/embed?pb=!1m18!1m12!1m3!1d2902.9822562646777!2d3.2755785775133903!3d43.314630871120315!2m3!1f0!2f0!3f0!3m2!1i1024!2i768!4f13.1!3m3!1m2!1s0x12b110362f575e11%3A0x22cca18efef55caf!2sPolice%20Municipale!5e0!3m2!1sfr!2sfr!4v1732273911412!5m2!1sfr!2sfr\" width=\"50%\" height=\"300\" style=\"border:0;\" allowfullscreen=\"\" loading=\"lazy\" referrerpolicy=\"no-referrer-when-downgrade\"><\/iframe>\n<\/div>","protected":false},"excerpt":{"rendered":"<p>Faux agents, porte-\u00e0-porte, enqu\u00eates : ne vous laissez pas abuser ! \u00c0 Villeneuve-l\u00e8s-B\u00e9ziers, le d\u00e9marchage \u00e0 domicile, r\u00e9glement\u00e9 par arr\u00eat\u00e9 municipal , est soumis \u00e0 l&rsquo;autorisation pr\u00e9alable du Maire, pour une p\u00e9riode donn\u00e9e et apr\u00e8s v\u00e9rification des documents administratifs r\u00e9glementaires dont doivent \u00eatre pourvus les d\u00e9marcheurs. Les administr\u00e9s doivent exiger la pr\u00e9sentation de ce document [&hellip;]<\/p>\n","protected":false},"author":1,"featured_media":2078,"parent":12169,"menu_order":0,"comment_status":"closed","ping_status":"closed","template":"","meta":{"footnotes":""},"class_list":["post-2079","page","type-page","status-publish","has-post-thumbnail","hentry"],"_links":{"self":[{"href":"https:\/\/www.villeneuve-les-beziers.fr\/es\/wp-json\/wp\/v2\/pages\/2079","targetHints":{"allow":["GET"]}}],"collection":[{"href":"https:\/\/www.villeneuve-les-beziers.fr\/es\/wp-json\/wp\/v2\/pages"}],"about":[{"href":"https:\/\/www.villeneuve-les-beziers.fr\/es\/wp-json\/wp\/v2\/types\/page"}],"author":[{"embeddable":true,"href":"https:\/\/www.villeneuve-les-beziers.fr\/es\/wp-json\/wp\/v2\/users\/1"}],"replies":[{"embeddable":true,"href":"https:\/\/www.villeneuve-les-beziers.fr\/es\/wp-json\/wp\/v2\/comments?post=2079"}],"version-history":[{"count":2,"href":"https:\/\/www.villeneuve-les-beziers.fr\/es\/wp-json\/wp\/v2\/pages\/2079\/revisions"}],"predecessor-version":[{"id":19803,"href":"https:\/\/www.villeneuve-les-beziers.fr\/es\/wp-json\/wp\/v2\/pages\/2079\/revisions\/19803"}],"up":[{"embeddable":true,"href":"https:\/\/www.villeneuve-les-beziers.fr\/es\/wp-json\/wp\/v2\/pages\/12169"}],"wp:featuredmedia":[{"embeddable":true,"href":"https:\/\/www.villeneuve-les-beziers.fr\/es\/wp-json\/wp\/v2\/media\/2078"}],"wp:attachment":[{"href":"https:\/\/www.villeneuve-les-beziers.fr\/es\/wp-json\/wp\/v2\/media?parent=2079"}],"curies":[{"name":"wp","href":"https:\/\/api.w.org\/{rel}","templated":true}]}}