{"id":209,"date":"2019-04-10T11:50:19","date_gmt":"2019-04-10T09:50:19","guid":{"rendered":"http:\/\/localhost\/?page_id=209"},"modified":"2024-11-25T17:22:29","modified_gmt":"2024-11-25T16:22:29","slug":"ehpad","status":"publish","type":"page","link":"https:\/\/www.villeneuve-les-beziers.fr\/es\/mon-quotidien\/ehpad\/","title":{"rendered":"EHPAD - Los jardines del Canalet"},"content":{"rendered":"<h2 class=\"wp-block-heading\">Presentaci\u00f3n de EHPAD<\/h2>\n\n\n\n<p>El EHPAD \"Les Jardins du Canalet\" es un establecimiento p\u00fablico local, con 46 residentes dependientes mayores de 60 a\u00f1os, gestionado por un consejo de administraci\u00f3n, presidido por el alcalde, y un director. El establecimiento se rige por la ley n\u00ba 2002-2 de 2 de enero de 2002 de reforma de la acci\u00f3n social y m\u00e9dico-social y por el art\u00edculo L312-1 al.6 del c\u00f3digo de la acci\u00f3n social y de la familia. Fue autorizado por decreto el 04\/01\/2017, y firm\u00f3 su primer convenio tripartito en 2010. El establecimiento est\u00e1 autorizado a acoger a personas beneficiarias de la asistencia social.<\/p>\n\n\n\n<p>El establecimiento se esfuerza por preservar en la medida de lo posible la continuidad de su estilo de vida y por desarrollar sus valores fundacionales:<br>- <strong>La dignidad del individuo<\/strong> - Existir como ser humano y ser considerado un individuo por derecho propio;<br>- <strong>Respetar<\/strong> - Reconocer y respetar a los dem\u00e1s, a los residentes, a las familias y a los cuidadores;<br>- <strong>Ciudadan\u00eda<\/strong> - Salvaguardar los derechos humanos fundamentales: equidad, solidaridad y fraternidad ;<br>- <strong>Responsabilidad<\/strong> - Preservar el derecho a elegir, permitir que se mantengan las prerrogativas al tiempo que se asumen las propias obligaciones.<\/p>\n\n\n\n<h2 class=\"wp-block-heading\">Nuestras misiones<\/h2>\n\n\n\n<p>- <strong>Cuidar<\/strong>Garantizar el bienestar f\u00edsico de la persona, estar atento y asegurar su protecci\u00f3n y seguridad;<br>- <strong>Mantener la capacidad f\u00edsica e intelectual<\/strong>El objetivo es preservar la independencia el mayor tiempo posible y compensar la dependencia;<br>- <strong>Apoyo e informaci\u00f3n<\/strong>adaptar el apoyo personalizado a las necesidades de los<br>persona ;<br>- <strong>Bienvenido<\/strong>Una acogida amistosa y respetuosa para todos;<br>- <strong>Vivir<\/strong>El objetivo es crear un lugar agradable para vivir, en el que se respeten sus gustos, deseos y anhelos.<\/p>\n\n\n\n<h2 class=\"wp-block-heading\">Servicios<\/h2>\n\n\n\n<p>Los servicios var\u00edan considerablemente de un establecimiento a otro. Sin embargo, los EHPAD deben proporcionar a sus residentes los servicios m\u00ednimos definidos por la ley:<\/p>\n\n\n\n<ul class=\"wp-block-list\">\n<li>Servicios administrativos<\/li>\n\n\n\n<li>Servicios hoteleros: Suministro de una habitaci\u00f3n con acceso a un cuarto de ba\u00f1o y un aseo; mantenimiento y limpieza de las habitaciones, durante y al final de la estancia; mantenimiento y limpieza de las zonas comunes y los locales comunes; mantenimiento de los edificios, las instalaciones t\u00e9cnicas y los espacios verdes; suministro de conexiones para televisi\u00f3n y acceso telef\u00f3nico; acceso a Internet dentro del establecimiento.<\/li>\n\n\n\n<li>Servicios de restauraci\u00f3n: Acceso a un servicio de restauraci\u00f3n; suministro de tres comidas, un refrigerio y un tentempi\u00e9 por la noche.<\/li>\n\n\n\n<li>Servicios de lavander\u00eda: Suministro, colocaci\u00f3n, renovaci\u00f3n y mantenimiento de ropa de piso y de ba\u00f1o<\/li>\n\n\n\n<li>Actividades sociales: Acceso a eventos y actividades de grupo organizados dentro del establecimiento Organizaci\u00f3n de actividades externas<\/li>\n<\/ul>\n\n\n\n<p>El establecimiento tambi\u00e9n puede ofrecer otros servicios: cuidado de la ropa personal del residente, servicios de peluquer\u00eda, etc.<\/p>\n\n\n\n<h2 class=\"wp-block-heading\">Contactos<\/h2>\n\n\n\n<div class=\"wp-block-group is-nowrap is-layout-flex wp-container-core-group-is-layout-6c531013 wp-block-group-is-layout-flex\">\n<p><a href=\"callto:04 67 11 19 00\">04 67 11 19 00<\/a><\/p>\n\n\n\n<p><a href=\"mailto:ehpad@villeneuve-les-beziers.fr\">ehpad@villeneuve-les-beziers.fr<\/a><\/p>\n<\/div>\n\n\n\n<h2 class=\"wp-block-heading\">Direcci\u00f3n<\/h2>\n\n\n\n<p>1 Rue Louis Dard\u00e9<br>34420 Villeneuve-l\u00e8s-B\u00e9ziers<\/p>\n\n\n\n<center><iframe src=\"https:\/\/www.google.com\/maps\/embed?pb=!1m14!1m8!1m3!1d7749.736234525511!2d3.273014693485566!3d43.31695727486491!3m2!1i1024!2i768!4f13.1!3m3!1m2!1s0x12b1104a002ddb21%3A0x390359c96f73f2b7!2sFoyer%20R%C3%A9sidence%20Les%20Jardins%20du%20Canalet!5e0!3m2!1sfr!2sus!4v1732363717995!5m2!1sfr!2sus\" width=\"100%\" height=\"450\" style=\"border:0;\" allowfullscreen=\"\" loading=\"lazy\" referrerpolicy=\"no-referrer-when-downgrade\"><\/iframe><\/center>","protected":false},"excerpt":{"rendered":"<p>Pr\u00e9sentation de L&rsquo;EHPAD L\u2019EHPAD \u00ab Les Jardins du Canalet \u00bb est un \u00e9tablissement public territorial, accueillant 46 r\u00e9sidents \u00e2g\u00e9s d\u00e9pendants de plus de 60ans, g\u00e9r\u00e9 par un conseil d\u2019administration, dont le maire est pr\u00e9sident, et un directeur. L\u2019\u00e9tablissement rel\u00e8ve de la loi n\u00b0 2002-2 du 2 janvier 2002 r\u00e9novant l\u2019action sociale et m\u00e9dico-sociale et de [&hellip;]<\/p>\n","protected":false},"author":1,"featured_media":2213,"parent":501,"menu_order":0,"comment_status":"closed","ping_status":"closed","template":"","meta":{"footnotes":""},"class_list":["post-209","page","type-page","status-publish","has-post-thumbnail","hentry"],"_links":{"self":[{"href":"https:\/\/www.villeneuve-les-beziers.fr\/es\/wp-json\/wp\/v2\/pages\/209","targetHints":{"allow":["GET"]}}],"collection":[{"href":"https:\/\/www.villeneuve-les-beziers.fr\/es\/wp-json\/wp\/v2\/pages"}],"about":[{"href":"https:\/\/www.villeneuve-les-beziers.fr\/es\/wp-json\/wp\/v2\/types\/page"}],"author":[{"embeddable":true,"href":"https:\/\/www.villeneuve-les-beziers.fr\/es\/wp-json\/wp\/v2\/users\/1"}],"replies":[{"embeddable":true,"href":"https:\/\/www.villeneuve-les-beziers.fr\/es\/wp-json\/wp\/v2\/comments?post=209"}],"version-history":[{"count":1,"href":"https:\/\/www.villeneuve-les-beziers.fr\/es\/wp-json\/wp\/v2\/pages\/209\/revisions"}],"predecessor-version":[{"id":19424,"href":"https:\/\/www.villeneuve-les-beziers.fr\/es\/wp-json\/wp\/v2\/pages\/209\/revisions\/19424"}],"up":[{"embeddable":true,"href":"https:\/\/www.villeneuve-les-beziers.fr\/es\/wp-json\/wp\/v2\/pages\/501"}],"wp:featuredmedia":[{"embeddable":true,"href":"https:\/\/www.villeneuve-les-beziers.fr\/es\/wp-json\/wp\/v2\/media\/2213"}],"wp:attachment":[{"href":"https:\/\/www.villeneuve-les-beziers.fr\/es\/wp-json\/wp\/v2\/media?parent=209"}],"curies":[{"name":"wp","href":"https:\/\/api.w.org\/{rel}","templated":true}]}}