{"id":226,"date":"2019-04-10T11:51:14","date_gmt":"2019-04-10T09:51:14","guid":{"rendered":"http:\/\/localhost\/?page_id=226"},"modified":"2026-01-19T11:36:20","modified_gmt":"2026-01-19T10:36:20","slug":"asociaciones","status":"publish","type":"page","link":"https:\/\/www.villeneuve-les-beziers.fr\/es\/vie-pratique\/associations\/","title":{"rendered":"Asociaciones"},"content":{"rendered":"<hr class=\"wp-block-separator has-alpha-channel-opacity is-style-default\"\/>\n\n\n\n<h2 class=\"wp-block-heading\">Vida comunitaria<\/h2>\n\n\n\n<p class=\"has-text-align-left is-style-text-subtitle has-medium-font-size is-style-text-subtitle--1\">Las asociaciones de Villeneuve-l\u00e8s-B\u00e9ziers dan vida a nuestro pueblo, federando pasiones y tejiendo un precioso v\u00ednculo con la vida villeneuvoise.&nbsp;<\/p>\n\n\n\n<p class=\"has-text-align-left has-medium-font-size\">Cada a\u00f1o, en septiembre, el FORUM DES ASSOCIATIONS le brinda la oportunidad de conocer las actividades de las asociaciones y de obtener informaci\u00f3n directamente de ellas.<\/p>\n\n\n\n<div class=\"wp-block-columns is-layout-flex wp-container-core-columns-is-layout-28f84493 wp-block-columns-is-layout-flex\">\n<div class=\"wp-block-column is-vertically-aligned-center is-layout-flow wp-block-column-is-layout-flow\" style=\"flex-basis:66.66%\">\n<p>El directorio de asociaciones est\u00e1 disponible aqu\u00ed \ud83d\udc49<\/p>\n<\/div>\n\n\n\n<div class=\"wp-block-column is-layout-flow wp-block-column-is-layout-flow\" style=\"flex-basis:33.33%\">\n<div class=\"wp-block-buttons is-content-justification-center is-layout-flex wp-container-core-buttons-is-layout-a89b3969 wp-block-buttons-is-layout-flex\">\n<div class=\"wp-block-button\"><a class=\"wp-block-button__link wp-element-button\" href=\"https:\/\/www.villeneuve-les-beziers.fr\/wp-content\/uploads\/2025\/07\/Annuaire-des-associations-2025.pdf\" target=\"_blank\" rel=\"noreferrer noopener\">Descargar en PDF<\/a><\/div>\n<\/div>\n<\/div>\n<\/div>\n\n\n\n<div class=\"wp-block-group has-global-padding is-layout-constrained wp-block-group-is-layout-constrained\" style=\"padding-top:var(--wp--preset--spacing--50);padding-bottom:var(--wp--preset--spacing--50)\">\n<p>\u2139\ufe0f Usted representa a una asociaci\u00f3n con sede en el municipio. <\/p>\n\n\n\n<p>\ud83d\udc49 No dude en ponerse en contacto con los servicios municipales \ud83d\udcde 04.67.39.47.80 \ud83d\udce7 mairie@villeneuve-les-beziers.fr <\/p>\n\n\n\n<h2 class=\"wp-block-heading has-text-align-center\">Descargar los formularios de solicitud<\/h2>\n\n\n\n<div class=\"wp-block-columns is-layout-flex wp-container-core-columns-is-layout-28f84493 wp-block-columns-is-layout-flex\">\n<div class=\"wp-block-column is-layout-flow wp-block-column-is-layout-flow\">\n<div class=\"wp-block-group is-style-section-3 has-global-padding is-layout-constrained wp-container-core-group-is-layout-c385debf wp-block-group-is-layout-constrained is-style-section-3--2\" style=\"border-radius:16px;padding-top:var(--wp--preset--spacing--20);padding-right:var(--wp--preset--spacing--20);padding-bottom:var(--wp--preset--spacing--20);padding-left:var(--wp--preset--spacing--20);box-shadow:var(--wp--preset--shadow--natural)\">\n<figure class=\"wp-block-image size-full\"><a href=\"https:\/\/www.villeneuve-les-beziers.fr\/wp-content\/uploads\/2025\/01\/panneaux-lumineux-2023.pdf\" target=\"_blank\" rel=\"noopener\"><img loading=\"lazy\" decoding=\"async\" width=\"600\" height=\"300\" src=\"https:\/\/www.villeneuve-les-beziers.fr\/wp-content\/uploads\/2023\/02\/assoc_panolum.jpg\" alt=\"\" class=\"wp-image-16901\" srcset=\"https:\/\/www.villeneuve-les-beziers.fr\/wp-content\/uploads\/2023\/02\/assoc_panolum.jpg 600w, https:\/\/www.villeneuve-les-beziers.fr\/wp-content\/uploads\/2023\/02\/assoc_panolum-300x150.jpg 300w\" sizes=\"auto, (max-width: 600px) 100vw, 600px\" \/><\/a><\/figure>\n\n\n\n<h3 class=\"wp-block-heading has-text-align-center\"><a href=\"https:\/\/www.villeneuve-les-beziers.fr\/wp-content\/uploads\/2025\/01\/panneaux-lumineux-2023.pdf\" target=\"_blank\" rel=\"noreferrer noopener\">Letreros luminosos<\/a><\/h3>\n<\/div>\n<\/div>\n\n\n\n<div class=\"wp-block-column is-layout-flow wp-block-column-is-layout-flow\">\n<div class=\"wp-block-group is-style-section-3 has-global-padding is-layout-constrained wp-container-core-group-is-layout-c385debf wp-block-group-is-layout-constrained is-style-section-3--3\" style=\"border-radius:16px;padding-top:var(--wp--preset--spacing--20);padding-right:var(--wp--preset--spacing--20);padding-bottom:var(--wp--preset--spacing--20);padding-left:var(--wp--preset--spacing--20);box-shadow:var(--wp--preset--shadow--deep)\">\n<figure class=\"wp-block-image size-full\"><a href=\"https:\/\/www.villeneuve-les-beziers.fr\/wp-content\/uploads\/2026\/01\/dossier-demande-de-subvention-2026.pdf\" target=\"_blank\" rel=\"noopener\"><img loading=\"lazy\" decoding=\"async\" width=\"600\" height=\"300\" src=\"https:\/\/www.villeneuve-les-beziers.fr\/wp-content\/uploads\/2023\/02\/assoc_subvention.jpg\" alt=\"\" class=\"wp-image-16897\" srcset=\"https:\/\/www.villeneuve-les-beziers.fr\/wp-content\/uploads\/2023\/02\/assoc_subvention.jpg 600w, https:\/\/www.villeneuve-les-beziers.fr\/wp-content\/uploads\/2023\/02\/assoc_subvention-300x150.jpg 300w\" sizes=\"auto, (max-width: 600px) 100vw, 600px\" \/><\/a><\/figure>\n\n\n\n<h3 class=\"wp-block-heading has-text-align-center\"><a href=\"https:\/\/www.villeneuve-les-beziers.fr\/wp-content\/uploads\/2023\/02\/DEMANDE-DE-SUBVENTION-2023_site.pdf\" target=\"_blank\" rel=\"noopener\">Solicitar una subvenci\u00f3n<\/a><\/h3>\n<\/div>\n<\/div>\n<\/div>\n<\/div>","protected":false},"excerpt":{"rendered":"<p>La vie associative de la commune Les associations de Villeneuve-l\u00e8s-B\u00e9ziers animent notre village, f\u00e9d\u00e8rent les passions et tissent un lien pr\u00e9cieux pour la vie villeneuvoise.&nbsp; Tous les ans, courant du mois de septembre, le FORUM DES ASSOCIATIONS vous permet de d\u00e9couvrir les activit\u00e9s associatives et de vous informer directement aupr\u00e8s des associations. L\u2019annuaire des associations [&hellip;]<\/p>\n","protected":false},"author":1,"featured_media":19092,"parent":199,"menu_order":0,"comment_status":"closed","ping_status":"closed","template":"","meta":{"footnotes":""},"class_list":["post-226","page","type-page","status-publish","has-post-thumbnail","hentry"],"_links":{"self":[{"href":"https:\/\/www.villeneuve-les-beziers.fr\/es\/wp-json\/wp\/v2\/pages\/226","targetHints":{"allow":["GET"]}}],"collection":[{"href":"https:\/\/www.villeneuve-les-beziers.fr\/es\/wp-json\/wp\/v2\/pages"}],"about":[{"href":"https:\/\/www.villeneuve-les-beziers.fr\/es\/wp-json\/wp\/v2\/types\/page"}],"author":[{"embeddable":true,"href":"https:\/\/www.villeneuve-les-beziers.fr\/es\/wp-json\/wp\/v2\/users\/1"}],"replies":[{"embeddable":true,"href":"https:\/\/www.villeneuve-les-beziers.fr\/es\/wp-json\/wp\/v2\/comments?post=226"}],"version-history":[{"count":11,"href":"https:\/\/www.villeneuve-les-beziers.fr\/es\/wp-json\/wp\/v2\/pages\/226\/revisions"}],"predecessor-version":[{"id":20540,"href":"https:\/\/www.villeneuve-les-beziers.fr\/es\/wp-json\/wp\/v2\/pages\/226\/revisions\/20540"}],"up":[{"embeddable":true,"href":"https:\/\/www.villeneuve-les-beziers.fr\/es\/wp-json\/wp\/v2\/pages\/199"}],"wp:featuredmedia":[{"embeddable":true,"href":"https:\/\/www.villeneuve-les-beziers.fr\/es\/wp-json\/wp\/v2\/media\/19092"}],"wp:attachment":[{"href":"https:\/\/www.villeneuve-les-beziers.fr\/es\/wp-json\/wp\/v2\/media?parent=226"}],"curies":[{"name":"wp","href":"https:\/\/api.w.org\/{rel}","templated":true}]}}