{"id":228,"date":"2019-04-10T11:51:14","date_gmt":"2019-04-10T09:51:14","guid":{"rendered":"http:\/\/localhost\/?page_id=228"},"modified":"2025-06-24T10:13:52","modified_gmt":"2025-06-24T08:13:52","slug":"oficina-de-turismo","status":"publish","type":"page","link":"https:\/\/www.villeneuve-les-beziers.fr\/es\/decouvrir\/office-de-tourisme\/","title":{"rendered":"Oficina de turismo"},"content":{"rendered":"<h1 class=\"wp-block-heading\">La gabarra, la oficina de turismo flotante<\/h1>\n\n\n\n<figure data-wp-context=\"{&quot;imageId&quot;:&quot;69fe1dabd0b6d&quot;}\" data-wp-interactive=\"core\/image\" data-wp-key=\"69fe1dabd0b6d\" class=\"wp-block-image size-large has-custom-border wp-lightbox-container\"><img loading=\"lazy\" decoding=\"async\" width=\"1024\" height=\"683\" data-wp-class--hide=\"state.isContentHidden\" data-wp-class--show=\"state.isContentVisible\" data-wp-init=\"callbacks.setButtonStyles\" data-wp-on--click=\"actions.showLightbox\" data-wp-on--load=\"callbacks.setButtonStyles\" data-wp-on-window--resize=\"callbacks.setButtonStyles\" src=\"https:\/\/www.villeneuve-les-beziers.fr\/wp-content\/uploads\/2019\/05\/gabare-1024x683.jpg\" alt=\"\" class=\"wp-image-2330\" style=\"border-radius:32px\" srcset=\"https:\/\/www.villeneuve-les-beziers.fr\/wp-content\/uploads\/2019\/05\/gabare-1024x683.jpg 1024w, https:\/\/www.villeneuve-les-beziers.fr\/wp-content\/uploads\/2019\/05\/gabare-150x100.jpg 150w, https:\/\/www.villeneuve-les-beziers.fr\/wp-content\/uploads\/2019\/05\/gabare-300x200.jpg 300w, https:\/\/www.villeneuve-les-beziers.fr\/wp-content\/uploads\/2019\/05\/gabare-768x512.jpg 768w, https:\/\/www.villeneuve-les-beziers.fr\/wp-content\/uploads\/2019\/05\/gabare.jpg 1440w\" sizes=\"auto, (max-width: 1024px) 100vw, 1024px\" \/><button\n\t\t\tclass=\"lightbox-trigger\"\n\t\t\ttype=\"button\"\n\t\t\taria-haspopup=\"dialog\"\n\t\t\taria-label=\"Agrandar\"\n\t\t\tdata-wp-init=\"callbacks.initTriggerButton\"\n\t\t\tdata-wp-on--click=\"actions.showLightbox\"\n\t\t\tdata-wp-style--right=\"state.imageButtonRight\"\n\t\t\tdata-wp-style--top=\"state.imageButtonTop\"\n\t\t>\n\t\t\t<svg xmlns=\"http:\/\/www.w3.org\/2000\/svg\" width=\"12\" height=\"12\" fill=\"none\" viewbox=\"0 0 12 12\">\n\t\t\t\t<path fill=\"#fff\" d=\"M2 0a2 2 0 0 0-2 2v2h1.5V2a.5.5 0 0 1 .5-.5h2V0H2Zm2 10.5H2a.5.5 0 0 1-.5-.5V8H0v2a2 2 0 0 0 2 2h2v-1.5ZM8 12v-1.5h2a.5.5 0 0 0 .5-.5V8H12v2a2 2 0 0 1-2 2H8Zm2-12a2 2 0 0 1 2 2v2h-1.5V2a.5.5 0 0 0-.5-.5H8V0h2Z\" \/>\n\t\t\t<\/svg>\n\t\t<\/button><\/figure>\n\n\n\n<blockquote class=\"wp-block-quote is-layout-flow wp-block-quote-is-layout-flow\">\n<p>Esta Gabarre es la \u00fanica oficina de turismo flotante en el Canal des Deux Mers entre Burdeos y S\u00e8te.<\/p>\n<\/blockquote>\n\n\n\n<p>El Gabarre Pescaluna, tambi\u00e9n conocido como el pescador lunar, est\u00e1 amarrado en el centro n\u00e1utico de Villeneuve-l\u00e8s-B\u00e9ziers. Acoge a los<strong><a href=\"https:\/\/www.beziers-in-mediterranee.com\/\" target=\"_blank\" rel=\"noopener noreferrer nofollow\">Oficina de Turismo de B\u00e9ziers M\u00e9diterran\u00e9e<\/a><\/strong> .<\/p>\n\n\n\n<p>Venga a descubrir esta aut\u00e9ntica gabarra de madera, construida originalmente para transportar visitantes y mercanc\u00edas.<\/p>\n\n\n\n<p>Pierre-Paul Riquet revolucion\u00f3 la forma de transportar mercanc\u00edas entre mar y tierra. <\/p>\n\n\n\n<p>Durante 250 a\u00f1os, los caballos tiraron de muchos barcos como \u00e9ste. En aquella \u00e9poca, el transporte de mercanc\u00edas por carretera era incierto y caro. En la carretera, un caballo pod\u00eda tirar del doble de su propio peso, mientras que cuando remolcaba una barcaza pod\u00eda tirar de ciento veinte veces su propio peso.<\/p>\n\n\n\n<p>Tendr\u00e1 el placer de descubrir este interior realizado \u00edntegramente en madera, un material noble, natural, c\u00e1lido, amable, suave al tacto y agradable al respirar, que seduce, crea intimidad y confiere a nuestra Pescaluna un aire acogedor y tranquilizador.<\/p>\n\n\n\n<p>Encontrar\u00e1 una tienda de libros, productos occitanos, vinos y productos locales.<\/p>\n\n\n\n<p>Para horarios y m\u00e1s informaci\u00f3n \ud83d\udc47<\/p>\n\n\n\n<figure class=\"wp-block-embed is-type-wp-embed is-provider-office-de-tourisme-de-b-ziers-m-diterran-e wp-block-embed-office-de-tourisme-de-b-ziers-m-diterran-e\"><div class=\"wp-block-embed__wrapper\">\n<blockquote class=\"wp-embedded-content\" data-secret=\"gK9i52gKb6\"><a href=\"https:\/\/www.beziers-mediterranee.com\/votre-sejour\/pratique\/office-de-tourisme\/les-bureaux-dinformation-touristique\/\" target=\"_blank\" rel=\"noopener noreferrer nofollow\">Oficinas de informaci\u00f3n tur\u00edstica<\/a><\/blockquote><iframe loading=\"lazy\" class=\"wp-embedded-content\" sandbox=\"allow-scripts\" security=\"restricted\" style=\"position: absolute; visibility: hidden;\" title=\"&quot; Oficinas de informaci\u00f3n tur\u00edstica - Oficina de Turismo de B\u00e9ziers M\u00e9diterran\u00e9e\" src=\"https:\/\/www.beziers-mediterranee.com\/votre-sejour\/pratique\/office-de-tourisme\/les-bureaux-dinformation-touristique\/embed\/#?secret=G6c1flkxu5#?secret=gK9i52gKb6\" data-secret=\"gK9i52gKb6\" width=\"500\" height=\"282\" frameborder=\"0\" marginwidth=\"0\" marginheight=\"0\" scrolling=\"no\"><\/iframe>\n<\/div><\/figure>","protected":false},"excerpt":{"rendered":"<p>La gabarre, l&rsquo;office de tourisme flottant Cette Gabarre est le seul office de tourisme flottant sur le canal des deux mers, entre Bordeaux et S\u00e8te La Gabarre Pescaluna, alias la p\u00eacheuse de lune est amarr\u00e9e \u00e0 la halte nautique de Villeneuve-l\u00e8s-B\u00e9ziers. Elle accueille l&rsquo;Office de Tourisme B\u00e9ziers M\u00e9diterran\u00e9e . Venez d\u00e9couvrir cette authentique gabarre en [&hellip;]<\/p>\n","protected":false},"author":1,"featured_media":2330,"parent":8353,"menu_order":0,"comment_status":"closed","ping_status":"closed","template":"","meta":{"footnotes":""},"class_list":["post-228","page","type-page","status-publish","has-post-thumbnail","hentry"],"_links":{"self":[{"href":"https:\/\/www.villeneuve-les-beziers.fr\/es\/wp-json\/wp\/v2\/pages\/228","targetHints":{"allow":["GET"]}}],"collection":[{"href":"https:\/\/www.villeneuve-les-beziers.fr\/es\/wp-json\/wp\/v2\/pages"}],"about":[{"href":"https:\/\/www.villeneuve-les-beziers.fr\/es\/wp-json\/wp\/v2\/types\/page"}],"author":[{"embeddable":true,"href":"https:\/\/www.villeneuve-les-beziers.fr\/es\/wp-json\/wp\/v2\/users\/1"}],"replies":[{"embeddable":true,"href":"https:\/\/www.villeneuve-les-beziers.fr\/es\/wp-json\/wp\/v2\/comments?post=228"}],"version-history":[{"count":4,"href":"https:\/\/www.villeneuve-les-beziers.fr\/es\/wp-json\/wp\/v2\/pages\/228\/revisions"}],"predecessor-version":[{"id":20062,"href":"https:\/\/www.villeneuve-les-beziers.fr\/es\/wp-json\/wp\/v2\/pages\/228\/revisions\/20062"}],"up":[{"embeddable":true,"href":"https:\/\/www.villeneuve-les-beziers.fr\/es\/wp-json\/wp\/v2\/pages\/8353"}],"wp:featuredmedia":[{"embeddable":true,"href":"https:\/\/www.villeneuve-les-beziers.fr\/es\/wp-json\/wp\/v2\/media\/2330"}],"wp:attachment":[{"href":"https:\/\/www.villeneuve-les-beziers.fr\/es\/wp-json\/wp\/v2\/media?parent=228"}],"curies":[{"name":"wp","href":"https:\/\/api.w.org\/{rel}","templated":true}]}}