{"id":2532,"date":"2019-05-13T09:36:39","date_gmt":"2019-05-13T07:36:39","guid":{"rendered":"http:\/\/localhost\/?page_id=2532"},"modified":"2024-11-26T00:56:08","modified_gmt":"2024-11-25T23:56:08","slug":"el-canal-du-midi","status":"publish","type":"page","link":"https:\/\/www.villeneuve-les-beziers.fr\/es\/decouvrir\/patrimoine\/le-canal-du-midi\/","title":{"rendered":"El Canal du Midi"},"content":{"rendered":"<p>Uniendo el Oc\u00e9ano Atl\u00e1ntico con el Mar Mediterr\u00e1neo, el Canal Royal des Deux Mers es una estructura \u00fanica, construida en el siglo XVII a lo largo de 15 a\u00f1os por Paul RIQUET. Inscrito en la lista del Patrimonio Mundial de la UNESCO desde 1996, se encuentra en el coraz\u00f3n de nuestro pueblo. Por ello, el municipio presta especial atenci\u00f3n a los parterres del puente del Canal, al desarrollo del centro de deportes n\u00e1uticos y a la iluminaci\u00f3n de los carriles bici, con el fin de satisfacer las necesidades de los habitantes de Villeneuve y de los visitantes.<\/p>\n\n\n\n<p>Por un lado, los senderistas pueden seguir las orillas del Canal hasta B\u00e9ziers y, por otro, disfrutar de la tranquilidad hasta el mar. Se ha trazado una parte del carril bici hacia Cers. Las farolas instaladas por los servicios t\u00e9cnicos del municipio le permitir\u00e1n disfrutar al m\u00e1ximo de este entorno en las noches de verano.<\/p>\n\n\n\n<h2 class=\"wp-block-heading\">La parada del barco<\/h2>\n\n\n\n<p>Abierto a la navegaci\u00f3n en 1681, el canal fue una v\u00eda de comunicaci\u00f3n muy utilizada, que contribuy\u00f3 al desarrollo del comercio en la regi\u00f3n de Languedoc. Hoy en d\u00eda, es utilizado por el turismo fluvial, que no deja de crecer. Esta v\u00eda navegable de 240 km es una forma ins\u00f3lita de descubrir la regi\u00f3n. Si llega por agua, Villeneuve-l\u00e8s-B\u00e9ziers le invita a amarrar en su puerto deportivo protegido. Dispone de agua potable e instalaciones sanitarias.<\/p>\n\n\n\n<figure class=\"wp-block-image size-large\"><img loading=\"lazy\" decoding=\"async\" width=\"1024\" height=\"683\" src=\"https:\/\/www.villeneuve-les-beziers.fr\/wp-content\/uploads\/2019\/05\/haltenautique-1024x683.jpg\" alt=\"\" class=\"wp-image-2555\" srcset=\"https:\/\/www.villeneuve-les-beziers.fr\/wp-content\/uploads\/2019\/05\/haltenautique-1024x683.jpg 1024w, https:\/\/www.villeneuve-les-beziers.fr\/wp-content\/uploads\/2019\/05\/haltenautique-300x200.jpg 300w, https:\/\/www.villeneuve-les-beziers.fr\/wp-content\/uploads\/2019\/05\/haltenautique-768x512.jpg 768w, https:\/\/www.villeneuve-les-beziers.fr\/wp-content\/uploads\/2019\/05\/haltenautique.jpg 1440w\" sizes=\"auto, (max-width: 1024px) 100vw, 1024px\" \/><\/figure>\n\n\n\n<h2 class=\"wp-block-heading\">La cerradura<\/h2>\n\n\n\n<div class=\"wp-block-columns are-vertically-aligned-center is-layout-flex wp-container-core-columns-is-layout-28f84493 wp-block-columns-is-layout-flex\">\n<div class=\"wp-block-column is-vertically-aligned-center is-layout-flow wp-block-column-is-layout-flow\">\n<figure data-wp-context=\"{&quot;imageId&quot;:&quot;69e8ae5c8604d&quot;}\" data-wp-interactive=\"core\/image\" data-wp-key=\"69e8ae5c8604d\" class=\"wp-block-image size-full wp-lightbox-container\"><img loading=\"lazy\" decoding=\"async\" width=\"560\" height=\"373\" data-wp-class--hide=\"state.isContentHidden\" data-wp-class--show=\"state.isContentVisible\" data-wp-init=\"callbacks.setButtonStyles\" data-wp-on--click=\"actions.showLightbox\" data-wp-on--load=\"callbacks.setButtonStyles\" data-wp-on-window--resize=\"callbacks.setButtonStyles\" src=\"https:\/\/www.villeneuve-les-beziers.fr\/wp-content\/uploads\/2019\/05\/ecluse.jpg\" alt=\"\" class=\"wp-image-2562\" srcset=\"https:\/\/www.villeneuve-les-beziers.fr\/wp-content\/uploads\/2019\/05\/ecluse.jpg 560w, https:\/\/www.villeneuve-les-beziers.fr\/wp-content\/uploads\/2019\/05\/ecluse-300x200.jpg 300w\" sizes=\"auto, (max-width: 560px) 100vw, 560px\" \/><button\n\t\t\tclass=\"lightbox-trigger\"\n\t\t\ttype=\"button\"\n\t\t\taria-haspopup=\"dialog\"\n\t\t\taria-label=\"Agrandar\"\n\t\t\tdata-wp-init=\"callbacks.initTriggerButton\"\n\t\t\tdata-wp-on--click=\"actions.showLightbox\"\n\t\t\tdata-wp-style--right=\"state.imageButtonRight\"\n\t\t\tdata-wp-style--top=\"state.imageButtonTop\"\n\t\t>\n\t\t\t<svg xmlns=\"http:\/\/www.w3.org\/2000\/svg\" width=\"12\" height=\"12\" fill=\"none\" viewbox=\"0 0 12 12\">\n\t\t\t\t<path fill=\"#fff\" d=\"M2 0a2 2 0 0 0-2 2v2h1.5V2a.5.5 0 0 1 .5-.5h2V0H2Zm2 10.5H2a.5.5 0 0 1-.5-.5V8H0v2a2 2 0 0 0 2 2h2v-1.5ZM8 12v-1.5h2a.5.5 0 0 0 .5-.5V8H12v2a2 2 0 0 1-2 2H8Zm2-12a2 2 0 0 1 2 2v2h-1.5V2a.5.5 0 0 0-.5-.5H8V0h2Z\" \/>\n\t\t\t<\/svg>\n\t\t<\/button><\/figure>\n<\/div>\n\n\n\n<div class=\"wp-block-column is-vertically-aligned-center is-layout-flow wp-block-column-is-layout-flow\">\n<p>La esclusa, que era de madera cuando se construy\u00f3 el Canal du Midi, fue renovada posteriormente para tener una estructura met\u00e1lica, como todas las esclusas del Canal Royal des Deux Mers.<\/p>\n<\/div>\n<\/div>\n\n\n\n<h2 class=\"wp-block-heading\">El puente del canal<\/h2>\n\n\n\n<figure data-wp-context=\"{&quot;imageId&quot;:&quot;69e8ae5c86384&quot;}\" data-wp-interactive=\"core\/image\" data-wp-key=\"69e8ae5c86384\" class=\"wp-block-image size-large wp-lightbox-container\"><img loading=\"lazy\" decoding=\"async\" width=\"1024\" height=\"683\" data-wp-class--hide=\"state.isContentHidden\" data-wp-class--show=\"state.isContentVisible\" data-wp-init=\"callbacks.setButtonStyles\" data-wp-on--click=\"actions.showLightbox\" data-wp-on--load=\"callbacks.setButtonStyles\" data-wp-on-window--resize=\"callbacks.setButtonStyles\" src=\"https:\/\/www.villeneuve-les-beziers.fr\/wp-content\/uploads\/2019\/04\/IMG_2116-1024x683.jpg\" alt=\"\" class=\"wp-image-13\" srcset=\"https:\/\/www.villeneuve-les-beziers.fr\/wp-content\/uploads\/2019\/04\/IMG_2116-1024x683.jpg 1024w, https:\/\/www.villeneuve-les-beziers.fr\/wp-content\/uploads\/2019\/04\/IMG_2116-150x100.jpg 150w, https:\/\/www.villeneuve-les-beziers.fr\/wp-content\/uploads\/2019\/04\/IMG_2116-1536x1024.jpg 1536w, https:\/\/www.villeneuve-les-beziers.fr\/wp-content\/uploads\/2019\/04\/IMG_2116-300x200.jpg 300w, https:\/\/www.villeneuve-les-beziers.fr\/wp-content\/uploads\/2019\/04\/IMG_2116-768x512.jpg 768w, https:\/\/www.villeneuve-les-beziers.fr\/wp-content\/uploads\/2019\/04\/IMG_2116.jpg 1800w\" sizes=\"auto, (max-width: 1024px) 100vw, 1024px\" \/><button\n\t\t\tclass=\"lightbox-trigger\"\n\t\t\ttype=\"button\"\n\t\t\taria-haspopup=\"dialog\"\n\t\t\taria-label=\"Agrandar\"\n\t\t\tdata-wp-init=\"callbacks.initTriggerButton\"\n\t\t\tdata-wp-on--click=\"actions.showLightbox\"\n\t\t\tdata-wp-style--right=\"state.imageButtonRight\"\n\t\t\tdata-wp-style--top=\"state.imageButtonTop\"\n\t\t>\n\t\t\t<svg xmlns=\"http:\/\/www.w3.org\/2000\/svg\" width=\"12\" height=\"12\" fill=\"none\" viewbox=\"0 0 12 12\">\n\t\t\t\t<path fill=\"#fff\" d=\"M2 0a2 2 0 0 0-2 2v2h1.5V2a.5.5 0 0 1 .5-.5h2V0H2Zm2 10.5H2a.5.5 0 0 1-.5-.5V8H0v2a2 2 0 0 0 2 2h2v-1.5ZM8 12v-1.5h2a.5.5 0 0 0 .5-.5V8H12v2a2 2 0 0 1-2 2H8Zm2-12a2 2 0 0 1 2 2v2h-1.5V2a.5.5 0 0 0-.5-.5H8V0h2Z\" \/>\n\t\t\t<\/svg>\n\t\t<\/button><\/figure>\n\n\n\n<p>El Pont-Canal es el paso obligado hacia el centro del pueblo. Con sus flores y adornos, tanto \u00e9l como el canal contribuyen al encanto de Villeneuve-L\u00e8s-B\u00e9ziers.<\/p>","protected":false},"excerpt":{"rendered":"<p>Reliant l&rsquo;oc\u00e9an Atlantique \u00e0 la mer M\u00e9diterran\u00e9e, le Canal Royal des Deux Mers est un ouvrage unique, construit au XVII\u00e8me si\u00e8cle, durant 15 ans, par Paul RIQUET. Class\u00e9 au patrimoine mondial de l&rsquo;UNESCO depuis 1996, il est au coeur de notre village. Aussi, la municipalit\u00e9 porte une attention particuli\u00e8re au fleurissement du Pont Canal, l&rsquo;am\u00e9nagement [&hellip;]<\/p>\n","protected":false},"author":1,"featured_media":19395,"parent":227,"menu_order":0,"comment_status":"closed","ping_status":"closed","template":"","meta":{"footnotes":""},"class_list":["post-2532","page","type-page","status-publish","has-post-thumbnail","hentry"],"_links":{"self":[{"href":"https:\/\/www.villeneuve-les-beziers.fr\/es\/wp-json\/wp\/v2\/pages\/2532","targetHints":{"allow":["GET"]}}],"collection":[{"href":"https:\/\/www.villeneuve-les-beziers.fr\/es\/wp-json\/wp\/v2\/pages"}],"about":[{"href":"https:\/\/www.villeneuve-les-beziers.fr\/es\/wp-json\/wp\/v2\/types\/page"}],"author":[{"embeddable":true,"href":"https:\/\/www.villeneuve-les-beziers.fr\/es\/wp-json\/wp\/v2\/users\/1"}],"replies":[{"embeddable":true,"href":"https:\/\/www.villeneuve-les-beziers.fr\/es\/wp-json\/wp\/v2\/comments?post=2532"}],"version-history":[{"count":2,"href":"https:\/\/www.villeneuve-les-beziers.fr\/es\/wp-json\/wp\/v2\/pages\/2532\/revisions"}],"predecessor-version":[{"id":19513,"href":"https:\/\/www.villeneuve-les-beziers.fr\/es\/wp-json\/wp\/v2\/pages\/2532\/revisions\/19513"}],"up":[{"embeddable":true,"href":"https:\/\/www.villeneuve-les-beziers.fr\/es\/wp-json\/wp\/v2\/pages\/227"}],"wp:featuredmedia":[{"embeddable":true,"href":"https:\/\/www.villeneuve-les-beziers.fr\/es\/wp-json\/wp\/v2\/media\/19395"}],"wp:attachment":[{"href":"https:\/\/www.villeneuve-les-beziers.fr\/es\/wp-json\/wp\/v2\/media?parent=2532"}],"curies":[{"name":"wp","href":"https:\/\/api.w.org\/{rel}","templated":true}]}}