{"id":2648,"date":"2019-05-13T14:54:54","date_gmt":"2019-05-13T12:54:54","guid":{"rendered":"http:\/\/localhost\/?page_id=2648"},"modified":"2024-11-22T12:01:08","modified_gmt":"2024-11-22T11:01:08","slug":"decretos-reglamentarios-generales","status":"publish","type":"page","link":"https:\/\/www.villeneuve-les-beziers.fr\/es\/vie-pratique\/securite\/arretes-de-reglementation-generale\/","title":{"rendered":"\u00d3rdenes reguladoras generales"},"content":{"rendered":"<p>Una ordenanza municipal es una decisi\u00f3n administrativa unilateral adoptada por el alcalde o, en su nombre, por un teniente de alcalde.<\/p>\n\n\n\n<p>Es ejecutable por ministerio de la ley una vez que ha sido publicada, enviada por correo o notificada a las personas afectadas. En la mayor\u00eda de los casos, se env\u00edan primero a la subprefectura o a la prefectura para confirmar su legalidad. Las deliberaciones, decisiones y ordenanzas del alcalde pueden consultarse y ponerse a disposici\u00f3n del p\u00fablico en el ayuntamiento.<\/p>\n\n\n\n<p>Una ordenanza municipal puede dictarse en todos los \u00e1mbitos de la jurisdicci\u00f3n municipal, aunque estamos m\u00e1s familiarizados con las ordenanzas dictadas en virtud de las competencias policiales municipales.<\/p>\n\n\n\n<details class=\"wp-block-details is-layout-flow wp-block-details-is-layout-flow\"><summary>Aparcamiento y tr\u00e1fico<\/summary>\n<ul class=\"wp-block-list\">\n<li><a href=\"https:\/\/www.villeneuve-les-beziers.fr\/wp-content\/uploads\/2023\/01\/2023-005-PM-Reglementation-rue-Rouvier.pdf\" target=\"_blank\" rel=\"noreferrer noopener\">2023-005 - Normas de circulaci\u00f3n rue Rouvier<\/a><\/li>\n\n\n\n<li><a href=\"https:\/\/www.villeneuve-les-beziers.fr\/wp-content\/uploads\/2023\/01\/2023-004-PM-Reglementation-vigipirate-ecole.pdf\" target=\"_blank\" rel=\"noreferrer noopener\">2023-004 - Reglamento de la escuela Vigipirate<\/a><\/li>\n\n\n\n<li><a href=\"https:\/\/www.villeneuve-les-beziers.fr\/wp-content\/uploads\/2022\/10\/2022-044-PM-Chatipi-inauguration.pdf\">2022-044 - Toma de posesi\u00f3n del PM Chatipi<\/a><\/li>\n\n\n\n<li><a href=\"https:\/\/www.villeneuve-les-beziers.fr\/wp-content\/uploads\/2020\/10\/2020-210-PM-SUEZ-rue-Vernhes-et-rue-des-Lilas.pdf\">2020-210 - PM SUEZ rue Vernhes y rue des Lilas<\/a><\/li>\n\n\n\n<li><a href=\"https:\/\/www.villeneuve-les-beziers.fr\/wp-content\/uploads\/2019\/09\/2019-210-PM-R\u00eaglementation-boulevards-Pasteur-R\u00e9publique-Gambetta-Mistral.pdf\" target=\"_blank\" rel=\"noreferrer noopener\">2019-210 - Aparcamiento en el bulevar Pasteur, R\u00e9publique, Gambetta y Mistral<\/a><\/li>\n\n\n\n<li><a href=\"https:\/\/www.villeneuve-les-beziers.fr\/wp-content\/uploads\/2019\/05\/2019-112-PM-Stationnement-Gens-du-Voyage.pdf\" target=\"_blank\" rel=\"noreferrer noopener\">2019-112 - Aparcamiento para viajeros<\/a><\/li>\n\n\n\n<li><a href=\"https:\/\/www.villeneuve-les-beziers.fr\/wp-content\/uploads\/2019\/05\/2018-023-PM-Modifications-ecole.pdf\" target=\"_blank\" rel=\"noreferrer noopener\">2018-023 - Normas de estacionamiento en las escuelas<\/a><\/li>\n\n\n\n<li><a href=\"https:\/\/www.villeneuve-les-beziers.fr\/wp-content\/uploads\/2019\/05\/2016-053-PM-circulation-et-stationnement-sur-zone-de-la-meridienne.pdf\" target=\"_blank\" rel=\"noreferrer noopener\">2016-053 - Circulaci\u00f3n y estacionamiento en el parque empresarial de la M\u00e9ridienne<\/a><\/li>\n\n\n\n<li><a href=\"https:\/\/www.villeneuve-les-beziers.fr\/wp-content\/uploads\/2019\/05\/2015.04.PM-zone-de-rencontre.pdf\" target=\"_blank\" rel=\"noreferrer noopener\">2015-004 - Creaci\u00f3n de una zona de encuentro en el centro de la ciudad<\/a><\/li>\n\n\n\n<li><a href=\"https:\/\/www.villeneuve-les-beziers.fr\/wp-content\/uploads\/2019\/05\/2011-102-PM-Mecanique-sur-la-voie-Publique-interdite.pdf\" target=\"_blank\" rel=\"noreferrer noopener\">2011-102 - Prohibici\u00f3n de trabajos mec\u00e1nicos en la v\u00eda p\u00fablica<\/a><\/li>\n<\/ul>\n\n\n\n<p><\/p>\n<\/details>\n\n\n\n<details class=\"wp-block-details is-layout-flow wp-block-details-is-layout-flow\"><summary>Instalaciones municipales<\/summary>\n<ul class=\"wp-block-list\">\n<li><a href=\"https:\/\/www.villeneuve-les-beziers.fr\/wp-content\/uploads\/2023\/02\/2023-010-PM-Reglementation-Parcs-et-Jardins.pdf\" target=\"_blank\" rel=\"noreferrer noopener\">2023-010 - Reglamento de parques y jardines<\/a><\/li>\n\n\n\n<li><a href=\"https:\/\/www.villeneuve-les-beziers.fr\/wp-content\/uploads\/2019\/05\/2019-057-PM-City-Park.pdf\" target=\"_blank\" rel=\"noreferrer noopener\">2019-057 - Reglamento del parque de la ciudad (route de S\u00e9rignan)<\/a><\/li>\n\n\n\n<li><a href=\"https:\/\/www.villeneuve-les-beziers.fr\/wp-content\/uploads\/2019\/05\/2015.096.PM-aire-multisport.pdf\" target=\"_blank\" rel=\"noreferrer noopener\">2015-096 - Reglamento de la zona polideportiva<\/a><\/li>\n\n\n\n<li><a href=\"https:\/\/www.villeneuve-les-beziers.fr\/wp-content\/uploads\/2019\/05\/2015.099.pm-acces-et-utilisation-du-skate-park.pdf\" target=\"_blank\" rel=\"noreferrer noopener\">2015-099 - Reglamento del parque de patinaje<\/a><\/li>\n\n\n\n<li><a href=\"https:\/\/www.villeneuve-les-beziers.fr\/wp-content\/uploads\/2019\/05\/2017-073-PM-Reglementation-boulodrome.pdf\" target=\"_blank\" rel=\"noreferrer noopener\">2015-099 - Reglamento del boulodrome (calle del matadero)<\/a><\/li>\n<\/ul>\n<\/details>\n\n\n\n<details class=\"wp-block-details is-layout-flow wp-block-details-is-layout-flow\"><summary>Saneamiento y salud p\u00fablica<\/summary>\n<ul class=\"wp-block-list\">\n<li><a href=\"https:\/\/www.villeneuve-les-beziers.fr\/wp-content\/uploads\/2020\/09\/Arrete-ouverture-partielle-batiments-communaux.pdf\" target=\"_blank\" rel=\"noreferrer noopener\">2020-173 - COVID-19: reapertura parcial de edificios municipales<\/a><\/li>\n\n\n\n<li><a href=\"https:\/\/www.villeneuve-les-beziers.fr\/wp-content\/uploads\/2020\/09\/arrete-reouverture-stade.pdf\" target=\"_blank\" rel=\"noreferrer noopener\">2020-174 - COVID-19: reapertura de estadios<\/a><\/li>\n\n\n\n<li><a href=\"https:\/\/www.villeneuve-les-beziers.fr\/wp-content\/uploads\/2019\/05\/2019-106-PM-Bruits-genants-a-proximite-de-zones-dhabitation.pdf\" target=\"_blank\" rel=\"noreferrer noopener\">2019-106 - Normativa: ruido cerca de zonas residenciales<\/a><\/li>\n\n\n\n<li><a href=\"https:\/\/www.villeneuve-les-beziers.fr\/wp-content\/uploads\/2019\/05\/2019-097-PM-Interdiction-alcool-et-barbecue-voie-publique.pdf\" target=\"_blank\" rel=\"noreferrer noopener\">2019-097 - Reglamento: alcohol y barbacoas en la v\u00eda p\u00fablica<\/a><\/li>\n\n\n\n<li><a href=\"https:\/\/www.villeneuve-les-beziers.fr\/wp-content\/uploads\/2019\/05\/2019-096-PM-Interdiction-chicha-voie-publique.pdf\" target=\"_blank\" rel=\"noreferrer noopener\">2019-096 - Reglamento: chicha en la v\u00eda p\u00fablica<\/a><\/li>\n\n\n\n<li><a href=\"https:\/\/www.villeneuve-les-beziers.fr\/wp-content\/uploads\/2019\/05\/2017-162-PM-Divagation-et-dejections-danimaux.pdf\" target=\"_blank\" rel=\"noreferrer noopener\">2017-162 - Reglamento: animales vagabundos y excrementos<\/a><\/li>\n\n\n\n<li><a href=\"https:\/\/www.villeneuve-les-beziers.fr\/wp-content\/uploads\/2019\/05\/2017-139-PM-Interdiction-de-baignade.pdf\" target=\"_blank\" rel=\"noreferrer noopener\">2017-139 - Prohibici\u00f3n de ba\u00f1arse en el Canal du Midi<\/a><\/li>\n<\/ul>\n<\/details>\n\n\n\n<details class=\"wp-block-details is-layout-flow wp-block-details-is-layout-flow\"><summary>Seguridad p\u00fablica<\/summary>\n<ul class=\"wp-block-list\">\n<li><a href=\"https:\/\/www.villeneuve-les-beziers.fr\/wp-content\/uploads\/2019\/05\/2019-098-PM_Port_camera_individuelle.pdf\" target=\"_blank\" rel=\"noreferrer noopener\">2019-098 - Uso de c\u00e1maras individuales para polic\u00edas municipales<\/a><\/li>\n\n\n\n<li><a href=\"https:\/\/www.villeneuve-les-beziers.fr\/wp-content\/uploads\/2019\/05\/2016-021-PM-Reglement-fetes-foraines.pdf\" target=\"_blank\" rel=\"noreferrer noopener\">2016-021 - Reglamento de ferias<\/a><\/li>\n\n\n\n<li><a href=\"https:\/\/www.villeneuve-les-beziers.fr\/wp-content\/uploads\/2019\/05\/2015-225-PM-demarchage-%C3%A0-domicile.pdf\" target=\"_blank\" rel=\"noreferrer noopener\">2015-225 - Venta a domicilio<\/a><\/li>\n<\/ul>\n<\/details>","protected":false},"excerpt":{"rendered":"<p>Un arr\u00eat\u00e9 municipal est une d\u00e9cision administrative unilat\u00e9rale prise par le maire, ou, en son nom, par un maire-adjoint. Il est ex\u00e9cutoire de plein droit apr\u00e8s avoir \u00e9t\u00e9 publi\u00e9, affich\u00e9 ou notifi\u00e9 aux personnes concern\u00e9es. Dans la majorit\u00e9 des cas, ils sont transmis au pr\u00e9alable en sous-pr\u00e9fecture ou pr\u00e9fecture pour confirmer leur l\u00e9galit\u00e9. Les d\u00e9lib\u00e9rations, [&hellip;]<\/p>\n","protected":false},"author":1,"featured_media":2670,"parent":12169,"menu_order":0,"comment_status":"closed","ping_status":"closed","template":"","meta":{"footnotes":""},"class_list":["post-2648","page","type-page","status-publish","has-post-thumbnail","hentry"],"_links":{"self":[{"href":"https:\/\/www.villeneuve-les-beziers.fr\/es\/wp-json\/wp\/v2\/pages\/2648","targetHints":{"allow":["GET"]}}],"collection":[{"href":"https:\/\/www.villeneuve-les-beziers.fr\/es\/wp-json\/wp\/v2\/pages"}],"about":[{"href":"https:\/\/www.villeneuve-les-beziers.fr\/es\/wp-json\/wp\/v2\/types\/page"}],"author":[{"embeddable":true,"href":"https:\/\/www.villeneuve-les-beziers.fr\/es\/wp-json\/wp\/v2\/users\/1"}],"replies":[{"embeddable":true,"href":"https:\/\/www.villeneuve-les-beziers.fr\/es\/wp-json\/wp\/v2\/comments?post=2648"}],"version-history":[{"count":1,"href":"https:\/\/www.villeneuve-les-beziers.fr\/es\/wp-json\/wp\/v2\/pages\/2648\/revisions"}],"predecessor-version":[{"id":20134,"href":"https:\/\/www.villeneuve-les-beziers.fr\/es\/wp-json\/wp\/v2\/pages\/2648\/revisions\/20134"}],"up":[{"embeddable":true,"href":"https:\/\/www.villeneuve-les-beziers.fr\/es\/wp-json\/wp\/v2\/pages\/12169"}],"wp:featuredmedia":[{"embeddable":true,"href":"https:\/\/www.villeneuve-les-beziers.fr\/es\/wp-json\/wp\/v2\/media\/2670"}],"wp:attachment":[{"href":"https:\/\/www.villeneuve-les-beziers.fr\/es\/wp-json\/wp\/v2\/media?parent=2648"}],"curies":[{"name":"wp","href":"https:\/\/api.w.org\/{rel}","templated":true}]}}