{"id":2814,"date":"2019-05-17T14:40:29","date_gmt":"2019-05-17T12:40:29","guid":{"rendered":"http:\/\/localhost\/?page_id=2814"},"modified":"2022-04-11T15:21:36","modified_gmt":"2022-04-11T13:21:36","slug":"beemob-lagglo-le-transporta","status":"publish","type":"page","link":"https:\/\/www.villeneuve-les-beziers.fr\/es\/vie-pratique\/transports-en-commun\/beemob-lagglo-vous-transporte\/","title":{"rendered":"beeMob, el Agglo te transporta"},"content":{"rendered":"<h2>\n\t\t\t\tMi informaci\u00f3n de viaje<br \/>\n\t\t\t\t\t\t\t\t<\/h2>\n<p>Oficina de ventas Boutic'bus 66 bd. Mistral - 34500 B\u00e9ziers<\/p>\n<p>Podr\u00e1 encontrar informaci\u00f3n sobre los pasajeros y comprar sus entradas y abonos.\u00a0<b>De lunes a viernes, de 7.45 a 18.00 horas.\u00a0<\/b><\/p>\n<p>M\u00e1s informaci\u00f3n\u00a0<a href=\"http:\/\/www.beemob.fr\/\" target=\"_blank\" rel=\"noopener noreferrer nofollow\">www.beemob.fr<\/a>\u00a0o a trav\u00e9s del n\u00famero gratuito <strong>0800 80 80 80<\/strong> (servicio y llamada gratuitos). Tambi\u00e9n puede comprar sus entradas a trav\u00e9s de nuestros agentes en la p\u00e1gina web\u00a0<strong><a href=\"http:\/\/www.beemob.fr\/\" target=\"_blank\" rel=\"noopener noreferrer nofollow\">www.beemob.fr<\/a><\/strong>\u00a0y en la aplicaci\u00f3n m\u00f3vil beemob\/mybus, que puede descargarse gratuitamente en Google Play y App Store.<br \/>Y a continuaci\u00f3n las rutas beeMob que sirven a nuestro municipio.<\/p>\n<p>\t\t\t\t\t\t\t\t\t\t\t\t\t\t\t<img decoding=\"async\" width=\"818\" height=\"1730\" src=\"https:\/\/www.villeneuve-les-beziers.fr\/wp-content\/uploads\/2021\/09\/Capture-decran-2021-09-30-a-16.04.03.png\" alt=\"\" loading=\"lazy\" \/>\t\t\t\t\t\t\t\t\t\t<\/p>\n<h3>Plano y horarios de la l\u00ednea 3<\/h3>\n<p>\t\t\t<a href=\"http:\/\/www.villeneuve-les-beziers.fr\/wp-content\/uploads\/2021\/09\/L3web2.pdf\" title=\"\" target=\"_blank\" rel=\"noopener\"><\/a><br \/>\n\t\t\t\t\t\t\t\t\t\t\t\t\t\t\t<img decoding=\"async\" width=\"820\" height=\"1728\" src=\"https:\/\/www.villeneuve-les-beziers.fr\/wp-content\/uploads\/2021\/09\/Capture-decran-2021-09-30-a-16.03.54.png\" alt=\"\" loading=\"lazy\" \/>\t\t\t\t\t\t\t\t\t\t<\/p>\n<h3>Mapa y horarios de la l\u00ednea 6<\/h3>\n<p>\t\t\t<a href=\"http:\/\/www.villeneuve-les-beziers.fr\/wp-content\/uploads\/2021\/09\/L6-Web-1.pdf\" title=\"\" target=\"_blank\" rel=\"noopener\"><\/a><br \/>\n\t\t\t\t\t\t\t\t\t\t\t\t\t\t\t<img decoding=\"async\" width=\"1212\" height=\"2568\" src=\"https:\/\/www.villeneuve-les-beziers.fr\/wp-content\/uploads\/2021\/09\/Capture-decran-2021-09-30-a-16.03.45.png\" alt=\"\" loading=\"lazy\" \/>\t\t\t\t\t\t\t\t\t\t<\/p>\n<h3>Mapa y horarios de la l\u00ednea 13<\/h3>\n<p>\t\t\t<a href=\"http:\/\/www.villeneuve-les-beziers.fr\/wp-content\/uploads\/2021\/09\/L13-Web.pdf\" title=\"\" target=\"_blank\" rel=\"noopener\"><\/a><br \/>\n\t\t\t\t\t\t\t\t\t\t\t\t\t\t\t<img decoding=\"async\" width=\"1270\" height=\"689\" src=\"https:\/\/www.villeneuve-les-beziers.fr\/wp-content\/uploads\/2019\/05\/Plan-Reseau.jpg\" alt=\"\" loading=\"lazy\" \/>\t\t\t\t\t\t\t\t\t\t<\/p>\n<h1>Mapa general de la red beeMob<\/h1>\n<p>\t\t\t<a href=\"http:\/\/www.villeneuve-les-beziers.fr\/wp-content\/uploads\/2019\/05\/Plan-Reseau_beemob.pdf\" title=\"\" target=\"_blank\" rel=\"noopener\"><\/a><\/p>","protected":false},"excerpt":{"rendered":"<p>Mes informations pour bien voyager L&rsquo;agence commerciale Boutic&rsquo;bus\u00a066 bd. Mistral &#8211; 34500 B\u00e9ziers Vous pourrez retrouver les informations voyageurs, acheter vos titres de transport et vos abonnements\u00a0du lundi au vendredi de 7h45 \u00e0 18h00\u00a0 Plus d\u2019infos sur\u00a0www.beemob.fr\u00a0ou via le num\u00e9ro vert 0800 80 80 80 (service et appel gratuit). Vous pouvez aussi acheter vos titres [&hellip;]<\/p>\n","protected":false},"author":1,"featured_media":0,"parent":2787,"menu_order":0,"comment_status":"closed","ping_status":"closed","template":"","meta":{"footnotes":""},"class_list":["post-2814","page","type-page","status-publish","hentry"],"_links":{"self":[{"href":"https:\/\/www.villeneuve-les-beziers.fr\/es\/wp-json\/wp\/v2\/pages\/2814","targetHints":{"allow":["GET"]}}],"collection":[{"href":"https:\/\/www.villeneuve-les-beziers.fr\/es\/wp-json\/wp\/v2\/pages"}],"about":[{"href":"https:\/\/www.villeneuve-les-beziers.fr\/es\/wp-json\/wp\/v2\/types\/page"}],"author":[{"embeddable":true,"href":"https:\/\/www.villeneuve-les-beziers.fr\/es\/wp-json\/wp\/v2\/users\/1"}],"replies":[{"embeddable":true,"href":"https:\/\/www.villeneuve-les-beziers.fr\/es\/wp-json\/wp\/v2\/comments?post=2814"}],"version-history":[{"count":0,"href":"https:\/\/www.villeneuve-les-beziers.fr\/es\/wp-json\/wp\/v2\/pages\/2814\/revisions"}],"up":[{"embeddable":true,"href":"https:\/\/www.villeneuve-les-beziers.fr\/es\/wp-json\/wp\/v2\/pages\/2787"}],"wp:attachment":[{"href":"https:\/\/www.villeneuve-les-beziers.fr\/es\/wp-json\/wp\/v2\/media?parent=2814"}],"curies":[{"name":"wp","href":"https:\/\/api.w.org\/{rel}","templated":true}]}}