{"id":6501,"date":"2022-01-31T10:45:20","date_gmt":"2022-01-31T09:45:20","guid":{"rendered":"http:\/\/www.villeneuve-les-beziers.fr\/?page_id=6501"},"modified":"2025-09-02T10:10:01","modified_gmt":"2025-09-02T08:10:01","slug":"formulario-para-rotulos-luminosos","status":"publish","type":"page","link":"https:\/\/www.villeneuve-les-beziers.fr\/es\/demarches\/formulaire-pour-les-panneaux-lumineux\/","title":{"rendered":"Formulario para r\u00f3tulos luminosos"},"content":{"rendered":"<p>La Comuna dispone de 3 paneles luminosos LED, que pueden utilizarse para difundir informaci\u00f3n de inter\u00e9s general relativa a la vida de la Comuna o para promocionar actos organizados por la ciudad o por asociaciones locales.<\/p>\n\n\n\n<p>Estos paneles, situados <strong>rue du 4 septembre, avenue Pierre B\u00e9r\u00e9govoy (P\u00f4le M\u00e9diterran\u00e9e) y avenue Andr\u00e9 Palmade (rotonda Taureau)<\/strong>Son propiedad de la ciudad, que graba los mensajes y gestiona su exhibici\u00f3n. La colocaci\u00f3n de informaci\u00f3n en los carteles luminosos es gratuita.<\/p>\n\n\n\n<p>Los servicios municipales y las asociaciones de Villeneuve est\u00e1n concernidos por estos paneles y podr\u00e1n presentar propuestas de mensajes mediante un formulario en papel disponible en la recepci\u00f3n del ayuntamiento o en la p\u00e1gina web del municipio.<\/p>\n\n\n\n<p>Las solicitudes de retransmisi\u00f3n deben llegar al Ayuntamiento al menos dos semanas antes de la fecha deseada. El mensaje se publicar\u00e1 al menos 8 d\u00edas antes del evento. Despu\u00e9s se borrar\u00e1 autom\u00e1ticamente.<\/p>\n\n\n\n<p><strong>Quedan excluidos del marco de distribuci\u00f3n<\/strong><\/p>\n\n\n\n<ul class=\"wp-block-list\">\n<li>mensajes privados,<\/li>\n\n\n\n<li>mensajes de car\u00e1cter puramente comercial,<\/li>\n\n\n\n<li>mensajes que no sean de claro inter\u00e9s comunitario,<\/li>\n\n\n\n<li>informaci\u00f3n de car\u00e1cter pol\u00edtico o religioso, etc.<\/li>\n<\/ul>\n\n\n\n<div data-wp-interactive=\"core\/file\" class=\"wp-block-file\"><object data-wp-bind--hidden=\"!state.hasPdfPreview\" hidden class=\"wp-block-file__embed\" data=\"https:\/\/www.villeneuve-les-beziers.fr\/wp-content\/uploads\/2025\/01\/panneaux-lumineux-2023.pdf\" type=\"application\/pdf\" style=\"width:100%;height:600px\" aria-label=\"Incrustado de carteles luminosos 2023.\"><\/object><a id=\"wp-block-file--media-b974ea94-730d-47c8-8712-f875f42f5cef\" href=\"https:\/\/www.villeneuve-les-beziers.fr\/wp-content\/uploads\/2025\/01\/panneaux-lumineux-2023.pdf\">letreros luminosos 2023<\/a><a href=\"https:\/\/www.villeneuve-les-beziers.fr\/wp-content\/uploads\/2025\/01\/panneaux-lumineux-2023.pdf\" class=\"wp-block-file__button wp-element-button\" download aria-describedby=\"wp-block-file--media-b974ea94-730d-47c8-8712-f875f42f5cef\">Descargar<\/a><\/div>","protected":false},"excerpt":{"rendered":"<p>La Commune est dot\u00e9e de 3 &nbsp;panneaux lumineux LED, permettant de diffuser des messages d\u2019informations d\u2019int\u00e9r\u00eat g\u00e9n\u00e9ral li\u00e9es \u00e0 la vie de la commune ou de la promotion de manifestations organis\u00e9es par la ville ou par les associations de la commune. Ces panneaux, situ\u00e9s rue du 4 septembre, avenue Pierre B\u00e9r\u00e9govoy (P\u00f4le M\u00e9diterran\u00e9e) et avenue [&hellip;]<\/p>\n","protected":false},"author":1,"featured_media":16901,"parent":853,"menu_order":0,"comment_status":"closed","ping_status":"closed","template":"","meta":{"footnotes":""},"class_list":["post-6501","page","type-page","status-publish","has-post-thumbnail","hentry"],"_links":{"self":[{"href":"https:\/\/www.villeneuve-les-beziers.fr\/es\/wp-json\/wp\/v2\/pages\/6501","targetHints":{"allow":["GET"]}}],"collection":[{"href":"https:\/\/www.villeneuve-les-beziers.fr\/es\/wp-json\/wp\/v2\/pages"}],"about":[{"href":"https:\/\/www.villeneuve-les-beziers.fr\/es\/wp-json\/wp\/v2\/types\/page"}],"author":[{"embeddable":true,"href":"https:\/\/www.villeneuve-les-beziers.fr\/es\/wp-json\/wp\/v2\/users\/1"}],"replies":[{"embeddable":true,"href":"https:\/\/www.villeneuve-les-beziers.fr\/es\/wp-json\/wp\/v2\/comments?post=6501"}],"version-history":[{"count":3,"href":"https:\/\/www.villeneuve-les-beziers.fr\/es\/wp-json\/wp\/v2\/pages\/6501\/revisions"}],"predecessor-version":[{"id":20337,"href":"https:\/\/www.villeneuve-les-beziers.fr\/es\/wp-json\/wp\/v2\/pages\/6501\/revisions\/20337"}],"up":[{"embeddable":true,"href":"https:\/\/www.villeneuve-les-beziers.fr\/es\/wp-json\/wp\/v2\/pages\/853"}],"wp:featuredmedia":[{"embeddable":true,"href":"https:\/\/www.villeneuve-les-beziers.fr\/es\/wp-json\/wp\/v2\/media\/16901"}],"wp:attachment":[{"href":"https:\/\/www.villeneuve-les-beziers.fr\/es\/wp-json\/wp\/v2\/media?parent=6501"}],"curies":[{"name":"wp","href":"https:\/\/api.w.org\/{rel}","templated":true}]}}