{"id":6737,"date":"2022-03-17T14:48:29","date_gmt":"2022-03-17T13:48:29","guid":{"rendered":"http:\/\/www.villeneuve-les-beziers.fr\/?p=6737"},"modified":"2024-11-22T23:20:05","modified_gmt":"2024-11-22T22:20:05","slug":"plan-de-prevencion-de-riesgos-de-inundacion","status":"publish","type":"page","link":"https:\/\/www.villeneuve-les-beziers.fr\/es\/vie-pratique\/urbanisme\/plan-de-prevention-des-risques-dinondations\/","title":{"rendered":"Plan de prevenci\u00f3n de riesgos de inundaci\u00f3n"},"content":{"rendered":"<h2 class=\"wp-block-heading\">Consulte los Planes de Prevenci\u00f3n de Riesgos de Inundaci\u00f3n (PPRI) y los Planes de Prevenci\u00f3n de Riesgos Tecnol\u00f3gicos (PPRT)<\/h2>\n\n\n\n<figure class=\"wp-block-table\"><table class=\"has-fixed-layout\"><thead><tr><th class=\"has-text-align-center\" data-align=\"center\">Inundaci\u00f3n PPR<\/th><th class=\"has-text-align-center\" data-align=\"center\"><a name=\"eztoc148969_0_2\" id=\"eztoc148969_0_2\"><\/a>Plan de prevenci\u00f3n de riesgos tecnol\u00f3gicos \"MINGUEZ<\/th><th class=\"has-text-align-center\" data-align=\"center\">PPR tecnol\u00f3gico <a name=\"eztoc148969_0_5\" id=\"eztoc148969_0_5\"><\/a>\"GAZECHIM<\/th><\/tr><\/thead><tbody><tr><td class=\"has-text-align-center\" data-align=\"center\">Fecha de aprobaci\u00f3n: 08\/11\/2007<\/td><td class=\"has-text-align-center\" data-align=\"center\">&nbsp;Fecha de aprobaci\u00f3n: 06\/03\/2013<\/td><td class=\"has-text-align-center\" data-align=\"center\">Fecha de aprobaci\u00f3n: 03\/08\/2015<\/td><\/tr><tr><td class=\"has-text-align-center\" data-align=\"center\"><a title=\"Visite http:\/\/piece-jointe-carto.developpement-durable.gouv.fr\/DEPT034A\/ZonagePPRI\/VILLENEUVE-LES-BEZIERS\/ArreteAppro_VILLENEUVE-LES-BEZIERS.pdf - nueva ventana\" href=\"http:\/\/piece-jointe-carto.developpement-durable.gouv.fr\/DEPT034A\/ZonagePPRI\/VILLENEUVE-LES-BEZIERS\/ArreteAppro_VILLENEUVE-LES-BEZIERS.pdf\" target=\"_blank\" rel=\"noopener\">Orden de aprobaci\u00f3n<\/a><br><a title=\"Visite http:\/\/piece-jointe-carto.developpement-durable.gouv.fr\/DEPT034A\/ZonagePPRI\/VILLENEUVE-LES-BEZIERS\/RapportPres_VILLENEUVE-LES-BEZIERS.pdf - nueva ventana\" href=\"http:\/\/piece-jointe-carto.developpement-durable.gouv.fr\/DEPT034A\/ZonagePPRI\/VILLENEUVE-LES-BEZIERS\/RapportPres_VILLENEUVE-LES-BEZIERS.pdf\" target=\"_blank\" rel=\"noopener\">Informe de presentaci\u00f3n<\/a><br><a title=\"Visite http:\/\/piece-jointe-carto.developpement-durable.gouv.fr\/DEPT034A\/ZonagePPRI\/VILLENEUVE-LES-BEZIERS\/Zonage_VILLENEUVE-LES-BEZIERS.zip - nueva ventana\" href=\"http:\/\/piece-jointe-carto.developpement-durable.gouv.fr\/DEPT034A\/ZonagePPRI\/VILLENEUVE-LES-BEZIERS\/Zonage_VILLENEUVE-LES-BEZIERS.zip\" target=\"_blank\" rel=\"noopener\">Mapa de zonificaci\u00f3n<\/a><br><a title=\"Visite http:\/\/piece-jointe-carto.developpement-durable.gouv.fr\/DEPT034A\/ZonagePPRI\/VILLENEUVE-LES-BEZIERS\/Reglement_VILLENEUVE-LES-BEZIERS.pdf - nueva ventana\" href=\"http:\/\/piece-jointe-carto.developpement-durable.gouv.fr\/DEPT034A\/ZonagePPRI\/VILLENEUVE-LES-BEZIERS\/Reglement_VILLENEUVE-LES-BEZIERS.pdf\" target=\"_blank\" rel=\"noopener\">Normativa<\/a><\/td><td class=\"has-text-align-center\" data-align=\"center\"><a title=\"Visite http:\/\/piece-jointe-carto.developpement-durable.gouv.fr\/DEPT034A\/ZonagePPRT\/MINGUEZ\/ArreteAppro_MINGUEZ.pdf - nueva ventana\" href=\"http:\/\/piece-jointe-carto.developpement-durable.gouv.fr\/DEPT034A\/ZonagePPRT\/MINGUEZ\/ArreteAppro_MINGUEZ.pdf\" target=\"_blank\" rel=\"noopener\">Orden de aprobaci\u00f3n<\/a><br><a title=\"Visite http:\/\/piece-jointe-carto.developpement-durable.gouv.fr\/DEPT034A\/ZonagePPRT\/MINGUEZ\/RapportPres_MINGUEZ.pdf - nueva ventana\" href=\"http:\/\/piece-jointe-carto.developpement-durable.gouv.fr\/DEPT034A\/ZonagePPRT\/MINGUEZ\/RapportPres_MINGUEZ.pdf\" target=\"_blank\" rel=\"noopener\">Informe de presentaci\u00f3n<\/a><br><a title=\"Visite http:\/\/piece-jointe-carto.developpement-durable.gouv.fr\/DEPT034A\/ZonagePPRT\/MINGUEZ\/Zonage_MINGUEZ.pdf - nueva ventana\" href=\"http:\/\/piece-jointe-carto.developpement-durable.gouv.fr\/DEPT034A\/ZonagePPRT\/MINGUEZ\/Zonage_MINGUEZ.pdf\" target=\"_blank\" rel=\"noopener\">Mapa de zonificaci\u00f3n<\/a><br><a title=\"Visite http:\/\/piece-jointe-carto.developpement-durable.gouv.fr\/DEPT034A\/ZonagePPRT\/MINGUEZ\/Reglement_MINGUEZ.pdf - nueva ventana\" href=\"http:\/\/piece-jointe-carto.developpement-durable.gouv.fr\/DEPT034A\/ZonagePPRT\/MINGUEZ\/Reglement_MINGUEZ.pdf\" target=\"_blank\" rel=\"noopener\">Normativa<\/a><\/td><td class=\"has-text-align-center\" data-align=\"center\"><a title=\"Visite http:\/\/piece-jointe-carto.developpement-durable.gouv.fr\/DEPT034A\/ZonagePPRT\/GAZECHIM\/ArreteAppro_GAZECHIM.pdf - nueva ventana\" href=\"http:\/\/piece-jointe-carto.developpement-durable.gouv.fr\/DEPT034A\/ZonagePPRT\/GAZECHIM\/ArreteAppro_GAZECHIM.pdf\" target=\"_blank\" rel=\"noopener\">Orden de aprobaci\u00f3n<\/a><br><a title=\"Visite http:\/\/piece-jointe-carto.developpement-durable.gouv.fr\/DEPT034A\/ZonagePPRT\/GAZECHIM\/RapportPres_GAZECHIM.pdf - nueva ventana\" href=\"http:\/\/piece-jointe-carto.developpement-durable.gouv.fr\/DEPT034A\/ZonagePPRT\/GAZECHIM\/RapportPres_GAZECHIM.pdf\" target=\"_blank\" rel=\"noopener\">Informe de presentaci\u00f3n<\/a><br><a title=\"Visite http:\/\/piece-jointe-carto.developpement-durable.gouv.fr\/DEPT034A\/ZonagePPRT\/GAZECHIM\/Zonage_GAZECHIM.pdf - nueva ventana\" href=\"http:\/\/piece-jointe-carto.developpement-durable.gouv.fr\/DEPT034A\/ZonagePPRT\/GAZECHIM\/Zonage_GAZECHIM.pdf\" target=\"_blank\" rel=\"noopener\">Mapa de zonificaci\u00f3n<\/a><br><a title=\"Visite http:\/\/piece-jointe-carto.developpement-durable.gouv.fr\/DEPT034A\/ZonagePPRT\/GAZECHIM\/Reglement_GAZECHIM.pdf - nueva ventana\" href=\"http:\/\/piece-jointe-carto.developpement-durable.gouv.fr\/DEPT034A\/ZonagePPRT\/GAZECHIM\/Reglement_GAZECHIM.pdf\" target=\"_blank\" rel=\"noopener\">Normativa<\/a><\/td><\/tr><tr><td class=\"has-text-align-center\" data-align=\"center\"><strong>Ap\u00e9ndices<\/strong><br><a title=\"Visite http:\/\/piece-jointe-carto.developpement-durable.gouv.fr\/DEPT034A\/ZonagePPRI\/VILLENEUVE-LES-BEZIERS\/Alea_VILLENEUVE-LES-BEZIERS.zip - nueva ventana\" href=\"http:\/\/piece-jointe-carto.developpement-durable.gouv.fr\/DEPT034A\/ZonagePPRI\/VILLENEUVE-LES-BEZIERS\/Alea_VILLENEUVE-LES-BEZIERS.zip\" target=\"_blank\" rel=\"noopener\">Mapa de peligros<\/a><br><a title=\"Visite http:\/\/piece-jointe-carto.developpement-durable.gouv.fr\/DEPT034A\/ZonagePPRI\/VILLENEUVE-LES-BEZIERS\/Annexe_VILLENEUVE-LES-BEZIERS.pdf - nueva ventana\" href=\"http:\/\/piece-jointe-carto.developpement-durable.gouv.fr\/DEPT034A\/ZonagePPRI\/VILLENEUVE-LES-BEZIERS\/Annexe_VILLENEUVE-LES-BEZIERS.pdf\" target=\"_blank\" rel=\"noopener\">Otros ap\u00e9ndices<\/a><\/td><td class=\"has-text-align-center\" data-align=\"center\"><strong>Ap\u00e9ndices<\/strong><br><a title=\"Visite http:\/\/piece-jointe-carto.developpement-durable.gouv.fr\/DEPT034A\/ZonagePPRT\/MINGUEZ\/Alea_MINGUEZ.pdf - nueva ventana\" href=\"http:\/\/piece-jointe-carto.developpement-durable.gouv.fr\/DEPT034A\/ZonagePPRT\/MINGUEZ\/Alea_MINGUEZ.pdf\" target=\"_blank\" rel=\"noopener\">Mapa de peligros<\/a><br><a title=\"Visite http:\/\/piece-jointe-carto.developpement-durable.gouv.fr\/DEPT034A\/ZonagePPRT\/MINGUEZ\/Annexe_MINGUEZ.zip - nueva ventana\" href=\"http:\/\/piece-jointe-carto.developpement-durable.gouv.fr\/DEPT034A\/ZonagePPRT\/MINGUEZ\/Annexe_MINGUEZ.zip\" target=\"_blank\" rel=\"noopener\">Otros ap\u00e9ndices<\/a><\/td><td class=\"has-text-align-center\" data-align=\"center\"><strong>Ap\u00e9ndices<\/strong><br><a title=\"Visite http:\/\/piece-jointe-carto.developpement-durable.gouv.fr\/DEPT034A\/ZonagePPRT\/GAZECHIM\/Annexe_GAZECHIM.pdf - nueva ventana\" href=\"http:\/\/piece-jointe-carto.developpement-durable.gouv.fr\/DEPT034A\/ZonagePPRT\/GAZECHIM\/Annexe_GAZECHIM.pdf\" target=\"_blank\" rel=\"noopener\">Otros ap\u00e9ndices<\/a><\/td><\/tr><\/tbody><\/table><\/figure>\n\n\n\n<h2 class=\"wp-block-heading\">Porter \u00e0 Connaissance (PAC) tras las inundaciones de octubre de 2019.<\/h2>\n\n\n\n<p class=\"is-style-text-subtitle has-large-font-size is-style-text-subtitle--1\">ESTUDIOS DE RIESGO NOTIFICADOS A LAS AUTORIDADES LOCALES<\/p>\n\n\n\n<p>Cuando se aprueba un plan de prevenci\u00f3n de riesgos naturales para un municipio, el plan proporciona un marco preciso para las posibilidades de construcci\u00f3n. Sin embargo, no es la \u00fanica fuente de informaci\u00f3n que debe tenerse en cuenta, y todos los conocimientos adicionales disponibles sobre los riesgos deben utilizarse para evaluar el riesgo, sobre todo al redactar los documentos urban\u00edsticos y las solicitudes de licencia de obras.<br>El Prefecto est\u00e1 obligado a transmitir a los municipios todos los estudios t\u00e9cnicos que obren en su poder y que sean necesarios para el ejercicio de sus competencias urban\u00edsticas (art\u00edculo L.132-2 del C\u00f3digo de Urbanismo). Con este fin, se han puesto en su conocimiento los estudios que se enumeran a continuaci\u00f3n. Fuente : <strong><a href=\"https:\/\/www.herault.gouv.fr\/Politiques-publiques\/Environnement-risques-naturels-et-technologiques\/Risques-naturels-et-technologiques\/Transmission-des-informations-aux-maires-TIM\/Les-Porter-a-connaissance-PAC-de-l-Herault\" target=\"_blank\" rel=\"noopener noreferrer nofollow\">Prefectura de H\u00e9rault<\/a><\/strong><\/p>\n\n\n\n<figure class=\"wp-block-table\"><table class=\"has-fixed-layout\"><thead><tr><th class=\"has-text-align-center\" data-align=\"center\">TIPO ALEA<\/th><th class=\"has-text-align-center\" data-align=\"center\">ESTUDIOS T\u00c9CNICOS<\/th><th class=\"has-text-align-center\" data-align=\"center\">FECHA CAP<\/th><th class=\"has-text-align-center\" data-align=\"center\">CARTOGRAF\u00cdA<\/th><\/tr><\/thead><tbody><tr><td class=\"has-text-align-center\" data-align=\"center\"><strong>Riesgo m\u00faltiple<\/strong><\/td><td class=\"has-text-align-center\" data-align=\"center\">Ficha(s) de definici\u00f3n de los riesgos naturales o tecnol\u00f3gicos de los campings y parques residenciales de ocio del departamento de H\u00e9rault<br>Estas fichas resumen, para cada camping, sobre la base de toda la informaci\u00f3n elaborada por el Estado o a petici\u00f3n suya, la delimitaci\u00f3n de las zonas sujetas a riesgos naturales o tecnol\u00f3gicos previsibles y el alcance de la exposici\u00f3n. Tambi\u00e9n se adjunta un mapa que muestra la ubicaci\u00f3n del camping en relaci\u00f3n con los riesgos tenidos en cuenta.<br><p style=\"text-align: justify;\">Junio de 2017<\/p><\/td><td class=\"has-text-align-center\" data-align=\"center\">09\/06\/2017<\/td><td class=\"has-text-align-center\" data-align=\"center\"><a href=\"http:\/\/piece-jointe-carto.developpement-durable.gouv.fr\/DEPT034A\/Camping_Risques\/VILLENEUVE-LES-BEZIERS.zip\" target=\"_blank\" rel=\"noreferrer noopener\">Archivo ZIP de todos los campings del municipio<\/a><\/td><\/tr><tr><td class=\"has-text-align-center\" data-align=\"center\"><strong>Inundaciones<\/strong><\/td><td class=\"has-text-align-center\" data-align=\"center\">Mapa de peligrosidad de la inundaci\u00f3n del 23 de octubre de 2019 y aviso de planificaci\u00f3n asociado<\/td><td class=\"has-text-align-center\" data-align=\"center\">28\/09\/2020<\/td><td class=\"has-text-align-center\" data-align=\"center\"><br><a href=\"https:\/\/www.herault.gouv.fr\/content\/download\/35540\/237517\/file\/20200928_Courrier_Maire_Villeneuve_LBz_PAC.pdf\" target=\"_blank\" rel=\"noreferrer noopener\">20200928_Courrier_Maire_VilleneuveLBzPAC<\/a><br><a href=\"https:\/\/www.herault.gouv.fr\/content\/download\/35541\/237521\/file\/PAC_Alea_Villeneuve_les_Beziers_2020_09_28.pdf\" target=\"_blank\" rel=\"noreferrer noopener\">Mapa de peligros<\/a><br><a href=\"https:\/\/www.herault.gouv.fr\/content\/download\/35542\/237525\/file\/PAC_PHE_Villeneuve_les_Beziers_2020_09_28.pdf\" target=\"_blank\" rel=\"noreferrer noopener\">Mapa PHE<\/a><\/td><\/tr><\/tbody><\/table><\/figure>","protected":false},"excerpt":{"rendered":"<p>Consultez les Plans de Pr\u00e9vention des Risques d&rsquo;Inondation (PPRI) et Technologique (PPRT) PPR Inondation PPR Technologique \u00ab\u00a0MINGUEZ\u00a0\u00bb PPR Technologique \u00ab\u00a0GAZECHIM\u00a0\u00bb Date d&rsquo;approbation : 08\/11\/2007 &nbsp;Date d&rsquo;approbation : 06\/03\/2013 Date d&rsquo;approbation : 03\/08\/2015 Arr\u00eat\u00e9 d&rsquo;approbationRapport de pr\u00e9sentationCarte de zonageR\u00e8glement Arr\u00eat\u00e9 d&rsquo;approbationRapport de pr\u00e9sentationCarte de zonageR\u00e8glement Arr\u00eat\u00e9 d&rsquo;approbationRapport de pr\u00e9sentationCarte de zonageR\u00e8glement AnnexesCarte d&rsquo;al\u00e9aAutres annexes AnnexesCarte d&rsquo;al\u00e9aAutres [&hellip;]<\/p>\n","protected":false},"author":1,"featured_media":3957,"parent":204,"menu_order":0,"comment_status":"closed","ping_status":"closed","template":"","meta":{"footnotes":""},"class_list":["post-6737","page","type-page","status-publish","has-post-thumbnail","hentry"],"_links":{"self":[{"href":"https:\/\/www.villeneuve-les-beziers.fr\/es\/wp-json\/wp\/v2\/pages\/6737","targetHints":{"allow":["GET"]}}],"collection":[{"href":"https:\/\/www.villeneuve-les-beziers.fr\/es\/wp-json\/wp\/v2\/pages"}],"about":[{"href":"https:\/\/www.villeneuve-les-beziers.fr\/es\/wp-json\/wp\/v2\/types\/page"}],"author":[{"embeddable":true,"href":"https:\/\/www.villeneuve-les-beziers.fr\/es\/wp-json\/wp\/v2\/users\/1"}],"replies":[{"embeddable":true,"href":"https:\/\/www.villeneuve-les-beziers.fr\/es\/wp-json\/wp\/v2\/comments?post=6737"}],"version-history":[{"count":0,"href":"https:\/\/www.villeneuve-les-beziers.fr\/es\/wp-json\/wp\/v2\/pages\/6737\/revisions"}],"up":[{"embeddable":true,"href":"https:\/\/www.villeneuve-les-beziers.fr\/es\/wp-json\/wp\/v2\/pages\/204"}],"wp:featuredmedia":[{"embeddable":true,"href":"https:\/\/www.villeneuve-les-beziers.fr\/es\/wp-json\/wp\/v2\/media\/3957"}],"wp:attachment":[{"href":"https:\/\/www.villeneuve-les-beziers.fr\/es\/wp-json\/wp\/v2\/media?parent=6737"}],"curies":[{"name":"wp","href":"https:\/\/api.w.org\/{rel}","templated":true}]}}