{"id":8353,"date":"2022-04-20T14:04:35","date_gmt":"2022-04-20T12:04:35","guid":{"rendered":"https:\/\/www.villeneuve-les-beziers.fr\/?page_id=8353"},"modified":"2025-01-15T15:16:46","modified_gmt":"2025-01-15T14:16:46","slug":"descubra","status":"publish","type":"page","link":"https:\/\/www.villeneuve-les-beziers.fr\/es\/decouvrir\/","title":{"rendered":"Descubre la ciudad"},"content":{"rendered":"<div class=\"wp-block-group has-global-padding is-layout-constrained wp-block-group-is-layout-constrained\">\n<h2 class=\"wp-block-heading\">Presentaci\u00f3n de Villeneuve-l\u00e8s-B\u00e9ziers<\/h2>\n\n\n\n<h3 class=\"wp-block-heading\">Un pueblo mediterr\u00e1neo con un rico pasado hist\u00f3rico y una ubicaci\u00f3n ideal<\/h3>\n\n\n\n<p>Construido en 778 bajo el nombre de \"Villanova\", Villeneuve-l\u00e8s-B\u00e9ziers, situado en el sur del departamento de H\u00e9rault, en la regi\u00f3n de Occitanie, es un municipio con un notable patrimonio hist\u00f3rico y natural. Con una poblaci\u00f3n de 4.283 habitantes en 2022, conocida como Villeneuvois et Villeneuvoises, forma parte de la aglomeraci\u00f3n de B\u00e9ziers.<\/p>\n\n\n\n<p>Martirizada por Sim\u00f3n de Montfort en el siglo XIII, fue conocida durante un tiempo como \"La Cr\u00e9made\". Hoy en d\u00eda, su centro hist\u00f3rico conserva muchas huellas de su pasado:<\/p>\n\n\n\n<ul class=\"wp-block-list\">\n<li><strong>La iglesia rom\u00e1nica de Sainte-\u00c9tienne<\/strong>incluido en el inventario suplementario de monumentos hist\u00f3ricos.<\/li>\n\n\n\n<li><strong>La torre del castillo<\/strong> y los restos de murallas medievales.<\/li>\n\n\n\n<li><strong>El antiguo Ayuntamiento<\/strong>construido en 1780, alberga hoy una sala de exposiciones.<\/li>\n<\/ul>\n\n\n\n<hr class=\"wp-block-separator has-alpha-channel-opacity\"\/>\n\n\n\n<h3 class=\"wp-block-heading\">Un entorno natural y una ubicaci\u00f3n privilegiada<\/h3>\n\n\n\n<p>Atravesado por el Canal du Midi, declarado Patrimonio de la Humanidad por la UNESCO, Villeneuve-l\u00e8s-B\u00e9ziers ofrece un entorno encantador donde se unen patrimonio y naturaleza. El municipio incluye tambi\u00e9n un lugar Natura 2000 y dos zonas naturales de inter\u00e9s ecol\u00f3gico.<\/p>\n\n\n\n<p>Idealmente situado, se encuentra a 10 minutos de las playas, cerca de las autopistas A9 y A75, del aeropuerto de B\u00e9ziers - Cap d'Agde y de la estaci\u00f3n de tren TGV. Cerca de B\u00e9ziers, tambi\u00e9n se encuentra en la encrucijada entre Espa\u00f1a, la Camarga y las Cevenas.<\/p>\n\n\n\n<hr class=\"wp-block-separator has-alpha-channel-opacity\"\/>\n\n\n\n<h3 class=\"wp-block-heading\">Una vida local vibrante y armoniosa<\/h3>\n\n\n\n<p>Villeneuve-l\u00e8s-B\u00e9ziers es una ciudad de r\u00e1pido crecimiento que ha sabido conservar la autenticidad y la calma de los pueblos mediterr\u00e1neos, ofreciendo al mismo tiempo un din\u00e1mico estilo de vida local. Con su patrimonio, su entorno natural y su proximidad a las grandes rutas, ofrece un entorno de vida ideal que combina tradici\u00f3n y modernidad.<\/p>\n<\/div>\n\n\n\n<div class=\"wp-block-group is-style-default has-global-padding is-layout-constrained wp-container-core-group-is-layout-7ececc86 wp-block-group-is-layout-constrained\" style=\"margin-top:var(--wp--preset--spacing--50);margin-bottom:var(--wp--preset--spacing--50);padding-top:var(--wp--preset--spacing--30);padding-right:var(--wp--preset--spacing--30);padding-bottom:var(--wp--preset--spacing--30);padding-left:var(--wp--preset--spacing--30)\">\n<h2 class=\"wp-block-heading has-text-align-center\">Descubrir Villeneuve-l\u00e8s-B\u00e9ziers<\/h2>\n\n\n\n<div class=\"wp-block-query is-layout-flow wp-block-query-is-layout-flow\"><ul class=\"columns-2 wp-block-post-template is-layout-grid wp-container-core-post-template-is-layout-f12a65ed wp-block-post-template-is-layout-grid\"><li class=\"wp-block-post post-13340 page type-page status-publish has-post-thumbnail hentry\">\n\n<div class=\"wp-block-group is-vertical is-content-justification-center is-layout-flex wp-container-core-group-is-layout-410a9a70 wp-block-group-is-layout-flex\" style=\"border-radius:32px;padding-top:0;padding-right:0;padding-bottom:var(--wp--preset--spacing--20);padding-left:0;box-shadow:var(--wp--preset--shadow--natural)\"><figure style=\"aspect-ratio:4\/3;\" class=\"wp-block-post-featured-image\"><a href=\"https:\/\/www.villeneuve-les-beziers.fr\/es\/decouvrir\/carte-ville\/\" target=\"_self\"  ><img loading=\"lazy\" decoding=\"async\" width=\"2560\" height=\"1917\" src=\"https:\/\/www.villeneuve-les-beziers.fr\/wp-content\/uploads\/2020\/03\/DJI_0077-scaled.jpg\" class=\"attachment-post-thumbnail size-post-thumbnail wp-post-image\" alt=\"Mapa de la ciudad\" style=\"width:100%;height:100%;object-fit:cover;\" srcset=\"https:\/\/www.villeneuve-les-beziers.fr\/wp-content\/uploads\/2020\/03\/DJI_0077-scaled.jpg 2560w, https:\/\/www.villeneuve-les-beziers.fr\/wp-content\/uploads\/2020\/03\/DJI_0077-150x112.jpg 150w, https:\/\/www.villeneuve-les-beziers.fr\/wp-content\/uploads\/2020\/03\/DJI_0077-300x225.jpg 300w, https:\/\/www.villeneuve-les-beziers.fr\/wp-content\/uploads\/2020\/03\/DJI_0077-768x575.jpg 768w, https:\/\/www.villeneuve-les-beziers.fr\/wp-content\/uploads\/2020\/03\/DJI_0077-1024x767.jpg 1024w, https:\/\/www.villeneuve-les-beziers.fr\/wp-content\/uploads\/2020\/03\/DJI_0077-1536x1150.jpg 1536w, https:\/\/www.villeneuve-les-beziers.fr\/wp-content\/uploads\/2020\/03\/DJI_0077-2048x1534.jpg 2048w\" sizes=\"auto, (max-width: 2560px) 100vw, 2560px\" \/><\/a><\/figure>\n\n<h3 class=\"has-text-align-center wp-block-post-title has-large-font-size\"><a href=\"https:\/\/www.villeneuve-les-beziers.fr\/es\/decouvrir\/carte-ville\/\" target=\"_self\" >Mapa de la ciudad<\/a><\/h3><\/div>\n\n<\/li><li class=\"wp-block-post post-19576 page type-page status-publish has-post-thumbnail hentry\">\n\n<div class=\"wp-block-group is-vertical is-content-justification-center is-layout-flex wp-container-core-group-is-layout-410a9a70 wp-block-group-is-layout-flex\" style=\"border-radius:32px;padding-top:0;padding-right:0;padding-bottom:var(--wp--preset--spacing--20);padding-left:0;box-shadow:var(--wp--preset--shadow--natural)\"><figure style=\"aspect-ratio:4\/3;\" class=\"wp-block-post-featured-image\"><a href=\"https:\/\/www.villeneuve-les-beziers.fr\/es\/decouvrir\/le-marche\/\" target=\"_self\"  ><img loading=\"lazy\" decoding=\"async\" width=\"1024\" height=\"683\" src=\"https:\/\/www.villeneuve-les-beziers.fr\/wp-content\/uploads\/2022\/06\/marche4.jpg\" class=\"attachment-post-thumbnail size-post-thumbnail wp-post-image\" alt=\"El mercado\" style=\"width:100%;height:100%;object-fit:cover;\" srcset=\"https:\/\/www.villeneuve-les-beziers.fr\/wp-content\/uploads\/2022\/06\/marche4.jpg 1024w, https:\/\/www.villeneuve-les-beziers.fr\/wp-content\/uploads\/2022\/06\/marche4-150x100.jpg 150w, https:\/\/www.villeneuve-les-beziers.fr\/wp-content\/uploads\/2022\/06\/marche4-300x200.jpg 300w, https:\/\/www.villeneuve-les-beziers.fr\/wp-content\/uploads\/2022\/06\/marche4-768x512.jpg 768w, https:\/\/www.villeneuve-les-beziers.fr\/wp-content\/uploads\/2022\/06\/marche4-391x260.jpg 391w\" sizes=\"auto, (max-width: 1024px) 100vw, 1024px\" \/><\/a><\/figure>\n\n<h3 class=\"has-text-align-center wp-block-post-title has-large-font-size\"><a href=\"https:\/\/www.villeneuve-les-beziers.fr\/es\/decouvrir\/le-marche\/\" target=\"_self\" >El mercado<\/a><\/h3><\/div>\n\n<\/li><li class=\"wp-block-post post-228 page type-page status-publish has-post-thumbnail hentry\">\n\n<div class=\"wp-block-group is-vertical is-content-justification-center is-layout-flex wp-container-core-group-is-layout-410a9a70 wp-block-group-is-layout-flex\" style=\"border-radius:32px;padding-top:0;padding-right:0;padding-bottom:var(--wp--preset--spacing--20);padding-left:0;box-shadow:var(--wp--preset--shadow--natural)\"><figure style=\"aspect-ratio:4\/3;\" class=\"wp-block-post-featured-image\"><a href=\"https:\/\/www.villeneuve-les-beziers.fr\/es\/decouvrir\/office-de-tourisme\/\" target=\"_self\"  ><img loading=\"lazy\" decoding=\"async\" width=\"1440\" height=\"960\" src=\"https:\/\/www.villeneuve-les-beziers.fr\/wp-content\/uploads\/2019\/05\/gabare.jpg\" class=\"attachment-post-thumbnail size-post-thumbnail wp-post-image\" alt=\"Oficina de turismo\" style=\"width:100%;height:100%;object-fit:cover;\" srcset=\"https:\/\/www.villeneuve-les-beziers.fr\/wp-content\/uploads\/2019\/05\/gabare.jpg 1440w, https:\/\/www.villeneuve-les-beziers.fr\/wp-content\/uploads\/2019\/05\/gabare-150x100.jpg 150w, https:\/\/www.villeneuve-les-beziers.fr\/wp-content\/uploads\/2019\/05\/gabare-300x200.jpg 300w, https:\/\/www.villeneuve-les-beziers.fr\/wp-content\/uploads\/2019\/05\/gabare-768x512.jpg 768w, https:\/\/www.villeneuve-les-beziers.fr\/wp-content\/uploads\/2019\/05\/gabare-1024x683.jpg 1024w\" sizes=\"auto, (max-width: 1440px) 100vw, 1440px\" \/><\/a><\/figure>\n\n<h3 class=\"has-text-align-center wp-block-post-title has-large-font-size\"><a href=\"https:\/\/www.villeneuve-les-beziers.fr\/es\/decouvrir\/office-de-tourisme\/\" target=\"_self\" >Oficina de turismo<\/a><\/h3><\/div>\n\n<\/li><li class=\"wp-block-post post-227 page type-page status-publish has-post-thumbnail hentry\">\n\n<div class=\"wp-block-group is-vertical is-content-justification-center is-layout-flex wp-container-core-group-is-layout-410a9a70 wp-block-group-is-layout-flex\" style=\"border-radius:32px;padding-top:0;padding-right:0;padding-bottom:var(--wp--preset--spacing--20);padding-left:0;box-shadow:var(--wp--preset--shadow--natural)\"><figure style=\"aspect-ratio:4\/3;\" class=\"wp-block-post-featured-image\"><a href=\"https:\/\/www.villeneuve-les-beziers.fr\/es\/decouvrir\/patrimoine\/\" target=\"_self\"  ><img loading=\"lazy\" decoding=\"async\" width=\"600\" height=\"400\" src=\"https:\/\/www.villeneuve-les-beziers.fr\/wp-content\/uploads\/2022\/04\/culture-patrimoine.jpg\" class=\"attachment-post-thumbnail size-post-thumbnail wp-post-image\" alt=\"Patrimonio\" style=\"width:100%;height:100%;object-fit:cover;\" srcset=\"https:\/\/www.villeneuve-les-beziers.fr\/wp-content\/uploads\/2022\/04\/culture-patrimoine.jpg 600w, https:\/\/www.villeneuve-les-beziers.fr\/wp-content\/uploads\/2022\/04\/culture-patrimoine-150x100.jpg 150w, https:\/\/www.villeneuve-les-beziers.fr\/wp-content\/uploads\/2022\/04\/culture-patrimoine-300x200.jpg 300w, https:\/\/www.villeneuve-les-beziers.fr\/wp-content\/uploads\/2022\/04\/culture-patrimoine-391x260.jpg 391w, https:\/\/www.villeneuve-les-beziers.fr\/wp-content\/uploads\/2022\/04\/culture-patrimoine-24x16.jpg 24w, https:\/\/www.villeneuve-les-beziers.fr\/wp-content\/uploads\/2022\/04\/culture-patrimoine-36x24.jpg 36w, https:\/\/www.villeneuve-les-beziers.fr\/wp-content\/uploads\/2022\/04\/culture-patrimoine-48x32.jpg 48w\" sizes=\"auto, (max-width: 600px) 100vw, 600px\" \/><\/a><\/figure>\n\n<h3 class=\"has-text-align-center wp-block-post-title has-large-font-size\"><a href=\"https:\/\/www.villeneuve-les-beziers.fr\/es\/decouvrir\/patrimoine\/\" target=\"_self\" >Patrimonio<\/a><\/h3><\/div>\n\n<\/li><li class=\"wp-block-post post-19566 page type-page status-publish has-post-thumbnail hentry\">\n\n<div class=\"wp-block-group is-vertical is-content-justification-center is-layout-flex wp-container-core-group-is-layout-410a9a70 wp-block-group-is-layout-flex\" style=\"border-radius:32px;padding-top:0;padding-right:0;padding-bottom:var(--wp--preset--spacing--20);padding-left:0;box-shadow:var(--wp--preset--shadow--natural)\"><figure style=\"aspect-ratio:4\/3;\" class=\"wp-block-post-featured-image\"><a href=\"https:\/\/www.villeneuve-les-beziers.fr\/es\/decouvrir\/venir-a-villeneuve-les-beziers\/\" target=\"_self\"  ><img loading=\"lazy\" decoding=\"async\" width=\"640\" height=\"360\" src=\"https:\/\/www.villeneuve-les-beziers.fr\/wp-content\/uploads\/2022\/05\/Train-sncf.jpg\" class=\"attachment-post-thumbnail size-post-thumbnail wp-post-image\" alt=\"Llegar a Villeneuve-les-B\u00e9ziers\" style=\"width:100%;height:100%;object-fit:cover;\" srcset=\"https:\/\/www.villeneuve-les-beziers.fr\/wp-content\/uploads\/2022\/05\/Train-sncf.jpg 640w, https:\/\/www.villeneuve-les-beziers.fr\/wp-content\/uploads\/2022\/05\/Train-sncf-150x84.jpg 150w, https:\/\/www.villeneuve-les-beziers.fr\/wp-content\/uploads\/2022\/05\/Train-sncf-300x169.jpg 300w, https:\/\/www.villeneuve-les-beziers.fr\/wp-content\/uploads\/2022\/05\/Train-sncf-24x14.jpg 24w, https:\/\/www.villeneuve-les-beziers.fr\/wp-content\/uploads\/2022\/05\/Train-sncf-36x20.jpg 36w, https:\/\/www.villeneuve-les-beziers.fr\/wp-content\/uploads\/2022\/05\/Train-sncf-48x27.jpg 48w\" sizes=\"auto, (max-width: 640px) 100vw, 640px\" \/><\/a><\/figure>\n\n<h3 class=\"has-text-align-center wp-block-post-title has-large-font-size\"><a href=\"https:\/\/www.villeneuve-les-beziers.fr\/es\/decouvrir\/venir-a-villeneuve-les-beziers\/\" target=\"_self\" >Llegar a Villeneuve-les-B\u00e9ziers<\/a><\/h3><\/div>\n\n<\/li><li class=\"wp-block-post post-2506 page type-page status-publish has-post-thumbnail hentry\">\n\n<div class=\"wp-block-group is-vertical is-content-justification-center is-layout-flex wp-container-core-group-is-layout-410a9a70 wp-block-group-is-layout-flex\" style=\"border-radius:32px;padding-top:0;padding-right:0;padding-bottom:var(--wp--preset--spacing--20);padding-left:0;box-shadow:var(--wp--preset--shadow--natural)\"><figure style=\"aspect-ratio:4\/3;\" class=\"wp-block-post-featured-image\"><a href=\"https:\/\/www.villeneuve-les-beziers.fr\/es\/decouvrir\/videos\/\" target=\"_self\"  ><img loading=\"lazy\" decoding=\"async\" width=\"1127\" height=\"722\" src=\"https:\/\/www.villeneuve-les-beziers.fr\/wp-content\/uploads\/2019\/05\/feria.jpg\" class=\"attachment-post-thumbnail size-post-thumbnail wp-post-image\" alt=\"V\u00eddeos\" style=\"width:100%;height:100%;object-fit:cover;\" srcset=\"https:\/\/www.villeneuve-les-beziers.fr\/wp-content\/uploads\/2019\/05\/feria.jpg 1127w, https:\/\/www.villeneuve-les-beziers.fr\/wp-content\/uploads\/2019\/05\/feria-150x96.jpg 150w, https:\/\/www.villeneuve-les-beziers.fr\/wp-content\/uploads\/2019\/05\/feria-300x192.jpg 300w, https:\/\/www.villeneuve-les-beziers.fr\/wp-content\/uploads\/2019\/05\/feria-768x492.jpg 768w, https:\/\/www.villeneuve-les-beziers.fr\/wp-content\/uploads\/2019\/05\/feria-1024x656.jpg 1024w\" sizes=\"auto, (max-width: 1127px) 100vw, 1127px\" \/><\/a><\/figure>\n\n<h3 class=\"has-text-align-center wp-block-post-title has-large-font-size\"><a href=\"https:\/\/www.villeneuve-les-beziers.fr\/es\/decouvrir\/videos\/\" target=\"_self\" >V\u00eddeos<\/a><\/h3><\/div>\n\n<\/li><\/ul><\/div>\n<\/div>","protected":false},"excerpt":{"rendered":"<p>Pr\u00e9sentation de Villeneuve-l\u00e8s-B\u00e9ziers Un village m\u00e9diterran\u00e9en au riche pass\u00e9 historique et \u00e0 la situation id\u00e9ale Construite en 778 sous le nom de \u00ab Villanova \u00bb, Villeneuve-l\u00e8s-B\u00e9ziers, situ\u00e9e dans le sud de l\u2019H\u00e9rault en r\u00e9gion Occitanie, est une commune au patrimoine historique et naturel remarquable. Elle compte 4 283 habitants en 2022, appel\u00e9s Villeneuvois et Villeneuvoises, [&hellip;]<\/p>\n","protected":false},"author":1,"featured_media":19394,"parent":0,"menu_order":0,"comment_status":"closed","ping_status":"closed","template":"","meta":{"footnotes":""},"class_list":["post-8353","page","type-page","status-publish","has-post-thumbnail","hentry"],"_links":{"self":[{"href":"https:\/\/www.villeneuve-les-beziers.fr\/es\/wp-json\/wp\/v2\/pages\/8353","targetHints":{"allow":["GET"]}}],"collection":[{"href":"https:\/\/www.villeneuve-les-beziers.fr\/es\/wp-json\/wp\/v2\/pages"}],"about":[{"href":"https:\/\/www.villeneuve-les-beziers.fr\/es\/wp-json\/wp\/v2\/types\/page"}],"author":[{"embeddable":true,"href":"https:\/\/www.villeneuve-les-beziers.fr\/es\/wp-json\/wp\/v2\/users\/1"}],"replies":[{"embeddable":true,"href":"https:\/\/www.villeneuve-les-beziers.fr\/es\/wp-json\/wp\/v2\/comments?post=8353"}],"version-history":[{"count":15,"href":"https:\/\/www.villeneuve-les-beziers.fr\/es\/wp-json\/wp\/v2\/pages\/8353\/revisions"}],"predecessor-version":[{"id":19810,"href":"https:\/\/www.villeneuve-les-beziers.fr\/es\/wp-json\/wp\/v2\/pages\/8353\/revisions\/19810"}],"wp:featuredmedia":[{"embeddable":true,"href":"https:\/\/www.villeneuve-les-beziers.fr\/es\/wp-json\/wp\/v2\/media\/19394"}],"wp:attachment":[{"href":"https:\/\/www.villeneuve-les-beziers.fr\/es\/wp-json\/wp\/v2\/media?parent=8353"}],"curies":[{"name":"wp","href":"https:\/\/api.w.org\/{rel}","templated":true}]}}