{"id":949,"date":"2019-04-15T15:44:53","date_gmt":"2019-04-15T13:44:53","guid":{"rendered":"http:\/\/localhost\/?page_id=949"},"modified":"2025-09-02T10:06:47","modified_gmt":"2025-09-02T08:06:47","slug":"matrimonio","status":"publish","type":"page","link":"https:\/\/www.villeneuve-les-beziers.fr\/es\/demarches\/le-mariage\/","title":{"rendered":"La boda"},"content":{"rendered":"<h2 class=\"wp-block-heading\">\u00bfD\u00f3nde puede celebrarse la boda?<\/h2>\n\n\n\n<p>La ubicaci\u00f3n puede ser uno de los siguientes municipios:<\/p>\n\n\n\n<ul class=\"wp-block-list\">\n<li>la del domicilio o residencia de uno de los futuros c\u00f3nyuges,<\/li>\n\n\n\n<li>La del domicilio o residencia de un familiar de los futuros c\u00f3nyuges.<\/li>\n<\/ul>\n\n\n\n<h2 class=\"wp-block-heading\">\u00bfCu\u00e1ndo pueden celebrarse los matrimonios?<\/h2>\n\n\n\n<p>El matrimonio no podr\u00e1 celebrarse antes del 10 de diciembre.<sup>th<\/sup> d\u00eda siguiente a la publicaci\u00f3n de las amonestaciones.<\/p>\n\n\n\n<p>El d\u00eda de la celebraci\u00f3n se acuerda con la Mairie.<\/p>\n\n\n\n<p>Documentos a aportar :<\/p>\n\n\n\n<ul class=\"wp-block-list\">\n<li>Copia \u00edntegra del certificado de nacimiento\n<ul class=\"wp-block-list\">\n<li>fechado menos de 3 meses antes de la fecha de la boda si se expide en Francia<\/li>\n\n\n\n<li>fechada menos de seis meses antes de la fecha del matrimonio si ha sido expedida por un consulado<\/li>\n<\/ul>\n<\/li>\n\n\n\n<li>Un documento de identidad expedido por una autoridad p\u00fablica<\/li>\n\n\n\n<li>Justificante de domicilio o residencia<\/li>\n\n\n\n<li>Un certificado de celibato o de no nuevo matrimonio para los extranjeros y un certificado de costumbres.<\/li>\n\n\n\n<li>Copia de los documentos de identidad de los testigos (los testigos deben ser mayores de edad; debe haber al menos 2 y no m\u00e1s de 4)<\/li>\n\n\n\n<li>Un certificado del notario si se ha redactado un contrato matrimonial<\/li>\n\n\n\n<li>Los formularios entregados por el encargado del registro civil y rellenados por los futuros c\u00f3nyuges<\/li>\n<\/ul>\n\n\n\n<h2 class=\"wp-block-heading\">\u00bfD\u00f3nde puedo recoger y presentar mi solicitud de matrimonio?<\/h2>\n\n\n\n<p>En el Departamento de Estado Civil del Ayuntamiento, 1 rue de la Marianne.<\/p>\n\n\n\n<h2 class=\"wp-block-heading\">\u00bfCu\u00e1ndo puedo recoger y presentar mi solicitud de matrimonio?<\/h2>\n\n\n\n<ul class=\"wp-block-list\">\n<li>Las solicitudes pueden recogerse todos los d\u00edas de lunes a viernes, de 9.00 a 12.00 horas y de 14.00 a 17.00 horas.<\/li>\n\n\n\n<li>Las solicitudes completas s\u00f3lo pueden presentarse con cita previa.<\/li>\n<\/ul>\n\n\n\n<h2 class=\"wp-block-heading\">Plazos de presentaci\u00f3n de solicitudes<\/h2>\n\n\n\n<p>La solicitud completa debe presentarse :<\/p>\n\n\n\n<ul class=\"wp-block-list\">\n<li>30 d\u00edas antes de la fecha de la boda si los futuros c\u00f3nyuges son de nacionalidad francesa<\/li>\n\n\n\n<li>45 d\u00edas antes de la boda si los c\u00f3nyuges son extranjeros o est\u00e1n domiciliados en el extranjero<\/li>\n<\/ul>","protected":false},"excerpt":{"rendered":"<p>O\u00f9 le mariage peut-il \u00eatre c\u00e9l\u00e9br\u00e9 ? Le lieu peut \u00eatre l&rsquo;une des communes suivantes : Quand les mariages peuvent-ils \u00eatre c\u00e9l\u00e9br\u00e9s ? Le mariage ne peut pas \u00eatre c\u00e9l\u00e9br\u00e9 avant le 10\u00e8me jour qui suit la publication des bans. Le jour de la c\u00e9l\u00e9bration est fix\u00e9 en accord avec la mairie. Documents \u00e0 fournir [&hellip;]<\/p>\n","protected":false},"author":1,"featured_media":19309,"parent":853,"menu_order":0,"comment_status":"closed","ping_status":"closed","template":"","meta":{"footnotes":""},"class_list":["post-949","page","type-page","status-publish","has-post-thumbnail","hentry"],"_links":{"self":[{"href":"https:\/\/www.villeneuve-les-beziers.fr\/es\/wp-json\/wp\/v2\/pages\/949","targetHints":{"allow":["GET"]}}],"collection":[{"href":"https:\/\/www.villeneuve-les-beziers.fr\/es\/wp-json\/wp\/v2\/pages"}],"about":[{"href":"https:\/\/www.villeneuve-les-beziers.fr\/es\/wp-json\/wp\/v2\/types\/page"}],"author":[{"embeddable":true,"href":"https:\/\/www.villeneuve-les-beziers.fr\/es\/wp-json\/wp\/v2\/users\/1"}],"replies":[{"embeddable":true,"href":"https:\/\/www.villeneuve-les-beziers.fr\/es\/wp-json\/wp\/v2\/comments?post=949"}],"version-history":[{"count":1,"href":"https:\/\/www.villeneuve-les-beziers.fr\/es\/wp-json\/wp\/v2\/pages\/949\/revisions"}],"predecessor-version":[{"id":20335,"href":"https:\/\/www.villeneuve-les-beziers.fr\/es\/wp-json\/wp\/v2\/pages\/949\/revisions\/20335"}],"up":[{"embeddable":true,"href":"https:\/\/www.villeneuve-les-beziers.fr\/es\/wp-json\/wp\/v2\/pages\/853"}],"wp:featuredmedia":[{"embeddable":true,"href":"https:\/\/www.villeneuve-les-beziers.fr\/es\/wp-json\/wp\/v2\/media\/19309"}],"wp:attachment":[{"href":"https:\/\/www.villeneuve-les-beziers.fr\/es\/wp-json\/wp\/v2\/media?parent=949"}],"curies":[{"name":"wp","href":"https:\/\/api.w.org\/{rel}","templated":true}]}}